{"id":1169,"date":"2015-11-23T17:26:06","date_gmt":"2015-11-23T16:26:06","guid":{"rendered":"http:\/\/paca.lpo.fr\/blogs\/littoral-ouest-varois\/?page_id=1169"},"modified":"2026-02-18T18:07:33","modified_gmt":"2026-02-18T17:07:33","slug":"sorties-nature","status":"publish","type":"page","link":"http:\/\/paca.lpo.fr\/blogs\/littoral-ouest-varois\/sorties-nature\/","title":{"rendered":"LIENS UTILES"},"content":{"rendered":"\n<h5 class=\"wp-block-heading\"><span style=\"text-decoration: underline;color: #3366ff\"><\/span><\/h5>\n\n\n\n<p class=\"has-text-align-center\"><\/p>\n\n\n\n<h4 class=\"wp-block-heading has-text-align-center\">Comment s&rsquo;engager avec la LPO<\/h4>\n\n\n<div class=\"wp-block-image\">\n<figure class=\"aligncenter size-full is-resized\"><img loading=\"lazy\" decoding=\"async\" width=\"1024\" height=\"671\" src=\"https:\/\/paca.lpo.fr\/blogs\/littoral-ouest-varois\/files\/2025\/11\/stand.jpeg\" alt=\"\" class=\"wp-image-15330\" style=\"width:488px;height:auto\" srcset=\"https:\/\/paca.lpo.fr\/blogs\/littoral-ouest-varois\/files\/2025\/11\/stand.jpeg 1024w, https:\/\/paca.lpo.fr\/blogs\/littoral-ouest-varois\/files\/2025\/11\/stand-768x503.jpeg 768w\" sizes=\"auto, (max-width: 1024px) 100vw, 1024px\" \/><\/figure>\n<\/div>\n\n\n<div class=\"wp-block-group has-background-color has-text-color has-link-color wp-elements-547dc45ed9bea4ed13a08c296316a958 is-content-justification-center is-layout-flex wp-container-core-group-is-layout-64b26803 wp-block-group-is-layout-flex\">\n<div class=\"wp-block-buttons is-layout-flex wp-block-buttons-is-layout-flex\">\n<div class=\"wp-block-button\"><a class=\"wp-block-button__link has-text-color has-background has-link-color wp-element-button\" href=\"https:\/\/www.lpo.fr\/s-engager-a-nos-cotes\/adherer-a-l-association\" style=\"border-radius:15px;color:#fefefe;background-color:#0087cd\" target=\"_blank\" rel=\"noreferrer noopener\"><strong>ADHES<\/strong>ION<\/a><\/div>\n<\/div>\n\n\n\n<div class=\"wp-block-buttons is-layout-flex wp-block-buttons-is-layout-flex\">\n<div class=\"wp-block-button\"><a class=\"wp-block-button__link has-text-color has-background has-link-color wp-element-button\" href=\"https:\/\/paca.lpo.fr\/association-protection-nature\/participer\/particuliers\/benevolat\" style=\"border-radius:15px;color:#fefefe;background-color:#0087cd\" target=\"_blank\" rel=\"noreferrer noopener\"><strong>BENEVOLAT<\/strong><\/a><\/div>\n<\/div>\n<\/div>\n\n\n\n<div style=\"height:100px\" aria-hidden=\"true\" class=\"wp-block-spacer\"><\/div>\n\n\n\n<p class=\"has-text-align-center\"><\/p>\n\n\n\n<h4 class=\"wp-block-heading has-text-align-center\">Conna\u00eetre et pr\u00e9server la biodiversit\u00e9 de proximit\u00e9<\/h4>\n\n\n<div class=\"wp-block-image\">\n<figure class=\"aligncenter size-full is-resized\"><img loading=\"lazy\" decoding=\"async\" width=\"1024\" height=\"637\" src=\"https:\/\/paca.lpo.fr\/blogs\/littoral-ouest-varois\/files\/2023\/05\/2023-04-21-a-10-30-43-.jpg\" alt=\"\" class=\"wp-image-12254\" style=\"width:502px;height:auto\" srcset=\"https:\/\/paca.lpo.fr\/blogs\/littoral-ouest-varois\/files\/2023\/05\/2023-04-21-a-10-30-43-.jpg 1024w, https:\/\/paca.lpo.fr\/blogs\/littoral-ouest-varois\/files\/2023\/05\/2023-04-21-a-10-30-43--768x478.jpg 768w\" sizes=\"auto, (max-width: 1024px) 100vw, 1024px\" \/><\/figure>\n<\/div>\n\n\n<div class=\"wp-block-columns is-layout-flex wp-container-core-columns-is-layout-9d6595d7 wp-block-columns-is-layout-flex\">\n<div class=\"wp-block-column is-layout-flow wp-block-column-is-layout-flow\">\n<div class=\"wp-block-buttons is-content-justification-center is-layout-flex wp-container-core-buttons-is-layout-16018d1d wp-block-buttons-is-layout-flex\">\n<div class=\"wp-block-button is-style-fill\"><a class=\"wp-block-button__link has-text-color has-background has-link-color has-text-align-center wp-element-button\" href=\"https:\/\/paca.lpo.fr\/association-protection-nature\/participer\/refuges-lpo\" style=\"border-radius:15px;color:#fefefe;background-color:#f65e1b\" target=\"_blank\" rel=\"noreferrer noopener\"><strong>REFUGES LPO<\/strong><\/a><\/div>\n<\/div>\n<\/div>\n\n\n\n<div class=\"wp-block-column is-layout-flow wp-block-column-is-layout-flow\">\n<div class=\"wp-block-buttons is-content-justification-center is-layout-flex wp-container-core-buttons-is-layout-16018d1d wp-block-buttons-is-layout-flex\">\n<div class=\"wp-block-button\"><a class=\"wp-block-button__link has-text-color has-background has-link-color has-text-align-center wp-element-button\" href=\"https:\/\/paca.lpo.fr\/blogs\/littoral-ouest-varois\/files\/2025\/10\/plantes-utiles-pour-la-biodiversite.pdf\" style=\"border-radius:15px;color:#fefefe;background-color:#f65e1b\" target=\"_blank\" rel=\"noreferrer noopener\"><strong>PLANTES UTILES<\/strong><\/a><\/div>\n<\/div>\n<\/div>\n<\/div>\n\n\n\n<p class=\"has-text-align-center\">Pour toute question relative \u00e0 la gestion de la chasse et de la biodiversit\u00e9 dans le Var, contacter l&rsquo;OFB \u00e0 l&rsquo;adresse mail <a href=\"mailto:Sd83@ofb.gouv.fr\"><strong>Sd83@ofb.gouv.fr<\/strong><\/a><\/p>\n\n\n\n<div class=\"wp-block-buttons is-content-justification-center is-layout-flex wp-container-core-buttons-is-layout-16018d1d wp-block-buttons-is-layout-flex\">\n<div class=\"wp-block-button\"><a class=\"wp-block-button__link has-text-color has-background has-link-color wp-element-button\" href=\"https:\/\/www.ofb.gouv.fr\/provence-alpes-cote-dazur\" style=\"border-radius:15px;color:#fbfbfb;background-color:#f65e1b\" target=\"_blank\" rel=\"noreferrer noopener\"><strong>OFFICE FRANCAIS DE LA BIODIVERSITE<\/strong><\/a><\/div>\n<\/div>\n\n\n\n<div style=\"height:100px\" aria-hidden=\"true\" class=\"wp-block-spacer\"><\/div>\n\n\n\n<h4 class=\"wp-block-heading has-text-align-center\">Fabriquer et poser un nichoir ou une mangeoire<\/h4>\n\n\n<div class=\"wp-block-image\">\n<figure class=\"aligncenter size-full is-resized\"><img loading=\"lazy\" decoding=\"async\" width=\"900\" height=\"563\" src=\"https:\/\/paca.lpo.fr\/blogs\/littoral-ouest-varois\/files\/2016\/05\/nichoir-5b.jpg\" alt=\"\" class=\"wp-image-1859\" style=\"width:454px;height:auto\" srcset=\"https:\/\/paca.lpo.fr\/blogs\/littoral-ouest-varois\/files\/2016\/05\/nichoir-5b.jpg 900w, https:\/\/paca.lpo.fr\/blogs\/littoral-ouest-varois\/files\/2016\/05\/nichoir-5b-480x300.jpg 480w, https:\/\/paca.lpo.fr\/blogs\/littoral-ouest-varois\/files\/2016\/05\/nichoir-5b-768x480.jpg 768w, https:\/\/paca.lpo.fr\/blogs\/littoral-ouest-varois\/files\/2016\/05\/nichoir-5b-700x438.jpg 700w\" sizes=\"auto, (max-width: 900px) 100vw, 900px\" \/><\/figure>\n<\/div>\n\n\n<div class=\"wp-block-group is-layout-grid wp-container-core-group-is-layout-baef362d wp-block-group-is-layout-grid\">\n<div class=\"wp-block-buttons is-content-justification-center is-layout-flex wp-container-core-buttons-is-layout-16018d1d wp-block-buttons-is-layout-flex\">\n<div class=\"wp-block-button\"><a class=\"wp-block-button__link has-text-color has-background has-link-color has-text-align-center wp-element-button\" href=\"https:\/\/paca.lpo.fr\/blogs\/littoral-ouest-varois\/files\/2023\/09\/flyer-nichoirs-lov.pdf\" style=\"border-radius:15px;color:#fefefe;background-color:#0087cd\" target=\"_blank\" rel=\"noreferrer noopener\"><strong>FABRICATION NICHOIR<\/strong><\/a><\/div>\n<\/div>\n\n\n\n<div class=\"wp-block-buttons is-content-justification-center is-layout-flex wp-container-core-buttons-is-layout-16018d1d wp-block-buttons-is-layout-flex\">\n<div class=\"wp-block-button has-custom-width wp-block-button__width-75\"><a class=\"wp-block-button__link has-text-color has-background has-link-color has-text-align-center wp-element-button\" href=\"https:\/\/paca.lpo.fr\/blogs\/littoral-ouest-varois\/files\/2023\/09\/flyer-mangeoires-lov-2023.pdf\" style=\"border-radius:15px;color:#fefefe;background-color:#0087cd\" target=\"_blank\" rel=\"noreferrer noopener\"><strong>FABRICATION MANGEOIRE<\/strong><\/a><\/div>\n<\/div>\n<\/div>\n\n\n\n<p class=\"has-text-align-center\"><\/p>\n\n\n\n<div class=\"wp-block-group is-layout-grid wp-container-core-group-is-layout-baef362d wp-block-group-is-layout-grid\">\n<div class=\"wp-block-buttons is-content-justification-center is-layout-flex wp-container-core-buttons-is-layout-16018d1d wp-block-buttons-is-layout-flex\">\n<div class=\"wp-block-button\"><a class=\"wp-block-button__link has-text-color has-background has-link-color has-text-align-center wp-element-button\" href=\"https:\/\/paca.lpo.fr\/association-protection-nature\/s-informer\/toute-l-actualite\/actualite\/14741-en-automne-c-est-le-moment-ideal-pour-installer-les-nichoirs\" style=\"border-radius:15px;color:#fefefe;background-color:#0087cd\" target=\"_blank\" rel=\"noreferrer noopener\"><strong>INSTALLATION<\/strong><\/a><\/div>\n<\/div>\n\n\n\n<div class=\"wp-block-buttons is-content-justification-center is-layout-flex wp-container-core-buttons-is-layout-16018d1d wp-block-buttons-is-layout-flex\">\n<div class=\"wp-block-button\"><a class=\"wp-block-button__link has-text-color has-background has-link-color has-text-align-center wp-element-button\" href=\"https:\/\/boutique.lpo.fr\/\" style=\"border-radius:15px;color:#fefefe;background-color:#0087cd\" target=\"_blank\" rel=\"noreferrer noopener\"><strong>ACHAT BOUTIQUE<\/strong><\/a><\/div>\n<\/div>\n<\/div>\n\n\n\n<div style=\"height:100px\" aria-hidden=\"true\" class=\"wp-block-spacer\"><\/div>\n\n\n\n<h4 class=\"wp-block-heading has-text-align-center\"><strong>Partager et conserver des observations<\/strong><\/h4>\n\n\n<div class=\"wp-block-image\">\n<figure class=\"aligncenter size-full is-resized\"><img loading=\"lazy\" decoding=\"async\" width=\"556\" height=\"370\" src=\"https:\/\/paca.lpo.fr\/blogs\/littoral-ouest-varois\/files\/2025\/11\/observation.jpg\" alt=\"\" class=\"wp-image-15346\" style=\"width:476px;height:auto\" \/><\/figure>\n<\/div>\n\n\n<div class=\"wp-block-columns is-layout-flex wp-container-core-columns-is-layout-9d6595d7 wp-block-columns-is-layout-flex\">\n<div class=\"wp-block-column is-layout-flow wp-block-column-is-layout-flow\">\n<div class=\"wp-block-buttons is-content-justification-center is-layout-flex wp-container-core-buttons-is-layout-16018d1d wp-block-buttons-is-layout-flex\">\n<div class=\"wp-block-button is-style-fill\"><a class=\"wp-block-button__link has-text-color has-background has-link-color wp-element-button\" href=\"https:\/\/www.faune-france.org\/\" style=\"border-radius:15px;color:#fdfdfd;background-color:#f65e1b\" target=\"_blank\" rel=\"noreferrer noopener\"><strong>FAUNE FRANCE<\/strong><\/a><\/div>\n<\/div>\n<\/div>\n\n\n\n<div class=\"wp-block-column is-layout-flow wp-block-column-is-layout-flow\">\n<div class=\"wp-block-buttons is-content-justification-center is-layout-flex wp-container-core-buttons-is-layout-16018d1d wp-block-buttons-is-layout-flex\">\n<div class=\"wp-block-button\"><a class=\"wp-block-button__link has-text-color has-background has-link-color has-text-align-center wp-element-button\" href=\"https:\/\/www.faune-paca.org\/index.php?m_id=1\" style=\"border-radius:15px;color:#fefefe;background-color:#f65e1b\" target=\"_blank\" rel=\"noreferrer noopener\"><strong>FAUNE PACA<\/strong><\/a><\/div>\n<\/div>\n<\/div>\n<\/div>\n\n\n\n<div style=\"height:100px\" aria-hidden=\"true\" class=\"wp-block-spacer\"><\/div>\n\n\n\n<h4 class=\"wp-block-heading has-text-align-center\"><strong>Aider un animal en d\u00e9tresse<\/strong><\/h4>\n\n\n<div class=\"wp-block-image\">\n<figure class=\"aligncenter size-full is-resized\"><img loading=\"lazy\" decoding=\"async\" width=\"1024\" height=\"1024\" src=\"https:\/\/paca.lpo.fr\/blogs\/littoral-ouest-varois\/files\/2025\/11\/crsfs.png\" alt=\"\" class=\"wp-image-15376\" style=\"width:478px;height:auto\" srcset=\"https:\/\/paca.lpo.fr\/blogs\/littoral-ouest-varois\/files\/2025\/11\/crsfs.png 1024w, https:\/\/paca.lpo.fr\/blogs\/littoral-ouest-varois\/files\/2025\/11\/crsfs-768x768.png 768w, https:\/\/paca.lpo.fr\/blogs\/littoral-ouest-varois\/files\/2025\/11\/crsfs-144x144.png 144w\" sizes=\"auto, (max-width: 1024px) 100vw, 1024px\" \/><\/figure>\n<\/div>\n\n\n<p class=\"has-text-align-center has-primary-color has-text-color\" style=\"font-size:20px\">Nous conseillons de nous faire part de <br>votre demande en priorit\u00e9 par email \u00e0 l&rsquo;adresse mail <br><strong><a href=\"mailto:sos.paca@lpo.fr\" data-type=\"mailto\" data-id=\"mailto:sos.paca@lpo.fr\" target=\"_blank\" rel=\"noreferrer noopener\">sos.paca@lpo.fr<\/a><\/strong><br>Nos \u00e9quipes vous r\u00e9pondront dans les meilleurs d\u00e9lais.<\/p>\n\n\n\n<div class=\"wp-block-columns is-layout-flex wp-container-core-columns-is-layout-9d6595d7 wp-block-columns-is-layout-flex\">\n<div class=\"wp-block-column is-layout-flow wp-block-column-is-layout-flow\">\n<div class=\"wp-block-buttons is-content-justification-center is-layout-flex wp-container-core-buttons-is-layout-16018d1d wp-block-buttons-is-layout-flex\">\n<div class=\"wp-block-button\"><a class=\"wp-block-button__link has-text-color has-background has-link-color wp-element-button\" href=\"https:\/\/paca.lpo.fr\/soins-animaux\/le-centre\" style=\"border-radius:15px;color:#fefefe;background-color:#0087cd\" target=\"_blank\" rel=\"noreferrer noopener\"><strong>CENTRE REGIONAL DE SAUVEGARDE DE LA FAUNE SAUVAGE<\/strong><\/a><\/div>\n<\/div>\n<\/div>\n\n\n\n<div class=\"wp-block-column is-layout-flow wp-block-column-is-layout-flow\">\n<div class=\"wp-block-buttons is-content-justification-center is-layout-flex wp-container-core-buttons-is-layout-16018d1d wp-block-buttons-is-layout-flex\">\n<div class=\"wp-block-button\"><a class=\"wp-block-button__link has-text-color has-background has-link-color wp-element-button\" href=\"https:\/\/paca.lpo.fr\/soins-animaux\/conseiller\/fiches-conseils\" style=\"border-radius:15px;color:#fefefe;background-color:#0087cd\" target=\"_blank\" rel=\"noreferrer noopener\"><strong>FICHES CONSEILS DE SOIN AUX ANIMAUX<\/strong><\/a><\/div>\n<\/div>\n<\/div>\n<\/div>\n\n\n\n<div class=\"wp-block-group is-nowrap is-layout-flex wp-container-core-group-is-layout-ad2f72ca wp-block-group-is-layout-flex\">\n<div class=\"wp-block-group is-vertical is-layout-flex wp-container-core-group-is-layout-8cf370e7 wp-block-group-is-layout-flex\">\n<div class=\"wp-block-group\"><div class=\"wp-block-group__inner-container is-layout-constrained wp-block-group-is-layout-constrained\">\n<div class=\"wp-block-columns is-layout-flex wp-container-core-columns-is-layout-9d6595d7 wp-block-columns-is-layout-flex\">\n<div class=\"wp-block-column is-layout-flow wp-block-column-is-layout-flow\" style=\"flex-basis:100%\">\n<p class=\"has-text-align-center\">Vous pouvez \u00e9galement contacter nos cliniques partenaires dans l&rsquo;aire toulonnaise.<\/p>\n\n\n\n<div class=\"wp-block-columns is-layout-flex wp-container-core-columns-is-layout-9d6595d7 wp-block-columns-is-layout-flex\">\n<div class=\"wp-block-column is-layout-flow wp-block-column-is-layout-flow\">\n<p class=\"has-text-align-center\"><a href=\"https:\/\/univet.fr\/clinique\/clinique-veterinaire-hyeres-xv-corps-83400-univet\/\" target=\"_blank\" rel=\"noreferrer noopener\"><strong>Univet Hy\u00e8res XV Corps<\/strong><\/a><br>16 Av. du 15e Corps<br>83400 Hy\u00e8res<br>04 94 28 76 02<\/p>\n<\/div>\n\n\n\n<div class=\"wp-block-column is-layout-flow wp-block-column-is-layout-flow\">\n<p class=\"has-text-align-center\"><a href=\"https:\/\/univet.fr\/clinique\/clinique-veterinaire-hyeres-la-rade-83400-univet\/\" target=\"_blank\" rel=\"noreferrer noopener\"><strong>Univet Hy\u00e8res la Rade<\/strong><\/a><br>35 Av. Alphonse Denis<br>83400 Hy\u00e8res<br>04 94 65 04 03<\/p>\n<\/div>\n\n\n\n<div class=\"wp-block-column is-layout-flow wp-block-column-is-layout-flow\">\n<p class=\"has-text-align-center\"><a href=\"https:\/\/www.vet-azur.fr\/\" data-type=\"link\" data-id=\"https:\/\/www.vet-azur.fr\/\" target=\"_blank\" rel=\"noreferrer noopener\"><strong>Vet&rsquo;Azur<\/strong><\/a><br><br>54 Av. de la Mer<br>83140 Six-Fours-les-Plages<br>04 94 34 69 20<\/p>\n<\/div>\n<\/div>\n<\/div>\n<\/div>\n<\/div><\/div>\n<\/div>\n<\/div>\n\n\n\n<h4 class=\"wp-block-heading has-text-align-center\"><strong>Mieux conna\u00eetre les oiseaux<\/strong><\/h4>\n\n\n\n<div class=\"wp-block-media-text has-media-on-the-right is-stacked-on-mobile\" style=\"grid-template-columns:auto 35%\"><div class=\"wp-block-media-text__content\">\n<p><a href=\"https:\/\/www.oiseaux.net\" target=\"_blank\" rel=\"noreferrer noopener\"><strong>https:\/\/www.oiseaux.net<\/strong><\/a><\/p>\n\n\n\n<p><a href=\"https:\/\/www.chant-oiseaux.fr\" target=\"_blank\" rel=\"noreferrer noopener\"><strong>https:\/\/www.chant-oiseaux.fr<\/strong><\/a><\/p>\n\n\n\n<p><a href=\"https:\/\/xeno-canto.org\" target=\"_blank\" rel=\"noreferrer noopener\"><strong>https:\/\/xeno-canto.org<\/strong><\/a><\/p>\n\n\n\n<p><a href=\"https:\/\/acoustoc.vigienature.fr\/\" target=\"_blank\" rel=\"noreferrer noopener\"><strong>https:\/\/acoustoc.vigienature.fr\/<\/strong><\/a><\/p>\n<\/div><figure class=\"wp-block-media-text__media\"><img loading=\"lazy\" decoding=\"async\" width=\"863\" height=\"726\" src=\"https:\/\/paca.lpo.fr\/blogs\/littoral-ouest-varois\/files\/2025\/11\/mesange-huppe-1.jpg\" alt=\"\" class=\"wp-image-15519 size-full\" srcset=\"https:\/\/paca.lpo.fr\/blogs\/littoral-ouest-varois\/files\/2025\/11\/mesange-huppe-1.jpg 863w, https:\/\/paca.lpo.fr\/blogs\/littoral-ouest-varois\/files\/2025\/11\/mesange-huppe-1-768x646.jpg 768w\" sizes=\"auto, (max-width: 863px) 100vw, 863px\" \/><\/figure><\/div>\n\n\n\n<div style=\"height:100px\" aria-hidden=\"true\" class=\"wp-block-spacer\"><\/div>\n\n\n\n<h4 class=\"wp-block-heading has-text-align-center\"><strong>Pour aller plus loin, consulter nos fiches pratiques<\/strong><\/h4>\n\n\n\n<div class=\"wp-block-group is-layout-grid wp-container-core-group-is-layout-9649a0d9 wp-block-group-is-layout-grid\">\n<figure class=\"wp-block-image size-full\"><a href=\"https:\/\/paca.lpo.fr\/blogs\/littoral-ouest-varois\/files\/2025\/11\/oiseaux-des-parcs-et-jardins.pdf\" target=\"_blank\" rel=\" noreferrer noopener\"><img loading=\"lazy\" decoding=\"async\" width=\"562\" height=\"786\" src=\"https:\/\/paca.lpo.fr\/blogs\/littoral-ouest-varois\/files\/2025\/11\/vignette-oiseaux-des-jardins.jpg\" alt=\"\" class=\"wp-image-15438\" srcset=\"https:\/\/paca.lpo.fr\/blogs\/littoral-ouest-varois\/files\/2025\/11\/vignette-oiseaux-des-jardins.jpg 562w, https:\/\/paca.lpo.fr\/blogs\/littoral-ouest-varois\/files\/2025\/11\/vignette-oiseaux-des-jardins-549x768.jpg 549w\" sizes=\"auto, (max-width: 562px) 100vw, 562px\" \/><\/a><\/figure>\n\n\n\n<figure class=\"wp-block-image size-full\"><a href=\"https:\/\/paca.lpo.fr\/blogs\/littoral-ouest-varois\/files\/2025\/11\/depliant-migration-eurobirdwatch.pdf\" target=\"_blank\" rel=\" noreferrer noopener\"><img loading=\"lazy\" decoding=\"async\" width=\"375\" height=\"707\" src=\"https:\/\/paca.lpo.fr\/blogs\/littoral-ouest-varois\/files\/2025\/11\/vignette-migration-1.jpg\" alt=\"\" class=\"wp-image-15443\" \/><\/a><\/figure>\n\n\n\n<figure class=\"wp-block-image size-full\"><a href=\"https:\/\/paca.lpo.fr\/blogs\/littoral-ouest-varois\/files\/2025\/11\/jeunes-oiseaux-quels-reflexes-adopter-.pdf\" target=\"_blank\" rel=\" noreferrer noopener\"><img loading=\"lazy\" decoding=\"async\" width=\"585\" height=\"781\" src=\"https:\/\/paca.lpo.fr\/blogs\/littoral-ouest-varois\/files\/2025\/11\/vignette-jeunes-oiseaux.jpg\" alt=\"\" class=\"wp-image-15441\" srcset=\"https:\/\/paca.lpo.fr\/blogs\/littoral-ouest-varois\/files\/2025\/11\/vignette-jeunes-oiseaux.jpg 585w, https:\/\/paca.lpo.fr\/blogs\/littoral-ouest-varois\/files\/2025\/11\/vignette-jeunes-oiseaux-575x768.jpg 575w\" sizes=\"auto, (max-width: 585px) 100vw, 585px\" \/><\/a><\/figure>\n\n\n\n<figure class=\"wp-block-image size-full\"><a href=\"https:\/\/paca.lpo.fr\/blogs\/littoral-ouest-varois\/files\/2025\/11\/pas-de-pain-aux-oiseaux.pdf\" target=\"_blank\" rel=\" noreferrer noopener\"><img loading=\"lazy\" decoding=\"async\" width=\"585\" height=\"829\" src=\"https:\/\/paca.lpo.fr\/blogs\/littoral-ouest-varois\/files\/2025\/11\/vignette-pas-de-pain.jpg\" alt=\"\" class=\"wp-image-15445\" srcset=\"https:\/\/paca.lpo.fr\/blogs\/littoral-ouest-varois\/files\/2025\/11\/vignette-pas-de-pain.jpg 585w, https:\/\/paca.lpo.fr\/blogs\/littoral-ouest-varois\/files\/2025\/11\/vignette-pas-de-pain-542x768.jpg 542w\" sizes=\"auto, (max-width: 585px) 100vw, 585px\" \/><\/a><\/figure>\n<\/div>\n\n\n\n<div class=\"wp-block-group is-layout-grid wp-container-core-group-is-layout-9649a0d9 wp-block-group-is-layout-grid\">\n<figure class=\"wp-block-image size-full\"><a href=\"https:\/\/paca.lpo.fr\/blogs\/littoral-ouest-varois\/files\/2025\/11\/rapaces-noctunes.pdf\" target=\"_blank\" rel=\" noreferrer noopener\"><img loading=\"lazy\" decoding=\"async\" width=\"325\" height=\"676\" src=\"https:\/\/paca.lpo.fr\/blogs\/littoral-ouest-varois\/files\/2025\/11\/vignette-rapaces-nocturnes.jpg\" alt=\"\" class=\"wp-image-15446\" \/><\/a><\/figure>\n\n\n\n<figure class=\"wp-block-image size-full\"><a href=\"https:\/\/paca.lpo.fr\/blogs\/littoral-ouest-varois\/files\/2025\/11\/mieux-connaitre-les-rapaces-nocturnes.pdf\" target=\"_blank\" rel=\" noreferrer noopener\"><img loading=\"lazy\" decoding=\"async\" width=\"551\" height=\"788\" src=\"https:\/\/paca.lpo.fr\/blogs\/littoral-ouest-varois\/files\/2025\/11\/vignette-rapaces-nocturnes-2.jpg\" alt=\"\" class=\"wp-image-15448\" srcset=\"https:\/\/paca.lpo.fr\/blogs\/littoral-ouest-varois\/files\/2025\/11\/vignette-rapaces-nocturnes-2.jpg 551w, https:\/\/paca.lpo.fr\/blogs\/littoral-ouest-varois\/files\/2025\/11\/vignette-rapaces-nocturnes-2-537x768.jpg 537w\" sizes=\"auto, (max-width: 551px) 100vw, 551px\" \/><\/a><\/figure>\n\n\n\n<figure class=\"wp-block-image size-full\"><a href=\"https:\/\/paca.lpo.fr\/blogs\/littoral-ouest-varois\/files\/2025\/11\/connaitre-et-proteger-la-chouette-hulotte.pdf\" target=\"_blank\" rel=\" noreferrer noopener\"><img loading=\"lazy\" decoding=\"async\" width=\"552\" height=\"785\" src=\"https:\/\/paca.lpo.fr\/blogs\/littoral-ouest-varois\/files\/2025\/11\/vignette-chouette-hulotte.jpg\" alt=\"\" class=\"wp-image-15449\" srcset=\"https:\/\/paca.lpo.fr\/blogs\/littoral-ouest-varois\/files\/2025\/11\/vignette-chouette-hulotte.jpg 552w, https:\/\/paca.lpo.fr\/blogs\/littoral-ouest-varois\/files\/2025\/11\/vignette-chouette-hulotte-540x768.jpg 540w\" sizes=\"auto, (max-width: 552px) 100vw, 552px\" \/><\/a><\/figure>\n<\/div>\n\n\n\n<div class=\"wp-block-group is-layout-grid wp-container-core-group-is-layout-9649a0d9 wp-block-group-is-layout-grid\">\n<figure class=\"wp-block-image size-full\"><a href=\"https:\/\/paca.lpo.fr\/blogs\/littoral-ouest-varois\/files\/2025\/11\/depliant-abeilles-sauvages.pdf\" target=\"_blank\" rel=\" noreferrer noopener\"><img loading=\"lazy\" decoding=\"async\" width=\"557\" height=\"790\" src=\"https:\/\/paca.lpo.fr\/blogs\/littoral-ouest-varois\/files\/2025\/11\/vignette-les-abeilles-sauvages.jpg\" alt=\"\" class=\"wp-image-15450\" srcset=\"https:\/\/paca.lpo.fr\/blogs\/littoral-ouest-varois\/files\/2025\/11\/vignette-les-abeilles-sauvages.jpg 557w, https:\/\/paca.lpo.fr\/blogs\/littoral-ouest-varois\/files\/2025\/11\/vignette-les-abeilles-sauvages-541x768.jpg 541w\" sizes=\"auto, (max-width: 557px) 100vw, 557px\" \/><\/a><\/figure>\n\n\n\n<figure class=\"wp-block-image size-full\"><a href=\"https:\/\/paca.lpo.fr\/blogs\/littoral-ouest-varois\/files\/2025\/11\/sauvons-le-herisson-deurope.pdf\" target=\"_blank\" rel=\" noreferrer noopener\"><img loading=\"lazy\" decoding=\"async\" width=\"566\" height=\"788\" src=\"https:\/\/paca.lpo.fr\/blogs\/littoral-ouest-varois\/files\/2025\/11\/vignette-herisson-deurope.jpg\" alt=\"\" class=\"wp-image-15451\" srcset=\"https:\/\/paca.lpo.fr\/blogs\/littoral-ouest-varois\/files\/2025\/11\/vignette-herisson-deurope.jpg 566w, https:\/\/paca.lpo.fr\/blogs\/littoral-ouest-varois\/files\/2025\/11\/vignette-herisson-deurope-552x768.jpg 552w\" sizes=\"auto, (max-width: 566px) 100vw, 566px\" \/><\/a><\/figure>\n<\/div>\n\n\n\n<p><\/p>\n","protected":false},"excerpt":{"rendered":"<p>Comment s&rsquo;engager avec la LPO Conna\u00eetre et pr\u00e9server la biodiversit\u00e9 de proximit\u00e9 Pour toute question relative \u00e0 la gestion de la chasse et de la biodiversit\u00e9 dans le Var, contacter l&rsquo;OFB \u00e0 l&rsquo;adresse mail Sd83@ofb.gouv.fr Fabriquer et poser un nichoir ou une mangeoire Partager et conserver des observations Aider un animal en d\u00e9tresse Nous conseillons [&hellip;]<\/p>\n","protected":false},"author":44,"featured_media":0,"parent":0,"menu_order":3,"comment_status":"closed","ping_status":"closed","template":"","meta":{"footnotes":""},"class_list":["post-1169","page","type-page","status-publish","hentry"],"_links":{"self":[{"href":"http:\/\/paca.lpo.fr\/blogs\/littoral-ouest-varois\/wp-json\/wp\/v2\/pages\/1169","targetHints":{"allow":["GET"]}}],"collection":[{"href":"http:\/\/paca.lpo.fr\/blogs\/littoral-ouest-varois\/wp-json\/wp\/v2\/pages"}],"about":[{"href":"http:\/\/paca.lpo.fr\/blogs\/littoral-ouest-varois\/wp-json\/wp\/v2\/types\/page"}],"author":[{"embeddable":true,"href":"http:\/\/paca.lpo.fr\/blogs\/littoral-ouest-varois\/wp-json\/wp\/v2\/users\/44"}],"replies":[{"embeddable":true,"href":"http:\/\/paca.lpo.fr\/blogs\/littoral-ouest-varois\/wp-json\/wp\/v2\/comments?post=1169"}],"version-history":[{"count":4,"href":"http:\/\/paca.lpo.fr\/blogs\/littoral-ouest-varois\/wp-json\/wp\/v2\/pages\/1169\/revisions"}],"predecessor-version":[{"id":15811,"href":"http:\/\/paca.lpo.fr\/blogs\/littoral-ouest-varois\/wp-json\/wp\/v2\/pages\/1169\/revisions\/15811"}],"wp:attachment":[{"href":"http:\/\/paca.lpo.fr\/blogs\/littoral-ouest-varois\/wp-json\/wp\/v2\/media?parent=1169"}],"curies":[{"name":"wp","href":"https:\/\/api.w.org\/{rel}","templated":true}]}}