{"id":1176,"date":"2015-11-24T08:11:48","date_gmt":"2015-11-24T07:11:48","guid":{"rendered":"http:\/\/paca.lpo.fr\/blogs\/littoral-ouest-varois\/?page_id=1176"},"modified":"2026-02-24T20:44:10","modified_gmt":"2026-02-24T19:44:10","slug":"agenda","status":"publish","type":"page","link":"http:\/\/paca.lpo.fr\/blogs\/littoral-ouest-varois\/agenda\/","title":{"rendered":"Agenda"},"content":{"rendered":"\n<h3 class=\"wp-block-heading\"><\/h3>\n\n\n\n<h5 class=\"wp-block-heading has-text-align-center has-primary-color has-text-color has-large-font-size\">LES RENDEZ-VOUS INCONTOURNABLES ANNUELS DU GROUPE LOV<\/h5>\n\n\n\n<p class=\"has-text-align-center has-primary-color has-text-color has-background has-link-color wp-elements-6dfe82e75e16302d7daabc72d37b203b\" style=\"background:linear-gradient(135deg,rgb(252,185,0) 0%,rgb(255,105,0) 100%);font-size:24px\"><strong>Le <strong>2<sup>eme<\/sup><\/strong> week-end de janvier<\/strong> *<strong> : <\/strong><br><a href=\"http:\/\/paca.lpo.fr\/blogs\/littoral-ouest-varois\/?s=wetlands\" target=\"_blank\" rel=\"noreferrer noopener\"><strong>WETLANDS<\/strong>.<\/a> <br><strong>Comptage annuel des oiseaux d&rsquo;eau \u00e0 la baie du Lazaret \u00e0 La Seyne-sur-Mer<\/strong><\/p>\n\n\n\n<p class=\"has-text-align-center has-primary-color has-text-color has-background\" style=\"background-color:#008dcc82;font-size:24px\"><strong>Le 1<sup>er<\/sup> week-end d&rsquo;octobre<\/strong> *<strong> : <\/strong><br><strong><a href=\"https:\/\/paca.lpo.fr\/blogs\/littoral-ouest-varois\/2025\/10\/09\/la-migration-a-n-d-du-mai-le-4-octobre-2025\/\" data-type=\"link\" data-id=\"https:\/\/paca.lpo.fr\/blogs\/littoral-ouest-varois\/2025\/10\/09\/la-migration-a-n-d-du-mai-le-4-octobre-2025\/\" target=\"_blank\" rel=\"noreferrer noopener\">LES JOURN\u00c9ES EUROP\u00c9ENNES DE LA MIGRATION<\/a><br>Comptage et accueil du public \u00e0 Notre-Dame-du-Mai \u00e0 Six-Fours-les-Plages<\/strong><\/p>\n\n\n\n<p class=\"has-text-align-center has-primary-color has-text-color has-background\" style=\"background:linear-gradient(135deg,rgb(252,185,0) 12%,rgb(255,105,0) 75%);font-size:24px\"><strong>Le 2<sup>eme<\/sup> week-end d&rsquo;octobre<\/strong> *<strong> : <\/strong><br><strong>LA JOURN\u00c9E MONDIALE <\/strong><br><strong>DES OISEAUX MIGRATEURS<\/strong><br><strong>Comptage et accueil du public \u00e0 Notre-Dame-du-Mai<\/strong> <strong>\u00e0 Six-Fours-les-Plages<\/strong><\/p>\n\n\n\n<p class=\"has-text-align-center has-normal-font-size\"><em>* La date peut \u00eatre ajust\u00e9e selon les conditions m\u00e9t\u00e9o.<\/em><\/p>\n\n\n\n<div style=\"height:84px\" aria-hidden=\"true\" class=\"wp-block-spacer\"><\/div>\n\n\n\n<p class=\"has-text-align-center has-normal-font-size\">D\u00e9couvrez et inscrivez-vous aux sorties propos\u00e9es tout au long de l&rsquo;ann\u00e9e sur l&rsquo;agenda par le groupe Littoral Ouest Varois ainsi que les autres groupes locaux de la LPO PACA.<\/p>\n\n\n\n<div style=\"height:14px\" aria-hidden=\"true\" class=\"wp-block-spacer\"><\/div>\n\n\n\n<div class=\"wp-block-buttons is-content-justification-center is-layout-flex wp-container-core-buttons-is-layout-16018d1d wp-block-buttons-is-layout-flex\">\n<div class=\"wp-block-button has-custom-width wp-block-button__width-50 is-style-fill\"><a class=\"wp-block-button__link has-text-color has-background has-link-color has-normal-font-size has-custom-font-size wp-element-button\" href=\"https:\/\/paca.lpo.fr\/sorties-nature\/agenda\" style=\"border-top-left-radius:8px;border-top-right-radius:8px;border-bottom-left-radius:8px;border-bottom-right-radius:8px;color:#fefefe;background-color:#0087cd\" target=\"_blank\" rel=\"noreferrer noopener\">AGENDA LPO PACA<\/a><\/div>\n<\/div>\n\n\n\n<div style=\"height:84px\" aria-hidden=\"true\" class=\"wp-block-spacer\"><\/div>\n\n\n\n<p class=\"has-text-align-center has-normal-font-size\">Vous pouvez \u00e9galement participer \u00e0 nos r\u00e9unions mensuelles du samedi matin ouvertes \u00e0 toutes et tous. <br>Davantage d&rsquo;informations en nous contactant \u00e0 l&rsquo;adresse mail du groupe <a href=\"mailto:lov@lpo.fr\" target=\"_blank\" rel=\"noreferrer noopener\"><strong>lov@lpo.fr<\/strong><\/a><\/p>\n\n\n\n<div style=\"height:67px\" aria-hidden=\"true\" class=\"wp-block-spacer\"><\/div>\n","protected":false},"excerpt":{"rendered":"<p>LES RENDEZ-VOUS INCONTOURNABLES ANNUELS DU GROUPE LOV Le 2eme week-end de janvier * : WETLANDS. Comptage annuel des oiseaux d&rsquo;eau \u00e0 la baie du Lazaret \u00e0 La Seyne-sur-Mer Le 1er week-end d&rsquo;octobre * : LES JOURN\u00c9ES EUROP\u00c9ENNES DE LA MIGRATIONComptage et accueil du public \u00e0 Notre-Dame-du-Mai \u00e0 Six-Fours-les-Plages Le 2eme week-end d&rsquo;octobre * : LA [&hellip;]<\/p>\n","protected":false},"author":3,"featured_media":0,"parent":0,"menu_order":0,"comment_status":"closed","ping_status":"closed","template":"","meta":{"footnotes":""},"class_list":["post-1176","page","type-page","status-publish","hentry"],"_links":{"self":[{"href":"http:\/\/paca.lpo.fr\/blogs\/littoral-ouest-varois\/wp-json\/wp\/v2\/pages\/1176","targetHints":{"allow":["GET"]}}],"collection":[{"href":"http:\/\/paca.lpo.fr\/blogs\/littoral-ouest-varois\/wp-json\/wp\/v2\/pages"}],"about":[{"href":"http:\/\/paca.lpo.fr\/blogs\/littoral-ouest-varois\/wp-json\/wp\/v2\/types\/page"}],"author":[{"embeddable":true,"href":"http:\/\/paca.lpo.fr\/blogs\/littoral-ouest-varois\/wp-json\/wp\/v2\/users\/3"}],"replies":[{"embeddable":true,"href":"http:\/\/paca.lpo.fr\/blogs\/littoral-ouest-varois\/wp-json\/wp\/v2\/comments?post=1176"}],"version-history":[{"count":4,"href":"http:\/\/paca.lpo.fr\/blogs\/littoral-ouest-varois\/wp-json\/wp\/v2\/pages\/1176\/revisions"}],"predecessor-version":[{"id":15834,"href":"http:\/\/paca.lpo.fr\/blogs\/littoral-ouest-varois\/wp-json\/wp\/v2\/pages\/1176\/revisions\/15834"}],"wp:attachment":[{"href":"http:\/\/paca.lpo.fr\/blogs\/littoral-ouest-varois\/wp-json\/wp\/v2\/media?parent=1176"}],"curies":[{"name":"wp","href":"https:\/\/api.w.org\/{rel}","templated":true}]}}