{"id":3434,"date":"2016-11-17T08:41:06","date_gmt":"2016-11-17T07:41:06","guid":{"rendered":"http:\/\/paca.lpo.fr\/blogs\/littoral-ouest-varois\/?page_id=3434"},"modified":"2025-11-15T18:38:49","modified_gmt":"2025-11-15T17:38:49","slug":"contact","status":"publish","type":"page","link":"http:\/\/paca.lpo.fr\/blogs\/littoral-ouest-varois\/contact\/","title":{"rendered":"CONTACT"},"content":{"rendered":"<div class=\"wp-block-image is-style-default\">\n<figure class=\"aligncenter size-full is-resized\"><img loading=\"lazy\" decoding=\"async\" width=\"365\" height=\"291\" src=\"https:\/\/paca.lpo.fr\/blogs\/littoral-ouest-varois\/files\/2025\/11\/contact-plume.jpg\" alt=\"\" class=\"wp-image-15322\" style=\"width:337px;height:auto\" \/><\/figure>\n<\/div>\n\n\n<div style=\"height:56px\" aria-hidden=\"true\" class=\"wp-block-spacer\"><\/div>\n\n\n\n<p class=\"has-text-align-left has-normal-font-size\"><strong>Une question, un besoin d&rsquo;information ?<\/strong><br><br>Contactez le groupe local Littoral Ouest Varois (LOV) via le bouton ci-dessous.<\/p>\n\n\n\n<p>Nous avons \u00e9galement au sein du groupe des r\u00e9f\u00e9rents sp\u00e9cialis\u00e9s, notamment sur les hirondelles et les martinets. Ils se tiennent \u00e0 disposition pour r\u00e9pondre \u00e0 vos questions via l&rsquo;adresse de contact LOV.<\/p>\n\n\n\n<div style=\"height:25px\" aria-hidden=\"true\" class=\"wp-block-spacer\"><\/div>\n\n\n\n<div class=\"wp-block-buttons is-content-justification-center is-layout-flex wp-container-core-buttons-is-layout-16018d1d wp-block-buttons-is-layout-flex\">\n<div class=\"wp-block-button has-custom-width wp-block-button__width-50 is-style-fill\"><a class=\"wp-block-button__link has-text-color has-background has-link-color has-small-font-size has-custom-font-size wp-element-button\" href=\"https:\/\/paca.lpo.fr\/index.php?&amp;Itemid=4662\" style=\"border-radius:15px;color:#fdfdfd;background-color:#0087cd\" target=\"_blank\" rel=\"noreferrer noopener\"><strong>CONTACT GROUPE LOV<\/strong><\/a><\/div>\n<\/div>\n\n\n\n<div style=\"height:71px\" aria-hidden=\"true\" class=\"wp-block-spacer\"><\/div>\n\n\n\n<p class=\"has-text-align-left\"><strong>D\u00e9couverte d&rsquo;un animal sauvage en difficult\u00e9, en d\u00e9tresse ?<\/strong><\/p>\n\n\n\n<p class=\"has-text-align-left\">Suivez d&rsquo;abord les proc\u00e9dures&nbsp;gr\u00e2ce aux <a href=\"https:\/\/paca.lpo.fr\/soins-animaux\/conseiller\/fiches-conseils\" data-type=\"link\" data-id=\"https:\/\/paca.lpo.fr\/soins-animaux\/conseiller\/fiches-conseils\" target=\"_blank\" rel=\"noreferrer noopener\"><strong>fiches conseils<\/strong><\/a> ainsi que les <a href=\"https:\/\/paca.lpo.fr\/soins-animaux\/conseiller\/premiers-gestes\" data-type=\"link\" data-id=\"https:\/\/paca.lpo.fr\/soins-animaux\/conseiller\/premiers-gestes\" target=\"_blank\" rel=\"noreferrer noopener\"><strong>premiers gestes \u00e0 r\u00e9aliser<\/strong><\/a>, disponibles sur le site de la LPO PACA<strong>. <\/strong><\/p>\n\n\n\n<p class=\"has-text-align-left\">Si toutefois vous restez d\u00e9muni(e) malgr\u00e9 ces conseils, <br>envoyez un email \u00e0 <a href=\"mailto:sos.paca@lpo.fr\" target=\"_blank\" rel=\"noreferrer noopener\"><strong>sos.paca@lpo.fr<\/strong><\/a><\/p>\n\n\n\n<div style=\"height:25px\" aria-hidden=\"true\" class=\"wp-block-spacer\"><\/div>\n\n\n\n<div class=\"wp-block-buttons is-content-justification-center is-layout-flex wp-container-core-buttons-is-layout-16018d1d wp-block-buttons-is-layout-flex\">\n<div class=\"wp-block-button has-custom-width wp-block-button__width-50\"><a class=\"wp-block-button__link has-text-color has-background has-link-color has-small-font-size has-text-align-center has-custom-font-size wp-element-button\" href=\"https:\/\/paca.lpo.fr\/soins-animaux\/sos\" style=\"border-radius:15px;color:#fefefe;background-color:#f65e1b\" target=\"_blank\" rel=\"noreferrer noopener\"><strong>CONTACT SOS PACA<\/strong><\/a><\/div>\n<\/div>\n\n\n\n<div style=\"height:60px\" aria-hidden=\"true\" class=\"wp-block-spacer\"><\/div>\n\n\n\n<p><\/p>\n","protected":false},"excerpt":{"rendered":"<p>Une question, un besoin d&rsquo;information ? Contactez le groupe local Littoral Ouest Varois (LOV) via le bouton ci-dessous. Nous avons \u00e9galement au sein du groupe des r\u00e9f\u00e9rents sp\u00e9cialis\u00e9s, notamment sur les hirondelles et les martinets. Ils se tiennent \u00e0 disposition pour r\u00e9pondre \u00e0 vos questions via l&rsquo;adresse de contact LOV. D\u00e9couverte d&rsquo;un animal sauvage en [&hellip;]<\/p>\n","protected":false},"author":44,"featured_media":0,"parent":0,"menu_order":0,"comment_status":"closed","ping_status":"closed","template":"","meta":{"footnotes":""},"class_list":["post-3434","page","type-page","status-publish","hentry"],"_links":{"self":[{"href":"http:\/\/paca.lpo.fr\/blogs\/littoral-ouest-varois\/wp-json\/wp\/v2\/pages\/3434","targetHints":{"allow":["GET"]}}],"collection":[{"href":"http:\/\/paca.lpo.fr\/blogs\/littoral-ouest-varois\/wp-json\/wp\/v2\/pages"}],"about":[{"href":"http:\/\/paca.lpo.fr\/blogs\/littoral-ouest-varois\/wp-json\/wp\/v2\/types\/page"}],"author":[{"embeddable":true,"href":"http:\/\/paca.lpo.fr\/blogs\/littoral-ouest-varois\/wp-json\/wp\/v2\/users\/44"}],"replies":[{"embeddable":true,"href":"http:\/\/paca.lpo.fr\/blogs\/littoral-ouest-varois\/wp-json\/wp\/v2\/comments?post=3434"}],"version-history":[{"count":4,"href":"http:\/\/paca.lpo.fr\/blogs\/littoral-ouest-varois\/wp-json\/wp\/v2\/pages\/3434\/revisions"}],"predecessor-version":[{"id":15585,"href":"http:\/\/paca.lpo.fr\/blogs\/littoral-ouest-varois\/wp-json\/wp\/v2\/pages\/3434\/revisions\/15585"}],"wp:attachment":[{"href":"http:\/\/paca.lpo.fr\/blogs\/littoral-ouest-varois\/wp-json\/wp\/v2\/media?parent=3434"}],"curies":[{"name":"wp","href":"https:\/\/api.w.org\/{rel}","templated":true}]}}