{"id":8,"date":"2012-05-24T09:51:55","date_gmt":"2012-05-24T08:51:55","guid":{"rendered":"http:\/\/paca.lpo.fr\/blogs\/toulon-ouest\/?page_id=2"},"modified":"2025-11-15T18:35:00","modified_gmt":"2025-11-15T17:35:00","slug":"presentation","status":"publish","type":"page","link":"http:\/\/paca.lpo.fr\/blogs\/littoral-ouest-varois\/presentation\/","title":{"rendered":"Groupe Local Littoral Ouest Varois"},"content":{"rendered":"\n<p class=\"has-text-align-center\"><\/p>\n\n\n\n<p>Le Groupe local Littoral-Ouest-Varois (LOV) est anim\u00e9 par une vingtaine de b\u00e9n\u00e9voles amoureux de la Nature. Cet amour de la Nature, nous souhaitons le transmettre \u00e0 un tr\u00e8s large public.<\/p>\n\n\n\n<p>Notre territoire s\u2019\u00e9tend sur les communes de <strong>La Seyne-sur-Mer, Six-Fours-les-Plages, Ollioules, Saint-Mandrier, Sanary, Bandol, St Cyr-sur-Mer, Sainte-Anne-d\u2019Evenos, Le Beausset, La Cadi\u00e8re d&rsquo;Azur et Le Castellet<\/strong>.<\/p>\n\n\n\n<p>Nous proposons gratuitement pour tous des <strong>sorties nature, conf\u00e9rences, stands d\u2019information, animations pour les plus jeunes, suivis ornithologiques<\/strong> de certaines esp\u00e8ces (comme les Hirondelles ou la Chev\u00eache d\u2019Ath\u00e9na) ou encore la <strong>promotion et le suivi du programme Refuge LPO<\/strong>. En tant que groupe situ\u00e9 sur le littoral, nous assurons, \u00e9t\u00e9 comme hiver, des <strong>comptages ouverts au public de nos oiseaux marins<\/strong>.<\/p>\n\n\n\n<p>Nous participons aux <strong>comit\u00e9s de pilotage des zones Natura 2000<\/strong> dans notre secteur, et \u00e0 toutes autres commissions susceptibles d&rsquo;avoir une influence sur la Biodiversit\u00e9.<\/p>\n\n\n\n<p>Ainsi, nous pouvons acqu\u00e9rir le maximum de contacts et d&rsquo;informations pour \u00eatre en mesure d&rsquo;arr\u00eater certaines mauvaises orientations des collectivit\u00e9s et organismes mal inspir\u00e9s. Au sein du groupe, <strong>nous assurons notre formation naturaliste<\/strong>, en plus des conf\u00e9rences ouvertes au public, gr\u00e2ce \u00e0 des sorties et des projections, ou chacun s&rsquo;exprime dans sa sp\u00e9cialit\u00e9.<\/p>\n\n\n\n<p>Toutes ces actions nous permettent d\u2019acqu\u00e9rir une meilleure connaissance de la Nature afin de mieux la prot\u00e9ger.<\/p>\n\n\n\n<div style=\"height:41px\" aria-hidden=\"true\" class=\"wp-block-spacer\"><\/div>\n\n\n\n<div class=\"wp-block-buttons is-content-justification-center is-layout-flex wp-container-core-buttons-is-layout-16018d1d wp-block-buttons-is-layout-flex\">\n<div class=\"wp-block-button has-custom-width wp-block-button__width-50 is-style-fill\"><a class=\"wp-block-button__link has-text-color has-background has-link-color has-small-font-size has-custom-font-size wp-element-button\" href=\"https:\/\/paca.lpo.fr\/index.php?&amp;Itemid=4662\" style=\"border-radius:15px;color:#fffefe;background-color:#0087cd\" target=\"_blank\" rel=\"noreferrer noopener\"><strong>CONTACT<\/strong><\/a><\/div>\n<\/div>\n\n\n\n<div style=\"height:50px\" aria-hidden=\"true\" class=\"wp-block-spacer\"><\/div>\n\n\n<div class=\"wp-block-image is-style-default\">\n<figure class=\"aligncenter size-large\"><img decoding=\"async\" src=\"https:\/\/paca.lpo.fr\/blogs\/littoral-ouest-varois\/files\/2018\/11\/ganivelles1.jpg\" alt=\"\" \/><figcaption class=\"wp-element-caption\"><strong>Sortie nature<\/strong><\/figcaption><\/figure>\n<\/div>\n\n\n<div style=\"height:43px\" aria-hidden=\"true\" class=\"wp-block-spacer\"><\/div>\n\n\n<div class=\"wp-block-image\">\n<figure class=\"aligncenter size-large\"><img decoding=\"async\" src=\"https:\/\/paca.lpo.fr\/blogs\/littoral-ouest-varois\/files\/2025\/10\/20250329-141851-1.jpg\" alt=\"\" \/><figcaption class=\"wp-element-caption\"><strong>Conf\u00e9rences<\/strong><\/figcaption><\/figure>\n<\/div>\n\n\n<div style=\"height:43px\" aria-hidden=\"true\" class=\"wp-block-spacer\"><\/div>\n\n\n<div class=\"wp-block-image\">\n<figure class=\"aligncenter size-large\"><img decoding=\"async\" src=\"https:\/\/paca.lpo.fr\/blogs\/littoral-ouest-varois\/files\/2022\/06\/2022-06-07-a-09-10-34-.jpg\" alt=\"\" \/><figcaption class=\"wp-element-caption\"><strong>Comptage et suivi d&rsquo;hirondelles<\/strong><\/figcaption><\/figure>\n<\/div>\n\n\n<div style=\"height:42px\" aria-hidden=\"true\" class=\"wp-block-spacer\"><\/div>\n\n\n<div class=\"wp-block-image\">\n<figure class=\"aligncenter size-large\"><img decoding=\"async\" src=\"https:\/\/paca.lpo.fr\/blogs\/littoral-ouest-varois\/files\/2023\/03\/chouette-cheveche-de-norbert-chardon.jpg\" alt=\"\" \/><figcaption class=\"wp-element-caption\"><strong>Prospection, comptage et suivi de la Chouette Chev\u00eache d&rsquo;Ath\u00e9na<\/strong><\/figcaption><\/figure>\n<\/div>\n\n\n<div style=\"height:43px\" aria-hidden=\"true\" class=\"wp-block-spacer\"><\/div>\n\n\n<div class=\"wp-block-image\">\n<figure class=\"aligncenter size-large\"><img decoding=\"async\" src=\"https:\/\/paca.lpo.fr\/blogs\/littoral-ouest-varois\/files\/2014\/10\/Scolaire-03.jpg\" alt=\"\" \/><figcaption class=\"wp-element-caption\"><strong>Animations aupr\u00e8s des scolaires<\/strong><\/figcaption><\/figure>\n<\/div>\n\n\n<div style=\"height:43px\" aria-hidden=\"true\" class=\"wp-block-spacer\"><\/div>\n\n\n<div class=\"wp-block-image\">\n<figure class=\"aligncenter size-large\"><img decoding=\"async\" src=\"https:\/\/paca.lpo.fr\/blogs\/littoral-ouest-varois\/files\/2014\/10\/Nichoirs-Hulotte-018-.jpg\" alt=\"\" \/><figcaption class=\"wp-element-caption\"><strong>Promotion et suivi du programme Refuge LPO<\/strong><\/figcaption><\/figure>\n<\/div>\n\n\n<div style=\"height:62px\" aria-hidden=\"true\" class=\"wp-block-spacer\"><\/div>\n","protected":false},"excerpt":{"rendered":"<p>Le Groupe local Littoral-Ouest-Varois (LOV) est anim\u00e9 par une vingtaine de b\u00e9n\u00e9voles amoureux de la Nature. Cet amour de la Nature, nous souhaitons le transmettre \u00e0 un tr\u00e8s large public. Notre territoire s\u2019\u00e9tend sur les communes de La Seyne-sur-Mer, Six-Fours-les-Plages, Ollioules, Saint-Mandrier, Sanary, Bandol, St Cyr-sur-Mer, Sainte-Anne-d\u2019Evenos, Le Beausset, La Cadi\u00e8re d&rsquo;Azur et Le Castellet. [&hellip;]<\/p>\n","protected":false},"author":1,"featured_media":0,"parent":0,"menu_order":1,"comment_status":"closed","ping_status":"closed","template":"","meta":{"footnotes":""},"class_list":["post-8","page","type-page","status-publish","hentry"],"_links":{"self":[{"href":"http:\/\/paca.lpo.fr\/blogs\/littoral-ouest-varois\/wp-json\/wp\/v2\/pages\/8","targetHints":{"allow":["GET"]}}],"collection":[{"href":"http:\/\/paca.lpo.fr\/blogs\/littoral-ouest-varois\/wp-json\/wp\/v2\/pages"}],"about":[{"href":"http:\/\/paca.lpo.fr\/blogs\/littoral-ouest-varois\/wp-json\/wp\/v2\/types\/page"}],"author":[{"embeddable":true,"href":"http:\/\/paca.lpo.fr\/blogs\/littoral-ouest-varois\/wp-json\/wp\/v2\/users\/1"}],"replies":[{"embeddable":true,"href":"http:\/\/paca.lpo.fr\/blogs\/littoral-ouest-varois\/wp-json\/wp\/v2\/comments?post=8"}],"version-history":[{"count":4,"href":"http:\/\/paca.lpo.fr\/blogs\/littoral-ouest-varois\/wp-json\/wp\/v2\/pages\/8\/revisions"}],"predecessor-version":[{"id":15582,"href":"http:\/\/paca.lpo.fr\/blogs\/littoral-ouest-varois\/wp-json\/wp\/v2\/pages\/8\/revisions\/15582"}],"wp:attachment":[{"href":"http:\/\/paca.lpo.fr\/blogs\/littoral-ouest-varois\/wp-json\/wp\/v2\/media?parent=8"}],"curies":[{"name":"wp","href":"https:\/\/api.w.org\/{rel}","templated":true}]}}