{"id":993,"date":"2019-11-21T11:33:07","date_gmt":"2019-11-21T10:33:07","guid":{"rendered":"http:\/\/paca.lpo.fr\/blogs\/marseille\/?page_id=993"},"modified":"2020-06-01T13:18:53","modified_gmt":"2020-06-01T12:18:53","slug":"concours-photos","status":"publish","type":"page","link":"http:\/\/paca.lpo.fr\/blogs\/marseille\/concours-photos\/","title":{"rendered":"Concours photos"},"content":{"rendered":"\n<p>En 2020, et d\u00e8s le mois de Janvier, le groupe local Marseille vous propose de participer \u00e0 son concours photo mensuel ouvert \u00e0 tous afin de r\u00e9aliser un calendrier participatif pour 2021 !<\/p>\n<p><strong>Le principe ?<\/strong>&nbsp;Chaque premier du mois, une th\u00e9matique est annonc\u00e9e sur notre&nbsp;<a href=\"https:\/\/www.facebook.com\/lpogroupelocalmarseille\/\">page Facebook<\/a> (Groupe Local Marseille &#8211; LPO PACA) ou en fin d&rsquo;article. Il vous suffit de vous abonner \u00e0 notre page et de nous envoyer votre photo AVANT LE 15 DU MOIS (\u00e0 l\u2019adresse lpomarseille@gmail.com).<\/p>\n<p>Le r\u00e8glement et les modalit\u00e9s du concours sont disponibles sur notre page Facebook ou dans le fichier attach\u00e9 ci-dessous.<\/p>\n<p>Les photographies r\u00e9ceptionn\u00e9es sont ensuite publi\u00e9es sur notre page Facebook et soumises au vote du public jusqu\u2019\u00e0 la fin du mois. La photographie gagnante du mois sera celle ayant re\u00e7u le plus de \u00ab r\u00e9action \u00bb, elle sera alors s\u00e9lectionn\u00e9e pour figurer dans le calendrier du groupe local Marseille pour l\u2019ann\u00e9e 2021 !<\/p>\n<p>Alors \u00e0 vos appareils photo et rendez-vous sur notre <a href=\"https:\/\/www.facebook.com\/lpogroupelocalmarseille\/\">page Facebook<\/a> d\u00e8s \u00e0 pr\u00e9sent (Groupe Local Marseille &#8211; LPO PACA) !&nbsp;<img decoding=\"async\" class=\"emoji\" role=\"img\" src=\"https:\/\/s.w.org\/images\/core\/emoji\/12.0.0-1\/svg\/1f4f8.svg\" alt=\"&#x1f4f8;\"><\/p>\n\n\n\n<div class=\"wp-block-image\"><figure class=\"aligncenter size-large is-resized\"><img loading=\"lazy\" decoding=\"async\" src=\"http:\/\/paca.lpo.fr\/blogs\/marseille\/files\/2019\/11\/rqfb.jpg\" alt=\"\" class=\"wp-image-994\" width=\"420\" height=\"305\" srcset=\"https:\/\/paca.lpo.fr\/blogs\/marseille\/files\/2019\/11\/rqfb.jpg 600w, https:\/\/paca.lpo.fr\/blogs\/marseille\/files\/2019\/11\/rqfb-480x349.jpg 480w\" sizes=\"auto, (max-width: 420px) 100vw, 420px\" \/><figcaption> Cr\u00e9dit photo :  <em>Rougequeue \u00e0 front blanc (c) Arnaud Gennarelli<\/em><\/figcaption><\/figure><\/div>\n\n\n\n<table style=\"height: 214px;width: 100%;border-collapse: collapse;border-style: solid;border-color: #20571d\" border=\"1\">\n<tbody>\n<tr style=\"height: 23px\">\n<td style=\"width: 50%;text-align: center;height: 23px\"><span style=\"color: #008000\"><strong>Mois<\/strong><\/span><\/td>\n<td style=\"width: 50%;text-align: center;height: 23px\"><span style=\"color: #008000\"><strong>Th\u00e8me propos\u00e9<\/strong><\/span><\/td>\n<\/tr>\n<tr style=\"height: 23px\">\n<td style=\"width: 50%;height: 23px\">Juin<\/td>\n<td style=\"width: 50%;height: 23px\">Les Oiseaux chanteurs<\/td>\n<\/tr>\n<tr style=\"height: 23px\">\n<td style=\"width: 50%;height: 23px\">Juillet<\/td>\n<td style=\"width: 50%;height: 23px\">Oiseau en vol<\/td>\n<\/tr>\n<tr style=\"height: 23px\">\n<td style=\"width: 50%;height: 23px\">Aout<\/td>\n<td style=\"width: 50%;height: 23px\">Les Limicoles<\/td>\n<\/tr>\n<tr style=\"height: 23px\">\n<td style=\"width: 50%;height: 23px\">Septembre<\/td>\n<td style=\"width: 50%;height: 23px\">Les Oiseaux migrateurs<\/td>\n<\/tr>\n<tr style=\"height: 23px\">\n<td style=\"width: 50%;height: 23px\">Octobre<\/td>\n<td style=\"width: 50%;height: 23px\">Les Oiseaux marins<\/td>\n<\/tr>\n<tr style=\"height: 23px\">\n<td style=\"width: 50%;height: 23px\">Novembre<\/td>\n<td style=\"width: 50%;height: 23px\">Sp\u00e9cial Rougegorge<\/td>\n<\/tr>\n<tr style=\"height: 30px\">\n<td style=\"width: 50%;height: 30px\">D\u00e9cembre<\/td>\n<td style=\"width: 50%;height: 30px\">Oiseaux en bande<\/td>\n<\/tr>\n<\/tbody>\n<\/table>\n<p>\u00a0<\/p>\n\n\n\n<div class=\"wp-block-file\"><a href=\"http:\/\/paca.lpo.fr\/blogs\/marseille\/files\/2019\/11\/reglement-concours-photo-glm.pdf\">reglement-concours-photo-glm<\/a><a href=\"http:\/\/paca.lpo.fr\/blogs\/marseille\/files\/2019\/11\/reglement-concours-photo-glm.pdf\" class=\"wp-block-file__button\" download>T\u00e9l\u00e9charger<\/a><\/div>\n\n\n\n<h2 class=\"wp-block-heading\">Laur\u00e9ats du concours<\/h2>\n\n\n\n<div class=\"wp-block-media-text alignwide\"><figure class=\"wp-block-media-text__media\"><img loading=\"lazy\" decoding=\"async\" width=\"597\" height=\"800\" src=\"http:\/\/paca.lpo.fr\/blogs\/marseille\/files\/2020\/03\/86284772-2551178248491631-8594795262323458048-o-1-597x800.jpg\" alt=\"\" class=\"wp-image-1111\" srcset=\"https:\/\/paca.lpo.fr\/blogs\/marseille\/files\/2020\/03\/86284772-2551178248491631-8594795262323458048-o-1-597x800.jpg 597w, https:\/\/paca.lpo.fr\/blogs\/marseille\/files\/2020\/03\/86284772-2551178248491631-8594795262323458048-o-1-358x480.jpg 358w, https:\/\/paca.lpo.fr\/blogs\/marseille\/files\/2020\/03\/86284772-2551178248491631-8594795262323458048-o-1.jpg 764w\" sizes=\"auto, (max-width: 597px) 100vw, 597px\" \/><\/figure><div class=\"wp-block-media-text__content\">\n<p class=\"has-large-font-size\">Laur\u00e9at du Th\u00e8me 1 : Les Canards <\/p>\n\n\n\n<p>Magnifique photo d&rsquo;un Canard Colvert M\u00e2le en plein \u00ab\u00a0essorage\u00a0\u00bb de son plumage apr\u00e8s une s\u00e9ance de nettoyage de plume. <\/p>\n\n\n\n<p>Bravo \u00e0 Daniel BOCCABELLA pour ce clich\u00e9 !<\/p>\n<\/div><\/div>\n\n\n\n<div class=\"wp-block-media-text alignwide has-media-on-the-right\"><figure class=\"wp-block-media-text__media\"><img loading=\"lazy\" decoding=\"async\" width=\"960\" height=\"652\" src=\"http:\/\/paca.lpo.fr\/blogs\/marseille\/files\/2020\/03\/86496848-2551186451824144-1247653004094472192-o-1-960x652.jpg\" alt=\"\" class=\"wp-image-1112\" srcset=\"https:\/\/paca.lpo.fr\/blogs\/marseille\/files\/2020\/03\/86496848-2551186451824144-1247653004094472192-o-1-960x652.jpg 960w, https:\/\/paca.lpo.fr\/blogs\/marseille\/files\/2020\/03\/86496848-2551186451824144-1247653004094472192-o-1-480x326.jpg 480w, https:\/\/paca.lpo.fr\/blogs\/marseille\/files\/2020\/03\/86496848-2551186451824144-1247653004094472192-o-1-768x521.jpg 768w, https:\/\/paca.lpo.fr\/blogs\/marseille\/files\/2020\/03\/86496848-2551186451824144-1247653004094472192-o-1.jpg 1024w\" sizes=\"auto, (max-width: 960px) 100vw, 960px\" \/><\/figure><div class=\"wp-block-media-text__content\">\n<p class=\"has-large-font-size\">Laur\u00e9at du Th\u00e8me 2 : Les Bergeronnettes<\/p>\n\n\n\n<p>Voila une Bergeronnette Grise intrigu\u00e9e par la pr\u00e9sence du photographe.<\/p>\n\n\n\n<p>Bravo \u00e0 Arnaud GENNARELLI pour ce clich\u00e9 !<\/p>\n<\/div><\/div>\n\n\n\n\n\n<div class=\"wp-block-columns alignfull is-layout-flex wp-container-core-columns-is-layout-9d6595d7 wp-block-columns-is-layout-flex\">\n<div class=\"wp-block-column is-layout-flow wp-block-column-is-layout-flow\">\n<figure class=\"wp-block-image size-large\"><img loading=\"lazy\" decoding=\"async\" width=\"938\" height=\"800\" src=\"http:\/\/paca.lpo.fr\/blogs\/marseille\/files\/2020\/05\/91366156-2590786247864164-5997289622562930688-o-1-938x800.jpg\" alt=\"\" class=\"wp-image-1146\" srcset=\"https:\/\/paca.lpo.fr\/blogs\/marseille\/files\/2020\/05\/91366156-2590786247864164-5997289622562930688-o-1-938x800.jpg 938w, https:\/\/paca.lpo.fr\/blogs\/marseille\/files\/2020\/05\/91366156-2590786247864164-5997289622562930688-o-1-480x409.jpg 480w, https:\/\/paca.lpo.fr\/blogs\/marseille\/files\/2020\/05\/91366156-2590786247864164-5997289622562930688-o-1-768x655.jpg 768w, https:\/\/paca.lpo.fr\/blogs\/marseille\/files\/2020\/05\/91366156-2590786247864164-5997289622562930688-o-1.jpg 1024w\" sizes=\"auto, (max-width: 938px) 100vw, 938px\" \/><\/figure>\n<\/div>\n\n\n\n<div class=\"wp-block-column is-layout-flow wp-block-column-is-layout-flow\">\n<p class=\"has-large-font-size\">Laur\u00e9ats du Th\u00e8me 3 : Les Oiseaux des Jardins.<\/p>\n\n\n\n<p class=\"has-normal-font-size\">Voici un premier ex-eaquo entre la M\u00e9sange Bleue de Michel LEVEAU et l\u2019\u00c9tourneau Sansonnet d&rsquo;Arnaud GENNARELLI.<\/p>\n\n\n\n<p class=\"has-text-align-center has-normal-font-size\">F\u00e9licitation \u00e0 eux deux !<\/p>\n<\/div>\n\n\n\n<div class=\"wp-block-column is-layout-flow wp-block-column-is-layout-flow\">\n<figure class=\"wp-block-image size-large\"><img loading=\"lazy\" decoding=\"async\" width=\"960\" height=\"638\" src=\"http:\/\/paca.lpo.fr\/blogs\/marseille\/files\/2020\/05\/91626729-2590786254530830-6212876794475839488-o-960x638.jpg\" alt=\"\" class=\"wp-image-1147\" srcset=\"https:\/\/paca.lpo.fr\/blogs\/marseille\/files\/2020\/05\/91626729-2590786254530830-6212876794475839488-o-960x638.jpg 960w, https:\/\/paca.lpo.fr\/blogs\/marseille\/files\/2020\/05\/91626729-2590786254530830-6212876794475839488-o-480x319.jpg 480w, https:\/\/paca.lpo.fr\/blogs\/marseille\/files\/2020\/05\/91626729-2590786254530830-6212876794475839488-o-768x511.jpg 768w, https:\/\/paca.lpo.fr\/blogs\/marseille\/files\/2020\/05\/91626729-2590786254530830-6212876794475839488-o.jpg 1024w\" sizes=\"auto, (max-width: 960px) 100vw, 960px\" \/><\/figure>\n<\/div>\n<\/div>\n\n\n\n<div class=\"wp-block-media-text alignwide has-media-on-the-right\"><figure class=\"wp-block-media-text__media\"><img loading=\"lazy\" decoding=\"async\" width=\"960\" height=\"640\" src=\"http:\/\/paca.lpo.fr\/blogs\/marseille\/files\/2020\/05\/93576405-2603534846589304-7624451262691409920-o-1-960x640.jpg\" alt=\"\" class=\"wp-image-1148\" srcset=\"https:\/\/paca.lpo.fr\/blogs\/marseille\/files\/2020\/05\/93576405-2603534846589304-7624451262691409920-o-1-960x640.jpg 960w, https:\/\/paca.lpo.fr\/blogs\/marseille\/files\/2020\/05\/93576405-2603534846589304-7624451262691409920-o-1-480x320.jpg 480w, https:\/\/paca.lpo.fr\/blogs\/marseille\/files\/2020\/05\/93576405-2603534846589304-7624451262691409920-o-1-768x512.jpg 768w, https:\/\/paca.lpo.fr\/blogs\/marseille\/files\/2020\/05\/93576405-2603534846589304-7624451262691409920-o-1.jpg 1024w\" sizes=\"auto, (max-width: 960px) 100vw, 960px\" \/><\/figure><div class=\"wp-block-media-text__content\">\n<p><!--StartFragment--><\/p>\n\n\n\n<p class=\"has-large-font-size\">Laur\u00e9at du Th\u00e8me 4 : Insolites<\/p>\n\n\n\n<p>H\u00e9ron Garde B\u0153ufs \u00ab\u00a0en col\u00e8re\u00a0\u00bb avec sa crini\u00e8re rousse toute relev\u00e9e.<\/p>\n\n\n\n<p>Bravo \u00e0 Michel LEVEAU pour ce clich\u00e9 !<\/p>\n\n\n\n<p><!--EndFragment--><\/p>\n<\/div><\/div>\n\n\n\n<div class=\"wp-block-media-text alignwide\"><figure class=\"wp-block-media-text__media\"><img loading=\"lazy\" decoding=\"async\" width=\"613\" height=\"800\" src=\"http:\/\/paca.lpo.fr\/blogs\/marseille\/files\/2020\/06\/98342015-2631343960475059-5543021703442989056-o-613x800.jpg\" alt=\"\" class=\"wp-image-1154\" srcset=\"https:\/\/paca.lpo.fr\/blogs\/marseille\/files\/2020\/06\/98342015-2631343960475059-5543021703442989056-o-613x800.jpg 613w, https:\/\/paca.lpo.fr\/blogs\/marseille\/files\/2020\/06\/98342015-2631343960475059-5543021703442989056-o-368x480.jpg 368w, https:\/\/paca.lpo.fr\/blogs\/marseille\/files\/2020\/06\/98342015-2631343960475059-5543021703442989056-o-768x1003.jpg 768w, https:\/\/paca.lpo.fr\/blogs\/marseille\/files\/2020\/06\/98342015-2631343960475059-5543021703442989056-o.jpg 784w\" sizes=\"auto, (max-width: 613px) 100vw, 613px\" \/><\/figure><div class=\"wp-block-media-text__content\">\n<p class=\"has-large-font-size\"> Laur\u00e9at du Th\u00e8me 5 : Les Fauvettes <\/p>\n\n\n\n<p>Fauvette Passerinette bien accroch\u00e9e \u00e0 sa branche derri\u00e8re le feuillage.<\/p>\n\n\n\n<p>Bravo \u00e0 Daniel BOCCABELLA pour ce clich\u00e9.<\/p>\n<\/div><\/div>\n","protected":false},"excerpt":{"rendered":"<p>Laur\u00e9ats du concours Laur\u00e9at du Th\u00e8me 1 : Les Canards Magnifique photo d&rsquo;un Canard Colvert M\u00e2le en plein \u00ab\u00a0essorage\u00a0\u00bb de son plumage apr\u00e8s une s\u00e9ance de nettoyage de plume. Bravo \u00e0 Daniel BOCCABELLA pour ce clich\u00e9 ! Laur\u00e9at du Th\u00e8me 2 : Les Bergeronnettes Voila une Bergeronnette Grise intrigu\u00e9e par la pr\u00e9sence du photographe. Bravo [&hellip;]<\/p>\n","protected":false},"author":153,"featured_media":0,"parent":0,"menu_order":3,"comment_status":"closed","ping_status":"closed","template":"","meta":{"footnotes":""},"class_list":["post-993","page","type-page","status-publish","hentry"],"_links":{"self":[{"href":"http:\/\/paca.lpo.fr\/blogs\/marseille\/wp-json\/wp\/v2\/pages\/993","targetHints":{"allow":["GET"]}}],"collection":[{"href":"http:\/\/paca.lpo.fr\/blogs\/marseille\/wp-json\/wp\/v2\/pages"}],"about":[{"href":"http:\/\/paca.lpo.fr\/blogs\/marseille\/wp-json\/wp\/v2\/types\/page"}],"author":[{"embeddable":true,"href":"http:\/\/paca.lpo.fr\/blogs\/marseille\/wp-json\/wp\/v2\/users\/153"}],"replies":[{"embeddable":true,"href":"http:\/\/paca.lpo.fr\/blogs\/marseille\/wp-json\/wp\/v2\/comments?post=993"}],"version-history":[{"count":4,"href":"http:\/\/paca.lpo.fr\/blogs\/marseille\/wp-json\/wp\/v2\/pages\/993\/revisions"}],"predecessor-version":[{"id":1155,"href":"http:\/\/paca.lpo.fr\/blogs\/marseille\/wp-json\/wp\/v2\/pages\/993\/revisions\/1155"}],"wp:attachment":[{"href":"http:\/\/paca.lpo.fr\/blogs\/marseille\/wp-json\/wp\/v2\/media?parent=993"}],"curies":[{"name":"wp","href":"https:\/\/api.w.org\/{rel}","templated":true}]}}