{"id":186,"date":"2014-07-22T07:24:29","date_gmt":"2014-07-22T06:24:29","guid":{"rendered":"http:\/\/paca.lpo.fr\/blogs\/ouest-etang-berre\/?page_id=186"},"modified":"2017-11-21T15:42:19","modified_gmt":"2017-11-21T14:42:19","slug":"fou-de-bassan-a-carry-le-rouet","status":"publish","type":"page","link":"http:\/\/paca.lpo.fr\/blogs\/ouest-etang-berre\/fou-de-bassan-a-carry-le-rouet\/","title":{"rendered":"Les Fous de Bassan \u00e0 Carry-le-Rouet"},"content":{"rendered":"<figure id=\"attachment_192\" aria-describedby=\"caption-attachment-192\" style=\"width: 293px\" class=\"wp-caption alignleft\"><a href=\"http:\/\/paca.lpo.fr\/blogs\/ouest-etang-berre\/files\/2014\/07\/fou_de_bassan.jpg\"><img loading=\"lazy\" decoding=\"async\" class=\" wp-image-192\" src=\"http:\/\/paca.lpo.fr\/blogs\/ouest-etang-berre\/files\/2014\/07\/fou_de_bassan.jpg\" alt=\"Les fous de Bassan de la C\u00f4te Bleue\" width=\"293\" height=\"188\" \/><\/a><figcaption id=\"caption-attachment-192\" class=\"wp-caption-text\">Les fous de Bassan de la C\u00f4te Bleue<\/figcaption><\/figure>\n<figure id=\"attachment_191\" aria-describedby=\"caption-attachment-191\" style=\"width: 251px\" class=\"wp-caption alignleft\"><a href=\"http:\/\/paca.lpo.fr\/blogs\/ouest-etang-berre\/files\/2014\/07\/journee_portes_ouvertes.jpg\"><img loading=\"lazy\" decoding=\"async\" class=\" wp-image-191\" src=\"http:\/\/paca.lpo.fr\/blogs\/ouest-etang-berre\/files\/2014\/07\/journee_portes_ouvertes.jpg\" alt=\"Stand du groupe LPO \u2013 OUEB Journ\u00e9e porte ouverte : approche des Fou de Bassan et informations sur les oiseaux\" width=\"251\" height=\"189\" \/><\/a><figcaption id=\"caption-attachment-191\" class=\"wp-caption-text\">Stand du groupe LPO \u2013 OUEB<br \/>Journ\u00e9e porte ouverte : approche des Fou de Bassan et informations sur les oiseaux<\/figcaption><\/figure>\n<p style=\"clear: both\">Depuis <strong>1993<\/strong>, plusieurs Fou de Bassan ont \u00e9t\u00e9 observ\u00e9s sur le territoire de la c\u00f4te Bleue.<\/p>\n<p>Entre <strong>1995<\/strong> et <strong>2005<\/strong>, un couple s\u2019installe sur une panne dans le port de Sausset.<\/p>\n<p>Les plaisanciers n\u2019aiment pas leur voisinage et des actions men\u00e9es contre ces oiseaux font \u00e9chouer toutes les tentatives de reproduction : nid d\u00e9truit, \u0153ufs d\u00e9t\u00e9rior\u00e9s et poussins tu\u00e9s. Un incident fait couler la panne et leur radeau, install\u00e9 par la LPO. Les Fou d\u00e9m\u00e9nagent dans le port de Carry.<\/p>\n<p>En <strong>2006,<\/strong> 4 adultes s\u2019installent en bout de la panne 4 dans le port de Carry. La LPO installe une barri\u00e8re pour prot\u00e9ger les oiseaux. Un \u0153uf pondu en mai \u00e9clos le 2 juillet. Le <strong>1er poussin n\u00e9 en M\u00e9diterran\u00e9e<\/strong> baptis\u00e9 <strong>Fernandino<\/strong> voit le jour. Il prend son envol le 30 septembre.<\/p>\n<p>En janvier<strong> 2007<\/strong>, la LPO met en place un nouveau radeau au bout de la panne 4. Le premier \u0153uf pondu en avril est retrouv\u00e9 en dehors du nid. Un 2\u00e8me \u0153uf appara\u00eet en mai. <strong>Fernandino II<\/strong> nait le 30 juin mais il est retrouv\u00e9 noy\u00e9 le 27 juillet.<\/p>\n<p>En mars <strong>2008<\/strong>, le radeau est d\u00e9m\u00e9nag\u00e9 par la capitainerie, puis remis en place. En effet, les oiseaux demeurent sur la panne 4. L\u2019\u0153uf pondu en avril 2008 ne donne pas de poussin.<\/p>\n<p>Juin : Un jeune Fou immature de 3\u00e8me ann\u00e9e, bagu\u00e9 est observ\u00e9 en juin. Il tente de se poser sur le radeau en compagnie d&rsquo;un autre adulte mais ils ne sont pas accept\u00e9s par le groupe.<\/p>\n<p>Janvier <strong>2009<\/strong>, <strong>Fernandino<\/strong>, reconnaissable par le num\u00e9ro de sa bague, est revenu en compagnie d\u2019un autre Fou mais ils sont exclus du radeau par les adultes et vont sur quelques bateaux dans le port.<\/p>\n<p>Le 15 Avril, 1 \u0153uf est visible. Le poussin baptis\u00e9 <strong>Jackyno<\/strong> nait le 2 Juin. Il prend son envol le 26 Ao\u00fbt. C\u2019est la <strong>2\u00e8me naissance<\/strong> observ\u00e9e en M\u00e9diterran\u00e9e.<\/p>\n<p>En janvier <strong>2010<\/strong>, 4 Fou sont install\u00e9s sur le radeau. <strong>Fernandino<\/strong> et un autre Fou de Basssan se posent toujours sur des bateaux. En f\u00e9vrier, le radeau est d\u00e9plac\u00e9 \u00e0 la sortie du port par la capitainerie car quelques plaisanciers se plaignent de ce voisinage qui salit les bateaux par des fientes et des \u00e9bauches de nids. Malgr\u00e9 la pr\u00e9sence de divers obstacles sur la panne 4, les 6 oiseaux restent dans le port et 2 couples tentent d\u2019\u00e9baucher un nid malgr\u00e9 tout. En mai, apr\u00e8s l\u2019intervention de la Police de l\u2019Environnement, le radeau est ramen\u00e9 \u00e0 la panne 4 et son acc\u00e8s est d\u00e9gag\u00e9. Rapidement, 2 nids sont cr\u00e9es.<\/p>\n<p>Un \u0153uf est pondu le 7 juin. Un poussin, baptis\u00e9 <strong>Jean-Pascalino<\/strong>, nait le 20 juillet. Il prend son envol le 13 octobre. <strong>3\u00e8me naissance observ\u00e9e en M\u00e9diterran\u00e9e<\/strong>.<\/p>\n<p>Le 30 juin : le m\u00e2le est vu portant des traces de sang. <strong>Fernandino<\/strong> est enfin accept\u00e9 sur le radeau mais le 31 ao\u00fbt il est retrouv\u00e9 mort dans le port, un cordage enroul\u00e9 autour d\u2019une patte.<\/p>\n<p><strong>2011<\/strong>, 2 couples sont form\u00e9s . Un \u0153uf est pondu le 17 avril 2011. <strong>Frankino<\/strong> Nait le 22 mai. Il est bagu\u00e9 le 8 juillet sous le num\u00e9ro CF 39103 mais il est retrouv\u00e9 mort le 15 juillet au nid, de cause inconnue. Une autopsie a \u00e9t\u00e9 pratiqu\u00e9e, sans r\u00e9sultat probant.<\/p>\n<p>Le deuxi\u00e8me couple pond le 10 juin 2011 un \u0153uf qui donne naissance le 20 juillet d&rsquo;un oisillon nomm\u00e9 <strong>Benjamino<\/strong>. Il est bagu\u00e9 le 31 ao\u00fbt sous le num\u00e9ro CF 39104. Il a une autre bague en plastique vert. Son poids est de 2,850 kg. Il prend son envol le 12 octobre.<\/p>\n<p><strong>2012<\/strong>, 2 couples sont pr\u00e9sents sur le radeau. Un \u0153ufs est pondu dans les deux nids. <strong>Philippino<\/strong> nait le 25 avril 2012. Il re\u00e7oit 1 bague le 2 juin portant le num\u00e9ro CF 39105 et une bague en plastique blanc. Il s&rsquo;envole le 20 juillet.<\/p>\n<p><strong>Aubino<\/strong> nait le 25 mai 2012. Il est bagu\u00e9 le 2 juillet sous le num\u00e9ro CF 45201 et sa seconde bague en plastique est jaune. Son poids est de 2,650 kg. Il prend son envol le 23 ao\u00fbt.<\/p>\n<p><strong>2013<\/strong>, on observe la pr\u00e9sence de 2 couples. <strong>Fra Angelico<\/strong> nait le 30 avril 2013. Il est bagu\u00e9 le 15 juin sous le num\u00e9ro CF 35062 et n&rsquo;a pas de bague en plastique. son envol est r\u00e9alis\u00e9 le 24 juillet.<\/p>\n<p>Dans le second nid, un premier \u0153uf est \u00e9limin\u00e9 le 27 avril. Une ponte de substitution est observ\u00e9e le 17 mai. <strong>Marcellino<\/strong> nait le 2 juillet. Il est bagu\u00e9 le 8 aout.<\/p>\n<p><strong>2015<\/strong> : 1 \u0153uf non f\u00e9cond\u00e9. \u00c9chec de la reproduction.<\/p>\n<p><strong>2016<\/strong>, le poussin est mort 10 njour&rsquo;s apr\u00e8s l&rsquo;\u00e9closion.<\/p>\n<p><strong>2017<\/strong>, un couple seulement, 1 oeuf, 1 poussin Paolo Gillius. Envol le 14 septembre 2017<\/p>\n<p>NB : Les bagues de couleurs diff\u00e9rentes permettent de reconnaitre des individus \u00e0 distance.<\/p>\n<p>La colonie install\u00e9e dans le port de Carry est compos\u00e9e de 4 individus. D\u2019autres Fou de Bassan sont observ\u00e9s en M\u00e9diterran\u00e9e (Mandelieu, Cassis, La Ciotat, Bandol) mais il n\u2019y a qu\u2019a Carry que des naissances sont couronn\u00e9es de succ\u00e8s.<\/p>\n<p>&nbsp;<\/p>\n<p>&nbsp;<\/p>\n<figure id=\"attachment_189\" aria-describedby=\"caption-attachment-189\" style=\"width: 253px\" class=\"wp-caption alignleft\"><a href=\"http:\/\/paca.lpo.fr\/blogs\/ouest-etang-berre\/files\/2014\/07\/baguage_jacquinot.jpg\"><img loading=\"lazy\" decoding=\"async\" class=\" wp-image-189\" src=\"http:\/\/paca.lpo.fr\/blogs\/ouest-etang-berre\/files\/2014\/07\/baguage_jacquinot.jpg\" alt=\"Baguage de Jacquinot le 5 juillet 2009\" width=\"253\" height=\"189\" \/><\/a><figcaption id=\"caption-attachment-189\" class=\"wp-caption-text\">Baguage de Jacquinot le 5 juillet 2009<\/figcaption><\/figure>\n<figure id=\"attachment_190\" aria-describedby=\"caption-attachment-190\" style=\"width: 252px\" class=\"wp-caption alignleft\"><a href=\"http:\/\/paca.lpo.fr\/blogs\/ouest-etang-berre\/files\/2014\/07\/jacquinot_et_sa_maman.jpg\"><img loading=\"lazy\" decoding=\"async\" class=\" wp-image-190\" src=\"http:\/\/paca.lpo.fr\/blogs\/ouest-etang-berre\/files\/2014\/07\/jacquinot_et_sa_maman.jpg\" alt=\"Jacquinot et sa maman\" width=\"252\" height=\"189\" \/><\/a><figcaption id=\"caption-attachment-190\" class=\"wp-caption-text\">Jacquinot et sa maman<\/figcaption><\/figure>\n","protected":false},"excerpt":{"rendered":"<p>Depuis 1993, plusieurs Fou de Bassan ont \u00e9t\u00e9 observ\u00e9s sur le territoire de la c\u00f4te Bleue. Entre 1995 et 2005, un couple s\u2019installe sur une panne dans le port de Sausset. Les plaisanciers n\u2019aiment pas leur voisinage et des actions men\u00e9es contre ces oiseaux font \u00e9chouer toutes les tentatives de reproduction : nid d\u00e9truit, \u0153ufs [&hellip;]<\/p>\n","protected":false},"author":32,"featured_media":0,"parent":0,"menu_order":0,"comment_status":"closed","ping_status":"closed","template":"","meta":{"footnotes":""},"class_list":["post-186","page","type-page","status-publish","hentry"],"_links":{"self":[{"href":"http:\/\/paca.lpo.fr\/blogs\/ouest-etang-berre\/wp-json\/wp\/v2\/pages\/186","targetHints":{"allow":["GET"]}}],"collection":[{"href":"http:\/\/paca.lpo.fr\/blogs\/ouest-etang-berre\/wp-json\/wp\/v2\/pages"}],"about":[{"href":"http:\/\/paca.lpo.fr\/blogs\/ouest-etang-berre\/wp-json\/wp\/v2\/types\/page"}],"author":[{"embeddable":true,"href":"http:\/\/paca.lpo.fr\/blogs\/ouest-etang-berre\/wp-json\/wp\/v2\/users\/32"}],"replies":[{"embeddable":true,"href":"http:\/\/paca.lpo.fr\/blogs\/ouest-etang-berre\/wp-json\/wp\/v2\/comments?post=186"}],"version-history":[{"count":5,"href":"http:\/\/paca.lpo.fr\/blogs\/ouest-etang-berre\/wp-json\/wp\/v2\/pages\/186\/revisions"}],"predecessor-version":[{"id":305,"href":"http:\/\/paca.lpo.fr\/blogs\/ouest-etang-berre\/wp-json\/wp\/v2\/pages\/186\/revisions\/305"}],"wp:attachment":[{"href":"http:\/\/paca.lpo.fr\/blogs\/ouest-etang-berre\/wp-json\/wp\/v2\/media?parent=186"}],"curies":[{"name":"wp","href":"https:\/\/api.w.org\/{rel}","templated":true}]}}