{"id":2,"date":"2012-06-20T22:00:25","date_gmt":"2012-06-20T21:00:25","guid":{"rendered":"http:\/\/paca.lpo.fr\/blogs\/ouest-etang-berre\/?page_id=2"},"modified":"2017-11-21T15:43:37","modified_gmt":"2017-11-21T14:43:37","slug":"page-d-exemple","status":"publish","type":"page","link":"http:\/\/paca.lpo.fr\/blogs\/ouest-etang-berre\/page-d-exemple\/","title":{"rendered":"Groupe local Ouest Etang de Berre"},"content":{"rendered":"<h1>Pr\u00e9sentation du groupe<\/h1>\n<p>Sur le terrain, les actions de la LPO sont relay\u00e9es par des antennes et des groupes locaux, anim\u00e9s par des b\u00e9n\u00e9voles. Depuis 2004. le territoire Ouest de l&rsquo;Etang de Berre a la chance de compter un relais local (le OUEB). Sous la responsabilit\u00e9 de Josiane Deideri, plusieurs b\u00e9n\u00e9voles s&rsquo;investissent dans des actions purement ornithologiques ou p\u00e9dagogiques. Profitant de toutes les manifestations locales, ils sensibilisent, expliquent, soutiennent&#8230; Aujourd&rsquo;hui, ses actions \u00e9tant reconnues par de nombreuses municipalit\u00e9s, le groupe local a plus que jamais besoin de nouvelles \u00e9nergies.<\/p>\n<h1>Actions<\/h1>\n<ul>\n<li>Comptage des oiseaux d&rsquo;eau sur les \u00e9tangs du territoire<\/li>\n<li>Veille sur les affaires locales concernant les oiseaux, comme la protection des martinets et des pigeons \u00e0 Miramas<\/li>\n<li>Organisation du transport d&rsquo;oiseaux bless\u00e9s vers les centres de sauvegarde de Buoux ou Pont de Gau<\/li>\n<li>Mise en place de sorties ornithologiques : St Blaise, le Vigueirat, Pont de Gau, carri\u00e8res<\/li>\n<li>Vente de CD sur les Fou de Bassan, de tee-shirts et de cartes afin de collecter des fonds pour le centre de soins de Buoux et Pont de Gau<\/li>\n<li>Prospection sur les oiseaux nicheurs : gu\u00eapiers, hirondelles, hibou grand duc.<\/li>\n<li>Veilles sur la biodiversit\u00e9 et l&rsquo;environnement.<\/li>\n<\/ul>\n<h1>Animations<\/h1>\n<ul>\n<li>Journ\u00e9e Ramsar (nettoyage de l&rsquo;\u00e9tang de Rassuen, exposition sur les oiseaux d&rsquo;eau), Festival de Camargue, Salon nautique, Floralies, Journ\u00e9es du Patrimoine, Journ\u00e9e de Castillon, Journ\u00e9e de l&rsquo;arbre&#8230;<\/li>\n<li>Nuit de la chouette : exposition sur les rapaces nocturnes, animations avec les scolaires&#8230;<\/li>\n<li>Journ\u00e9e portes ouvertes des Fou de Bassan \u00e0 Carry<\/li>\n<li>-Animations scolaires autour des oiseaux des jardins : reconnaissance des diff\u00e9rents oiseaux, les nichoirs, comment les nourrir et les prot\u00e9ger<\/li>\n<li>Pose de nichoirs \u00e0 rapaces nocturnes<\/li>\n<li>Expositions sur les th\u00e9matiques annuelles, et actions de sensibilisation<\/li>\n<li>Refuges pour les oiseaux : informations et visite de jardins<\/li>\n<\/ul>\n<h1>R\u00e9union (jour, lieu et heure) :<\/h1>\n<p>Le premier mardi de septembre, novembre, janvier, mars et mai, au domicile de Josiane et Marcel Deideri , au 787, avenue de Varage \u00e0 St Mitre les Remparts. Parking \u00e0 proximit\u00e9.<\/p>\n<p>Au cours des r\u00e9unions, toujours tr\u00e8s conviviales, informations sur l&rsquo;actualit\u00e9 r\u00e9gionale, reconnaissance des oiseaux, discussions sur les actions \u00e0 mener, sorties \u00e0 programmer, visionnage de films ou de reportages photos, conf\u00e9rences, d\u00e9bats&#8230;<\/p>\n<p>Adh\u00e9sion : 23 \u20ac\/an<\/p>\n","protected":false},"excerpt":{"rendered":"<p>Pr\u00e9sentation du groupe Sur le terrain, les actions de la LPO sont relay\u00e9es par des antennes et des groupes locaux, anim\u00e9s par des b\u00e9n\u00e9voles. Depuis 2004. le territoire Ouest de l&rsquo;Etang de Berre a la chance de compter un relais local (le OUEB). Sous la responsabilit\u00e9 de Josiane Deideri, plusieurs b\u00e9n\u00e9voles s&rsquo;investissent dans des actions [&hellip;]<\/p>\n","protected":false},"author":32,"featured_media":162,"parent":0,"menu_order":0,"comment_status":"closed","ping_status":"closed","template":"","meta":{"footnotes":""},"class_list":["post-2","page","type-page","status-publish","has-post-thumbnail","hentry"],"_links":{"self":[{"href":"http:\/\/paca.lpo.fr\/blogs\/ouest-etang-berre\/wp-json\/wp\/v2\/pages\/2","targetHints":{"allow":["GET"]}}],"collection":[{"href":"http:\/\/paca.lpo.fr\/blogs\/ouest-etang-berre\/wp-json\/wp\/v2\/pages"}],"about":[{"href":"http:\/\/paca.lpo.fr\/blogs\/ouest-etang-berre\/wp-json\/wp\/v2\/types\/page"}],"author":[{"embeddable":true,"href":"http:\/\/paca.lpo.fr\/blogs\/ouest-etang-berre\/wp-json\/wp\/v2\/users\/32"}],"replies":[{"embeddable":true,"href":"http:\/\/paca.lpo.fr\/blogs\/ouest-etang-berre\/wp-json\/wp\/v2\/comments?post=2"}],"version-history":[{"count":4,"href":"http:\/\/paca.lpo.fr\/blogs\/ouest-etang-berre\/wp-json\/wp\/v2\/pages\/2\/revisions"}],"predecessor-version":[{"id":306,"href":"http:\/\/paca.lpo.fr\/blogs\/ouest-etang-berre\/wp-json\/wp\/v2\/pages\/2\/revisions\/306"}],"wp:featuredmedia":[{"embeddable":true,"href":"http:\/\/paca.lpo.fr\/blogs\/ouest-etang-berre\/wp-json\/wp\/v2\/media\/162"}],"wp:attachment":[{"href":"http:\/\/paca.lpo.fr\/blogs\/ouest-etang-berre\/wp-json\/wp\/v2\/media?parent=2"}],"curies":[{"name":"wp","href":"https:\/\/api.w.org\/{rel}","templated":true}]}}