{"id":2315,"date":"2025-08-09T14:33:28","date_gmt":"2025-08-09T13:33:28","guid":{"rendered":"https:\/\/paca.lpo.fr\/blogs\/pays-brianconnais\/?page_id=2315"},"modified":"2025-09-08T09:09:05","modified_gmt":"2025-09-08T08:09:05","slug":"participer","status":"publish","type":"page","link":"http:\/\/paca.lpo.fr\/blogs\/pays-brianconnais\/participer\/","title":{"rendered":"Participer"},"content":{"rendered":"\n<h3 class=\"wp-block-heading\">Le fonctionnement du groupe local<\/h3>\n\n\n\n<p>Le groupe LPO Pays Brian\u00e7onnais fonctionne gr\u00e2ce \u00e0 l\u2019envie de chacun\u00b7e de s\u2019investir, selon ses disponibilit\u00e9s, ses envies et son niveau de connaissance. Il n\u2019y a pas de condition particuli\u00e8re pour participer : toute personne curieuse de nature est la bienvenue.<\/p>\n\n\n\n<p>Pour rendre la participation accessible \u00e0 tou\u00b7tes, nous distinguons deux types d\u2019engagement, compl\u00e9mentaires et ouverts \u00e0 chacun\u00b7e :\u00a0<\/p>\n\n\n\n<figure class=\"wp-block-image size-full\"><img loading=\"lazy\" decoding=\"async\" width=\"1024\" height=\"307\" src=\"https:\/\/paca.lpo.fr\/blogs\/pays-brianconnais\/files\/2025\/08\/image-1.png\" alt=\"\" class=\"wp-image-2317\" srcset=\"https:\/\/paca.lpo.fr\/blogs\/pays-brianconnais\/files\/2025\/08\/image-1.png 1024w, https:\/\/paca.lpo.fr\/blogs\/pays-brianconnais\/files\/2025\/08\/image-1-768x230.png 768w\" sizes=\"auto, (max-width: 1024px) 100vw, 1024px\" \/><\/figure>\n\n\n\n<p>Cette distinction n\u2019est pas une s\u00e9paration, mais une mani\u00e8re de reconna\u00eetre les diff\u00e9rentes fa\u00e7ons de s\u2019impliquer dans la vie du groupe. Il n\u2019y a pas de bonne ou de mauvaise mani\u00e8re de participer. Ce qui compte, c\u2019est l\u2019envie d\u2019agir pour la nature, ensemble.<\/p>\n\n\n\n<h3 class=\"wp-block-heading\">Comment rejoindre le groupe local ?<\/h3>\n\n\n\n<p>Pour \u00eatre int\u00e9gr\u00e9\u00b7e \u00e0 la mailing liste ou au groupe WhatsApp, il vous suffit de contacter les coordinateurs par mail, en vous pr\u00e9sentant, en leurs disant ce que vous venez chercher dans ce groupe et ce qu&rsquo;\u00e9ventuellement vous pourriez lui apporter.<\/p>\n\n\n\n<p>Matthieu : matthieu.guillemot@ensta-bretagne.org<br>Martin : stevenot.m@gmail.com<\/p>\n\n\n\n<p><strong>Au plaisir de vous voir tr\u00e8s vite !<\/strong><\/p>\n\n\n\n<h3 class=\"wp-block-heading\">Partager vos observations<\/h3>\n\n\n\n<p>Pour contribuer au suivi de la faune locale, vous pouvez saisir vos observations sur <a href=\"http:\/\/www.faune-paca.org\">www.faune-paca.org<\/a> .<\/p>\n\n\n\n<h3 class=\"wp-block-heading\">Adh\u00e9sion \u00e0 la LPO<\/h3>\n\n\n\n<p>L\u2019adh\u00e9sion \u00e0 la LPO n\u2019est pas obligatoire pour participer aux activit\u00e9s du groupe local. Mais si vous partagez nos valeurs, nous vous encourageons vivement \u00e0 soutenir l\u2019association en devenant adh\u00e9rent\u00b7e. Cela donne plus de poids \u00e0 nos actions et aide \u00e0 financer les projets de terrain.<\/p>\n\n\n\n<p><a href=\"https:\/\/www.lpo.fr\/s-engager-a-nos-cotes\/adherer-a-l-association\">Adh\u00e9rer \u00e0 l&rsquo;association &#8211; LPO (Ligue pour la Protection des Oiseaux) &#8211; Agir pour la biodiversit\u00e9<\/a><\/p>\n\n\n\n<p><\/p>\n","protected":false},"excerpt":{"rendered":"<p>Le fonctionnement du groupe local Le groupe LPO Pays Brian\u00e7onnais fonctionne gr\u00e2ce \u00e0 l\u2019envie de chacun\u00b7e de s\u2019investir, selon ses disponibilit\u00e9s, ses envies et son niveau de connaissance. Il n\u2019y a pas de condition particuli\u00e8re pour participer : toute personne curieuse de nature est la bienvenue. Pour rendre la participation accessible \u00e0 tou\u00b7tes, nous distinguons [&hellip;]<\/p>\n","protected":false},"author":141,"featured_media":0,"parent":0,"menu_order":0,"comment_status":"closed","ping_status":"closed","template":"","meta":{"footnotes":""},"class_list":["post-2315","page","type-page","status-publish","hentry"],"_links":{"self":[{"href":"http:\/\/paca.lpo.fr\/blogs\/pays-brianconnais\/wp-json\/wp\/v2\/pages\/2315","targetHints":{"allow":["GET"]}}],"collection":[{"href":"http:\/\/paca.lpo.fr\/blogs\/pays-brianconnais\/wp-json\/wp\/v2\/pages"}],"about":[{"href":"http:\/\/paca.lpo.fr\/blogs\/pays-brianconnais\/wp-json\/wp\/v2\/types\/page"}],"author":[{"embeddable":true,"href":"http:\/\/paca.lpo.fr\/blogs\/pays-brianconnais\/wp-json\/wp\/v2\/users\/141"}],"replies":[{"embeddable":true,"href":"http:\/\/paca.lpo.fr\/blogs\/pays-brianconnais\/wp-json\/wp\/v2\/comments?post=2315"}],"version-history":[{"count":2,"href":"http:\/\/paca.lpo.fr\/blogs\/pays-brianconnais\/wp-json\/wp\/v2\/pages\/2315\/revisions"}],"predecessor-version":[{"id":2343,"href":"http:\/\/paca.lpo.fr\/blogs\/pays-brianconnais\/wp-json\/wp\/v2\/pages\/2315\/revisions\/2343"}],"wp:attachment":[{"href":"http:\/\/paca.lpo.fr\/blogs\/pays-brianconnais\/wp-json\/wp\/v2\/media?parent=2315"}],"curies":[{"name":"wp","href":"https:\/\/api.w.org\/{rel}","templated":true}]}}