{"id":117,"date":"2014-10-24T22:32:20","date_gmt":"2014-10-24T22:32:20","guid":{"rendered":"http:\/\/paca.lpo.fr\/blogs\/?page_id=117"},"modified":"2020-12-18T16:41:24","modified_gmt":"2020-12-18T16:41:24","slug":"les-blogs","status":"publish","type":"page","link":"http:\/\/paca.lpo.fr\/blogs\/les-blogs\/","title":{"rendered":"Derniers articles"},"content":{"rendered":"<div class=\"netsposts-menu\"><\/div><div class=\"netsposts-screen\"><div class=\"netsposts-block-wrapper current\"><div class=\"netsposts-items\"><div class=\"netsposts-content blog-28 post-15142 category-actualites-generales\" style=\"\"><span class=\"netsposts-posttitle\" style=\"color: #000000;\">Christine au PdP<\/span><div class=\"netsposts-source\" style=\"margin-bottom: 5px;width: 100%;\"><span>Published<\/span><span> 23\/4\/2026<\/span> <span>in<\/span>  <span><a href=\"https:\/\/paca.lpo.fr\/blogs\/hyeres-les-maures\"  class=\"netsposts-source-link\">Groupe local Hy\u00e8res les Maures<\/a><\/span><br\/><\/div><a href=\"https:\/\/paca.lpo.fr\/blogs\/hyeres-les-maures\/2026\/04\/23\/christine-au-pdp-7\/\"  class=\"link-img-wrapper\"><img loading=\"lazy\" decoding=\"async\" width=\"580\" height=\"508\" src=\"https:\/\/paca.lpo.fr\/blogs\/hyeres-les-maures\/wp-content\/blogs.dir\/28\/files\/2026\/04\/dsc04158.jpg\" class=\"post-thumbnail wp-post-image\" alt=\"\" \/><\/a><div class=\"netsposts-excerpt\" style=\"color: #000000;\">\nTr\u00e8s agr\u00e9able sortie ce jeudi 23 avril, au Plan du Pont\u00c0 d\u00e9faut d\u2019avoir vu le loriot, il a \u00e9t\u00e9 bien entendu \u00e0 maintes reprises. \n\n\n\n\n\n\n\n\n\n\n\n\n\n\n\n\n\n\n\n\n\n\n\n\n\n\n\n\n\n\n\n\n\n\n\n\n\n\n\n\n\n\n\n\n\n\n\n\n\n\n\nObservation assez exceptionnelle d\u2019un  gu\u00eapier qui s\u2019est laiss\u00e9 admirer et prendre en photo comme une vraie star (mais c\u2019\u00e9tait la star ce matin) ; et d\u2019un h\u00e9ron pourpr\u00e9 en...<a href=\"https:\/\/paca.lpo.fr\/blogs\/hyeres-les-maures\/2026\/04\/23\/christine-au-pdp-7\/\"  class=\"netsposts-read-more-link\">read more&nbsp;&#10095;<\/a><\/div><\/div><div class=\"netsposts-content blog-28 post-15115 category-actualites-generales\" style=\"\"><span class=\"netsposts-posttitle\" style=\"color: #000000;\">Siou blanc<\/span><div class=\"netsposts-source\" style=\"margin-bottom: 5px;width: 100%;\"><span>Published<\/span><span> 20\/4\/2026<\/span> <span>in<\/span>  <span><a href=\"https:\/\/paca.lpo.fr\/blogs\/hyeres-les-maures\"  class=\"netsposts-source-link\">Groupe local Hy\u00e8res les Maures<\/a><\/span><br\/><\/div><a href=\"https:\/\/paca.lpo.fr\/blogs\/hyeres-les-maures\/2026\/04\/20\/siou-blanc\/\"  class=\"link-img-wrapper\"><img loading=\"lazy\" decoding=\"async\" width=\"580\" height=\"450\" src=\"https:\/\/paca.lpo.fr\/blogs\/hyeres-les-maures\/wp-content\/blogs.dir\/28\/files\/2026\/04\/amaryllis-768x596.jpg\" class=\"post-thumbnail wp-post-image\" alt=\"\" \/><\/a><div class=\"netsposts-excerpt\" style=\"color: #000000;\">\nle lundi 20avril 3 inconscientes ont d\u00e9cid\u00e9 de me faire confiance pour explorer le plateau de Siou blanc.Par ordre d'apparition \u00e0 l'\u00e9cran Sylvia (pas l'anglaise, l'autre), Brigitte (pas la m\u00e9chante, l'autre) et Caroline (pas la moche, l'autre).Le casting a \u00e9t\u00e9 modifi\u00e9 par rapport \u00e0 ce qui avait \u00e9t\u00e9 pr\u00e9vu.Les pies gri\u00e8ches ont \u00e9t\u00e9 remplac\u00e9es par des traquets motteux, les pics...<a href=\"https:\/\/paca.lpo.fr\/blogs\/hyeres-les-maures\/2026\/04\/20\/siou-blanc\/\"  class=\"netsposts-read-more-link\">read more&nbsp;&#10095;<\/a><\/div><\/div><div class=\"netsposts-content blog-21 post-1298 category-vie-groupe tag-alpilles tag-oiseaux\" style=\"\"><span class=\"netsposts-posttitle\" style=\"color: #000000;\">Conf\u00e9rence \"Les migrations des oiseaux\" \u00e0 Maussane les Alpilles<\/span><div class=\"netsposts-source\" style=\"margin-bottom: 5px;width: 100%;\"><span>Published<\/span><span> 20\/4\/2026<\/span> <span>in<\/span>  <span><a href=\"https:\/\/paca.lpo.fr\/blogs\/alpilles-crau-camargue\"  class=\"netsposts-source-link\">Groupe local Alpilles<\/a><\/span><br\/><\/div><a href=\"http:\/\/paca.lpo.fr\/blogs\/alpilles-crau-camargue\/2026\/04\/20\/conference-les-migrations-des-oiseaux-a-maussane-les-alpilles\/\"  class=\"link-img-wrapper\"><img loading=\"lazy\" decoding=\"async\" width=\"580\" height=\"435\" src=\"https:\/\/paca.lpo.fr\/blogs\/alpilles-crau-camargue\/wp-content\/blogs.dir\/21\/files\/2026\/04\/temp-file-1776673050585-1776673050599-768x576.jpg\" class=\"post-thumbnail wp-post-image\" alt=\"\" \/><\/a><div class=\"netsposts-excerpt\" style=\"color: #000000;\">\n\n\n\n\n\n\n\n\n-\tLa conf\u00e9rence de Fr\u00e9d\u00e9ric Pawlowski dans la salle Agora le 8 avril 2026 a attir\u00e9 pr\u00e8s de 60 personnes et sa prestation a \u00e9t\u00e9 fortement appr\u00e9ci\u00e9e comme les spectateurs le lui ont indiqu\u00e9 lors de l\u2019ap\u00e9ritif qui a suivi la conf\u00e9rence.L'intervenant a pr\u00e9sent\u00e9 une prestation tr\u00e8s orient\u00e9e sur le cot\u00e9 technique du suivi des migrations des oiseaux. Cet expos\u00e9 tr\u00e8s...<a href=\"http:\/\/paca.lpo.fr\/blogs\/alpilles-crau-camargue\/2026\/04\/20\/conference-les-migrations-des-oiseaux-a-maussane-les-alpilles\/\"  class=\"netsposts-read-more-link\">read more&nbsp;&#10095;<\/a><\/div><\/div><div class=\"netsposts-content blog-21 post-1296 category-vie-groupe\" style=\"\"><span class=\"netsposts-posttitle\" style=\"color: #000000;\">Expo \"Migration des oiseaux\" \u00e0 Maussane les Alpilles<\/span><div class=\"netsposts-source\" style=\"margin-bottom: 5px;width: 100%;\"><span>Published<\/span><span> 20\/4\/2026<\/span> <span>in<\/span>  <span><a href=\"https:\/\/paca.lpo.fr\/blogs\/alpilles-crau-camargue\"  class=\"netsposts-source-link\">Groupe local Alpilles<\/a><\/span><br\/><\/div><a href=\"http:\/\/paca.lpo.fr\/blogs\/alpilles-crau-camargue\/2026\/04\/20\/expo-migration-des-oiseaux-a-maussane-les-alpilles\/\"  class=\"link-img-wrapper\"><img loading=\"lazy\" decoding=\"async\" width=\"580\" height=\"435\" src=\"https:\/\/paca.lpo.fr\/blogs\/alpilles-crau-camargue\/wp-content\/blogs.dir\/21\/files\/2026\/04\/temp-file-1776672956864-768x576.jpg\" class=\"post-thumbnail wp-post-image\" alt=\"\" \/><\/a><div class=\"netsposts-excerpt\" style=\"color: #000000;\">Cet \u00e9v\u00e8nements a eu lieu du 6 au 11 avril 2026 dans un village de 2 400 habitants o\u00f9 la LPO n\u2019a eu aucune action particuli\u00e8re depuis plusieurs ann\u00e9es. Ce constat est globalement positif comme le montre les \u00e9l\u00e9ments suivants :-\tL\u2019exposition dans la Salle municipale a attir\u00e9 213 personnes. L\u2019\u00e9cole maternelle et primaire a fourni un gros contingent des visiteurs : 7 classes ont...<a href=\"http:\/\/paca.lpo.fr\/blogs\/alpilles-crau-camargue\/2026\/04\/20\/expo-migration-des-oiseaux-a-maussane-les-alpilles\/\"  class=\"netsposts-read-more-link\">read more&nbsp;&#10095;<\/a><\/div><\/div><div class=\"netsposts-content blog-28 post-15105 category-actualites-generales\" style=\"\"><span class=\"netsposts-posttitle\" style=\"color: #000000;\">Lieurette<\/span><div class=\"netsposts-source\" style=\"margin-bottom: 5px;width: 100%;\"><span>Published<\/span><span> 19\/4\/2026<\/span> <span>in<\/span>  <span><a href=\"https:\/\/paca.lpo.fr\/blogs\/hyeres-les-maures\"  class=\"netsposts-source-link\">Groupe local Hy\u00e8res les Maures<\/a><\/span><br\/><\/div><a href=\"https:\/\/paca.lpo.fr\/blogs\/hyeres-les-maures\/2026\/04\/19\/lieurette-24\/\"  class=\"link-img-wrapper\"><img loading=\"lazy\" decoding=\"async\" width=\"580\" height=\"387\" src=\"https:\/\/paca.lpo.fr\/blogs\/hyeres-les-maures\/wp-content\/blogs.dir\/28\/files\/2026\/04\/dsc03757-768x512.jpg\" class=\"post-thumbnail wp-post-image\" alt=\"\" \/><\/a><div class=\"netsposts-excerpt\" style=\"color: #000000;\">\nSamedi 18 avril, c'est la derni\u00e8re visite de la Lieurette avant la pose estivale. 11 visiteurs\n\n\n\n\n\n\n\n\n\n\n\n\n\n\n\nJoseph et ses nichoirs\n\n\n\n\n\n\n\n\n\n\n\n\n\n\n\n\n\n\n\nPierre et ses plantes\n\n\n\n\n\n\n\nBourses du pasteur\n\n\n\n\n\n\n\n\n\n\n\n\n\n\n\nAristoloche\n\n\n\n\n\n\n\n\n\n\n\nIl photographie quel oiseau ?\n\n\n\nTorcol fourmillier\n\n\n\n\n\n\n\n\n\n\n\n\n\n\n\n\n<a href=\"https:\/\/paca.lpo.fr\/blogs\/hyeres-les-maures\/2026\/04\/19\/lieurette-24\/\"  class=\"netsposts-read-more-link\">read more&nbsp;&#10095;<\/a><\/div><\/div><div class=\"netsposts-content blog-28 post-15082 category-actualites-generales\" style=\"\"><span class=\"netsposts-posttitle\" style=\"color: #000000;\">Christine \u00e0 la Castille<\/span><div class=\"netsposts-source\" style=\"margin-bottom: 5px;width: 100%;\"><span>Published<\/span><span> 16\/4\/2026<\/span> <span>in<\/span>  <span><a href=\"https:\/\/paca.lpo.fr\/blogs\/hyeres-les-maures\"  class=\"netsposts-source-link\">Groupe local Hy\u00e8res les Maures<\/a><\/span><br\/><\/div><a href=\"https:\/\/paca.lpo.fr\/blogs\/hyeres-les-maures\/2026\/04\/16\/christine-a-la-castille-8\/\"  class=\"link-img-wrapper\"><img loading=\"lazy\" decoding=\"async\" width=\"580\" height=\"773\" src=\"https:\/\/paca.lpo.fr\/blogs\/hyeres-les-maures\/wp-content\/blogs.dir\/28\/files\/2026\/04\/20260416-111614.jpg\" class=\"post-thumbnail wp-post-image\" alt=\"\" \/><\/a><div class=\"netsposts-excerpt\" style=\"color: #000000;\">\nCharmante sortie ce matin jeudi 16 avril dans cet extraordinaire domaine de la Castille.7 b\u00e9n\u00e9voles ont r\u00e9pondu pr\u00e9sents.\n\n\n\n\n\n\n\n\n\n\n\n\n\n\n\nBeaucoup de gazouillis et encore une fois peu d'observations visuelles d'oiseaux.Pas vu non plus le cincle plongeur \u00e0 la cascade, dommage.Mais une magnifique photo prise par Caroline d'un Robert le diable.\n\n\n\n\n\n\n\nUn moment tr\u00e8s agr\u00e9able.Christine\n<a href=\"https:\/\/paca.lpo.fr\/blogs\/hyeres-les-maures\/2026\/04\/16\/christine-a-la-castille-8\/\"  class=\"netsposts-read-more-link\">read more&nbsp;&#10095;<\/a><\/div><\/div><div class=\"netsposts-content blog-42 post-2800 category-ecrins-embrunais\" style=\"\"><span class=\"netsposts-posttitle\" style=\"color: #000000;\">A la d\u00e9couverte des Na\u00efs d\u2019Eygliers<\/span><div class=\"netsposts-source\" style=\"margin-bottom: 5px;width: 100%;\"><span>Published<\/span><span> 15\/4\/2026<\/span> <span>in<\/span>  <span><a href=\"https:\/\/paca.lpo.fr\/blogs\/embrunais-pays-des-ecrins\"  class=\"netsposts-source-link\">Groupes locaux \u00c9crins-Embrunais et Pays des \u00c9crins<\/a><\/span><br\/><\/div><a href=\"https:\/\/paca.lpo.fr\/blogs\/embrunais-pays-des-ecrins\/2026\/04\/15\/a-la-decouverte-des-nais-deygliers\/\"  class=\"link-img-wrapper\"><\/a><div class=\"netsposts-excerpt\" style=\"color: #000000;\">\nSamedi 4 avril, par un temps radieux devenant chaud en \ufb01n de matin\u00e9e, plus de 25 personnes ont parcouru le sentier de d\u00e9couverte des Na\u00efs de la Font d\u2019Eygliers en compagnie d\u2019Anne Chouvet, grande connaisseuse des ces r\u00e9servoirs de pierre et d\u2019argile, construits il y a tr\u00e8s longtemps pour stocker l\u2019eau des sources et permettre l\u2019arrosage des cultures ou des vergers mais aussi le...<a href=\"https:\/\/paca.lpo.fr\/blogs\/embrunais-pays-des-ecrins\/2026\/04\/15\/a-la-decouverte-des-nais-deygliers\/\"  class=\"netsposts-read-more-link\">read more&nbsp;&#10095;<\/a><\/div><\/div><div class=\"netsposts-content blog-44 post-4274 category-centre-de-soins category-operation-caddie-animations tag-coustellet\" style=\"\"><span class=\"netsposts-posttitle\" style=\"color: #000000;\">Dons pour le Centre de Sauvegarde. Op\u00e9ration caddie r\u00e9ussie !<\/span><div class=\"netsposts-source\" style=\"margin-bottom: 5px;width: 100%;\"><span>Published<\/span><span> 14\/4\/2026<\/span> <span>in<\/span>  <span><a href=\"https:\/\/paca.lpo.fr\/blogs\/luberon-monts-de-vaucluse\"  class=\"netsposts-source-link\">Groupe local Luberon Monts de Vaucluse<\/a><\/span><br\/><\/div><a href=\"https:\/\/paca.lpo.fr\/blogs\/luberon-monts-de-vaucluse\/2026\/04\/14\/dons-pour-le-centre-de-sauvegarde-operation-caddie-reussie\/\"  class=\"link-img-wrapper\"><img loading=\"lazy\" decoding=\"async\" width=\"580\" height=\"423\" src=\"https:\/\/paca.lpo.fr\/blogs\/luberon-monts-de-vaucluse\/wp-content\/blogs.dir\/44\/files\/2026\/04\/672007114-1262981095943561-2285374947555777040-n-768x560.jpg\" class=\"post-thumbnail wp-post-image\" alt=\"\" \/><\/a><div class=\"netsposts-excerpt\" style=\"color: #000000;\">\nSamedi 11 avril 2026, Michel un de nos b\u00e9n\u00e9voles du groupe local \"Luberon Monts de Vaucluse\" a organis\u00e9 une op\u00e9ration caddie au Super U de Coustellet (84) pour nous r\u00e9approvisionner en nourriture et en produits d'entretien.\n\n\n\nNous avions besoin de refaire nos stocks avant la haute saison qui s'annonce encore intense cette ann\u00e9e pour l'\u00e9quipe du Centre r\u00e9gional de sauvegarde de la faune...<a href=\"https:\/\/paca.lpo.fr\/blogs\/luberon-monts-de-vaucluse\/2026\/04\/14\/dons-pour-le-centre-de-sauvegarde-operation-caddie-reussie\/\"  class=\"netsposts-read-more-link\">read more&nbsp;&#10095;<\/a><\/div><\/div><div class=\"netsposts-content blog-56 post-277 category-non-classe\" style=\"\"><span class=\"netsposts-posttitle\" style=\"color: #000000;\">D\u00e9couverte de la vie de la rivi\u00e8re<\/span><div class=\"netsposts-source\" style=\"margin-bottom: 5px;width: 100%;\"><span>Published<\/span><span> 14\/4\/2026<\/span> <span>in<\/span>  <span><a href=\"https:\/\/paca.lpo.fr\/blogs\/verdon\"  class=\"netsposts-source-link\">Groupe local Verdon<\/a><\/span><br\/><\/div><a href=\"https:\/\/paca.lpo.fr\/blogs\/verdon\/2026\/04\/14\/decouverte-de-la-vie-de-la-riviere\/\"  class=\"link-img-wrapper\"><\/a><div class=\"netsposts-excerpt\" style=\"color: #000000;\">\nUne balade naturaliste de d\u00e9couverte des rives du Verdon dans le secteur de Castellane a \u00e9t\u00e9 organis\u00e9e samedi dernier (11 avril ) par le groupe local LPO VERDON. Un groupe d\u2019une dizaine de personnes s\u2019est r\u00e9uni, sur la rive droite de la rivi\u00e8re, accompagn\u00e9 par Guillaume Durand, membre tr\u00e8s actif de SOS Gorges du Verdon. Cette association a pour vocation la protection des milieux...<a href=\"https:\/\/paca.lpo.fr\/blogs\/verdon\/2026\/04\/14\/decouverte-de-la-vie-de-la-riviere\/\"  class=\"netsposts-read-more-link\">read more&nbsp;&#10095;<\/a><\/div><\/div><div class=\"netsposts-content blog-28 post-15058 category-actualites-generales\" style=\"\"><span class=\"netsposts-posttitle\" style=\"color: #000000;\">Lieurette<\/span><div class=\"netsposts-source\" style=\"margin-bottom: 5px;width: 100%;\"><span>Published<\/span><span> 12\/4\/2026<\/span> <span>in<\/span>  <span><a href=\"https:\/\/paca.lpo.fr\/blogs\/hyeres-les-maures\"  class=\"netsposts-source-link\">Groupe local Hy\u00e8res les Maures<\/a><\/span><br\/><\/div><a href=\"https:\/\/paca.lpo.fr\/blogs\/hyeres-les-maures\/2026\/04\/12\/lieurette-23\/\"  class=\"link-img-wrapper\"><img loading=\"lazy\" decoding=\"async\" width=\"580\" height=\"387\" src=\"https:\/\/paca.lpo.fr\/blogs\/hyeres-les-maures\/wp-content\/blogs.dir\/28\/files\/2026\/04\/dsc03523-768x512.jpg\" class=\"post-thumbnail wp-post-image\" alt=\"\" \/><\/a><div class=\"netsposts-excerpt\" style=\"color: #000000;\">\nSamedi 11 avril, visite de la Lieurette avec 9 visiteurs du CIL du mont des oiseaux.Pas beaucoup d'oiseaux.\n\n\n\n\n\n\n\n\n\n\n\nCorne de cerf\n\n\n\n\n\n\n\n\n\n\n\n\n\n\n\n\n\n\n\n\n\n\n\n\n\n\n\n\n\n\n\n\n\n\n\nAristoloche plante h\u00f4te de la diane\n\n\n\n\n\n\n\n\n\n\n\nLe choucas nous a toujours \u00e0 l'oeil\n\n\n\nderni\u00e8res niv\u00e9oles\n\n\n\n\n\n\n\nUn debriefing  autour d'un verre de l'amiti\u00e9 offert par nos visiteurs.\n\n\n\n\n<a href=\"https:\/\/paca.lpo.fr\/blogs\/hyeres-les-maures\/2026\/04\/12\/lieurette-23\/\"  class=\"netsposts-read-more-link\">read more&nbsp;&#10095;<\/a><\/div><\/div><div class=\"end-netsposts-content\"><\/div><\/div><div class=\"netsposts-paginate\"><span aria-current=\"page\" class=\"page-numbers current\">1<\/span>\n<span class=\"page-numbers dots\">\u2026<\/span>\n<a class=\"page-numbers\" href=\"http:\/\/paca.lpo.fr\/blogs\/wp-json\/wp\/v2\/pages\/117\/?npe-page=10\">10<\/a>\n<a class=\"next page-numbers\" href=\"http:\/\/paca.lpo.fr\/blogs\/wp-json\/wp\/v2\/pages\/117\/?npe-page=2\">Suivant\u00a0\u00bb<\/a><\/div><\/div><\/div>\n","protected":false},"excerpt":{"rendered":"","protected":false},"author":3,"featured_media":0,"parent":0,"menu_order":0,"comment_status":"closed","ping_status":"closed","template":"","meta":{"footnotes":""},"class_list":["post-117","page","type-page","status-publish","hentry"],"jetpack_sharing_enabled":true,"_links":{"self":[{"href":"http:\/\/paca.lpo.fr\/blogs\/wp-json\/wp\/v2\/pages\/117","targetHints":{"allow":["GET"]}}],"collection":[{"href":"http:\/\/paca.lpo.fr\/blogs\/wp-json\/wp\/v2\/pages"}],"about":[{"href":"http:\/\/paca.lpo.fr\/blogs\/wp-json\/wp\/v2\/types\/page"}],"author":[{"embeddable":true,"href":"http:\/\/paca.lpo.fr\/blogs\/wp-json\/wp\/v2\/users\/3"}],"replies":[{"embeddable":true,"href":"http:\/\/paca.lpo.fr\/blogs\/wp-json\/wp\/v2\/comments?post=117"}],"version-history":[{"count":4,"href":"http:\/\/paca.lpo.fr\/blogs\/wp-json\/wp\/v2\/pages\/117\/revisions"}],"predecessor-version":[{"id":387,"href":"http:\/\/paca.lpo.fr\/blogs\/wp-json\/wp\/v2\/pages\/117\/revisions\/387"}],"wp:attachment":[{"href":"http:\/\/paca.lpo.fr\/blogs\/wp-json\/wp\/v2\/media?parent=117"}],"curies":[{"name":"wp","href":"https:\/\/api.w.org\/{rel}","templated":true}]}}