{"id":6,"date":"2012-05-16T11:32:18","date_gmt":"2012-05-16T10:32:18","guid":{"rendered":"http:\/\/paca.lpo.fr\/blogs\/alpilles-crau-camargue\/?page_id=2"},"modified":"2024-01-29T15:00:27","modified_gmt":"2024-01-29T14:00:27","slug":"page-d-exemple-2","status":"publish","type":"page","link":"https:\/\/paca.lpo.fr\/blogs\/alpilles-crau-camargue\/page-d-exemple-2\/","title":{"rendered":"Le groupe local LPO Alpilles"},"content":{"rendered":"<h2>Pr\u00e9sentation du groupe<\/h2>\n<p>Le groupe local est un ensemble de personnes sensibilis\u00e9es \u00e0 la nature sauvage qui ont plaisir \u00e0 la faire d\u00e9couvrir et \u00e0 la prot\u00e9ger.<\/p>\n<p>Le groupe intervient dans \u00e0 Saint R\u00e9my de Provence, et dans les communes environnantes.<\/p>\n<p>Toute personne motiv\u00e9e pour participer \u00e0 la vie locale du groupe est la bienvenue.<\/p>\n<h2>Activit\u00e9s propos\u00e9es<\/h2>\n<h4>Des balades nature<\/h4>\n<p>Elles s\u2019adressent \u00e0 tous, sur une demie -journ\u00e9e pour d\u00e9couvrir un lieu et les esp\u00e8ces qui y vivent, \u00e0 une saison donn\u00e9e<\/p>\n<h4>Des comptages, des recensements r\u00e9gionaux \/ nationaux<\/h4>\n<p>Chaque hiver, de novembre \u00e0 f\u00e9vrier, nous effectuons un comptage des oiseaux d\u2019eau hivernants sur nos \u00e9tangs, principalement sur la commune de Saint-Martin-de-Crau. C\u2019est une belle opportunit\u00e9 de d\u00e9couvrir les cort\u00e8ges des diff\u00e9rents oiseaux qui affectionnent ces zones humides.<\/p>\n<h4><strong>Des enqu\u00eates participatives<\/strong><\/h4>\n<p>comme le recensement de nids d&rsquo;hirondelles, le comptage de hiboux et de chouettes, le comptage des oiseaux du jardin\u2026<\/p>\n<h4><strong>Les refuges LPO : diagnostique et animations<\/strong><\/h4>\n<p>Un autre volet de nos activit\u00e9s porte sur l\u2019accompagnement des Refuges LPO : de particuliers, d\u2019entreprises locales ou de collectivit\u00e9s, ce qui peut donner l\u2019occasion de participer \u00e0 des recensements naturalistes, des suivis, en appui aux salari\u00e9s r\u00e9f\u00e9rents.<\/p>\n<h4><strong>Des animations <\/strong><\/h4>\n<p>Avec des ateliers comme la construction de nichoirs, de jeux dans le cadre de manifestations officielles, d\u2019expositions : f\u00eate des associations, f\u00eate du parc r\u00e9gional des Alpilles.<\/p>\n","protected":false},"excerpt":{"rendered":"<p>Pr\u00e9sentation du groupe Le groupe local est un ensemble de personnes sensibilis\u00e9es \u00e0 la nature sauvage qui ont plaisir \u00e0 la faire d\u00e9couvrir et \u00e0 la prot\u00e9ger. Le groupe intervient dans \u00e0 Saint R\u00e9my de Provence, et dans les communes environnantes. Toute personne motiv\u00e9e pour participer \u00e0 la vie locale du groupe est la bienvenue. [&hellip;]<\/p>\n","protected":false},"author":1,"featured_media":0,"parent":0,"menu_order":1,"comment_status":"closed","ping_status":"closed","template":"","meta":{"footnotes":""},"class_list":["post-6","page","type-page","status-publish","hentry"],"_links":{"self":[{"href":"https:\/\/paca.lpo.fr\/blogs\/alpilles-crau-camargue\/wp-json\/wp\/v2\/pages\/6","targetHints":{"allow":["GET"]}}],"collection":[{"href":"https:\/\/paca.lpo.fr\/blogs\/alpilles-crau-camargue\/wp-json\/wp\/v2\/pages"}],"about":[{"href":"https:\/\/paca.lpo.fr\/blogs\/alpilles-crau-camargue\/wp-json\/wp\/v2\/types\/page"}],"author":[{"embeddable":true,"href":"https:\/\/paca.lpo.fr\/blogs\/alpilles-crau-camargue\/wp-json\/wp\/v2\/users\/1"}],"replies":[{"embeddable":true,"href":"https:\/\/paca.lpo.fr\/blogs\/alpilles-crau-camargue\/wp-json\/wp\/v2\/comments?post=6"}],"version-history":[{"count":3,"href":"https:\/\/paca.lpo.fr\/blogs\/alpilles-crau-camargue\/wp-json\/wp\/v2\/pages\/6\/revisions"}],"predecessor-version":[{"id":1205,"href":"https:\/\/paca.lpo.fr\/blogs\/alpilles-crau-camargue\/wp-json\/wp\/v2\/pages\/6\/revisions\/1205"}],"wp:attachment":[{"href":"https:\/\/paca.lpo.fr\/blogs\/alpilles-crau-camargue\/wp-json\/wp\/v2\/media?parent=6"}],"curies":[{"name":"wp","href":"https:\/\/api.w.org\/{rel}","templated":true}]}}