{"id":771,"date":"2016-12-15T14:41:28","date_gmt":"2016-12-15T13:41:28","guid":{"rendered":"http:\/\/paca.lpo.fr\/blogs\/alpilles-crau-camargue\/?page_id=771"},"modified":"2024-01-29T15:01:43","modified_gmt":"2024-01-29T14:01:43","slug":"agenda","status":"publish","type":"page","link":"https:\/\/paca.lpo.fr\/blogs\/alpilles-crau-camargue\/agenda\/","title":{"rendered":"Agenda"},"content":{"rendered":"\n<p>Le groupe local LPO Alpilles propose r\u00e9guli\u00e8rement des \u00e9v\u00e9nements, principalement des balades nature, que vous retrouverez sur l&rsquo;agenda en ligne sur le site de la LPO PACA, sous : <a href=\"https:\/\/paca.lpo.fr\/sorties-nature\/agenda\">https:\/\/paca.lpo.fr\/sorties-nature\/agenda<\/a><\/p>\n","protected":false},"excerpt":{"rendered":"<p>Le groupe local LPO Alpilles propose r\u00e9guli\u00e8rement des \u00e9v\u00e9nements, principalement des balades nature, que vous retrouverez sur l&rsquo;agenda en ligne sur le site de la LPO PACA, sous : https:\/\/paca.lpo.fr\/sorties-nature\/agenda<\/p>\n","protected":false},"author":3,"featured_media":0,"parent":0,"menu_order":0,"comment_status":"closed","ping_status":"closed","template":"","meta":{"footnotes":""},"class_list":["post-771","page","type-page","status-publish","hentry"],"_links":{"self":[{"href":"https:\/\/paca.lpo.fr\/blogs\/alpilles-crau-camargue\/wp-json\/wp\/v2\/pages\/771","targetHints":{"allow":["GET"]}}],"collection":[{"href":"https:\/\/paca.lpo.fr\/blogs\/alpilles-crau-camargue\/wp-json\/wp\/v2\/pages"}],"about":[{"href":"https:\/\/paca.lpo.fr\/blogs\/alpilles-crau-camargue\/wp-json\/wp\/v2\/types\/page"}],"author":[{"embeddable":true,"href":"https:\/\/paca.lpo.fr\/blogs\/alpilles-crau-camargue\/wp-json\/wp\/v2\/users\/3"}],"replies":[{"embeddable":true,"href":"https:\/\/paca.lpo.fr\/blogs\/alpilles-crau-camargue\/wp-json\/wp\/v2\/comments?post=771"}],"version-history":[{"count":4,"href":"https:\/\/paca.lpo.fr\/blogs\/alpilles-crau-camargue\/wp-json\/wp\/v2\/pages\/771\/revisions"}],"predecessor-version":[{"id":1206,"href":"https:\/\/paca.lpo.fr\/blogs\/alpilles-crau-camargue\/wp-json\/wp\/v2\/pages\/771\/revisions\/1206"}],"wp:attachment":[{"href":"https:\/\/paca.lpo.fr\/blogs\/alpilles-crau-camargue\/wp-json\/wp\/v2\/media?parent=771"}],"curies":[{"name":"wp","href":"https:\/\/api.w.org\/{rel}","templated":true}]}}