{"id":2049,"date":"2016-06-09T15:49:26","date_gmt":"2016-06-09T14:49:26","guid":{"rendered":"http:\/\/paca.lpo.fr\/blogs\/bleone-durance\/?page_id=2049"},"modified":"2025-10-12T19:03:56","modified_gmt":"2025-10-12T18:03:56","slug":"actualite","status":"publish","type":"page","link":"https:\/\/paca.lpo.fr\/blogs\/bleone-durance\/actualite\/","title":{"rendered":"ACTUALITE"},"content":{"rendered":"\n<figure class=\"wp-block-image size-full\"><img loading=\"lazy\" decoding=\"async\" width=\"1024\" height=\"768\" src=\"https:\/\/paca.lpo.fr\/blogs\/bleone-durance\/files\/2025\/10\/castor-gaubert-08-2025-p.-nawala.jpg\" alt=\"\" class=\"wp-image-3277\" srcset=\"https:\/\/paca.lpo.fr\/blogs\/bleone-durance\/files\/2025\/10\/castor-gaubert-08-2025-p.-nawala.jpg 1024w, https:\/\/paca.lpo.fr\/blogs\/bleone-durance\/files\/2025\/10\/castor-gaubert-08-2025-p.-nawala-768x576.jpg 768w\" sizes=\"auto, (max-width: 1024px) 100vw, 1024px\" \/><\/figure>\n\n\n\n<p>Castor, 08\/2025, Digne les Bains, Philippe Nawala<\/p>\n\n\n\n<figure class=\"wp-block-image size-large\"><img loading=\"lazy\" decoding=\"async\" width=\"1024\" height=\"683\" src=\"https:\/\/paca.lpo.fr\/blogs\/bleone-durance\/files\/2025\/10\/heron-cendre-jean-bergier2-1024x683.jpg\" alt=\"\" class=\"wp-image-3278\" srcset=\"https:\/\/paca.lpo.fr\/blogs\/bleone-durance\/files\/2025\/10\/heron-cendre-jean-bergier2-1024x683.jpg 1024w, https:\/\/paca.lpo.fr\/blogs\/bleone-durance\/files\/2025\/10\/heron-cendre-jean-bergier2-768x512.jpg 768w, https:\/\/paca.lpo.fr\/blogs\/bleone-durance\/files\/2025\/10\/heron-cendre-jean-bergier2-1200x800.jpg 1200w, https:\/\/paca.lpo.fr\/blogs\/bleone-durance\/files\/2025\/10\/heron-cendre-jean-bergier2.jpg 1266w\" sizes=\"auto, (max-width: 1024px) 100vw, 1024px\" \/><\/figure>\n\n\n\n<p>H\u00e9ron cendr\u00e9, Jean Bergier<\/p>\n\n\n\n<figure class=\"wp-block-image size-full\"><img loading=\"lazy\" decoding=\"async\" width=\"1024\" height=\"768\" src=\"https:\/\/paca.lpo.fr\/blogs\/bleone-durance\/files\/2025\/10\/bouquetins-hte-bleone-alain-gliere.jpg\" alt=\"\" class=\"wp-image-3279\" srcset=\"https:\/\/paca.lpo.fr\/blogs\/bleone-durance\/files\/2025\/10\/bouquetins-hte-bleone-alain-gliere.jpg 1024w, https:\/\/paca.lpo.fr\/blogs\/bleone-durance\/files\/2025\/10\/bouquetins-hte-bleone-alain-gliere-768x576.jpg 768w\" sizes=\"auto, (max-width: 1024px) 100vw, 1024px\" \/><\/figure>\n\n\n\n<p>Jeunes Bouquetins, Haute-Bl\u00e9one, Alain Gli\u00e8re.<\/p>\n\n\n\n<figure class=\"wp-block-image size-full\"><img loading=\"lazy\" decoding=\"async\" width=\"768\" height=\"1024\" src=\"https:\/\/paca.lpo.fr\/blogs\/bleone-durance\/files\/2025\/10\/esculape-08-2025-richard-bonnet.jpg\" alt=\"\" class=\"wp-image-3280\" srcset=\"https:\/\/paca.lpo.fr\/blogs\/bleone-durance\/files\/2025\/10\/esculape-08-2025-richard-bonnet.jpg 768w, https:\/\/paca.lpo.fr\/blogs\/bleone-durance\/files\/2025\/10\/esculape-08-2025-richard-bonnet-576x768.jpg 576w\" sizes=\"auto, (max-width: 768px) 100vw, 768px\" \/><\/figure>\n\n\n\n<p>Couleuvre esculape, 08\/2025, Richard Bonnet<\/p>\n\n\n\n<figure class=\"wp-block-image size-full\"><img loading=\"lazy\" decoding=\"async\" width=\"1024\" height=\"683\" src=\"https:\/\/paca.lpo.fr\/blogs\/bleone-durance\/files\/2025\/10\/6-mai-hesperie-echiquier.jpg\" alt=\"\" class=\"wp-image-3281\" srcset=\"https:\/\/paca.lpo.fr\/blogs\/bleone-durance\/files\/2025\/10\/6-mai-hesperie-echiquier.jpg 1024w, https:\/\/paca.lpo.fr\/blogs\/bleone-durance\/files\/2025\/10\/6-mai-hesperie-echiquier-768x512.jpg 768w\" sizes=\"auto, (max-width: 1024px) 100vw, 1024px\" \/><\/figure>\n\n\n\n<p>Hesp\u00e9rie \u00e9chiquier, 31\/05\/2025, Provence Alpes Agglom\u00e9ration, Agn\u00e8s de Pinho<\/p>\n\n\n\n<p><\/p>\n\n\n\n<p><\/p>\n\n\n\n<p><\/p>\n\n\n\n<p><\/p>\n\n\n\n<figure class=\"wp-block-image size-full\"><img loading=\"lazy\" decoding=\"async\" width=\"1024\" height=\"705\" src=\"https:\/\/paca.lpo.fr\/blogs\/bleone-durance\/files\/2024\/01\/voeux-24-p2960058-002.jpg\" alt=\"\" class=\"wp-image-3204\" srcset=\"https:\/\/paca.lpo.fr\/blogs\/bleone-durance\/files\/2024\/01\/voeux-24-p2960058-002.jpg 1024w, https:\/\/paca.lpo.fr\/blogs\/bleone-durance\/files\/2024\/01\/voeux-24-p2960058-002-768x529.jpg 768w\" sizes=\"auto, (max-width: 1024px) 100vw, 1024px\" \/><\/figure>\n\n\n\n<p><strong>24\/01\/2024 : Sortie cin\u00e9ma<\/strong> : Vivre avec les Loups<\/p>\n\n\n\n<p><a href=\"https:\/\/paca.lpo.fr\/association-protection-nature-lpo-paca\/toute-l-actualite\/actualite\/16229-le-film-vivre-avec-les-loups-en-janvier-au-cinema\">https:\/\/paca.lpo.fr\/association-protection-nature-lpo-paca\/toute-l-actualite\/actualite\/16229-le-film-vivre-avec-les-loups-en-janvier-au-cinema<\/a><\/p>\n\n\n\n<p class=\"has-large-font-size\"><strong>27 et 28 janvier 2024 : Comptage des oiseaux des jardins<\/strong><\/p>\n\n\n\n<figure class=\"wp-block-image size-full\"><img loading=\"lazy\" decoding=\"async\" width=\"1024\" height=\"702\" src=\"https:\/\/paca.lpo.fr\/blogs\/bleone-durance\/files\/2024\/01\/p2960886-001.jpg\" alt=\"\" class=\"wp-image-3217\" srcset=\"https:\/\/paca.lpo.fr\/blogs\/bleone-durance\/files\/2024\/01\/p2960886-001.jpg 1024w, https:\/\/paca.lpo.fr\/blogs\/bleone-durance\/files\/2024\/01\/p2960886-001-768x527.jpg 768w\" sizes=\"auto, (max-width: 1024px) 100vw, 1024px\" \/><\/figure>\n\n\n\n<p class=\"has-text-align-center\"><strong>02 et 03 f\u00e9vrier 2024 : Journ\u00e9es Mondiales des Zones Humides<\/strong><\/p>\n\n\n\n<figure class=\"wp-block-image size-full\"><img loading=\"lazy\" decoding=\"async\" width=\"745\" height=\"1024\" src=\"https:\/\/paca.lpo.fr\/blogs\/bleone-durance\/files\/2024\/01\/jmzh-2024.jpg\" alt=\"\" class=\"wp-image-3201\" srcset=\"https:\/\/paca.lpo.fr\/blogs\/bleone-durance\/files\/2024\/01\/jmzh-2024.jpg 745w, https:\/\/paca.lpo.fr\/blogs\/bleone-durance\/files\/2024\/01\/jmzh-2024-559x768.jpg 559w\" sizes=\"auto, (max-width: 745px) 100vw, 745px\" \/><\/figure>\n\n\n<h4>\u00a0<\/h4>\n<h1>\u00a0<\/h1>\n<h1>\u00a0<\/h1>\n<h2>Un film \u00e0 d\u00e9couvrir<\/h2>\n<h2><strong>SYNOPSIS<\/strong><\/h2>\n<p>Apr\u00e8s <strong>Insecticide Mon Amour<\/strong>, le r\u00e9alisateur Guillaume Bodin pr\u00e9sente <strong>Z\u00e9ro phyto 100 % bio<\/strong>, son nouveau documentaire. Une enqu\u00eate passionnante sur plusieurs communes fran\u00e7aises qui n\u2019ont pas attendu l\u2019entr\u00e9e en vigueur le 1<sup>er<\/sup> janvier 2017 de la loi Labb\u00e9 interdisant l\u2019utilisation de pesticides dans les espaces publics pour changer leurs pratiques. Ce film met aussi en avant les pionniers de la restauration collective biologique et leurs partenaires : associations, entreprises, agriculteurs, ing\u00e9nieurs, artisans qui ensemble contribuent \u00e0 l\u2019am\u00e9lioration de la qualit\u00e9 des repas dans les collectivit\u00e9s. Les associations <strong>G\u00e9n\u00e9rations Futures<\/strong>, <strong>Bio Consom&rsquo;acteurs<\/strong> et <strong>Agir Pour l&rsquo;Environnement<\/strong> sont \u00e0 l&rsquo;initiative de ce projet.<\/p>\n<h3><strong>Une petite r\u00e9volution est en marche dans la gestion des espaces verts.<\/strong><\/h3>\n<p>\u00c0 Versailles, Miramas, Grande-Synthe, Langou\u00ebt et Laurenan, la pr\u00e9sence de pesticides chimiques de synth\u00e8se dans les espaces publics est d\u00e9j\u00e0 de l\u2019histoire ancienne. \u00c0 budget constant, voire inf\u00e9rieur, ces villes et villages arrivent \u00e0 ma\u00eetriser les herbes folles autrement et fleurir ou cultiver des surfaces auparavant inutilis\u00e9es. Cette dynamique \u00e9cologique renforce les liens sociaux, permet de pr\u00e9server la sant\u00e9 des techniciens comme des citoyens et engendre d&rsquo;autres projets, notamment culturels.<\/p>\n<p>Privil\u00e9gier les esp\u00e8ces vivaces et end\u00e9miques, aider les professionnels et les citoyens \u00e0 adopter de nouveaux r\u00e9flexes, inciter les entreprises \u00e0 innover pour mieux r\u00e9pondre aux nouvelles pratiques paysag\u00e8res sont autant d\u2019actions qui participent \u00e0 une gestion \u00e9cologique globale des villes, tout en respectant la sant\u00e9 des habitants.<\/p>\n<h3><strong>Du 100 % local et biologique dans la restauration collective, c\u2019est possible !<\/strong><\/h3>\n<p>Le projet de loi imposant 20 % de produits issus de l\u2019agriculture biologique dans la restauration collective n\u2019a pas \u00e9t\u00e9 adopt\u00e9 au S\u00e9nat, mais cela n\u2019a pas emp\u00each\u00e9 certaines communes de prendre les devants.<\/p>\n<p>\u00c0 Mouans-Sartoux, la r\u00e9gie agricole municipale r\u00e9pond \u00e0 l&rsquo;essentiel des besoins alimentaires de la commune. Le reste est fourni par des fermes biologiques locales.<\/p>\n<p>\u00c0 Langou\u00ebt comme \u00e0 Paris, dans les 2<sup>e<\/sup> et 5<sup>e<\/sup> arrondissements, les \u00e9lus ont adopt\u00e9 des mesures drastiques pour am\u00e9liorer la qualit\u00e9 des repas et collaborent \u00e9troitement avec des agriculteurs bio et des associations de leur r\u00e9gion.<\/p>\n<p>Comme le dit le maire de Barjac, \u00ab <strong>nourrir, c\u2019est aimer<\/strong> \u00bb, alors pourquoi \u00ab l\u00e9siner \u00bb quand il s\u2019agit de nourrir nos enfants ? Les populations des h\u00f4pitaux, des prisons, des \u00e9coles ou des maisons de retraite n\u2019ont-elles pas droit \u00e0 une alimentation saine et de qualit\u00e9 ?<\/p>\n<p>Conscients de leurs responsabilit\u00e9s en termes de sant\u00e9 publique et d\u2019environnement, ces acteurs de terrain ne livrent pas de solutions toutes pr\u00eates, mais d\u00e9crivent plut\u00f4t les \u00e9tapes qu\u2019ils ont franchies pour mener \u00e0 bien leurs projets. Leur exp\u00e9rience montre que toutes les communes, quelles que soient leur taille et leur couleur politique, peuvent changer leurs pratiques.<\/p>\n<p><strong>Un documentaire d\u2019utilit\u00e9 publique \u00e0 diffuser le plus largement possible.<\/strong><\/p>\n<p><img decoding=\"async\" title=\"Affiche Z\u00e9ro Phyto 100% Bio\" src=\"http:\/\/www.dahu.bio\/images\/zero-phyto-100-bio\/affiche\/affiche-zero-phyto-100-bio-web-contour.jpg\" alt=\"Affiche Z\u00e9ro Phyto 100% Bio\" \/><\/p>\n<h2><strong>\u00c0 PROPOS<br \/><\/strong><\/h2>\n<p>Apr\u00e8s dix ans pass\u00e9s \u00e0 travailler dans les vignes, Guillaume Bodin a d\u00e9cid\u00e9 de r\u00e9aliser des documentaires pour parler de sujets qui lui tiennent \u00e0 c\u0153ur. La Clef des Terroirs, sorti en mars 2011, dresse le portrait de vignerons qui prennent soin de leurs terres gr\u00e2ce \u00e0 des techniques \u00e9cologiques, dont la biodynamie. Dans son deuxi\u00e8me documentaire, Insecticide Mon Amour (sorti en 2015), il m\u00e8ne une recherche approfondie sur le traitement obligatoire contre la flavescence dor\u00e9e dans le vignoble bourguignon et ses effets sur l\u2019environnement et la sant\u00e9. Ces deux films ont \u00e9t\u00e9 remarqu\u00e9s et prim\u00e9s dans plusieurs festivals. Disponibles en DVD, ils sont toujours diffus\u00e9s en salle en France et \u00e0 l\u2019\u00e9tranger. Z\u00e9ro phyto 100 % bio a fait l\u2019objet d\u2019un financement participatif ayant rassembl\u00e9 plus de 1600 donateurs.<\/p>\n<h3 style=\"text-align: center\">2017<\/h3>\n<p>Quelques exemples d&rsquo;activit\u00e9s : Participation aux Journ\u00e9es Mondiales des Zones Humides, Printemps des Castors,F\u00eate de la Nature , F\u00eate des Jardins, Jour de la Nuit, Expo M\u00e9zel.<\/p>\n<p>Organisation de 4 conf\u00e9rences , 13 sorties ornitho \u00e0 ce jour(1er semestre) et 4 \u00e0 venir&#8230;<\/p>\n<h3 style=\"text-align: center\">2016<\/h3>\n<p>L&rsquo;actualit\u00e9 du Mois d&rsquo;Octobre a \u00e9t\u00e9 riche en \u00e9motions diverses .<\/p>\n<p>2 grands \u00e9v\u00e8nement dominent la vie du groupe local :<\/p>\n<ul style=\"list-style-type: circle\">\n<li>la journ\u00e9e d\u00e9couverte des Araign\u00e9es du 8\/10 aux M\u00e9es<\/li>\n<li>La conf\u00e9rence de Presse \u00e0 Malijai le 12\/10<\/li>\n<\/ul>\n<p>Voir les articles dans la page Accueil<\/p>\n<ul style=\"list-style-type: square\">\n<li>Prochain RDV le 22\/10 au bord du lac de l&rsquo;Escale \u00e0 9h00 pour une sortie Ornitho<\/li>\n<\/ul>\n<p>10\/06\/2016<\/p>\n<h1><span style=\"color: #ff0000\">NEONICOTINOIDES<\/span> &#8211; derni\u00e8re ligne droite ?<\/h1>\n<h2><strong><a href=\"https:\/\/www.lpo.fr\/actualites\/neonicotinoides-appel-a-mobilisation-pour-l-interdiction-de-ces-insecticides\">https:\/\/www.lpo.fr\/actualites\/neonicotinoides-appel-a-mobilisation-pour-l-interdiction-de-ces-insecticides<\/a><\/strong><\/h2>\n<h3>Derni\u00e8re chance de faire abroger ce fl\u00e9au, <strong><span style=\"color: #ff0000\">agissez<\/span><\/strong> aupr\u00e8s de vos d\u00e9put\u00e9s !!!<\/h3>\n<p>9\/6\/2016<\/p>\n<p>\u00c0 sept reprises d\u00e9j\u00e0 le Conseil d\u2019Etat a annul\u00e9 les arr\u00eat\u00e9s minist\u00e9riels prolongeant la chasse au-del\u00e0 du 31 janvier, rappelant que la chasse en f\u00e9vrier, qui affecte des oiseaux en migration pr\u00e9nuptiale, est contraire \u00e0 la Directive europ\u00e9enne \u00ab Oiseaux \u00bb et \u00e0 la loi fran\u00e7aise qui imposent la protection compl\u00e8te des oiseaux en p\u00e9riode de reproduction.<\/p>\n<p>Apr\u00e8s avoir tout essay\u00e9 ces derni\u00e8res ann\u00e9es pour contourner la r\u00e9glementation, jusqu\u2019\u00e0 pr\u00e9texter des pr\u00e9l\u00e8vements \u00e0 fins scientifiques, le Minist\u00e8re en charge de l\u2019Environnement a de nouveau innov\u00e9 : le 28 janvier 2015, sachant qu\u2019un nouvel arr\u00eat\u00e9 serait immanquablement censur\u00e9 par la justice, la Ministre de l\u2019Environnement a \u00e9crit au directeur de l&rsquo;Office National de la Chasse et de la Faune Sauvage et \u00e0 tous les pr\u00e9fets pour leur confirmer que la chasse serait bien ferm\u00e9e au 31 janvier, mais qu\u2019il ne faudrait pas verbaliser les chasseurs en infraction entre le 1er et le 9 f\u00e9vrier !<\/p>\n<p>Choqu\u00e9es par cette officialisation du braconnage, nos associations ont aussit\u00f4t contest\u00e9 cette circulaire devant le Conseil d\u2019Etat. Il vient de leur donner raison pour la huiti\u00e8me fois. Officialiser le braconnage n\u2019est pas compatible avec un \u00c9tat de droit. Pourtant, cette ann\u00e9e encore, la Ministre de l\u2019Environnement a donn\u00e9 des consignes verbales pour que les chasseurs d\u2019oies ne soient pas verbalis\u00e9s en f\u00e9vrier. Imaginerait-on de telles pratiques pour la sant\u00e9, la s\u00e9curit\u00e9\u2026 et qu\u2019arriverait-il en cas d\u2019accident de chasse ? C\u2019est d\u2019autant plus choquant lorsque l\u2019\u00c9tat fran\u00e7ais pr\u00e9tend \u00eatre exemplaire pour la conservation de la biodiversit\u00e9.<\/p>\n<p>France Nature Environnement, la LPO et Humanit\u00e9 et Biodiversit\u00e9 sont satisfaites de cette d\u00e9cision et attendent de l\u2019\u00c9tat qu\u2019il prenne ses responsabilit\u00e9s en faisant enfin appliquer la loi sur le terrain en mettant un terme au braconnage, notamment des oies.<\/p>\n\n","protected":false},"excerpt":{"rendered":"<p>Castor, 08\/2025, Digne les Bains, Philippe Nawala H\u00e9ron cendr\u00e9, Jean Bergier Jeunes Bouquetins, Haute-Bl\u00e9one, Alain Gli\u00e8re. Couleuvre esculape, 08\/2025, Richard Bonnet Hesp\u00e9rie \u00e9chiquier, 31\/05\/2025, Provence Alpes Agglom\u00e9ration, Agn\u00e8s de Pinho 24\/01\/2024 : Sortie cin\u00e9ma : Vivre avec les Loups https:\/\/paca.lpo.fr\/association-protection-nature-lpo-paca\/toute-l-actualite\/actualite\/16229-le-film-vivre-avec-les-loups-en-janvier-au-cinema 27 et 28 janvier 2024 : Comptage des oiseaux des jardins 02 et 03 f\u00e9vrier [&hellip;]<\/p>\n","protected":false},"author":1,"featured_media":0,"parent":0,"menu_order":0,"comment_status":"closed","ping_status":"closed","template":"","meta":{"footnotes":""},"class_list":["post-2049","page","type-page","status-publish","hentry"],"_links":{"self":[{"href":"https:\/\/paca.lpo.fr\/blogs\/bleone-durance\/wp-json\/wp\/v2\/pages\/2049","targetHints":{"allow":["GET"]}}],"collection":[{"href":"https:\/\/paca.lpo.fr\/blogs\/bleone-durance\/wp-json\/wp\/v2\/pages"}],"about":[{"href":"https:\/\/paca.lpo.fr\/blogs\/bleone-durance\/wp-json\/wp\/v2\/types\/page"}],"author":[{"embeddable":true,"href":"https:\/\/paca.lpo.fr\/blogs\/bleone-durance\/wp-json\/wp\/v2\/users\/1"}],"replies":[{"embeddable":true,"href":"https:\/\/paca.lpo.fr\/blogs\/bleone-durance\/wp-json\/wp\/v2\/comments?post=2049"}],"version-history":[{"count":3,"href":"https:\/\/paca.lpo.fr\/blogs\/bleone-durance\/wp-json\/wp\/v2\/pages\/2049\/revisions"}],"predecessor-version":[{"id":3282,"href":"https:\/\/paca.lpo.fr\/blogs\/bleone-durance\/wp-json\/wp\/v2\/pages\/2049\/revisions\/3282"}],"wp:attachment":[{"href":"https:\/\/paca.lpo.fr\/blogs\/bleone-durance\/wp-json\/wp\/v2\/media?parent=2049"}],"curies":[{"name":"wp","href":"https:\/\/api.w.org\/{rel}","templated":true}]}}