{"id":7,"date":"2014-03-21T15:00:19","date_gmt":"2014-03-21T14:00:19","guid":{"rendered":"http:\/\/paca.lpo.fr\/blogs\/bleone-durance\/?page_id=2"},"modified":"2025-10-12T18:09:46","modified_gmt":"2025-10-12T17:09:46","slug":"groupe-local-bleone-durance","status":"publish","type":"page","link":"https:\/\/paca.lpo.fr\/blogs\/bleone-durance\/groupe-local-bleone-durance\/","title":{"rendered":"Groupe Local Bl\u00e9one-Durance"},"content":{"rendered":"<h3>Pr\u00e9sentation du Groupe Local<\/h3>\n<p><img loading=\"lazy\" decoding=\"async\" class=\"wp-image-3166 aligncenter\" src=\"https:\/\/paca.lpo.fr\/blogs\/bleone-durance\/files\/2024\/01\/cropped-rvb-lpo-paca-logotype-signature-droite-mini-500.jpg\" alt=\"\" width=\"395\" height=\"166\" \/><\/p>\n<p>Le Groupe local Bl\u00e9one-Durance est compos\u00e9 d\u2019une dizaine de b\u00e9n\u00e9voles parmi les 74 000 adh\u00e9rents de LPO en France et plus de 4300 pour la LPO-PACA. Son territoire d&rsquo;action se situe entre autres, sur la Communaut\u00e9 de Provence Alpes Agglom\u00e9ration et le Sisteronais.<\/p>\n<h2 style=\"text-align: center\">Activit\u00e9s principales<\/h2>\n<p>Le groupe organise des sorties nature, des permanences ornithologiques et des conf\u00e9rences. Il sensibilise \u00e9galement le public au travers de stands lors de manifestations locales.<br \/>\nLes b\u00e9n\u00e9voles relaient et\/ou participent localement \u00e0 des \u00e9v\u00e9nements r\u00e9gionaux (rencontre de l\u2019ARPE), nationaux (Nuit de la Chouette) ou internationaux (Journ\u00e9e Mondiale des Zones Humides)&#8230;<br \/>\nIls effectuent des comptages d\u2019oiseaux d\u2019eau, d\u2019oiseaux communs, des suivis des populations d\u2019hirondelles, des inventaires insectes &#8230; suivant les connaissances des membres.<br \/>\nBeaucoup de b\u00e9n\u00e9voles ont particip\u00e9 \u00e0 l\u2019inventaire des oiseaux nicheurs de la r\u00e9gion. Les observations quotidiennes sont valoris\u00e9es sur <a href=\"http:\/\/www.faune-paca.org\/\">le site Faune Paca<\/a>. Certains passionn\u00e9s font le suivi plus sp\u00e9cifique des rapaces, d&rsquo;autres des papillons et autres arthropodes&#8230;<br \/>\nUn r\u00e9seau de b\u00e9n\u00e9voles achemine les animaux bless\u00e9s vers les Centres de soin sous certaines conditions.<br \/>\nLe r\u00e9seau des<a href=\"http:\/\/paca.lpo.fr\/association-protection-nature-lpo-paca\/refuge-lpo\"> Refuges LPO<\/a> se d\u00e9veloppe pour le plus grand bien de la biodiversit\u00e9. Pour surprendre la vie secr\u00e8te du jardin, red\u00e9couvrir la nature de tous les jours avec ses enfants ou petits-enfants, rejoignez ce r\u00e9seau, le groupe local pourra vous guider et r\u00e9pondre \u00e0 vos questions.<\/p>\n<p>L&rsquo;activit\u00e9 du groupe, c&rsquo;est aussi la repr\u00e9sentation LPO dans diff\u00e9rentes commissions d\u00e9partementales et comit\u00e9s de pilotage Natura 2000.<\/p>\n<h4>R\u00e9unions du Groupe Local<\/h4>\n<p>Il se r\u00e9unira maintenant le premier mercredi de chaque mois, de 18h \u00e0 19h55 dans une salle (2C) du Centre Desmichels \u00e0 Digne le plus souvent. Se <a href=\"http:\/\/06 03 65 75 31\">renseigner<\/a> avant, des modifications suivant l&rsquo;actualit\u00e9 peuvent intervenir.<\/p>\n<p>Si vous souhaitez en savoir plus, recevoir l&rsquo;ordre du jour et\/ou les comptes-rendus, les actualit\u00e9s du groupe, veuillez me contacter.<\/p>\n<p>Agn\u00e8s de Pinho, coordinatrice du groupe local<\/p>\n<p><a href=\"mailto:agnes.depinho@laposte.net\">bleone-durance@lpo.fr<\/a><\/p>\n<h4>Adh\u00e9rents<\/h4>\n<p>Les Alpes de Haute-Provence comptent actuellement plus de 200 adh\u00e9rents LPO et 4 Groupes Locaux \u00e0 Digne, Seyne, Barcelonnette et Volx avec\u00a0 une antenne d\u00e9partementale \u00e0 la mairie des M\u00e9es.<\/p>\n<h2>Infos sur le Blog : <a href=\"http:\/\/paca.lpo.fr\/blogs\/bleone-durance\/\">http:\/\/paca.lpo.fr\/blogs\/bleone-durance\/<\/a><\/h2>\n<p>Contacts: <a href=\"http:\/\/paca.lpo.fr\/blogs\/bleone-durance\/contacts\/\">http:\/\/paca.lpo.fr\/blogs\/bleone-durance\/contacts\/<\/a><\/p>\n<p><span style=\"font-size: 14pt;color: #008000\">Nous essaierons de r\u00e9pondre \u00e0 vos questions sur la reconnaissance des oiseaux. Utiliser le formulaire de contact pour un message texte uniquement\u00a0 et envoyer\u00a0 vos photos par <span style=\"text-decoration: underline\">Votre messagerie personnelle.<\/span><\/span><\/p>\n<p><span style=\"font-size: 14pt;color: #008000\">De m\u00eame, si vous avez des informations \u00e0 nous communiquer, nous sommes \u00e0 votre \u00e9coute.<\/span><\/p>\n<p><a href=\"http:\/\/paca.lpo.fr\/\"><img loading=\"lazy\" decoding=\"async\" class=\"alignleft size-full wp-image-962\" src=\"http:\/\/paca.lpo.fr\/blogs\/bleone-durance\/files\/2014\/11\/logo-lpopaca-e1414890646818.jpg\" alt=\"logo lpopaca\" width=\"135\" height=\"50\" \/><\/a><a href=\"http:\/\/paca.lpo.fr\/association-protection-nature-lpo-paca\/refuge-lpo\"><img loading=\"lazy\" decoding=\"async\" class=\"alignleft size-full wp-image-963\" src=\"http:\/\/paca.lpo.fr\/blogs\/bleone-durance\/files\/2014\/11\/refuges-lpo-e1414890411268.jpg\" alt=\"refuges lpo\" width=\"120\" height=\"50\" \/><\/a><\/p>\n<h3><a href=\"http:\/\/paca.lpo.fr\/don\"><strong>Faire un Don<\/strong><\/a><\/h3>\n<h2 class=\"contentheading\"><a href=\"http:\/\/paca.lpo.fr\/association-protection-nature-lpo-paca\/benevolat\"> B\u00e9n\u00e9volat<\/a><\/h2>\n<h3>Qu&rsquo;est-ce qu&rsquo;un b\u00e9n\u00e9vole ?<\/h3>\n<p>B\u00e9n\u00e9vole : de bene : bien volo : je veux \u2013 le b\u00e9n\u00e9vole est une personne qui accomplit un travail gratuitement et sans y \u00eatre oblig\u00e9e.<br \/>\nIl ne per\u00e7oit pas de r\u00e9mun\u00e9ration. Il peut cependant \u00eatre d\u00e9dommag\u00e9 des frais occasionn\u00e9s par son activit\u00e9 sous forme de \u00ab\u00a0don aux \u0153uvres\u00a0\u00bb.<br \/>\nSa participation est volontaire, il n&rsquo;est soumis \u00e0 aucune subordination ou ordre imp\u00e9ratif.<\/p>\n<h3>Quelles actions peuvent \u00eatre men\u00e9es par un b\u00e9n\u00e9vole ?<\/h3>\n<ul>\n<li>La protection des esp\u00e8ces ;<\/li>\n<li>Le suivi des esp\u00e8ces ;<\/li>\n<li>L&rsquo;\u00e9ducation et la sensibilisation du public \u00e0 la biodiversit\u00e9 ;<\/li>\n<li>Les t\u00e2ches administratives de l&rsquo;association ;<\/li>\n<li>La repr\u00e9sentation de l&rsquo;association dans les comit\u00e9s, r\u00e9unions, etc.<\/li>\n<li>Le suivi de dossiers divers (revue de presse, programme hirondelles &amp; martinets, dossier chasse, etc.)<\/li>\n<\/ul>\n<h3>Comment devenir b\u00e9n\u00e9vole ?<\/h3>\n<p>Vous pouvez vous rapprocher du Groupe Local Bl\u00e9one Durance en allant sur la page Contacts du Blog .<\/p>\n<p>Devenir BIODIV-ACTEUR<\/p>\n<h3><a href=\"http:\/\/paca.lpo.fr\/tous-biodiv-acteurs\">http:\/\/paca.lpo.fr\/tous-biodiv-acteurs<\/a><\/h3>\n<p>Chaque action en faveur de la biodiversit\u00e9 est une victoire, alors il n&rsquo;y a plus \u00e0 h\u00e9siter! Rejoignez nous pour vaincre\u00a0 et redonner de la vie \u00e0 la Nature mise \u00e0 mal.<\/p>\n","protected":false},"excerpt":{"rendered":"<p>Pr\u00e9sentation du Groupe Local Le Groupe local Bl\u00e9one-Durance est compos\u00e9 d\u2019une dizaine de b\u00e9n\u00e9voles parmi les 74 000 adh\u00e9rents de LPO en France et plus de 4300 pour la LPO-PACA. Son territoire d&rsquo;action se situe entre autres, sur la Communaut\u00e9 de Provence Alpes Agglom\u00e9ration et le Sisteronais. Activit\u00e9s principales Le groupe organise des sorties nature, [&hellip;]<\/p>\n","protected":false},"author":1,"featured_media":3174,"parent":0,"menu_order":2,"comment_status":"closed","ping_status":"closed","template":"","meta":{"footnotes":""},"class_list":["post-7","page","type-page","status-publish","has-post-thumbnail","hentry"],"_links":{"self":[{"href":"https:\/\/paca.lpo.fr\/blogs\/bleone-durance\/wp-json\/wp\/v2\/pages\/7","targetHints":{"allow":["GET"]}}],"collection":[{"href":"https:\/\/paca.lpo.fr\/blogs\/bleone-durance\/wp-json\/wp\/v2\/pages"}],"about":[{"href":"https:\/\/paca.lpo.fr\/blogs\/bleone-durance\/wp-json\/wp\/v2\/types\/page"}],"author":[{"embeddable":true,"href":"https:\/\/paca.lpo.fr\/blogs\/bleone-durance\/wp-json\/wp\/v2\/users\/1"}],"replies":[{"embeddable":true,"href":"https:\/\/paca.lpo.fr\/blogs\/bleone-durance\/wp-json\/wp\/v2\/comments?post=7"}],"version-history":[{"count":4,"href":"https:\/\/paca.lpo.fr\/blogs\/bleone-durance\/wp-json\/wp\/v2\/pages\/7\/revisions"}],"predecessor-version":[{"id":3273,"href":"https:\/\/paca.lpo.fr\/blogs\/bleone-durance\/wp-json\/wp\/v2\/pages\/7\/revisions\/3273"}],"wp:featuredmedia":[{"embeddable":true,"href":"https:\/\/paca.lpo.fr\/blogs\/bleone-durance\/wp-json\/wp\/v2\/media\/3174"}],"wp:attachment":[{"href":"https:\/\/paca.lpo.fr\/blogs\/bleone-durance\/wp-json\/wp\/v2\/media?parent=7"}],"curies":[{"name":"wp","href":"https:\/\/api.w.org\/{rel}","templated":true}]}}