{"id":810,"date":"2014-10-03T22:01:26","date_gmt":"2014-10-03T21:01:26","guid":{"rendered":"http:\/\/paca.lpo.fr\/blogs\/bleone-durance\/?page_id=810"},"modified":"2023-05-08T16:24:55","modified_gmt":"2023-05-08T15:24:55","slug":"sorties","status":"publish","type":"page","link":"https:\/\/paca.lpo.fr\/blogs\/bleone-durance\/sorties\/","title":{"rendered":"SORTIES NATURE"},"content":{"rendered":"\n<h1 style=\"text-align: center\"><strong><span style=\"color: #0000ff\">2023<\/span><\/strong><\/h1>\n<p>Samedi 20 mai : Sortie \u00e0 Courbons (Digne les Bains, 04)<\/p>\n<p><strong>Partez \u00e0 la d\u00e9couverte de la biodiversit\u00e9 et plus sp\u00e9cialement&nbsp; \u00e0 la rencontre des esp\u00e8ces d&rsquo;oiseaux visibles \u00e0 cette date sur le site.<\/strong><\/p>\n<p>Animateur : Philippe Berrod<\/p>\n<p>Contact pour r\u00e9server : 06 75 54 74 20<\/p>\n<p>Rendez-vous \u00e0 8h00 \u00e0 la gare SNCF de Digne les Bains pour covoiturage ou \u00e0 8h30 au village, pr\u00e8s de l&rsquo;ancienne \u00e9cole.<\/p>\n<p>N&rsquo;oubliez pas la cr\u00e8me solaire, la casquette ou chapeau, les bonnes chaussures, l&rsquo;eau, les jumelles ou longue-vue si vous en poss\u00e9dez.<\/p>\n<p style=\"text-align: center\"><img loading=\"lazy\" decoding=\"async\" class=\"alignnone size-medium wp-image-531\" src=\"http:\/\/paca.lpo.fr\/blogs\/bleone-durance\/files\/2014\/05\/10264489_578418932271671_8434352372255925724_n-480x320.jpg\" alt=\"\" width=\"480\" height=\"320\" srcset=\"https:\/\/paca.lpo.fr\/blogs\/bleone-durance\/files\/2014\/05\/10264489_578418932271671_8434352372255925724_n-480x320.jpg 480w, https:\/\/paca.lpo.fr\/blogs\/bleone-durance\/files\/2014\/05\/10264489_578418932271671_8434352372255925724_n-900x600.jpg 900w, https:\/\/paca.lpo.fr\/blogs\/bleone-durance\/files\/2014\/05\/10264489_578418932271671_8434352372255925724_n.jpg 960w\" sizes=\"auto, (max-width: 480px) 100vw, 480px\" \/><\/p>\n<p>&nbsp;<\/p>\n\n\n\n\n\n<h1 style=\"text-align: center\"><span style=\"color: #0000ff\"><strong>2022<\/strong><\/span><\/h1>\n<p>Samedi 26 f\u00e9vrier 2022, 8h30, Ch\u00e2teau-Arnoux, Cimeti\u00e8re St Pierre\/Ancien Presbyt\u00e8re, sortie ornithologique dans le cadre des Journ\u00e9es Mondiales des Zones Humides organis\u00e9e par l&rsquo;Association La Cistude \u00e0 Ch\u00e2teau-Arnoux les 25 et 26 f\u00e9vrier.<\/p>\n<p><img loading=\"lazy\" decoding=\"async\" class=\"alignnone size-medium wp-image-3127 aligncenter\" src=\"http:\/\/paca.lpo.fr\/blogs\/bleone-durance\/files\/2022\/02\/affiche-jmzh2022-petit-339x480.jpg\" alt=\"\" width=\"339\" height=\"480\" srcset=\"https:\/\/paca.lpo.fr\/blogs\/bleone-durance\/files\/2022\/02\/affiche-jmzh2022-petit-339x480.jpg 339w, https:\/\/paca.lpo.fr\/blogs\/bleone-durance\/files\/2022\/02\/affiche-jmzh2022-petit-566x800.jpg 566w, https:\/\/paca.lpo.fr\/blogs\/bleone-durance\/files\/2022\/02\/affiche-jmzh2022-petit.jpg 724w\" sizes=\"auto, (max-width: 339px) 100vw, 339px\" \/><\/p>\n<p><img loading=\"lazy\" decoding=\"async\" class=\"alignnone size-medium wp-image-3128 aligncenter\" src=\"http:\/\/paca.lpo.fr\/blogs\/bleone-durance\/files\/2022\/02\/programme-jmzh-2022-demi-339x480.jpg\" alt=\"\" width=\"339\" height=\"480\" srcset=\"https:\/\/paca.lpo.fr\/blogs\/bleone-durance\/files\/2022\/02\/programme-jmzh-2022-demi-339x480.jpg 339w, https:\/\/paca.lpo.fr\/blogs\/bleone-durance\/files\/2022\/02\/programme-jmzh-2022-demi-566x800.jpg 566w, https:\/\/paca.lpo.fr\/blogs\/bleone-durance\/files\/2022\/02\/programme-jmzh-2022-demi.jpg 724w\" sizes=\"auto, (max-width: 339px) 100vw, 339px\" \/><\/p>\n\n\n<h1><span style=\"color: #ff00ff\">&nbsp;2020<\/span><\/h1>\n<pre>Janvier : 12 -Wetland, comptage des oiseaux d'eau<br><br>F\u00e9vrier: 22 -JZMH : sortie nature 9h30-Peyruis-rdv salle des f\u00eates<br><br>Avril : 12 - Sortie Ch\u00e2teau-Arnoux <span style=\"color: #ff0000\">annul\u00e9e<\/span><br> &nbsp;&nbsp;&nbsp;&nbsp;&nbsp;&nbsp;&nbsp; 26- Sortie Lac des M\u00e9es <span style=\"color: #ff0000\">annul\u00e9e<\/span><strong><span style=\"color: #ff0000\"><br><\/span><\/strong><br>MAI - 10- Sortie Ch\u00e2teau-Arnoux <span style=\"color: #ff0000\">annul\u00e9e<\/span><br> &nbsp;&nbsp;&nbsp;&nbsp;&nbsp;&nbsp;&nbsp; - 16- sortie Hirondelles Digne les Bains-14h00 <span style=\"color: #ff0000\">annul\u00e9e<\/span><br> &nbsp;&nbsp;&nbsp;&nbsp;&nbsp;&nbsp;&nbsp; - 17 - Sortie col d'Espinouse- oiseaux nicheurs-7h30 <span style=\"color: #ff0000\">annul\u00e9e<\/span><br>  &nbsp; &nbsp; &nbsp; - 24 - Sortie ornitho Courbons - Digne <span style=\"color: #ff0000\">annul\u00e9e<\/span><br> &nbsp;&nbsp;&nbsp;&nbsp;&nbsp;&nbsp; - 31- Sortie Lac des M\u00e9es - <span style=\"color: #ff0000\">annul\u00e9e<\/span><br><br>JUIN <br>     - 6 - 8h00 : Sortie ornitho Lac des M\u00e9es, 10h30 et 14h30 Audio-balade avec le Th\u00e9\u00e2tre Durance,<br>    -  15h00 : Sortie Hirondelles les M\u00e9es centre ville <span style=\"color: #ff0000\">annul\u00e9e<\/span><br> &nbsp;&nbsp;&nbsp;&nbsp; -7-&nbsp; Sortie Courbons -Digne les Bains <span style=\"color: #ff0000\">annul\u00e9e<\/span><br> &nbsp; &nbsp;&nbsp; - 20- Sortie Hirondelles - Peyruis <span style=\"color: #ff0000\">annul\u00e9e<\/span><br> &nbsp;&nbsp;   -21- Sortie Ch\u00e2teau-Arnoux <span style=\"color: #ff0000\">annul\u00e9e<\/span><br>  &nbsp; &nbsp;&nbsp;-27- Sortie Hirondelles Volonne <span style=\"color: #ff0000\">annul\u00e9e<\/span><br> &nbsp;  &nbsp; -28- Sortie Lac des M\u00e9es <span style=\"color: #ff0000\">annul\u00e9e<br><br><\/span>JUILLET : <br> - Mercredi 15 juillet sortie odonates aux Salettes \u00e0 Ch\u00e2teau-Arnoux<br><br>AO\u00dbT : <br><b><\/b>- Mardi 04 sortie ornithologique Ch\u00e2teau-Arnoux<br>- Mardi 11 sortie ornithologique Lac Jo\u00ebl Siguret Les M\u00e9es <br> - Mardi <em>18<\/em> sortie ornithologique Ch\u00e2teau-Arnoux<br>- Vendredi 21  sortie ornithologique Ch\u00e2teau-Arnoux<br>- Mardi 25<span style=\"font-family: NonBreakingSpaceOverride, 'Hoefler Text', Garamond, 'Times New Roman', serif;letter-spacing: normal;font-size: 21px\"> matin <\/span>Malijai<span style=\"font-family: NonBreakingSpaceOverride, 'Hoefler Text', Garamond, 'Times New Roman', serif;letter-spacing: normal;font-size: 21px\"> sur les traces du Castor<br><\/span>- Mardi 25 apr\u00e8s-midi : Atelier nichoir + balade naturaliste \u00e0 Barr\u00eame<br>- Dimanche 30 <span style=\"font-family: NonBreakingSpaceOverride, Hoefler Text, Garamond, Times New Roman, serif\"><span style=\"font-size: 21px;letter-spacing: normal\"> sortie ornithologique Ch\u00e2teau-Arnoux<br><br><\/span><\/span><strong>SEPTEMBRE<br><\/strong>- Vendredi 04 <em>  sortie ornithologique Ch\u00e2teau-Arnoux <span style=\"color: #ff6600\"><strong>Annul\u00e9<br><\/strong><\/span><\/em>- Vendredi 11  sortie ornithologique Lac Jo\u00ebl Siguret Les M\u00e9es<br>- Dimanche 13 <em>sortie ornithologique Ch\u00e2teau-Arnoux <span style=\"color: #ff6600\"><strong>Annul\u00e9<br><span style=\"color: #000000\">-<\/span><\/strong><\/span><\/em><span style=\"color: #ff6600\"><span style=\"color: #000000\"> Vendredi 18  <em>sortie ornithologique Ch\u00e2teau-Arnoux<\/em><\/span><\/span><em><span style=\"color: #ff6600\"><strong><br><\/strong><\/span><\/em>- Dimanche 27 sortie ornithologique Lac Jo\u00ebl Siguret Les M\u00e9es<br><br><strong>OCTOBRE<br>- <\/strong>Dimanche 04 <em>sortie ornithologique Ch\u00e2teau-Arnoux<br><\/em>- Dimanche 25 sortie ornithologique Lac Jo\u00ebl Siguret Les M\u00e9es<\/pre>\n<pre><br><br><\/pre>\n<h1><span style=\"color: #ff00ff\">2019<\/span><\/h1>\n<pre><span style=\"background-color: #ffffff\"><strong>3 F\u00e9vrier<\/strong> :JMZH :Sortie Nature Ch\u00e2teau-Arnoux-9h00-rdv salle des f\u00eates\n<strong style=\"color: #000000;font-size: 1em;background-color: #ffffff\">28 Avril<\/strong><span style=\"font-size: 1em;background-color: #ffffff\"> : Sortie Nature Courbons 1- 9h00 - rdv \u00e9cole de Courbons\n<\/span><strong style=\"color: #000000;font-size: 1em;background-color: #ffffff\">4 mai<\/strong><span style=\"font-size: 1em;background-color: #ffffff\"> matin : sortie Ch\u00e2teau-Arnoux 9h00 prieur\u00e9 st Pierre\n<\/span><strong style=\"color: #000000;font-size: 1em;background-color: #ffffff\">4 mai<\/strong><span style=\"font-size: 1em;background-color: #ffffff\"> apr\u00e8s-midi : sortie hirondelles et papillons st Vincent sur Jabron 14h00\n<\/span><strong style=\"color: #000000;font-size: 1em;background-color: #ffffff\">5 mai<\/strong><span style=\"font-size: 1em;background-color: #ffffff\"> : sortie Asso Mirabeau\n<\/span><strong style=\"color: #000000;font-size: 1em;background-color: #ffffff\">12 mai <\/strong><span style=\"font-size: 1em;background-color: #ffffff\">: sortie Ch\u00e2teau-Arnoux 9h00 prieur\u00e9 st Pierre\n<\/span><span style=\"font-size: 1em;background-color: #ffffff\"><strong>18 Ma<\/strong>i apr\u00e8s-midi : <\/span><span style=\"font-size: 1em;background-color: #ffffff\"><strong>Printemps des Castors<\/strong><\/span><span style=\"font-size: 1em;background-color: #ffffff\"> : sortie hirondelles aux M\u00e9es\n<\/span><strong style=\"color: #000000;font-size: 1em;background-color: #ffffff\">19 Mai<\/strong><span style=\"font-size: 1em;background-color: #ffffff\"> matin : Sortie Nature Courbons 2 - 9h00 rdv \u00e9cole de Courbons\n<strong>19 Mai<\/strong> matin : <strong>Printemps des Castors<\/strong> Sortie Lac des M\u00e9es, d\u00e9couverte de l'Observatoire\n<\/span><strong style=\"color: #000000;font-size: 1em;background-color: #ffffff\">24\/25 mai<\/strong><span style=\"font-size: 1em;background-color: #ffffff\"> : <\/span><strong>F\u00eate de la Nature Volonne <\/strong><span style=\"font-size: 1em;background-color: #ffffff\">: sorties hirondelles-sorties fil de l'eau conf\u00e9rences abeilles\/ migration Durance...\n<strong>1er juin<\/strong> matin : M\u00e9zel biodiversit\u00e9\n<strong>1er juin<\/strong> apr\u00e8s-midi : M\u00e9zel hirondelles\n<\/span><strong style=\"color: #000000;font-size: 1em;background-color: #ffffff\">2 juin<\/strong><span style=\"font-size: 1em;background-color: #ffffff\"> : sortie les M\u00e9es 9h00 lac J.Siguret\n<strong style=\"color: #000000;font-size: 1em;background-color: #ffffff\">08 juin<\/strong> matin : Sortie Nature Espinouse - 8h30 au col d'Espinouse\n<strong>22 juin<\/strong> apr\u00e8s-midi : hirondelles, <strong>F\u00eate du Patrimoine<\/strong> \u00e0 Gaubert\n<\/span><strong style=\"color: #000000;font-size: 1em;background-color: #ffffff\">23 juin <\/strong><span style=\"font-size: 1em;background-color: #ffffff\">: sortie Ch\u00e2teau-Arnoux 8h30 prieur\u00e9 st Pierre\n1<\/span><strong style=\"color: #000000;font-size: 1em;background-color: #ffffff\">5 septembre <\/strong><span style=\"font-size: 1em;background-color: #ffffff\">: sortie Ch\u00e2teau-Arnoux 8h30 prieur\u00e9 st Pierre\n<\/span><strong style=\"color: #000000;font-size: 1em;background-color: #ffffff\">29 septembre <\/strong><span style=\"font-size: 1em;background-color: #ffffff\">: sortie les M\u00e9es 8h30 lac J.Siguret\n<strong style=\"color: #000000;font-size: 1em;background-color: #ffffff\">5 octobre<\/strong> : <strong>Jour de la Nuit l'escale<\/strong> 18h00\n<\/span><strong style=\"color: #000000;font-size: 1em;background-color: #ffffff\">6 octobre<\/strong><span style=\"font-size: 1em;background-color: #ffffff\"> : sortie Ch\u00e2teau-Arnoux 9h00 prieur\u00e9 st Pierre\n<strong>13 octobre<\/strong> : <strong>F\u00eate de la Science<\/strong> : conf\u00e9rence et sortie Mus\u00e9e Gassendi Les Animaux dans la maison\n<\/span><strong style=\"color: #000000;font-size: 1em;background-color: #ffffff\">20 octobre <\/strong><span style=\"font-size: 1em;background-color: #ffffff\">: sortie les M\u00e9es 9h00 lac J.Siguret\n<\/span><strong>9\/10 novembre : expo M\u00e9zel<\/strong><\/span><\/pre>\n<h1>&nbsp;<\/h1>\n<h1><span style=\"background-color: #ffffff\">2018- Planning &#8211;<\/span><\/h1>\n<h6>F\u00e9vrier: 24\/02 : 9h00 -Sortie au lac de gaubert dans le cadre des JMZH<\/h6>\n<p>Mars: 10\/3 Sortie Espinouse 1- Rapaces<\/p>\n<p>Avril :7\/4 9h00 &#8211; Sortie ROHP-Ch\u00e2teau arnoux<\/p>\n<p>MAI : 5\/5 8h00- Sortie Espinouse 2- oiseaux nicheurs<\/p>\n<p>Juin :&nbsp;&nbsp; <strong><span style=\"font-size: small\"><span style=\"color: #993300\">F\u00eate des Patrimoines<\/span> :<\/span><\/strong><\/p>\n<ul>\n<li><span style=\"font-size: small\">&nbsp;&nbsp; <b>9 juin<\/b> :<\/span><\/li>\n<li>\n<ul>\n<li><span style=\"font-size: small\">&nbsp;EXPOS \u00e0 la MAC de l&rsquo;Escale &#8211; avec la Cistude -LPOPACA-Patrimoine<\/span><\/li>\n<li><span style=\"font-size: small\">9h30 Sortie Papillon avec Agn\u00e8s -rdv devant la Mac<\/span><\/li>\n<\/ul>\n<\/li>\n<\/ul>\n<ul>\n<li><span style=\"font-size: small\">&nbsp;&nbsp; <b>10 juin<\/b>:<\/span>\n<ul>\n<li><span style=\"font-size: small\">Sortie ornitho \u00e0 courbon avec Philippe&nbsp; rdv \u00e0 8h30 &#8211; une expo sera install\u00e9e dans la salle commune du hameau<\/span><\/li>\n<li><span style=\"font-size: small\">&nbsp;&nbsp;&nbsp; &nbsp;&nbsp;&nbsp; Sortie Ornitho \u00e0 Ch\u00e2teau Arnoux avec Philippe Nawala :rdv aux Salettes \u00e0 10h00 sur la R\u00e9serve Ornithologique de Haute Provence<\/span><\/li>\n<\/ul>\n<\/li>\n<\/ul>\n<blockquote>\n<h1><strong><span style=\"color: #009900\"><span style=\"font-size: small\">Natura 2000 dans la vall\u00e9e de l&rsquo;ASSE<\/span><\/span><\/strong><span style=\"font-size: small\"><strong>&nbsp;&nbsp;&nbsp;<\/strong><br><\/span><\/h1>\n<ul>\n<li><span style=\"font-size: small\">Samedi 23 juin Sortie Papillon avec Agn\u00e8s \u00e0 Bras d&rsquo;Asse: rdv 8h30 devant la salle des F\u00eates<\/span><\/li>\n<\/ul>\n<ul>\n<li><span style=\"font-size: small\">&nbsp;&nbsp;&nbsp; Dimanche 24 juin:Sortie Castor avec un sp\u00e9cialiste LPO Paca&nbsp; :8h30 salle des f\u00eates de bras d&rsquo;Asse<\/span><\/li>\n<\/ul>\n<\/blockquote>\n<p><span style=\"font-size: small\">Belles sorties \u00e0 tous <\/span><\/p>\n<h1>&nbsp;<\/h1>\n<h1><span style=\"color: #ff00ff\">2\u00e8me Semestre 2018 <\/span><\/h1>\n<p>7 octobre sortie ornitho Ch\u00e2teau-Arnoux- rdv 9h00 au cimeti\u00e8re St Pierre<\/p>\n<p>13 octobre : Sortie Nocturne \u00ab\u00a0<em>les bruits de la Nuit<\/em>\u00a0\u00bb &#8211; VOLONNE apr\u00e8s&nbsp; 20h00<\/p>\n<p>21 octobre : sortie ornitho Ch\u00e2teau-Arnoux 9h00 au cimeti\u00e8re St Pierre-inscription \u00e0 la&nbsp; &nbsp; &nbsp; &nbsp; &nbsp; &nbsp; m\u00e9diath\u00e8que de Ch\u00e2teau-Arnoux<\/p>\n<h1>&nbsp;<\/h1>\n<h1>&nbsp;<\/h1>\n<p><span style=\"color: #cc99ff\"><em><strong>&nbsp;<\/strong><\/em><\/span><\/p>\n<p><span style=\"color: #cc99ff\"><em>&nbsp;<\/em><\/span><\/p>\n<h4><span style=\"color: #ff00ff\">&nbsp;<\/span><\/h4>\n\n\n\n\n<p><\/p>\n\n\n\n<p><\/p>\n","protected":false},"excerpt":{"rendered":"<p>&nbsp;2020 Janvier : 12 -Wetland, comptage des oiseaux d&rsquo;eauF\u00e9vrier: 22 -JZMH : sortie nature 9h30-Peyruis-rdv salle des f\u00eatesAvril : 12 &#8211; Sortie Ch\u00e2teau-Arnoux annul\u00e9e &nbsp;&nbsp;&nbsp;&nbsp;&nbsp;&nbsp;&nbsp; 26- Sortie Lac des M\u00e9es annul\u00e9eMAI &#8211; 10- Sortie Ch\u00e2teau-Arnoux annul\u00e9e &nbsp;&nbsp;&nbsp;&nbsp;&nbsp;&nbsp;&nbsp; &#8211; 16- sortie Hirondelles Digne les Bains-14h00 annul\u00e9e &nbsp;&nbsp;&nbsp;&nbsp;&nbsp;&nbsp;&nbsp; &#8211; 17 &#8211; Sortie col d&rsquo;Espinouse- oiseaux nicheurs-7h30 annul\u00e9e [&hellip;]<\/p>\n","protected":false},"author":139,"featured_media":3139,"parent":0,"menu_order":3,"comment_status":"closed","ping_status":"closed","template":"","meta":{"footnotes":""},"class_list":["post-810","page","type-page","status-publish","has-post-thumbnail","hentry"],"_links":{"self":[{"href":"https:\/\/paca.lpo.fr\/blogs\/bleone-durance\/wp-json\/wp\/v2\/pages\/810","targetHints":{"allow":["GET"]}}],"collection":[{"href":"https:\/\/paca.lpo.fr\/blogs\/bleone-durance\/wp-json\/wp\/v2\/pages"}],"about":[{"href":"https:\/\/paca.lpo.fr\/blogs\/bleone-durance\/wp-json\/wp\/v2\/types\/page"}],"author":[{"embeddable":true,"href":"https:\/\/paca.lpo.fr\/blogs\/bleone-durance\/wp-json\/wp\/v2\/users\/139"}],"replies":[{"embeddable":true,"href":"https:\/\/paca.lpo.fr\/blogs\/bleone-durance\/wp-json\/wp\/v2\/comments?post=810"}],"version-history":[{"count":4,"href":"https:\/\/paca.lpo.fr\/blogs\/bleone-durance\/wp-json\/wp\/v2\/pages\/810\/revisions"}],"predecessor-version":[{"id":3160,"href":"https:\/\/paca.lpo.fr\/blogs\/bleone-durance\/wp-json\/wp\/v2\/pages\/810\/revisions\/3160"}],"wp:featuredmedia":[{"embeddable":true,"href":"https:\/\/paca.lpo.fr\/blogs\/bleone-durance\/wp-json\/wp\/v2\/media\/3139"}],"wp:attachment":[{"href":"https:\/\/paca.lpo.fr\/blogs\/bleone-durance\/wp-json\/wp\/v2\/media?parent=810"}],"curies":[{"name":"wp","href":"https:\/\/api.w.org\/{rel}","templated":true}]}}