{"id":9,"date":"2012-05-11T10:03:57","date_gmt":"2012-05-11T09:03:57","guid":{"rendered":"http:\/\/paca.lpo.fr\/blogs\/bleone-durance\/?page_id=9"},"modified":"2025-10-12T18:23:26","modified_gmt":"2025-10-12T17:23:26","slug":"contacts","status":"publish","type":"page","link":"https:\/\/paca.lpo.fr\/blogs\/bleone-durance\/groupe-local-bleone-durance\/contacts\/","title":{"rendered":"Contacts Groupe Local et Centre de soin"},"content":{"rendered":"<h4><span style=\"text-decoration: underline;color: #008000\">Coordinatrice du Groupe Local :<\/span><\/h4>\n<p><span style=\"text-decoration: underline\">Agn\u00e8s de Pinho<\/span><\/p>\n<h5><span style=\"text-decoration: underline\">Contact :<a href=\"mailto:agnes.depinho@laposte.net\"> Agn\u00e8s de Pinho<\/a><\/span><\/h5>\n<p>E-Mail :\u00a0<a href=\"mailto:agnes.depinho@laposte.net\">agnes.depinho@laposte.net<\/a><\/p>\n<p>T\u00e9l\u00e9phone : 06 03 65 75 31<\/p>\n<p><span style=\"font-size: 12pt\"><span style=\"text-decoration: underline\">Elisabeth Maurice<\/span>\u00a0 est support sur le secteur de Manosque<br \/>\n<\/span><\/p>\n<p>T\u00e9l\u00e9phone :<span style=\"font-size: 14pt\"> 04.92.79.32.87<\/span><\/p>\n<h2 class=\"contentheading\"><strong><span style=\"text-decoration: underline\"><a href=\"http:\/\/paca.lpo.fr\/soins-animaux\/conseils\"> Secourir un animal<\/a><\/span><\/strong><\/h2>\n<p>Vous avez trouv\u00e9 un animal <strong>sauvage en difficult\u00e9<\/strong>.<\/p>\n<p>CONSULTEZ les premiers conseils de pr\u00e9caution \u00e9l\u00e9mentaire:<\/p>\n<h3><span style=\"color: #00ff00\"><em><strong><span style=\"text-decoration: underline\"> <a style=\"color: #00ff00;text-decoration: underline\" href=\"http:\/\/paca.lpo.fr\/soins-animaux\/conseils\/secourir-un-animal\">http:\/\/paca.lpo.fr\/soins-animaux\/conseils\/secourir-un-animal<\/a><\/span><\/strong><\/em><\/span><\/h3>\n<p>Pour plus de conseils, <strong>contactez notre cellule de conseils t\u00e9l\u00e9phoniques au :<\/strong><\/p>\n<h3 style=\"text-align: center\"><span style=\"color: #ff0000\"><span style=\"color: #ff6600\"><strong>04 90 74 52 44 si vous \u00eates situ\u00e9s plus pr\u00e8s du 84 que du 05<\/strong><\/span><\/span><\/h3>\n<p>ou\u00a0 \u00a0 au <span style=\"color: #0000ff\"><strong>06 11 86 48 20 (Philippe Nawala) ou sms au 06 03 65 75 31 (Agn\u00e8s de Pinho) si vous \u00eates plus proche du 05<\/strong><\/span><\/p>\n<p>LAISSEZ VOS COORDONN\u00c9ES :<strong>NOM- PR\u00c9NOM &#8211; N\u00b0 TEL &#8211; MAIL &#8211; MOTIF DE L APPEL succinct mais pr\u00e9cis &#8211; <span style=\"color: #ff0000\">LIEU DE SECOURS<\/span>&#8211;<\/strong><\/p>\n<h6 style=\"text-align: center\"><img loading=\"lazy\" decoding=\"async\" class=\"alignnone size-medium wp-image-3068\" src=\"http:\/\/paca.lpo.fr\/blogs\/bleone-durance\/files\/2020\/05\/fb-img-1514197209106-480x339.jpg\" alt=\"\" width=\"480\" height=\"339\" srcset=\"https:\/\/paca.lpo.fr\/blogs\/bleone-durance\/files\/2020\/05\/fb-img-1514197209106-480x339.jpg 480w, https:\/\/paca.lpo.fr\/blogs\/bleone-durance\/files\/2020\/05\/fb-img-1514197209106.jpg 661w\" sizes=\"auto, (max-width: 480px) 100vw, 480px\" \/><\/h6>\n<h1><\/h1>\n<h1><\/h1>\n<h1><\/h1>\n<h1><\/h1>\n","protected":false},"excerpt":{"rendered":"<p>Coordinatrice du Groupe Local : Agn\u00e8s de Pinho Contact : Agn\u00e8s de Pinho E-Mail :\u00a0agnes.depinho@laposte.net T\u00e9l\u00e9phone : 06 03 65 75 31 Elisabeth Maurice\u00a0 est support sur le secteur de Manosque T\u00e9l\u00e9phone : 04.92.79.32.87 Secourir un animal Vous avez trouv\u00e9 un animal sauvage en difficult\u00e9. CONSULTEZ les premiers conseils de pr\u00e9caution \u00e9l\u00e9mentaire: http:\/\/paca.lpo.fr\/soins-animaux\/conseils\/secourir-un-animal Pour plus [&hellip;]<\/p>\n","protected":false},"author":1,"featured_media":0,"parent":7,"menu_order":2,"comment_status":"closed","ping_status":"closed","template":"","meta":{"footnotes":""},"class_list":["post-9","page","type-page","status-publish","hentry"],"_links":{"self":[{"href":"https:\/\/paca.lpo.fr\/blogs\/bleone-durance\/wp-json\/wp\/v2\/pages\/9","targetHints":{"allow":["GET"]}}],"collection":[{"href":"https:\/\/paca.lpo.fr\/blogs\/bleone-durance\/wp-json\/wp\/v2\/pages"}],"about":[{"href":"https:\/\/paca.lpo.fr\/blogs\/bleone-durance\/wp-json\/wp\/v2\/types\/page"}],"author":[{"embeddable":true,"href":"https:\/\/paca.lpo.fr\/blogs\/bleone-durance\/wp-json\/wp\/v2\/users\/1"}],"replies":[{"embeddable":true,"href":"https:\/\/paca.lpo.fr\/blogs\/bleone-durance\/wp-json\/wp\/v2\/comments?post=9"}],"version-history":[{"count":4,"href":"https:\/\/paca.lpo.fr\/blogs\/bleone-durance\/wp-json\/wp\/v2\/pages\/9\/revisions"}],"predecessor-version":[{"id":3274,"href":"https:\/\/paca.lpo.fr\/blogs\/bleone-durance\/wp-json\/wp\/v2\/pages\/9\/revisions\/3274"}],"up":[{"embeddable":true,"href":"https:\/\/paca.lpo.fr\/blogs\/bleone-durance\/wp-json\/wp\/v2\/pages\/7"}],"wp:attachment":[{"href":"https:\/\/paca.lpo.fr\/blogs\/bleone-durance\/wp-json\/wp\/v2\/media?parent=9"}],"curies":[{"name":"wp","href":"https:\/\/api.w.org\/{rel}","templated":true}]}}