{"id":100,"date":"2012-09-16T14:52:40","date_gmt":"2012-09-16T13:52:40","guid":{"rendered":"https:\/\/paca.lpo.fr\/blogs\/dracenie-coeur-du-var\/?page_id=100"},"modified":"2020-06-16T10:50:25","modified_gmt":"2020-06-16T09:50:25","slug":"la-reunion","status":"publish","type":"page","link":"https:\/\/paca.lpo.fr\/blogs\/dracenie-coeur-du-var\/le-groupe\/la-reunion\/","title":{"rendered":"La R\u00e9union"},"content":{"rendered":"<p style=\"text-align: justify\"><span style=\"color: #000000\">Ordinairement le<\/span><span style=\"color: #000000\"> gr<\/span><span style=\"background-color: #000000;color: #000000\"><span style=\"background-color: #ffffff\">oupe se r\u00e9unit le premier vendredi de chaque mois, \u00e0 19h00 au foyer rural (\u00e0 c\u00f4t\u00e9 de la mairie) au Cannet-des-Maures <\/span><\/span>(mais il est pr\u00e9f\u00e9rable de demander confirmation de la date de r\u00e9union au 04-94-12-79-52).<\/p>\n<h2>Prochaines r\u00e9unions 2020<\/h2>\n","protected":false},"excerpt":{"rendered":"<p>Ordinairement le groupe se r\u00e9unit le premier vendredi de chaque mois, \u00e0 19h00 au foyer rural (\u00e0 c\u00f4t\u00e9 de la mairie) au Cannet-des-Maures (mais il est pr\u00e9f\u00e9rable de demander confirmation de la date de r\u00e9union au 04-94-12-79-52). Prochaines r\u00e9unions 2020<\/p>\n","protected":false},"author":26,"featured_media":0,"parent":117,"menu_order":0,"comment_status":"closed","ping_status":"closed","template":"","meta":{"footnotes":""},"class_list":["post-100","page","type-page","status-publish","hentry"],"_links":{"self":[{"href":"https:\/\/paca.lpo.fr\/blogs\/dracenie-coeur-du-var\/wp-json\/wp\/v2\/pages\/100","targetHints":{"allow":["GET"]}}],"collection":[{"href":"https:\/\/paca.lpo.fr\/blogs\/dracenie-coeur-du-var\/wp-json\/wp\/v2\/pages"}],"about":[{"href":"https:\/\/paca.lpo.fr\/blogs\/dracenie-coeur-du-var\/wp-json\/wp\/v2\/types\/page"}],"author":[{"embeddable":true,"href":"https:\/\/paca.lpo.fr\/blogs\/dracenie-coeur-du-var\/wp-json\/wp\/v2\/users\/26"}],"replies":[{"embeddable":true,"href":"https:\/\/paca.lpo.fr\/blogs\/dracenie-coeur-du-var\/wp-json\/wp\/v2\/comments?post=100"}],"version-history":[{"count":4,"href":"https:\/\/paca.lpo.fr\/blogs\/dracenie-coeur-du-var\/wp-json\/wp\/v2\/pages\/100\/revisions"}],"predecessor-version":[{"id":994,"href":"https:\/\/paca.lpo.fr\/blogs\/dracenie-coeur-du-var\/wp-json\/wp\/v2\/pages\/100\/revisions\/994"}],"up":[{"embeddable":true,"href":"https:\/\/paca.lpo.fr\/blogs\/dracenie-coeur-du-var\/wp-json\/wp\/v2\/pages\/117"}],"wp:attachment":[{"href":"https:\/\/paca.lpo.fr\/blogs\/dracenie-coeur-du-var\/wp-json\/wp\/v2\/media?parent=100"}],"curies":[{"name":"wp","href":"https:\/\/api.w.org\/{rel}","templated":true}]}}