{"id":8,"date":"2012-05-15T12:51:12","date_gmt":"2012-05-15T11:51:12","guid":{"rendered":"https:\/\/paca.lpo.fr\/blogs\/dracenie-coeur-du-var\/?page_id=2"},"modified":"2020-01-15T13:57:52","modified_gmt":"2020-01-15T12:57:52","slug":"page-d-exemple-2","status":"publish","type":"page","link":"https:\/\/paca.lpo.fr\/blogs\/dracenie-coeur-du-var\/le-groupe\/page-d-exemple-2\/","title":{"rendered":"Pr\u00e9sentation du groupe"},"content":{"rendered":"<h3 style=\"text-align: center\"><span style=\"color: #000080\">Groupe local LPO de la Grande Drac\u00e9nie<\/span><\/h3>\n<p><img loading=\"lazy\" decoding=\"async\" class=\"aligncenter wp-image-917 size-medium\" src=\"https:\/\/paca.lpo.fr\/blogs\/dracenie-coeur-du-var\/files\/2020\/01\/save-20200115-134546-480x360.jpeg\" alt=\"\" width=\"480\" height=\"360\" srcset=\"https:\/\/paca.lpo.fr\/blogs\/dracenie-coeur-du-var\/files\/2020\/01\/save-20200115-134546-480x360.jpeg 480w, https:\/\/paca.lpo.fr\/blogs\/dracenie-coeur-du-var\/files\/2020\/01\/save-20200115-134546-768x576.jpeg 768w, https:\/\/paca.lpo.fr\/blogs\/dracenie-coeur-du-var\/files\/2020\/01\/save-20200115-134546-700x525.jpeg 700w, https:\/\/paca.lpo.fr\/blogs\/dracenie-coeur-du-var\/files\/2020\/01\/save-20200115-134546.jpeg 960w\" sizes=\"auto, (max-width: 480px) 100vw, 480px\" \/><\/p>\n<p style=\"text-align: left\">Cr\u00e9\u00e9 en 2002, le groupe LPO de la Grande Drac\u00e9nie couvre un grand secteur avec 28 communes dans son p\u00e9rim\u00e8tre :<\/p>\n<p style=\"text-align: justify\">Ampus, Les Arcs, Bargemon, Callas, Le Cannet-des-Maures, Ch\u00e2teaudouble, Claviers,\u00a0 Draguignan, Figani\u00e8res, \u00a0Flayosc, Fr\u00e9jus, Lorgues, Le Luc, Les Mayons, Montferrat, La Motte, Le Muy, Puget-sur-Argens, La Roque-Esclapon, Salernes, Sillans-la-Cascade, Taradeau, Thoronet, Tourtour, Trans-en-Provence, Vidauban, Villecroze, Saint Antonin-du-Var.<\/p>\n<h1><span style=\"color: #333399\">Activit\u00e9s principales :<\/span><\/h1>\n<p style=\"text-align: justify\">Le groupe local veille \u00e0 la bonne conservation des sites sensibles, zones humides etc.<br \/>\nLe groupe organise des sorties nature, des permanences ornithologiques, des expos et des conf\u00e9rences.<br \/>\nIl sensibilise le public au travers de stands lors de manifestations locales.<br \/>\nIl assure le fonctionnement efficace d\u2019un r\u00e9seau d\u2019acheminement des oiseaux en difficult\u00e9 vers le centre de sauvegarde de la faune sauvage de Buoux (84).<br \/>\nLes b\u00e9n\u00e9voles relaient localement les \u00e9v\u00e8nements r\u00e9gionaux, nationaux ou internationaux.<br \/>\nIls effectuent des comptages d\u2019oiseaux d\u2019eau (Wetlands), des suivis rapaces (Aigle royal, Grand duc d&rsquo;Europe, Milan royal&#8230;) et d\u2019oiseaux communs (STOC) et le suivi des populations d\u2019hirondelles sur 16 communes depuis 15 ans.<br \/>\nLe groupe a particip\u00e9 \u00e0 l\u2019inventaire des oiseaux nicheurs de la r\u00e9gion en vue de la cr\u00e9ation de l\u2019Atlas r\u00e9gional.<br \/>\nLes observations quotidiennes sont stock\u00e9es sur le site <a href=\"https:\/\/www.faune-paca.org\/index.php?m_id=8\" target=\"_blank\" rel=\"noopener noreferrer\">Faune PACA<\/a>.<br \/>\nCertains passionn\u00e9s font le suivi plus sp\u00e9cifique de la migration, rapaces diurnes et nocturnes, cigognes etc.<\/p>\n<h1><span style=\"color: #333399\">Adh\u00e9rents\u00a0:<\/span><\/h1>\n<p style=\"text-align: justify\">Entre 15 et 20 personnes viennent r\u00e9guli\u00e8rement aux r\u00e9unions mensuelles (sur une trentaine d&rsquo;adh\u00e9rents).<\/p>\n","protected":false},"excerpt":{"rendered":"<p>Groupe local LPO de la Grande Drac\u00e9nie Cr\u00e9\u00e9 en 2002, le groupe LPO de la Grande Drac\u00e9nie couvre un grand secteur avec 28 communes dans son p\u00e9rim\u00e8tre : Ampus, Les Arcs, Bargemon, Callas, Le Cannet-des-Maures, Ch\u00e2teaudouble, Claviers,\u00a0 Draguignan, Figani\u00e8res, \u00a0Flayosc, Fr\u00e9jus, Lorgues, Le Luc, Les Mayons, Montferrat, La Motte, Le Muy, Puget-sur-Argens, La Roque-Esclapon, Salernes, [&hellip;]<\/p>\n","protected":false},"author":1,"featured_media":0,"parent":117,"menu_order":1,"comment_status":"closed","ping_status":"closed","template":"","meta":{"footnotes":""},"class_list":["post-8","page","type-page","status-publish","hentry"],"_links":{"self":[{"href":"https:\/\/paca.lpo.fr\/blogs\/dracenie-coeur-du-var\/wp-json\/wp\/v2\/pages\/8","targetHints":{"allow":["GET"]}}],"collection":[{"href":"https:\/\/paca.lpo.fr\/blogs\/dracenie-coeur-du-var\/wp-json\/wp\/v2\/pages"}],"about":[{"href":"https:\/\/paca.lpo.fr\/blogs\/dracenie-coeur-du-var\/wp-json\/wp\/v2\/types\/page"}],"author":[{"embeddable":true,"href":"https:\/\/paca.lpo.fr\/blogs\/dracenie-coeur-du-var\/wp-json\/wp\/v2\/users\/1"}],"replies":[{"embeddable":true,"href":"https:\/\/paca.lpo.fr\/blogs\/dracenie-coeur-du-var\/wp-json\/wp\/v2\/comments?post=8"}],"version-history":[{"count":4,"href":"https:\/\/paca.lpo.fr\/blogs\/dracenie-coeur-du-var\/wp-json\/wp\/v2\/pages\/8\/revisions"}],"predecessor-version":[{"id":920,"href":"https:\/\/paca.lpo.fr\/blogs\/dracenie-coeur-du-var\/wp-json\/wp\/v2\/pages\/8\/revisions\/920"}],"up":[{"embeddable":true,"href":"https:\/\/paca.lpo.fr\/blogs\/dracenie-coeur-du-var\/wp-json\/wp\/v2\/pages\/117"}],"wp:attachment":[{"href":"https:\/\/paca.lpo.fr\/blogs\/dracenie-coeur-du-var\/wp-json\/wp\/v2\/media?parent=8"}],"curies":[{"name":"wp","href":"https:\/\/api.w.org\/{rel}","templated":true}]}}