{"id":774,"date":"2015-05-04T14:57:42","date_gmt":"2015-05-04T13:57:42","guid":{"rendered":"https:\/\/paca.lpo.fr\/blogs\/embrunais-pays-des-ecrins\/?page_id=774"},"modified":"2026-04-15T14:52:05","modified_gmt":"2026-04-15T13:52:05","slug":"agenda","status":"publish","type":"page","link":"https:\/\/paca.lpo.fr\/blogs\/embrunais-pays-des-ecrins\/agenda\/","title":{"rendered":"Agenda"},"content":{"rendered":"\n<hr class=\"wp-block-separator has-alpha-channel-opacity\" \/>\n\n\n<h3><strong>R\u00e9union des groupes locaux \u00c9crins-Embrunais et Pays des \u00c9crins<br \/><\/strong><\/h3>\n<p>Nos groupes se r\u00e9unissent une fois par mois, \u00e0 18h30.<\/p>\n<p>Les r\u00e9unions ont lieu \u00e0 la Maison du Parc (Parc National des \u00c9crins) \u00e0 Ch\u00e2teauroux les Alpes<\/p>\n<h4><strong>Prochaines r\u00e9unions<\/strong><\/h4>","protected":false},"excerpt":{"rendered":"<p>R\u00e9union des groupes locaux \u00c9crins-Embrunais et Pays des \u00c9crins Nos groupes se r\u00e9unissent une fois par mois, \u00e0 18h30. Les r\u00e9unions ont lieu \u00e0 la Maison du Parc (Parc National des \u00c9crins) \u00e0 Ch\u00e2teauroux les Alpes Prochaines r\u00e9unions<\/p>\n","protected":false},"author":106,"featured_media":0,"parent":0,"menu_order":0,"comment_status":"closed","ping_status":"closed","template":"","meta":{"footnotes":""},"class_list":["post-774","page","type-page","status-publish","hentry"],"_links":{"self":[{"href":"https:\/\/paca.lpo.fr\/blogs\/embrunais-pays-des-ecrins\/wp-json\/wp\/v2\/pages\/774","targetHints":{"allow":["GET"]}}],"collection":[{"href":"https:\/\/paca.lpo.fr\/blogs\/embrunais-pays-des-ecrins\/wp-json\/wp\/v2\/pages"}],"about":[{"href":"https:\/\/paca.lpo.fr\/blogs\/embrunais-pays-des-ecrins\/wp-json\/wp\/v2\/types\/page"}],"author":[{"embeddable":true,"href":"https:\/\/paca.lpo.fr\/blogs\/embrunais-pays-des-ecrins\/wp-json\/wp\/v2\/users\/106"}],"replies":[{"embeddable":true,"href":"https:\/\/paca.lpo.fr\/blogs\/embrunais-pays-des-ecrins\/wp-json\/wp\/v2\/comments?post=774"}],"version-history":[{"count":4,"href":"https:\/\/paca.lpo.fr\/blogs\/embrunais-pays-des-ecrins\/wp-json\/wp\/v2\/pages\/774\/revisions"}],"predecessor-version":[{"id":2799,"href":"https:\/\/paca.lpo.fr\/blogs\/embrunais-pays-des-ecrins\/wp-json\/wp\/v2\/pages\/774\/revisions\/2799"}],"wp:attachment":[{"href":"https:\/\/paca.lpo.fr\/blogs\/embrunais-pays-des-ecrins\/wp-json\/wp\/v2\/media?parent=774"}],"curies":[{"name":"wp","href":"https:\/\/api.w.org\/{rel}","templated":true}]}}