{"id":966,"date":"2016-02-08T20:12:50","date_gmt":"2016-02-08T19:12:50","guid":{"rendered":"https:\/\/paca.lpo.fr\/blogs\/embrunais-pays-des-ecrins\/?page_id=966"},"modified":"2022-12-09T12:12:41","modified_gmt":"2022-12-09T11:12:41","slug":"faunesauvage-infractions","status":"publish","type":"page","link":"https:\/\/paca.lpo.fr\/blogs\/embrunais-pays-des-ecrins\/faunesauvage-infractions\/","title":{"rendered":"Faune sauvage, infractions\u2026"},"content":{"rendered":"<div id=\"ja-contentwrap\" class=\"clearfix \">\n<div id=\"ja-content\" class=\"column\">\n<div id=\"ja-current-content\" class=\"column\">\n<div id=\"ja-content-main\" class=\"ja-content-main clearfix\">\n<div class=\"item-pagestyle6 clearfix\">\n<h1 class=\"componentheading\"><strong>INFRACTIONS<\/strong><\/h1>\n<h4><strong>En cas de constat d\u2019infraction li\u00e9e \u00e0 l\u2019environnement, la chasse, la p\u00eache, la pollution (aquatique ou non), les d\u00e9charges sauvages, le transport ou la d\u00e9tention d\u2019oiseaux\u2026 qui contacter ?<\/strong><\/h4>\n<p><a href=\"https:\/\/paca.lpo.fr\/protection\/defense-de-la-nature\">https:\/\/paca.lpo.fr\/protection\/defense-de-la-nature<\/a><\/p>\n<\/div>\n<\/div>\n<\/div>\n<\/div>\n<\/div>\n<h1><strong>FAUNE SAUVAGE EN DIFFICULT\u00c9<br \/>\n<\/strong><\/h1>\n<h3><strong>HAUTES-ALPES et ALPES DE HAUTE PROVENCE<\/strong><\/h3>\n<h3><strong>Contactez le centre de soins faune sauvage 05\/04<\/strong><\/h3>\n<div id=\"cc-m-13575345622\" class=\"j-module n j-text \">\n<p><strong>POUR UNE MEILLEURE EFFICACIT\u00c9, <\/strong><strong>SI VOUS TROUVEZ UN ANIMAL BLESS\u00c9 OU EN D\u00c9TRESSE, <\/strong><strong>MERCI D&rsquo;ENVOYER UN SMS 06 77 97 21 22 <\/strong><strong>EN INDIQUANT L&rsquo;ESP\u00c8CE, LA COMMUNE, LE D\u00c9PARTEMENT <\/strong><strong>ET LA CAUSE (si connue).<\/strong><\/p>\n<h3><a href=\"https:\/\/www.centresoins0504.fr\/\">https:\/\/www.centresoins0504.fr\/<\/a><\/h3>\n<\/div>\n<h4><strong>Il n&rsquo;est pas toujours n\u00e9cessaire de recueillir un oisillon en d\u00e9tresse, il n&rsquo;est pas forc\u00e9ment en danger, souvent ses parents ne sont pas tr\u00e8s loin.<\/strong><\/h4>\n<p>Pour conna\u00eetre les diff\u00e9rentes situations et avant d&rsquo;appeler le centre de soins, nous vous invitons \u00e0 d\u00e9couvrir cette BD tr\u00e8s bien r\u00e9alis\u00e9e.<\/p>\n<h3><a href=\"http:\/\/www.margauxmara.com\/\">http:\/\/www.margauxmara.com\/<\/a><\/h3>\n<div id=\"ja-contentwrap\" class=\"clearfix \"><\/div>\n","protected":false},"excerpt":{"rendered":"<p>INFRACTIONS En cas de constat d\u2019infraction li\u00e9e \u00e0 l\u2019environnement, la chasse, la p\u00eache, la pollution (aquatique ou non), les d\u00e9charges sauvages, le transport ou la d\u00e9tention d\u2019oiseaux\u2026 qui contacter ? https:\/\/paca.lpo.fr\/protection\/defense-de-la-nature FAUNE SAUVAGE EN DIFFICULT\u00c9 HAUTES-ALPES et ALPES DE HAUTE PROVENCE Contactez le centre de soins faune sauvage 05\/04 POUR UNE MEILLEURE EFFICACIT\u00c9, SI VOUS [&hellip;]<\/p>\n","protected":false},"author":106,"featured_media":0,"parent":0,"menu_order":0,"comment_status":"closed","ping_status":"closed","template":"","meta":{"footnotes":""},"class_list":["post-966","page","type-page","status-publish","hentry"],"_links":{"self":[{"href":"https:\/\/paca.lpo.fr\/blogs\/embrunais-pays-des-ecrins\/wp-json\/wp\/v2\/pages\/966","targetHints":{"allow":["GET"]}}],"collection":[{"href":"https:\/\/paca.lpo.fr\/blogs\/embrunais-pays-des-ecrins\/wp-json\/wp\/v2\/pages"}],"about":[{"href":"https:\/\/paca.lpo.fr\/blogs\/embrunais-pays-des-ecrins\/wp-json\/wp\/v2\/types\/page"}],"author":[{"embeddable":true,"href":"https:\/\/paca.lpo.fr\/blogs\/embrunais-pays-des-ecrins\/wp-json\/wp\/v2\/users\/106"}],"replies":[{"embeddable":true,"href":"https:\/\/paca.lpo.fr\/blogs\/embrunais-pays-des-ecrins\/wp-json\/wp\/v2\/comments?post=966"}],"version-history":[{"count":4,"href":"https:\/\/paca.lpo.fr\/blogs\/embrunais-pays-des-ecrins\/wp-json\/wp\/v2\/pages\/966\/revisions"}],"predecessor-version":[{"id":2470,"href":"https:\/\/paca.lpo.fr\/blogs\/embrunais-pays-des-ecrins\/wp-json\/wp\/v2\/pages\/966\/revisions\/2470"}],"wp:attachment":[{"href":"https:\/\/paca.lpo.fr\/blogs\/embrunais-pays-des-ecrins\/wp-json\/wp\/v2\/media?parent=966"}],"curies":[{"name":"wp","href":"https:\/\/api.w.org\/{rel}","templated":true}]}}