{"id":2,"date":"2012-06-13T16:05:30","date_gmt":"2012-06-13T16:05:30","guid":{"rendered":"http:\/\/paca.lpo.fr\/blogs\/heron-avignon\/?page_id=2"},"modified":"2025-09-16T14:04:55","modified_gmt":"2025-09-16T14:04:55","slug":"page-d-exemple","status":"publish","type":"page","link":"https:\/\/paca.lpo.fr\/blogs\/heron-avignon\/page-d-exemple\/","title":{"rendered":"Groupe local H\u00e9ron d&rsquo;Avignon"},"content":{"rendered":"<h2>Pr\u00e9sentation du groupe<\/h2>\n<p>Sur le terrain, les actions de la LPO sont relay\u00e9es par des antennes et des groupes locaux, ces derniers constitu\u00e9s de b\u00e9n\u00e9voles.<br \/>\nLe Groupe local H\u00e9ron d&rsquo;Avignon est coordonn\u00e9e par Christophe NGUYEN-THE.<\/p>\n<h2>Activit\u00e9s principales<\/h2>\n<p>Nous organisons une sortie par mois environ et vous nous trouverez sur le stand LPO de nombreuses manifestations publiques en Vaucluse, tout au long de l&rsquo;ann\u00e9e. Nos activit\u00e9s sont gratuites, \u00e0 l&rsquo;exception des droits pr\u00e9vus pour l&rsquo;acc\u00e8s \u00e0 certains lieux et d&rsquo;une participation aux frais de transport, le covoiturage \u00e9tant la r\u00e8gle. L&rsquo;inscription aux sorties, aupr\u00e8s du contact indiqu\u00e9, est obligatoire.<\/p>\n<p>Vous trouverez toutes nos activit\u00e9s destin\u00e9es au public dans la rubrique \u00ab\u00a0agenda\u00a0\u00bb de ce blog ainsi que sur l&rsquo;agenda de la <a href=\"https:\/\/paca.lpo.fr\/sorties-nature\/agenda\">LPO PACA<\/a>.<\/p>\n<p>Attention, la date des sorties affich\u00e9es plusieurs mois \u00e0 l&rsquo;avance est susceptible d&rsquo;\u00eatre modifi\u00e9e en raisons de contraintes diverses. V\u00e9rifiez bien l&rsquo;agenda avant de vous inscrire. Une fois inscrit-e vous serez pr\u00e9venu-e-s de toute modification.<\/p>\n<p>Outre les activit\u00e9s destin\u00e9es au grand public, nous organisons aussi des animations pour scolaires, centres a\u00e9r\u00e9s, tiers-lieu.<\/p>\n<p>Nous participons aux programmes de sciences participatives comme le comptage des oiseaux d&rsquo;eau, les comptages des larid\u00e9s et cormoran aux dortoirs, le programme \u00ab\u00a0oiseaux de france\u00a0\u00bb, l&rsquo;observatoire Chev\u00eache, &#8230;.<\/p>\n<h2>R\u00e9union :<\/h2>\n<p>R\u00e9union le 2\u00e8me jeudi du mois de septembre \u00e0 juin \u00e0 19h00.<\/p>\n","protected":false},"excerpt":{"rendered":"<p>Pr\u00e9sentation du groupe Sur le terrain, les actions de la LPO sont relay\u00e9es par des antennes et des groupes locaux, ces derniers constitu\u00e9s de b\u00e9n\u00e9voles. Le Groupe local H\u00e9ron d&rsquo;Avignon est coordonn\u00e9e par Christophe NGUYEN-THE. Activit\u00e9s principales Nous organisons une sortie par mois environ et vous nous trouverez sur le stand LPO de nombreuses manifestations [&hellip;]<\/p>\n","protected":false},"author":1,"featured_media":396,"parent":0,"menu_order":0,"comment_status":"closed","ping_status":"closed","template":"templates\/template-cover.php","meta":{"footnotes":""},"class_list":["post-2","page","type-page","status-publish","has-post-thumbnail","hentry"],"_links":{"self":[{"href":"https:\/\/paca.lpo.fr\/blogs\/heron-avignon\/wp-json\/wp\/v2\/pages\/2","targetHints":{"allow":["GET"]}}],"collection":[{"href":"https:\/\/paca.lpo.fr\/blogs\/heron-avignon\/wp-json\/wp\/v2\/pages"}],"about":[{"href":"https:\/\/paca.lpo.fr\/blogs\/heron-avignon\/wp-json\/wp\/v2\/types\/page"}],"author":[{"embeddable":true,"href":"https:\/\/paca.lpo.fr\/blogs\/heron-avignon\/wp-json\/wp\/v2\/users\/1"}],"replies":[{"embeddable":true,"href":"https:\/\/paca.lpo.fr\/blogs\/heron-avignon\/wp-json\/wp\/v2\/comments?post=2"}],"version-history":[{"count":3,"href":"https:\/\/paca.lpo.fr\/blogs\/heron-avignon\/wp-json\/wp\/v2\/pages\/2\/revisions"}],"predecessor-version":[{"id":1410,"href":"https:\/\/paca.lpo.fr\/blogs\/heron-avignon\/wp-json\/wp\/v2\/pages\/2\/revisions\/1410"}],"wp:featuredmedia":[{"embeddable":true,"href":"https:\/\/paca.lpo.fr\/blogs\/heron-avignon\/wp-json\/wp\/v2\/media\/396"}],"wp:attachment":[{"href":"https:\/\/paca.lpo.fr\/blogs\/heron-avignon\/wp-json\/wp\/v2\/media?parent=2"}],"curies":[{"name":"wp","href":"https:\/\/api.w.org\/{rel}","templated":true}]}}