{"id":9,"date":"2012-07-10T12:20:31","date_gmt":"2012-07-10T12:20:31","guid":{"rendered":"http:\/\/paca.lpo.fr\/blogs\/heron-avignon\/?page_id=9"},"modified":"2025-07-04T16:32:37","modified_gmt":"2025-07-04T16:32:37","slug":"contact","status":"publish","type":"page","link":"https:\/\/paca.lpo.fr\/blogs\/heron-avignon\/page-d-exemple\/contact\/","title":{"rendered":"Contacts"},"content":{"rendered":"\n<p>Pour contacter le groupe de b\u00e9n\u00e9voles LPO d&rsquo;Avignon :<\/p>\n\n\n\n<h2 class=\"wp-block-heading\"><strong>herondavignon@lpo.fr<\/strong><\/h2>\n\n\n\n<p><strong>Attention<\/strong> :<\/p>\n\n\n\n<p>Nous ne pouvons pas prendre de stagiaires. Les demandes de stages doivent \u00eatre adress\u00e9es \u00e0 Paca@lpo.fr<\/p>\n\n\n\n<p>Nous ne g\u00e9rons pas non plus les demandes concernant les animaux en d\u00e9tresse. Pour cela consultez la page internet d\u00e9di\u00e9e : <a href=\"https:\/\/paca.lpo.fr\/soins-animaux\">https:\/\/paca.lpo.fr\/soins-animaux<\/a><\/p>\n\n\n\n<h1 class=\"wp-block-heading\"><figure><a href=\"https:\/\/paca.lpo.fr\/blogs\/heron-avignon\/contact\/herondavignonmed\/\" rel=\"attachment wp-att-111\"><img loading=\"lazy\" decoding=\"async\" class=\"aligncenter size-medium wp-image-111\" src=\"https:\/\/paca.lpo.fr\/blogs\/heron-avignon\/files\/2012\/07\/herondavignonMed-444x480.jpg\" alt=\"\" width=\"444\" height=\"480\" srcset=\"https:\/\/paca.lpo.fr\/blogs\/heron-avignon\/files\/2012\/07\/herondavignonMed-444x480.jpg 444w, https:\/\/paca.lpo.fr\/blogs\/heron-avignon\/files\/2012\/07\/herondavignonMed-740x800.jpg 740w, https:\/\/paca.lpo.fr\/blogs\/heron-avignon\/files\/2012\/07\/herondavignonMed-800x865.jpg 800w, https:\/\/paca.lpo.fr\/blogs\/heron-avignon\/files\/2012\/07\/herondavignonMed.jpg 1238w\" sizes=\"auto, (max-width: 444px) 100vw, 444px\" \/><\/a><\/figure><\/h1>\n\n\n\n<p><\/p>\n\n\n\n<div class=\"wp-block-buttons is-content-justification-center is-layout-flex wp-container-core-buttons-is-layout-16018d1d wp-block-buttons-is-layout-flex\">\n<div class=\"wp-block-button\"><a class=\"wp-block-button__link wp-element-button\" href=\"https:\/\/paca.lpo.fr\/index.php?&amp;Itemid=4656\">Fomulaire de contact<\/a><\/div>\n<\/div>\n\n\n\n<p><\/p>\n","protected":false},"excerpt":{"rendered":"<p>Pour contacter le groupe de b\u00e9n\u00e9voles LPO d&rsquo;Avignon : herondavignon@lpo.fr Attention : Nous ne pouvons pas prendre de stagiaires. Les demandes de stages doivent \u00eatre adress\u00e9es \u00e0 Paca@lpo.fr Nous ne g\u00e9rons pas non plus les demandes concernant les animaux en d\u00e9tresse. Pour cela consultez la page internet d\u00e9di\u00e9e : https:\/\/paca.lpo.fr\/soins-animaux<\/p>\n","protected":false},"author":3,"featured_media":0,"parent":2,"menu_order":0,"comment_status":"closed","ping_status":"closed","template":"","meta":{"footnotes":""},"class_list":["post-9","page","type-page","status-publish","hentry"],"_links":{"self":[{"href":"https:\/\/paca.lpo.fr\/blogs\/heron-avignon\/wp-json\/wp\/v2\/pages\/9","targetHints":{"allow":["GET"]}}],"collection":[{"href":"https:\/\/paca.lpo.fr\/blogs\/heron-avignon\/wp-json\/wp\/v2\/pages"}],"about":[{"href":"https:\/\/paca.lpo.fr\/blogs\/heron-avignon\/wp-json\/wp\/v2\/types\/page"}],"author":[{"embeddable":true,"href":"https:\/\/paca.lpo.fr\/blogs\/heron-avignon\/wp-json\/wp\/v2\/users\/3"}],"replies":[{"embeddable":true,"href":"https:\/\/paca.lpo.fr\/blogs\/heron-avignon\/wp-json\/wp\/v2\/comments?post=9"}],"version-history":[{"count":3,"href":"https:\/\/paca.lpo.fr\/blogs\/heron-avignon\/wp-json\/wp\/v2\/pages\/9\/revisions"}],"predecessor-version":[{"id":1333,"href":"https:\/\/paca.lpo.fr\/blogs\/heron-avignon\/wp-json\/wp\/v2\/pages\/9\/revisions\/1333"}],"up":[{"embeddable":true,"href":"https:\/\/paca.lpo.fr\/blogs\/heron-avignon\/wp-json\/wp\/v2\/pages\/2"}],"wp:attachment":[{"href":"https:\/\/paca.lpo.fr\/blogs\/heron-avignon\/wp-json\/wp\/v2\/media?parent=9"}],"curies":[{"name":"wp","href":"https:\/\/api.w.org\/{rel}","templated":true}]}}