{"id":365,"date":"2015-04-20T09:02:25","date_gmt":"2015-04-20T08:02:25","guid":{"rendered":"http:\/\/paca.lpo.fr\/blogs\/hyeres-les-maures\/?page_id=365"},"modified":"2026-02-07T09:52:11","modified_gmt":"2026-02-07T08:52:11","slug":"agenda","status":"publish","type":"page","link":"https:\/\/paca.lpo.fr\/blogs\/hyeres-les-maures\/agenda\/","title":{"rendered":"Agenda"},"content":{"rendered":"\n<p><\/p>\n\n\n\n<p><strong>ATLAS DE LA BIODIVERSIT\u00c9<\/strong> est pr\u00e9vu sur deux ans, soit 2025\/2026<\/p>\n\n\n\n<p>Les inventaires vont donc se poursuivre \uf0e0Programme \u00e0 venir<\/p>\n\n\n\n<p><strong>FORMATION FAUNE PACA<\/strong> DIFFERENTS NIVEAUX A HYERES<\/p>\n\n\n\n<p>niveau 3 : 5 mars.<\/p>\n\n\n\n<p><strong>LIEURETTE<\/strong>: contact Joseph : 06 11 05 65 14<\/p>\n\n\n\n<p>Sorties 2026\u00a0:  7 f\u00e9vrier, 21 f\u00e9vrier.<\/p>\n\n\n\n<p>                         7 mars, 21 mars<\/p>\n\n\n\n<p><strong>Animations Refuges&nbsp;:<\/strong><\/p>\n\n\n\n<ul class=\"wp-block-list\">\n<li>Ren\u00e9 Sabran 26 f\u00e9vrier sur le th\u00e8me de la Grenouille (contact Elise)<\/li>\n\n\n\n<li>Lyc\u00e9e Rouvi\u00e8res \u00e0 Toulon stand LPO au mois de mai (contact Mathis, Joseph et Sophie)<\/li>\n\n\n\n<li><\/li>\n<\/ul>\n\n\n\n<p><strong>Tenue de stand&nbsp;:<\/strong><\/p>\n\n\n\n<p><strong>Domaine du Rayol Printania<\/strong>\u00a0: 28 et 29 mars<\/p>\n\n\n\n<p><strong>F\u00eate des \u00e9tangs \u00e0 Sauvebonne<\/strong>\u00a0: 24, 25, 26 avril<\/p>\n\n\n\n<p><strong>F\u00eate du jardin au R\u00e9al<\/strong>\u00a0: 9 et 10 mai\u00a0; Journ\u00e9e des jardins 7 juin sur le th\u00e8me de la Vue.<\/p>\n\n\n\n<p><strong>Association Carqueiranne Environnement<\/strong> le 23 mai\u00a02026.<\/p>\n\n\n\n<p><strong>Sortie Vivre sa Nature<\/strong> par Sylvie Thomas\u00a0: demande de b\u00e9n\u00e9voles pour accompagner une sortie d\u00e9couverte aux Salins des Pesquiers le 4 avril. <\/p>\n\n\n\n<p><\/p>\n\n\n\n<p><strong>PROCHAINE R\u00c9UNION Le mardi  3 f\u00e9vrier \u00e0 19H salle SAINT LOUIS. Place des aigrettes \u00e0 l&rsquo;Ayguade, Hy\u00e8res<\/strong><\/p>\n\n\n\n<p><\/p>\n\n\n\n<p><\/p>\n\n\n\n<p><\/p>\n\n\n\n<p><\/p>\n","protected":false},"excerpt":{"rendered":"<p>ATLAS DE LA BIODIVERSIT\u00c9 est pr\u00e9vu sur deux ans, soit 2025\/2026 Les inventaires vont donc se poursuivre \uf0e0Programme \u00e0 venir FORMATION FAUNE PACA DIFFERENTS NIVEAUX A HYERES niveau 3 : 5 mars. LIEURETTE: contact Joseph : 06 11 05 65 14 Sorties 2026\u00a0: 7 f\u00e9vrier, 21 f\u00e9vrier. 7 mars, 21 mars Animations Refuges&nbsp;: Tenue de [&hellip;]<\/p>\n","protected":false},"author":3,"featured_media":0,"parent":0,"menu_order":0,"comment_status":"closed","ping_status":"closed","template":"","meta":{"footnotes":""},"class_list":["post-365","page","type-page","status-publish","hentry"],"_links":{"self":[{"href":"https:\/\/paca.lpo.fr\/blogs\/hyeres-les-maures\/wp-json\/wp\/v2\/pages\/365","targetHints":{"allow":["GET"]}}],"collection":[{"href":"https:\/\/paca.lpo.fr\/blogs\/hyeres-les-maures\/wp-json\/wp\/v2\/pages"}],"about":[{"href":"https:\/\/paca.lpo.fr\/blogs\/hyeres-les-maures\/wp-json\/wp\/v2\/types\/page"}],"author":[{"embeddable":true,"href":"https:\/\/paca.lpo.fr\/blogs\/hyeres-les-maures\/wp-json\/wp\/v2\/users\/3"}],"replies":[{"embeddable":true,"href":"https:\/\/paca.lpo.fr\/blogs\/hyeres-les-maures\/wp-json\/wp\/v2\/comments?post=365"}],"version-history":[{"count":3,"href":"https:\/\/paca.lpo.fr\/blogs\/hyeres-les-maures\/wp-json\/wp\/v2\/pages\/365\/revisions"}],"predecessor-version":[{"id":14727,"href":"https:\/\/paca.lpo.fr\/blogs\/hyeres-les-maures\/wp-json\/wp\/v2\/pages\/365\/revisions\/14727"}],"wp:attachment":[{"href":"https:\/\/paca.lpo.fr\/blogs\/hyeres-les-maures\/wp-json\/wp\/v2\/media?parent=365"}],"curies":[{"name":"wp","href":"https:\/\/api.w.org\/{rel}","templated":true}]}}