{"id":8,"date":"2012-05-14T09:32:49","date_gmt":"2012-05-14T08:32:49","guid":{"rendered":"http:\/\/paca.lpo.fr\/blogs\/hyeres-les-maures\/?page_id=2"},"modified":"2024-02-06T19:25:22","modified_gmt":"2024-02-06T18:25:22","slug":"hyeres-les-maures","status":"publish","type":"page","link":"https:\/\/paca.lpo.fr\/blogs\/hyeres-les-maures\/hyeres-les-maures\/","title":{"rendered":"Groupe Local Hy\u00e8res les Maures"},"content":{"rendered":"<h1>Activit\u00e9s principales du groupe<\/h1>\n<p>Le groupe, compos\u00e9 d\u2019une trentaine de b\u00e9n\u00e9voles, organise des actions de sensibilisation et de conservation. Il sensibilise le public par le biais de stands lors des diff\u00e9rentes manifestations locales, mais aussi lors des sorties nature et des permanences ornithologiques o\u00f9 chacun peut d\u00e9couvrir la biodiversit\u00e9 de notre r\u00e9gion. En effet, les b\u00e9n\u00e9voles tiennent une permanence le dernier dimanche du mois sur la route du sel \u00e0 Hy\u00e8res et, \u00e0 l\u2019automne, durant la p\u00e9riode de migration, une permanence en divers endroits.<br \/>\nDes comptages et des suivis sont \u00e9galement organis\u00e9s pour am\u00e9liorer les connaissances naturalistes et surveiller les esp\u00e8ces les plus fragiles. Chaque ann\u00e9e, les b\u00e9n\u00e9voles du groupe local \u00e9tablissent un recensement de la population de grand-duc sur les monts toulonnais, de petit-duc scops sur la presqu\u2019\u00eele de Giens, d\u2019outarde canepeti\u00e8re ou encore d\u2019hirondelles. Des prospections naturalistes sont \u00e9galement organis\u00e9es dans le cadre des inventaires Natura 2000. Certains b\u00e9n\u00e9voles s\u2019investissent aussi dans l\u2019acheminement d\u2019animaux sauvages bless\u00e9s \u00e0 destination du centre r\u00e9gional de soins de la faune sauvage \u00e0 Buoux.<\/p>\n<h1>R\u00e9union (jour, lieu et heure) :<\/h1>\n<p>Le groupe local se r\u00e9unit le premier mardi du mois ( sauf exception ; voir agenda) \u00e0 19h \u00e0 :<\/p>\n<p>Salle St Louis &#8211; Place des Aigrettes 83400 Hy\u00e8res (L&rsquo;Ayguade)<\/p>\n","protected":false},"excerpt":{"rendered":"<p>Activit\u00e9s principales du groupe Le groupe, compos\u00e9 d\u2019une trentaine de b\u00e9n\u00e9voles, organise des actions de sensibilisation et de conservation. Il sensibilise le public par le biais de stands lors des diff\u00e9rentes manifestations locales, mais aussi lors des sorties nature et des permanences ornithologiques o\u00f9 chacun peut d\u00e9couvrir la biodiversit\u00e9 de notre r\u00e9gion. En effet, les [&hellip;]<\/p>\n","protected":false},"author":1,"featured_media":0,"parent":0,"menu_order":1,"comment_status":"closed","ping_status":"closed","template":"","meta":{"footnotes":""},"class_list":["post-8","page","type-page","status-publish","hentry"],"_links":{"self":[{"href":"https:\/\/paca.lpo.fr\/blogs\/hyeres-les-maures\/wp-json\/wp\/v2\/pages\/8","targetHints":{"allow":["GET"]}}],"collection":[{"href":"https:\/\/paca.lpo.fr\/blogs\/hyeres-les-maures\/wp-json\/wp\/v2\/pages"}],"about":[{"href":"https:\/\/paca.lpo.fr\/blogs\/hyeres-les-maures\/wp-json\/wp\/v2\/types\/page"}],"author":[{"embeddable":true,"href":"https:\/\/paca.lpo.fr\/blogs\/hyeres-les-maures\/wp-json\/wp\/v2\/users\/1"}],"replies":[{"embeddable":true,"href":"https:\/\/paca.lpo.fr\/blogs\/hyeres-les-maures\/wp-json\/wp\/v2\/comments?post=8"}],"version-history":[{"count":3,"href":"https:\/\/paca.lpo.fr\/blogs\/hyeres-les-maures\/wp-json\/wp\/v2\/pages\/8\/revisions"}],"predecessor-version":[{"id":9353,"href":"https:\/\/paca.lpo.fr\/blogs\/hyeres-les-maures\/wp-json\/wp\/v2\/pages\/8\/revisions\/9353"}],"wp:attachment":[{"href":"https:\/\/paca.lpo.fr\/blogs\/hyeres-les-maures\/wp-json\/wp\/v2\/media?parent=8"}],"curies":[{"name":"wp","href":"https:\/\/api.w.org\/{rel}","templated":true}]}}