{"id":282,"date":"2018-08-28T07:43:44","date_gmt":"2018-08-28T06:43:44","guid":{"rendered":"http:\/\/paca.lpo.fr\/blogs\/largue-verdon-durance\/?page_id=282"},"modified":"2026-03-22T21:33:43","modified_gmt":"2026-03-22T20:33:43","slug":"agenda","status":"publish","type":"page","link":"https:\/\/paca.lpo.fr\/blogs\/largue-verdon-durance\/agenda\/","title":{"rendered":"Agenda 2026"},"content":{"rendered":"\n<p><em>Si une sortie ou conf\u00e9rence vous int\u00e9resse vous pouvez nous contacter par courriel : <\/em><a href=\"mailto:largue-verdon-durance@lpo.fr\"><em>largue-verdon-durance@lpo.f<\/em>r<\/a><\/p>\n\n\n\n<p class=\"has-text-align-center\"><\/p>\n\n\n\n<h4 class=\"wp-block-heading has-text-align-center\">Mars<\/h4>\n\n\n\n<p><strong>Samedi 28 mars 16 h<\/strong> \u00e0 la M\u00e9diath\u00e8que de GREOUX LES BAINS conf\u00e9rence par Nicolas VISSYRIAS \u00abLes Supers Pouvoirs des Oiseaux\u00bb.<\/p>\n\n\n\n<figure class=\"wp-block-gallery has-nested-images columns-default is-cropped wp-block-gallery-1 is-layout-flex wp-block-gallery-is-layout-flex\">\n<figure class=\"wp-block-image size-large\"><img loading=\"lazy\" decoding=\"async\" width=\"557\" height=\"792\" data-id=\"2045\" src=\"https:\/\/paca.lpo.fr\/blogs\/largue-verdon-durance\/files\/2026\/03\/capture-decran-2026-03-11-145824.gif\" alt=\"\" class=\"wp-image-2045\" \/><\/figure>\n<\/figure>\n\n\n\n<p><strong>Samedi 28 mars de 10h \u00e0 17h<\/strong> \u00e0 REILLANNE les Samedis des Minots<\/p>\n\n\n\n<figure class=\"wp-block-image size-full\"><img loading=\"lazy\" decoding=\"async\" width=\"595\" height=\"835\" src=\"https:\/\/paca.lpo.fr\/blogs\/largue-verdon-durance\/files\/2026\/03\/samedi-des-minots-reillanne.gif\" alt=\"\" class=\"wp-image-2049\" \/><\/figure>\n\n\n\n<h4 class=\"wp-block-heading has-text-align-center\">Avril<\/h4>\n\n\n\n<p><strong>Samedi 18 avril<\/strong> : Sortie GANAGOBIE \u2013 ouverte au public \u2013 rdv parking de Ganagobie \u00e0 10 h ou rdv Place de la Mairie \u00e0 VOLX \u00e0 9 h 30 \u2013 pique-nique tir\u00e9 du sac.<\/p>\n\n\n\n<p class=\"has-text-align-center\">&#8212;&#8212;&#8212;&#8212;&#8212;&#8212;&#8212;&#8212;&#8212;&#8212;&#8212;&#8212;&#8212;&#8212;&#8212;&#8212;&#8212;-<\/p>\n\n\n\n<p><strong>Dimanche 26 avril<\/strong> : FORCALQUIER     \u2013        La F\u00eate des Jardins.<\/p>\n\n\n\n<p>Au <a href=\"https:\/\/www.haute-provence-tourisme.com\/evenement\/fete-des-jardins-2026-7672787\/\">Jardin du Couvent des Cordeliers<\/a>. Th\u00e8me \u00abLe Jardin des 5 sens\u00bb &#8211; Nous y tiendrons un stand.<\/p>\n","protected":false},"excerpt":{"rendered":"<p>Si une sortie ou conf\u00e9rence vous int\u00e9resse vous pouvez nous contacter par courriel : largue-verdon-durance@lpo.fr Mars Samedi 28 mars 16 h \u00e0 la M\u00e9diath\u00e8que de GREOUX LES BAINS conf\u00e9rence par Nicolas VISSYRIAS \u00abLes Supers Pouvoirs des Oiseaux\u00bb. Samedi 28 mars de 10h \u00e0 17h \u00e0 REILLANNE les Samedis des Minots Avril Samedi 18 avril : [&hellip;]<\/p>\n","protected":false},"author":151,"featured_media":0,"parent":0,"menu_order":0,"comment_status":"closed","ping_status":"closed","template":"","meta":{"footnotes":""},"class_list":["post-282","page","type-page","status-publish","hentry"],"_links":{"self":[{"href":"https:\/\/paca.lpo.fr\/blogs\/largue-verdon-durance\/wp-json\/wp\/v2\/pages\/282","targetHints":{"allow":["GET"]}}],"collection":[{"href":"https:\/\/paca.lpo.fr\/blogs\/largue-verdon-durance\/wp-json\/wp\/v2\/pages"}],"about":[{"href":"https:\/\/paca.lpo.fr\/blogs\/largue-verdon-durance\/wp-json\/wp\/v2\/types\/page"}],"author":[{"embeddable":true,"href":"https:\/\/paca.lpo.fr\/blogs\/largue-verdon-durance\/wp-json\/wp\/v2\/users\/151"}],"replies":[{"embeddable":true,"href":"https:\/\/paca.lpo.fr\/blogs\/largue-verdon-durance\/wp-json\/wp\/v2\/comments?post=282"}],"version-history":[{"count":3,"href":"https:\/\/paca.lpo.fr\/blogs\/largue-verdon-durance\/wp-json\/wp\/v2\/pages\/282\/revisions"}],"predecessor-version":[{"id":2050,"href":"https:\/\/paca.lpo.fr\/blogs\/largue-verdon-durance\/wp-json\/wp\/v2\/pages\/282\/revisions\/2050"}],"wp:attachment":[{"href":"https:\/\/paca.lpo.fr\/blogs\/largue-verdon-durance\/wp-json\/wp\/v2\/media?parent=282"}],"curies":[{"name":"wp","href":"https:\/\/api.w.org\/{rel}","templated":true}]}}