{"id":2,"date":"2015-03-17T12:30:58","date_gmt":"2015-03-17T11:30:58","guid":{"rendered":"http:\/\/paca.lpo.fr\/blogs\/luberon-monts-du-vaucluse\/?page_id=2"},"modified":"2024-01-02T15:54:57","modified_gmt":"2024-01-02T14:54:57","slug":"groupe-local-luberon-monts-de-vaucluse","status":"publish","type":"page","link":"https:\/\/paca.lpo.fr\/blogs\/luberon-monts-de-vaucluse\/groupe-local-luberon-monts-de-vaucluse\/","title":{"rendered":"Groupe local Luberon Monts de Vaucluse"},"content":{"rendered":"<h2>Pr\u00e9sentation du groupe<\/h2>\n<h4><a href=\"https:\/\/paca.lpo.fr\/blogs\/luberon-monts-de-vaucluse\/files\/2023\/07\/2017-10-20-affiche-presentation-du-gl-lmv.jpg\"><img loading=\"lazy\" decoding=\"async\" class=\"aligncenter wp-image-3015 size-full\" src=\"https:\/\/paca.lpo.fr\/blogs\/luberon-monts-de-vaucluse\/files\/2023\/07\/2017-10-20-affiche-presentation-du-gl-lmv.jpg\" alt=\"\" width=\"724\" height=\"1024\" srcset=\"https:\/\/paca.lpo.fr\/blogs\/luberon-monts-de-vaucluse\/files\/2023\/07\/2017-10-20-affiche-presentation-du-gl-lmv.jpg 724w, https:\/\/paca.lpo.fr\/blogs\/luberon-monts-de-vaucluse\/files\/2023\/07\/2017-10-20-affiche-presentation-du-gl-lmv-543x768.jpg 543w\" sizes=\"auto, (max-width: 724px) 100vw, 724px\" \/><\/a><\/h4>\n<p><strong>T\u00e9l\u00e9charger <a href=\"https:\/\/paca.lpo.fr\/blogs\/luberon-monts-de-vaucluse\/files\/2023\/07\/2017-10-20-affiche-presentation-du-gl-lmv.jpg\" target=\"_blank\" rel=\"noopener noreferrer\">l&rsquo;affiche ICI<\/a><\/strong><\/p>\n<p><em><strong><span style=\"color: #993366\">Le Groupe local Luberon &#8211; Monts de Vaucluse est anim\u00e9 coll\u00e9gialement par ses b\u00e9n\u00e9voles<\/span><\/strong><\/em><\/p>\n<\/p>\n\n\n<p style=\"clear:both\"> <\/p>\n\n\n\n<h2><strong>Activit\u00e9s principales<\/strong><\/h2>\n<p>Nous organisons une sortie par mois sauf en Juillet-Ao\u00fbt et vous nous trouverez sur le stand LPO de nombreuses manifestations publiques en Vaucluse, tout au long de l&rsquo;ann\u00e9e.<\/p>\n<p>Vous trouverez <a href=\"http:\/\/paca.lpo.fr\/sorties-nature\/agenda\" target=\"_blank\" rel=\"noopener noreferrer\">en cliquant ICI<\/a> toutes nos activit\u00e9s dans l&rsquo;Agenda sur le site de la LPO PACA<\/p>\n<p>&nbsp;<\/p>\n\n\n\n<h2><strong>Notre mascotte<\/strong><\/h2>\n<p><img loading=\"lazy\" decoding=\"async\" class=\"wp-image-2112 aligncenter\" src=\"https:\/\/paca.lpo.fr\/blogs\/luberon-monts-de-vaucluse\/files\/2020\/02\/monticole-bleu-male-avec-visuel-maubec-bd-480x334.jpg\" alt=\"\" width=\"560\" height=\"390\" srcset=\"https:\/\/paca.lpo.fr\/blogs\/luberon-monts-de-vaucluse\/files\/2020\/02\/monticole-bleu-male-avec-visuel-maubec-bd-480x334.jpg 480w, https:\/\/paca.lpo.fr\/blogs\/luberon-monts-de-vaucluse\/files\/2020\/02\/monticole-bleu-male-avec-visuel-maubec-bd-960x668.jpg 960w, https:\/\/paca.lpo.fr\/blogs\/luberon-monts-de-vaucluse\/files\/2020\/02\/monticole-bleu-male-avec-visuel-maubec-bd-768x535.jpg 768w, https:\/\/paca.lpo.fr\/blogs\/luberon-monts-de-vaucluse\/files\/2020\/02\/monticole-bleu-male-avec-visuel-maubec-bd.jpg 1024w\" sizes=\"auto, (max-width: 560px) 100vw, 560px\" \/><\/p>\n\n\n\n<h3>R\u00e9union (jour, lieu et heure) :<\/h3>\n<p>R\u00e9union le 3 <sup>\u00e8me<\/sup> lundi\u00a0 du mois \u00e0 18h30. Sauf Juillet et Ao\u00fbt<\/p>\n<p>Mairie annexe de Maubec (Salle polyvalente), 450 Grande Rue, 84660 Maubec<br \/>Salle de r\u00e9union au premier \u00e9tage ; acc\u00e8s par l\u2019entr\u00e9e annexe \u00e0 gauche de l\u2019entr\u00e9e principale de la mairie.<\/p>\n<p style=\"text-align: center\"><span style=\"background-color: #00ffff\">Voir plan d&rsquo;acc\u00e8s ci-dessous<\/span><\/p>\n<p><a href=\"https:\/\/paca.lpo.fr\/blogs\/luberon-monts-de-vaucluse\/files\/2023\/09\/maubec-mediatheque-et-mairie-annexe-2.jpg\"><img loading=\"lazy\" decoding=\"async\" class=\"aligncenter size-full wp-image-3031\" src=\"https:\/\/paca.lpo.fr\/blogs\/luberon-monts-de-vaucluse\/files\/2023\/09\/maubec-mediatheque-et-mairie-annexe-2.jpg\" alt=\"\" width=\"646\" height=\"539\" \/><\/a><\/p>\n<p><a href=\"https:\/\/paca.lpo.fr\/blogs\/luberon-monts-de-vaucluse\/files\/2023\/11\/maubec-acces-salle-polyvalente.jpg\"><img loading=\"lazy\" decoding=\"async\" class=\"aligncenter size-full wp-image-3137\" src=\"https:\/\/paca.lpo.fr\/blogs\/luberon-monts-de-vaucluse\/files\/2023\/11\/maubec-acces-salle-polyvalente.jpg\" alt=\"\" width=\"892\" height=\"920\" srcset=\"https:\/\/paca.lpo.fr\/blogs\/luberon-monts-de-vaucluse\/files\/2023\/11\/maubec-acces-salle-polyvalente.jpg 892w, https:\/\/paca.lpo.fr\/blogs\/luberon-monts-de-vaucluse\/files\/2023\/11\/maubec-acces-salle-polyvalente-745x768.jpg 745w, https:\/\/paca.lpo.fr\/blogs\/luberon-monts-de-vaucluse\/files\/2023\/11\/maubec-acces-salle-polyvalente-768x792.jpg 768w\" sizes=\"auto, (max-width: 892px) 100vw, 892px\" \/><\/a><\/p>\n<h4 style=\"text-align: center\"><a href=\"https:\/\/paca.lpo.fr\/blogs\/luberon-monts-de-vaucluse\/files\/2023\/12\/acces-salle-reunion-gl-lmv-a-maubec.pdf\" target=\"_blank\" rel=\"noopener\"><span style=\"background-color: #cc99ff\"><strong>Cliquer ICI pour t\u00e9l\u00e9charger le plan d&rsquo;acc\u00e8s<\/strong><\/span><\/a><\/h4>\n<p><img loading=\"lazy\" decoding=\"async\" class=\"size-large wp-image-97 aligncenter\" src=\"https:\/\/paca.lpo.fr\/blogs\/luberon-monts-de-vaucluse\/files\/2015\/04\/banni\u00e8re-luberon-monts-du-vaucluse-bd-960x240.jpg\" alt=\"banni\u00e8re-luberon-monts-du-vaucluse-bd\" width=\"660\" height=\"165\" srcset=\"https:\/\/paca.lpo.fr\/blogs\/luberon-monts-de-vaucluse\/files\/2015\/04\/banni\u00e8re-luberon-monts-du-vaucluse-bd-960x240.jpg 960w, https:\/\/paca.lpo.fr\/blogs\/luberon-monts-de-vaucluse\/files\/2015\/04\/banni\u00e8re-luberon-monts-du-vaucluse-bd-480x120.jpg 480w, https:\/\/paca.lpo.fr\/blogs\/luberon-monts-de-vaucluse\/files\/2015\/04\/banni\u00e8re-luberon-monts-du-vaucluse-bd-700x175.jpg 700w, https:\/\/paca.lpo.fr\/blogs\/luberon-monts-de-vaucluse\/files\/2015\/04\/banni\u00e8re-luberon-monts-du-vaucluse-bd-900x225.jpg 900w, https:\/\/paca.lpo.fr\/blogs\/luberon-monts-de-vaucluse\/files\/2015\/04\/banni\u00e8re-luberon-monts-du-vaucluse-bd.jpg 1024w\" sizes=\"auto, (max-width: 660px) 100vw, 660px\" \/><\/p>\n<p>\u00a0<\/p>\n","protected":false},"excerpt":{"rendered":"<p>Pr\u00e9sentation du groupe T\u00e9l\u00e9charger l&rsquo;affiche ICI Le Groupe local Luberon &#8211; Monts de Vaucluse est anim\u00e9 coll\u00e9gialement par ses b\u00e9n\u00e9voles<\/p>\n","protected":false},"author":3,"featured_media":0,"parent":0,"menu_order":1,"comment_status":"closed","ping_status":"closed","template":"","meta":{"footnotes":""},"class_list":["post-2","page","type-page","status-publish","hentry"],"_links":{"self":[{"href":"https:\/\/paca.lpo.fr\/blogs\/luberon-monts-de-vaucluse\/wp-json\/wp\/v2\/pages\/2","targetHints":{"allow":["GET"]}}],"collection":[{"href":"https:\/\/paca.lpo.fr\/blogs\/luberon-monts-de-vaucluse\/wp-json\/wp\/v2\/pages"}],"about":[{"href":"https:\/\/paca.lpo.fr\/blogs\/luberon-monts-de-vaucluse\/wp-json\/wp\/v2\/types\/page"}],"author":[{"embeddable":true,"href":"https:\/\/paca.lpo.fr\/blogs\/luberon-monts-de-vaucluse\/wp-json\/wp\/v2\/users\/3"}],"replies":[{"embeddable":true,"href":"https:\/\/paca.lpo.fr\/blogs\/luberon-monts-de-vaucluse\/wp-json\/wp\/v2\/comments?post=2"}],"version-history":[{"count":4,"href":"https:\/\/paca.lpo.fr\/blogs\/luberon-monts-de-vaucluse\/wp-json\/wp\/v2\/pages\/2\/revisions"}],"predecessor-version":[{"id":3217,"href":"https:\/\/paca.lpo.fr\/blogs\/luberon-monts-de-vaucluse\/wp-json\/wp\/v2\/pages\/2\/revisions\/3217"}],"wp:attachment":[{"href":"https:\/\/paca.lpo.fr\/blogs\/luberon-monts-de-vaucluse\/wp-json\/wp\/v2\/media?parent=2"}],"curies":[{"name":"wp","href":"https:\/\/api.w.org\/{rel}","templated":true}]}}