{"id":29,"date":"2015-04-14T22:28:21","date_gmt":"2015-04-14T21:28:21","guid":{"rendered":"http:\/\/paca.lpo.fr\/blogs\/luberon-monts-de-vaucluse\/?page_id=29"},"modified":"2025-06-02T08:15:10","modified_gmt":"2025-06-02T07:15:10","slug":"contact","status":"publish","type":"page","link":"https:\/\/paca.lpo.fr\/blogs\/luberon-monts-de-vaucluse\/contact\/","title":{"rendered":"Contacts"},"content":{"rendered":"\n<h5 class=\"wp-block-heading\"><strong>Joindre <\/strong>le Groupe Local Luberon &#8211; Monts de Vaucluse :<\/h5>\n\n\n\n<div class=\"wp-block-buttons is-content-justification-center is-layout-flex wp-container-core-buttons-is-layout-16018d1d wp-block-buttons-is-layout-flex\">\n<div class=\"wp-block-button\"><a class=\"wp-block-button__link wp-element-button\" href=\"https:\/\/paca.lpo.fr\/index.php?&amp;Itemid=4663\">FORMULAIRE DE CONTACT<\/a><\/div>\n<\/div>\n\n\n\n<ul class=\"wp-block-list\">\n<li><strong>Facebook :<\/strong><span style=\"background-color: #ffffff\"> <a style=\"background-color: #ffffff\" href=\"https:\/\/www.facebook.com\/lpolmv\">https:\/\/www.facebook.com\/lpolmv<\/a><\/span><\/li>\n<\/ul>\n\n\n\n<hr class=\"wp-block-separator has-alpha-channel-opacity\"\/>\n\n\n\n<h5 class=\"wp-block-heading\">La coordination du GL LMV est coll\u00e9giale et partag\u00e9e<\/h5>\n\n\n\n<p>&#8212;&#8212;&#8212;&#8212;&#8212;&#8212;&#8212;&#8212;&#8212;&#8212;&#8212;&#8212;&#8212;&#8212;&#8212;&#8212;&#8212;&#8212;&#8212;&#8212;&#8212;&#8212;&#8212;&#8211;<\/p>\n\n\n\n<h5 class=\"wp-block-heading\"><strong>Gestionnaires du blog<\/strong> du GL LMV https:\/\/paca.lpo.fr\/blogs\/luberon-monts-de-vaucluse<\/h5>\n\n\n\n<ul class=\"wp-block-list\">\n<li>Mauricette Broussier . Tel : 06 64 24 68 35<\/li>\n\n\n\n<li>Jean-Luc Robinet. &nbsp; Tel : 06 12 53 45 68.<\/li>\n\n\n\n<li>Philippe Dhiver. Tel : 07 85 87 30 31<\/li>\n<\/ul>\n\n\n\n<p>&#8212;&#8212;&#8212;&#8212;&#8212;&#8212;&#8212;&#8212;&#8212;&#8212;&#8212;&#8212;&#8212;&#8212;&#8212;&#8212;&#8212;&#8212;&#8212;&#8212;&#8212;&#8212;&#8212;&#8211;<\/p>\n\n\n\n<h5 class=\"wp-block-heading\">R\u00e9f\u00e9rent refuge LPO collectivit\u00e9s, \u00e9tablissements, entreprises pour le GL LMV:<\/h5>\n\n\n\n<ul class=\"wp-block-list\">\n<li>Jean-Fran\u00e7ois Dubois. Tel : 06 09 12 64 21<\/li>\n<\/ul>\n\n\n\n<hr class=\"wp-block-separator has-alpha-channel-opacity\"\/>\n\n\n\n<h5 class=\"wp-block-heading\">R\u00e9f\u00e9rente conf\u00e9rences organis\u00e9es par le GL LMV:<\/h5>\n\n\n\n<ul class=\"wp-block-list\">\n<li>Anne Marie Parein. Tel : 06 95 14 98 24<\/li>\n<\/ul>\n\n\n\n<p>&#8212;&#8212;&#8212;&#8212;&#8212;&#8212;&#8212;&#8212;&#8212;&#8212;&#8212;&#8212;&#8212;&#8212;&#8212;&#8212;&#8212;&#8212;&#8212;&#8212;&#8212;&#8212;&#8212;&#8212;&#8212;&#8212;&#8212;&#8212;&#8212;&#8212;&#8212;<\/p>\n\n\n\n<h4 class=\"wp-block-heading\"><strong>D\u00e9fense et protection de l&rsquo;environnement<\/strong><\/h4>\n\n\n\n<p><span style=\"text-decoration: underline\"><em><strong><span style=\"color: #ff6600;text-decoration: underline\">Qui contacter<\/span><\/strong><\/em><\/span> en cas de constat d&rsquo;infraction li\u00e9e \u00e0 l&rsquo;environnement, la chasse, la p\u00eache,&nbsp;la&nbsp;pollution (aquatique ou non), les&nbsp;d\u00e9charges sauvages, le transport ou la d\u00e9tention d&rsquo;oiseaux, etc ?<\/p>\n\n\n\n<p><strong><span style=\"color: #ff0000\">Cliquer sur :<\/span><\/strong>&nbsp;<a href=\"https:\/\/paca.lpo.fr\/protection\/defense-de-la-nature\/signaler-une-infraction\" target=\"_blank\" rel=\"noopener noreferrer\">QUI CONTACTER ?<\/a><\/p>\n","protected":false},"excerpt":{"rendered":"<p>Joindre le Groupe Local Luberon &#8211; Monts de Vaucluse : La coordination du GL LMV est coll\u00e9giale et partag\u00e9e &#8212;&#8212;&#8212;&#8212;&#8212;&#8212;&#8212;&#8212;&#8212;&#8212;&#8212;&#8212;&#8212;&#8212;&#8212;&#8212;&#8212;&#8212;&#8212;&#8212;&#8212;&#8212;&#8212;&#8211; Gestionnaires du blog du GL LMV https:\/\/paca.lpo.fr\/blogs\/luberon-monts-de-vaucluse &#8212;&#8212;&#8212;&#8212;&#8212;&#8212;&#8212;&#8212;&#8212;&#8212;&#8212;&#8212;&#8212;&#8212;&#8212;&#8212;&#8212;&#8212;&#8212;&#8212;&#8212;&#8212;&#8212;&#8211; R\u00e9f\u00e9rent refuge LPO collectivit\u00e9s, \u00e9tablissements, entreprises pour le GL LMV: R\u00e9f\u00e9rente conf\u00e9rences organis\u00e9es par le GL LMV: &#8212;&#8212;&#8212;&#8212;&#8212;&#8212;&#8212;&#8212;&#8212;&#8212;&#8212;&#8212;&#8212;&#8212;&#8212;&#8212;&#8212;&#8212;&#8212;&#8212;&#8212;&#8212;&#8212;&#8212;&#8212;&#8212;&#8212;&#8212;&#8212;&#8212;&#8212; D\u00e9fense et protection de l&rsquo;environnement Qui contacter en cas [&hellip;]<\/p>\n","protected":false},"author":103,"featured_media":0,"parent":0,"menu_order":0,"comment_status":"closed","ping_status":"closed","template":"","meta":{"footnotes":""},"class_list":["post-29","page","type-page","status-publish","hentry"],"_links":{"self":[{"href":"https:\/\/paca.lpo.fr\/blogs\/luberon-monts-de-vaucluse\/wp-json\/wp\/v2\/pages\/29","targetHints":{"allow":["GET"]}}],"collection":[{"href":"https:\/\/paca.lpo.fr\/blogs\/luberon-monts-de-vaucluse\/wp-json\/wp\/v2\/pages"}],"about":[{"href":"https:\/\/paca.lpo.fr\/blogs\/luberon-monts-de-vaucluse\/wp-json\/wp\/v2\/types\/page"}],"author":[{"embeddable":true,"href":"https:\/\/paca.lpo.fr\/blogs\/luberon-monts-de-vaucluse\/wp-json\/wp\/v2\/users\/103"}],"replies":[{"embeddable":true,"href":"https:\/\/paca.lpo.fr\/blogs\/luberon-monts-de-vaucluse\/wp-json\/wp\/v2\/comments?post=29"}],"version-history":[{"count":3,"href":"https:\/\/paca.lpo.fr\/blogs\/luberon-monts-de-vaucluse\/wp-json\/wp\/v2\/pages\/29\/revisions"}],"predecessor-version":[{"id":3958,"href":"https:\/\/paca.lpo.fr\/blogs\/luberon-monts-de-vaucluse\/wp-json\/wp\/v2\/pages\/29\/revisions\/3958"}],"wp:attachment":[{"href":"https:\/\/paca.lpo.fr\/blogs\/luberon-monts-de-vaucluse\/wp-json\/wp\/v2\/media?parent=29"}],"curies":[{"name":"wp","href":"https:\/\/api.w.org\/{rel}","templated":true}]}}