{"id":344,"date":"2015-09-17T15:45:15","date_gmt":"2015-09-17T14:45:15","guid":{"rendered":"http:\/\/paca.lpo.fr\/blogs\/luberon-monts-de-vaucluse\/?page_id=344"},"modified":"2026-04-06T18:12:39","modified_gmt":"2026-04-06T17:12:39","slug":"defense-et-protection-de-la-nature","status":"publish","type":"page","link":"https:\/\/paca.lpo.fr\/blogs\/luberon-monts-de-vaucluse\/defense-et-protection-de-la-nature\/","title":{"rendered":"D\u00e9fense et protection de l&rsquo;environnement"},"content":{"rendered":"\n<p class=\"has-background-color has-accent-background-color has-text-color has-background has-link-color has-larger-font-size wp-elements-acd6d15e3bb20d794749a7c60e458dae\">Arr\u00eat\u00e9 du 29 octobre 2009 fixant la liste des oiseaux prot\u00e9g\u00e9s sur l&rsquo;ensemble du territoire et les modalit\u00e9s de leur protection.&nbsp;Version en vigueur au 6 avril 2026. <a href=\"https:\/\/www.legifrance.gouv.fr\/loda\/id\/JORFTEXT000021384277\">Cliquer ICI<\/a><\/p>\n\n\n<div class=\"field field--name-node-title field--type-ds field--label-hidden field--item\">\n<h5><span style=\"color: #993366\"><strong>Quelques fiches juridiques de la LPO France sur les oiseaux, la chasse, les animaux domestiques, la faune sauvage, la protection des esp\u00e8ces, un serpent dans ma maison, la faune et la flore, les instances (le maire et l&rsquo;environnement) <\/strong><\/span><a href=\"https:\/\/www.lpo.fr\/la-lpo-en-actions\/action-juridique\/fiches-juridiques?utm_source=Sarbacane&amp;utm_medium=email&amp;utm_campaign=Lettre%20au%20r%C3%A9seau%20#37\" target=\"_blank\" rel=\"noopener\">Cliquer ICI<\/a><\/h5>\n<p style=\"text-align: center\">&#8212;&#8212;&#8212;&#8212;&#8212;&#8212;&#8212;&#8212;&#8212;&#8212;&#8212;&#8212;<\/p>\n<h3>\u00a0<a href=\"https:\/\/ofb.gouv.fr\/loffice-francais-de-la-biodiversite\" target=\"_blank\" rel=\"noopener noreferrer\">L&rsquo;Office fran\u00e7ais de la biodiversit\u00e9<\/a><\/h3>\n<\/div>\n<div class=\"field field--name-field-para-bt3367 field--type-entity-reference-revisions field--label-hidden field--items\">\n<div class=\"field--item\">\n<div class=\"row bs-1col paragraph paragraph--type-texte paragraph--view-mode-default\">\n<div class=\"col-sm-12 bs-region bs-region--main\">\n<div class=\"field field--name-field-texte-p field--type-text-long field--label-hidden field--item\">\n<p class=\"chapo\">L\u2019Office fran\u00e7ais de la biodiversit\u00e9 (OFB) est un \u00e9tablissement public d\u00e9di\u00e9 \u00e0 la sauvegarde de la biodiversit\u00e9. Une de ses priorit\u00e9s est de r\u00e9pondre de mani\u00e8re urgente aux enjeux de pr\u00e9servation du vivant.<\/p>\n<\/div>\n<\/div>\n<\/div>\n<\/div>\n<div class=\"field--item\">\n<div class=\"row bs-2col paragraph paragraph--type-texte-50-50- paragraph--view-mode-default\">\n<div class=\"col-sm-6 bs-region bs-region--left\">\n<p>Cr\u00e9\u00e9 au 1er janvier 2020 par la\u00a0<a href=\"https:\/\/www.legifrance.gouv.fr\/affichTexte.do?cidTexte=JORFTEXT000038821234&amp;categorieLien=id\" target=\"_blank\" rel=\"noopener noreferrer\">loi n\u00b02019-773 du 24 juillet 2019<\/a>, l\u2019Office fran\u00e7ais de la biodiversit\u00e9 est sous la tutelle du minist\u00e8re de la Transition \u00e9cologique et solidaire et du minist\u00e8re de l\u2019Agriculture et de l\u2019Alimentation. Pierre Dubreuil en est le\u00a0<a href=\"https:\/\/www.legifrance.gouv.fr\/affichTexte.do?cidTexte=JORFTEXT000039701975&amp;categorieLien=id\" target=\"_blank\" rel=\"noopener noreferrer\">directeur g\u00e9n\u00e9ral<\/a>.<\/p>\n<p>L\u2019OFB regroupe les agents de l\u2019Agence fran\u00e7aise pour la biodiversit\u00e9 (AFB) et de l\u2019Office national de la chasse et de la faune sauvage (ONCFS). Unir ces deux \u00e9tablissements dans la lutte pour la protection de la nature, permet de\u00a0<strong>rassembler des expertises<\/strong>, sur les milieux aquatiques, terrestres et marins et faire front commun contre les menaces qui p\u00e8sent sur la biodiversit\u00e9 en France. Regrouper ces deux entit\u00e9s, dont les agents sont implant\u00e9s sur l\u2019ensemble de l\u2019hexagone et les Outre-mer, c\u2019est aussi assurer un\u00a0<strong>ancrage solide dans les territoires<\/strong>\u00a0pour agir \u00e0 l\u2019\u00e9chelle locale.<\/p>\n<p>En r\u00e9gion PACA, vous pouvez contacter l&rsquo;OFB par d\u00e9partement<\/p>\n<ul>\n<li>Service d\u00e9partemental des Alpes-de-Haute-Provence<br \/><a title=\"sd04@ofb.gouv.fr\" href=\"mailto:sd04@ofb.gouv.fr\">sd04@ofb.gouv.fr<\/a><\/li>\n<li class=\"field field--name-field-texte-colonne-1 field--type-text-long field--label-hidden field--item\">Service d\u00e9partemental des Hautes-Alpes<br \/><a title=\"sd05@ofb.gouv.fr\" href=\"mailto:sd05@ofb.gouv.fr\">sd05@ofb.gouv.fr<\/a><\/li>\n<li class=\"field field--name-field-texte-colonne-1 field--type-text-long field--label-hidden field--item\">Service d\u00e9partemental des Alpes-Maritimes<br \/><a title=\"sd06@ofb.gouv.fr\" href=\"mailto:sd06@ofb.gouv.fr\">sd06@ofb.gouv.fr<\/a><\/li>\n<li>Service d\u00e9partemental des Bouches-du-Rh\u00f4ne<br \/><a title=\"sd13@ofb.gouv.fr\" href=\"mailto:sd13@ofb.gouv.fr\">sd13@ofb.gouv.fr<\/a><\/li>\n<li>Service d\u00e9partemental du Var<br \/><a title=\"sd83@ofb.gouv.fr\" href=\"mailto:sd83@ofb.gouv.fr\">sd83@ofb.gouv.fr<\/a><\/li>\n<li>Service d\u00e9partemental du Vaucluse<br \/><a title=\"sd84@ofb.gouv.fr\" href=\"mailto:sd84@ofb.gouv.fr\">sd84@ofb.gouv.fr<\/a><\/li>\n<\/ul>\n<div>\u00a0<\/div>\n<div class=\"field field--name-field-texte-colonne-1 field--type-text-long field--label-hidden field--item\">\n<p><strong style=\"color: inherit;font-family: 'Inter var', -apple-system, BlinkMacSystemFont, 'Helvetica Neue', Helvetica, sans-serif;font-size: 48px;letter-spacing: -0.0415625em\">D\u00e9fense et protection de l&rsquo;environnement<\/strong><\/p>\n<\/div>\n<\/div>\n<\/div>\n<\/div>\n<\/div>\n<p style=\"text-align: left\"><strong><span style=\"color: #800080;background-color: #00ff00\">En cas de constat d&rsquo;infraction li\u00e9e \u00e0 l&rsquo;environnement, la chasse, la p\u00eache, la pollution (aquatique ou non), les d\u00e9charges sauvages, le transport ou la d\u00e9tention d&rsquo;oiseaux, menaces sur des nids, travaux, flagrant d\u00e9lit d&rsquo;infraction, etc. <span style=\"text-decoration: underline\">contacter en priorit\u00e9 l&rsquo;OFB<\/span> du d\u00e9partement concern\u00e9. Voir ci dessus.\u00a0<\/span><\/strong><\/p>\n<h5>\u00a0<\/h5>\n<h4><em><span style=\"background-color: #ffffff;color: #ff6600\"><strong><span style=\"color: #800080;background-color: #00ff00\">Pour savoir \u00e0 qui s&rsquo;adresser suivant le th\u00e8me,<\/span> <span style=\"color: #3366ff\"><a style=\"background-color: #ffffff;color: #3366ff\" href=\"https:\/\/lpo061-my.sharepoint.com\/:w:\/g\/personal\/lmv_lpo_fr\/EXSoCvFnvmpBrDz447m4FO8B0Kbka_q-fV6MoWUhFYoaUA?e=IY6ojK\" target=\"_blank\" rel=\"noopener\">cliquer ICI<\/a><\/span><\/strong><\/span><\/em><\/h4>\n<ul>\n<li><span style=\"color: #ff0000\"><em>Pour tous les signalements d\u2019infractions alerter syst\u00e9matiquement le service juridique de la LPO PACA pour faire un suivi.<\/em><\/span><\/li>\n<li><span style=\"color: #ff0000\"><em>En cas d\u2019urgence formaliser un signalement aupr\u00e8s de l\u2019OFB avec un maximum d\u2019\u00e9l\u00e9ments factuels.<\/em><\/span><\/li>\n<\/ul>\n<h6>Quelques fiches conseils :<\/h6>\n<ul>\n<li><a class=\"\" href=\"https:\/\/paca.lpo.fr\/images\/mediatheque\/fichiers\/section_soins_animaux\/conseils\/fiche_conseils_braconnage_detention.pdf\" target=\"_blank\" rel=\"noopener noreferrer\">Fiche conseils braconnage et d\u00e9tention ill\u00e9gale<\/a><\/li>\n<li><a class=\"\" href=\"https:\/\/paca.lpo.fr\/images\/mediatheque\/fichiers\/section_soins_animaux\/conseils\/fiche_conseils_mortalite_de_masse.pdf\" target=\"_blank\" rel=\"noopener noreferrer\">Fiche conseils mortalit\u00e9 de masse<\/a><\/li>\n<li><a href=\"https:\/\/paca.lpo.fr\/images\/mediatheque\/fichiers\/section_soins_animaux\/conseils\/fiche_conseils_oiseau_matieres_chimiques.pdf\" target=\"_blank\" rel=\"noopener noreferrer\">Fiche conseils oiseau tomb\u00e9 dans des mati\u00e8res chimiques<\/a><\/li>\n<\/ul>\n\n\n<h2>&nbsp;<\/h2>\n<h2 class=\"contentheading\"><strong>Secourir un animal<\/strong><\/h2>\n<p>Vous avez trouv\u00e9 un animal sauvage en difficult\u00e9, le Centre R\u00e9gional de Sauvegarde de la Faune Sauvage de la r\u00e9gion PACA situ\u00e9 \u00e0 BUOUX (84) peut vous aider.<\/p>\n<p>Pr\u00e9alablement, <strong>consultez<\/strong> les fiches&nbsp;conseils&nbsp;en cliquant sur :&nbsp;<em><strong><a href=\"https:\/\/paca.lpo.fr\/soins-animaux\/conseiller\/fiches-conseils\" target=\"_blank\" rel=\"noopener noreferrer\">https:\/\/paca.lpo.fr\/soins-animaux\/conseiller\/fiches-conseils<\/a><\/strong><\/em><\/p>\n<p>Ensuite, si vous n&rsquo;avez pas trouv\u00e9 de r\u00e9ponse \u00e0 ce que vous cherchez, vous pouvez&nbsp; joindre le CRSFS par courriel \u00e0 l&rsquo;adresse : <a href=\"mailto:crsfs-paca@lpo.fr\" target=\"_blank\" rel=\"noopener\"><strong>crsfs-paca@lpo.fr <\/strong><\/a>ou<a href=\"mailto:sos.paca@lpo.fr\" target=\"_blank\" rel=\"noopener\"><strong> sos.paca@lpo.fr <\/strong><\/a>en d\u00e9taillant le probl\u00e8me rencontr\u00e9.<\/p>\n<p><strong>Vous pouvez aussi contacter la cellule t\u00e9l\u00e9phonique du Centre R\u00e9gional de Sauvegarde de la Faune Sauvage (CRSFS) de BUOUX au <span style=\"background-color: #00ff00\"><b>04 65 09 02 20<\/b><\/span><\/strong>. Le cas \u00e9ch\u00e9ant, laissez vous guider par le r\u00e9pondeur. Vous serez rappel\u00e9.&nbsp;<\/p>\n<p style=\"text-align: center\"><span style=\"color: #333333;background-color: #00ffff\"><strong>Privil\u00e9gier le courriel.<\/strong><\/span>&nbsp;<\/p>\n<p>&nbsp;<\/p>\n<p>&nbsp;<\/p>\n\n\n\n<p class=\"has-background-color has-accent-background-color has-text-color has-background has-link-color has-larger-font-size wp-elements-14a0d567745a854491bcf1503e9c4c13\"><strong>Un serpent est rentr\u00e9 dans ma maison, que faire ?<\/strong><\/p>\n\n\n\n<p>Le dispositif SOS Serpents en PACA : <a href=\"https:\/\/paca.lpo.fr\/soins-animaux\/conseiller\/sos-serpents\" data-type=\"link\" data-id=\"https:\/\/paca.lpo.fr\/soins-animaux\/conseiller\/sos-serpents\">https:\/\/paca.lpo.fr\/soins-animaux\/conseiller\/sos-serpents<\/a>                                                             <\/p>\n\n\n\n<p><\/p>\n\n\n\n<p><\/p>\n\n\n\n<p><\/p>\n\n\n\n<p><\/p>\n\n\n\n<h2 style=\"text-align: left\"><strong>Le pain et les canards<\/strong><\/h2>\n<p><img loading=\"lazy\" decoding=\"async\" class=\"size-full wp-image-1523 aligncenter\" src=\"https:\/\/paca.lpo.fr\/blogs\/luberon-monts-de-vaucluse\/files\/2018\/05\/affiche-pain-et-anatides-lpo-paca.jpg\" alt=\"\" width=\"550\" height=\"778\" srcset=\"https:\/\/paca.lpo.fr\/blogs\/luberon-monts-de-vaucluse\/files\/2018\/05\/affiche-pain-et-anatides-lpo-paca.jpg 550w, https:\/\/paca.lpo.fr\/blogs\/luberon-monts-de-vaucluse\/files\/2018\/05\/affiche-pain-et-anatides-lpo-paca-339x480.jpg 339w\" sizes=\"auto, (max-width: 550px) 100vw, 550px\" \/><\/p>\n<p><strong>T\u00e9l\u00e9charger l&rsquo;affiche :\u00a0<\/strong><a href=\"https:\/\/paca.lpo.fr\/blogs\/luberon-monts-de-vaucluse\/files\/2018\/05\/affiche-pain-et-anatides-lpo-paca-bd.pdf\" target=\"_blank\" rel=\"noopener noreferrer\">https:\/\/paca.lpo.fr\/blogs\/luberon-monts-de-vaucluse\/files\/2018\/05\/affiche-pain-et-anatides-lpo-paca-bd.pdf<\/a><\/p>\n<p>\u00a0<\/p>\n\n\n\n<h2 class=\"wp-block-heading has-text-align-left\">Constat de mortalit\u00e9 d&rsquo;oiseaux<\/h2>\n\n\n\n<p>Si vous trouvez <strong><em>un ou deux oiseaux morts<\/em><\/strong> pr\u00e8s de vos mangeoires, sans trace de pr\u00e9dation, il s&rsquo;agit probablement d&rsquo;une salmonellose ou une gale v\u00e9hicul\u00e9e par les fientes. Il faut dans ce cas  dans un  premier temps  vider tous les points d&rsquo;eau et de nourriture et arr\u00eater le nourrissage.  Ensuite d\u00e9sinfecter \u00e0 fond la mangeoire et les abreuvoirs avec de l&rsquo;eau de javel peu concentr\u00e9e, rincer abondamment et laisser s\u00e9cher.  <br>Un seul oiseau peut aussi mourir de vieillesse<\/p>\n\n\n\n<p class=\"has-accent-background-color has-background\"> Si  vous trouvez <em><strong>des oiseaux morts en grand nombre<\/strong><\/em>, contacter l&rsquo;OFB de votre d\u00e9partement. <br>Il faut  vraiment s\u2019inqui\u00e9ter s\u2019il y a plusieurs cadavres.<\/p>\n\n\n\n<p class=\"has-vivid-red-color has-luminous-vivid-amber-background-color has-text-color has-background\"> <strong>Attention tant que vous ne savez pas ce qu\u2019il y a, il faut \u00e9viter de manipuler les  cadavres \u00e0 main nue.  <\/strong><\/p>\n\n\n\n<p><\/p>\n","protected":false},"excerpt":{"rendered":"<p>Arr\u00eat\u00e9 du 29 octobre 2009 fixant la liste des oiseaux prot\u00e9g\u00e9s sur l&rsquo;ensemble du territoire et les modalit\u00e9s de leur protection.&nbsp;Version en vigueur au 6 avril 2026. Cliquer ICI Quelques fiches juridiques de la LPO France sur les oiseaux, la chasse, les animaux domestiques, la faune sauvage, la protection des esp\u00e8ces, un serpent dans ma [&hellip;]<\/p>\n","protected":false},"author":103,"featured_media":0,"parent":0,"menu_order":0,"comment_status":"closed","ping_status":"closed","template":"","meta":{"footnotes":""},"class_list":["post-344","page","type-page","status-publish","hentry"],"_links":{"self":[{"href":"https:\/\/paca.lpo.fr\/blogs\/luberon-monts-de-vaucluse\/wp-json\/wp\/v2\/pages\/344","targetHints":{"allow":["GET"]}}],"collection":[{"href":"https:\/\/paca.lpo.fr\/blogs\/luberon-monts-de-vaucluse\/wp-json\/wp\/v2\/pages"}],"about":[{"href":"https:\/\/paca.lpo.fr\/blogs\/luberon-monts-de-vaucluse\/wp-json\/wp\/v2\/types\/page"}],"author":[{"embeddable":true,"href":"https:\/\/paca.lpo.fr\/blogs\/luberon-monts-de-vaucluse\/wp-json\/wp\/v2\/users\/103"}],"replies":[{"embeddable":true,"href":"https:\/\/paca.lpo.fr\/blogs\/luberon-monts-de-vaucluse\/wp-json\/wp\/v2\/comments?post=344"}],"version-history":[{"count":4,"href":"https:\/\/paca.lpo.fr\/blogs\/luberon-monts-de-vaucluse\/wp-json\/wp\/v2\/pages\/344\/revisions"}],"predecessor-version":[{"id":4272,"href":"https:\/\/paca.lpo.fr\/blogs\/luberon-monts-de-vaucluse\/wp-json\/wp\/v2\/pages\/344\/revisions\/4272"}],"wp:attachment":[{"href":"https:\/\/paca.lpo.fr\/blogs\/luberon-monts-de-vaucluse\/wp-json\/wp\/v2\/media?parent=344"}],"curies":[{"name":"wp","href":"https:\/\/api.w.org\/{rel}","templated":true}]}}