{"id":95,"date":"2015-04-16T22:43:15","date_gmt":"2015-04-16T21:43:15","guid":{"rendered":"http:\/\/paca.lpo.fr\/blogs\/luberon-monts-de-vaucluse\/?page_id=95"},"modified":"2026-01-16T14:31:50","modified_gmt":"2026-01-16T13:31:50","slug":"rendez-vous","status":"publish","type":"page","link":"https:\/\/paca.lpo.fr\/blogs\/luberon-monts-de-vaucluse\/agenda\/rendez-vous\/","title":{"rendered":"Rendez-vous"},"content":{"rendered":"<h3 style=\"text-align: center\"><span style=\"color: #993366\"><strong>Prochaines animations et sorties naturalistes du groupe local \u00ab\u00a0Luberon &#8211; Monts de Vaucluse\u00a0\u00bb<\/strong><\/span><\/h3>\n<p>Pour le d\u00e9tail des sorties nature du GL LMV, se reporter \u00e0 <a href=\"http:\/\/paca.lpo.fr\/sorties-nature\/agenda\" target=\"_blank\" rel=\"noopener noreferrer\">l&rsquo;agenda en ligne des sorties nature\u00a0 de la LPO PACA.<\/a> Ou n&rsquo;h\u00e9sitez pas \u00e0 cliquer sur les liens en bleu.<\/p>\n<h3 style=\"text-align: center\">2026<\/h3>\n<ul>\n<li><strong>Dimanche 18 janvier 2026.<\/strong> Comptage Wetlands.<\/li>\n<li><strong>Lundi 19 janvier 2026.<\/strong> A 18h30, r\u00e9union mensuelle du GL LMV \u00e0 Maubec. <a href=\"https:\/\/paca.lpo.fr\/blogs\/luberon-monts-de-vaucluse\/groupe-local-luberon-monts-de-vaucluse\/\" target=\"_blank\" rel=\"noopener\">Plan d&rsquo;acc\u00e8s ICI<\/a><\/li>\n<li><strong>Samedi 24 janvier 2026.<\/strong> Sortie \u00e0 l&rsquo;\u00e9tang de Berre.\u00a0<a href=\"https:\/\/paca.lpo.fr\/sorties-nature\/agenda\/fiche\/18893-les-richesses-de-letang-de-berre\">D\u00e9tails ICI<\/a><\/li>\n<li><strong>Samedi 24 et Dimanche 25 janvier 2026.<\/strong> Comptage national des oiseaux des jardins. <a href=\"https:\/\/www.oiseauxdesjardins.fr\/index.php?m_id=19&amp;#S63;\">D\u00e9tails ICI<\/a><\/li>\n<li><strong>Dimanche 8 f\u00e9vrier 2026.<\/strong> Journ\u00e9e Mondiale des Zones Humides. Dans ce cadre, apr\u00e8s-midi d&rsquo;observation \u00e0 l&rsquo;observatoire ornithologique de M\u00e9rindol.\u00a0<a href=\"https:\/\/paca.lpo.fr\/sorties-nature\/agenda\/18925-observation-des-oiseaux-en-durance?thanks=sorties_nature\">D\u00e9tails ICI<\/a><\/li>\n<li><strong>Lundi 16 f\u00e9vrier 2026.<\/strong> A 18h30, r\u00e9union mensuelle du GL LMV \u00e0 Maubec. <a href=\"https:\/\/paca.lpo.fr\/blogs\/luberon-monts-de-vaucluse\/groupe-local-luberon-monts-de-vaucluse\/\" target=\"_blank\" rel=\"noopener\">Plan d&rsquo;acc\u00e8s ICI<\/a><\/li>\n<li><strong>Samedi 21 f\u00e9vrier 2026.<\/strong> Sortie \u00e0 Monieux et dans les gorges de la Nesque.\u00a0<a href=\"https:\/\/paca.lpo.fr\/sorties-nature\/agenda\/fiche\/18913-les-oiseaux-de-la-nesque\">D\u00e9tails ICI<\/a><\/li>\n<\/ul>\n<div style=\"font-size: small;text-decoration: none;font-family: 'Calibri';font-weight: normal;color: #000000;font-style: normal\"><\/div>\n","protected":false},"excerpt":{"rendered":"<p>Prochaines animations et sorties naturalistes du groupe local \u00ab\u00a0Luberon &#8211; Monts de Vaucluse\u00a0\u00bb Pour le d\u00e9tail des sorties nature du GL LMV, se reporter \u00e0 l&rsquo;agenda en ligne des sorties nature\u00a0 de la LPO PACA. Ou n&rsquo;h\u00e9sitez pas \u00e0 cliquer sur les liens en bleu. 2026 Dimanche 18 janvier 2026. Comptage Wetlands. Lundi 19 janvier [&hellip;]<\/p>\n","protected":false},"author":103,"featured_media":0,"parent":15,"menu_order":0,"comment_status":"closed","ping_status":"closed","template":"","meta":{"footnotes":""},"class_list":["post-95","page","type-page","status-publish","hentry"],"_links":{"self":[{"href":"https:\/\/paca.lpo.fr\/blogs\/luberon-monts-de-vaucluse\/wp-json\/wp\/v2\/pages\/95","targetHints":{"allow":["GET"]}}],"collection":[{"href":"https:\/\/paca.lpo.fr\/blogs\/luberon-monts-de-vaucluse\/wp-json\/wp\/v2\/pages"}],"about":[{"href":"https:\/\/paca.lpo.fr\/blogs\/luberon-monts-de-vaucluse\/wp-json\/wp\/v2\/types\/page"}],"author":[{"embeddable":true,"href":"https:\/\/paca.lpo.fr\/blogs\/luberon-monts-de-vaucluse\/wp-json\/wp\/v2\/users\/103"}],"replies":[{"embeddable":true,"href":"https:\/\/paca.lpo.fr\/blogs\/luberon-monts-de-vaucluse\/wp-json\/wp\/v2\/comments?post=95"}],"version-history":[{"count":3,"href":"https:\/\/paca.lpo.fr\/blogs\/luberon-monts-de-vaucluse\/wp-json\/wp\/v2\/pages\/95\/revisions"}],"predecessor-version":[{"id":4133,"href":"https:\/\/paca.lpo.fr\/blogs\/luberon-monts-de-vaucluse\/wp-json\/wp\/v2\/pages\/95\/revisions\/4133"}],"up":[{"embeddable":true,"href":"https:\/\/paca.lpo.fr\/blogs\/luberon-monts-de-vaucluse\/wp-json\/wp\/v2\/pages\/15"}],"wp:attachment":[{"href":"https:\/\/paca.lpo.fr\/blogs\/luberon-monts-de-vaucluse\/wp-json\/wp\/v2\/media?parent=95"}],"curies":[{"name":"wp","href":"https:\/\/api.w.org\/{rel}","templated":true}]}}