{"id":138,"date":"2015-11-27T09:03:31","date_gmt":"2015-11-27T08:03:31","guid":{"rendered":"http:\/\/paca.lpo.fr\/blogs\/marseille\/?page_id=138"},"modified":"2025-10-19T13:57:25","modified_gmt":"2025-10-19T12:57:25","slug":"agenda","status":"publish","type":"page","link":"https:\/\/paca.lpo.fr\/blogs\/marseille\/agenda\/","title":{"rendered":"Agenda des r\u00e9unions et sorties"},"content":{"rendered":"\n<h3 class=\"wp-block-heading\" id=\"agenda-des-reunions\"><strong>Agenda des r\u00e9unions<\/strong><\/h3>\n\n\n\n<h5 class=\"wp-block-heading\" id=\"calendrier-2021\">Calendrier 2025<\/h5>\n\n\n\n<p class=\"has-text-align-center\"><strong>Les r\u00e9unions mensuelles se d\u00e9roulent tous les troisi\u00e8mes jeudis du mois au Mus\u00e9um d&rsquo;Histoire Naturelle<\/strong> <strong>de Marseille (Parc Longchamp), de 18h \u00e0 20h<\/strong>.<\/p>\n\n\n\n<p>Se pr\u00e9senter \u00e0 l&rsquo;entr\u00e9e du mus\u00e9e et s&rsquo;annoncer au gardien.<\/p>\n\n\n\n<p>Descendre les escaliers sur la droite une fois \u00e0 l&rsquo;int\u00e9rieur.<\/p>\n\n\n\n<p><strong>Essayez d&rsquo;arriver \u00e0 l&rsquo;heure, \u00e0 18h45 l&rsquo;acc\u00e8s au Palais Longchamp est ferm\u00e9<\/strong>.<\/p>\n\n\n\n<p>Palais Longchamp, <a rel=\"noreferrer noopener\" href=\"https:\/\/www.google.com\/maps\/search\/Rue+Esp%C3%A9randieu,+13004+Marseille?entry=gmail&amp;source=g\" target=\"_blank\">Rue Esp\u00e9randieu, 13004 Marseille<\/a><\/p>\n\n\n\n<p>M\u00e9tro : Ligne 1 &#8211; station Cinq-Avenues Longchamp<br>Tramway : ligne 2 &#8211; arr\u00eat Longchamp Bus : 6, 7, 42, 81.<\/p>\n\n\n\n<p class=\"has-text-align-center\">Pour s&rsquo;inscrire dans le groupe si vous ne pouvez pas venir aux r\u00e9unions, vous pouvez envoyer une demande ici : <a href=\"mailto:marseille@lpo.fr\">marseille@lpo.fr<\/a><\/p>\n\n\n\n<figure class=\"wp-block-table\"><table><tbody><tr><td>jeudi 20 novembre 2025<\/td><td><span style=\"color: #333399\">R\u00e9union mensuelle<\/span><\/td><\/tr><tr><td>jeudi 18 d\u00e9cembre 2025<\/td><td><span style=\"color: #333399\">R\u00e9union mensuelle<\/span><\/td><\/tr><tr><td>jeudi 15 janvier 2026<\/td><td><span style=\"color: #333399\">R\u00e9union mensuelle<\/span><\/td><\/tr><\/tbody><\/table><\/figure>\n\n\n\n<p>&nbsp;<\/p>\n<h2 style=\"text-align: center\"><strong>Agenda des sorties<br><\/strong><\/h2>\n<h3 style=\"text-align: center\"><strong>Sorties ouvertes au public<br><\/strong><\/h3>\n<p>Des sorties Junior sont organis\u00e9es r\u00e9guli\u00e8rement pour faire d\u00e9couvrir notre environnement \u00e0 nos plus jeunes. Afin d&rsquo;assurer un minimum de discr\u00e9tion et le bon d\u00e9roul\u00e9 de la balade, nous limitons le nombre de participants.<\/p>\n<p>Selon la disponibilit\u00e9s des organisateurs les sorties sont planifi\u00e9es au minimum deux semaines avant la date fix\u00e9e.<\/p>\n<p>Pour s&rsquo;inscrire, merci d&rsquo;envoyer un message via notre <a href=\"http:\/\/paca.lpo.fr\/blogs\/marseille\/contacts\/\">formulaire de contact<\/a>.<\/p>\n\n\n\n<div class=\"wp-block-columns is-layout-flex wp-container-core-columns-is-layout-9d6595d7 wp-block-columns-is-layout-flex\">\n<div class=\"wp-block-column is-layout-flow wp-block-column-is-layout-flow\" style=\"flex-basis:100%\">\n<p>&nbsp;<\/p>\n<h3 style=\"text-align: center\"><strong>Sorties r\u00e9serv\u00e9es aux membres du groupe<\/strong><\/h3>\n<h4 style=\"text-align: center\"><strong>&nbsp;<\/strong><\/h4>\n<p>Le groupe LPO Marseille organise au moins une sortie mensuelle mais selon la p\u00e9riode de l&rsquo;ann\u00e9e le programme peut-\u00eatre plus dense, si vous souhaitez en savoir plus rejoignez-nous.<\/p>\n<p>Selon la disponibilit\u00e9 des encadrants, les organisations des sorties du groupe se feront au fil de l&rsquo;eau en fonction des pr\u00e9visions m\u00e9t\u00e9orologiques du jour.<\/p>\n<p>Afin d&rsquo;assurer un minimum de discr\u00e9tion et le bon d\u00e9roul\u00e9 de la balade, nous limitons le nombre de participants. Pour s&rsquo;inscrire, merci d&rsquo;envoyer un message via notre <a href=\"http:\/\/paca.lpo.fr\/blogs\/marseille\/contacts\/\">formulaire de contact<\/a>.<\/p>\n<p><img loading=\"lazy\" decoding=\"async\" class=\"size-medium wp-image-656\" src=\"http:\/\/paca.lpo.fr\/blogs\/marseille\/files\/2018\/02\/img-66982-480x360.jpg\" alt=\"\" width=\"480\" height=\"360\" srcset=\"https:\/\/paca.lpo.fr\/blogs\/marseille\/files\/2018\/02\/img-66982-480x360.jpg 480w, https:\/\/paca.lpo.fr\/blogs\/marseille\/files\/2018\/02\/img-66982-768x576.jpg 768w, https:\/\/paca.lpo.fr\/blogs\/marseille\/files\/2018\/02\/img-66982-960x720.jpg 960w, https:\/\/paca.lpo.fr\/blogs\/marseille\/files\/2018\/02\/img-66982-700x525.jpg 700w, https:\/\/paca.lpo.fr\/blogs\/marseille\/files\/2018\/02\/img-66982.jpg 1024w\" sizes=\"auto, (max-width: 480px) 100vw, 480px\" \/><\/p>\n<p>\u00a9 M\u00e9lanie Le Bournot<\/p>\n\n\n\n<div style=\"height:67px\" aria-hidden=\"true\" class=\"wp-block-spacer\"><\/div>\n\n\n\n<p class=\"has-drop-cap has-text-align-left has-accent-color has-text-color\" style=\"font-size:24px\"> Week-end Naturaliste 2023<\/p>\n\n\n\n<p><\/p>\n\n\n\n<p>Cette ann\u00e9e le groupe Marseille se lance dans des s\u00e9jours naturalistes sur plusieurs jours.<\/p>\n\n\n\n<p>Le premier se d\u00e9roulera du 26 au 29 Mai au sein de la r\u00e9serve des hauts plateaux du Vercors, pour d\u00e9couvrir la faune de montagne. (12 participants et 2 encadrants)<\/p>\n<\/div>\n<\/div>\n","protected":false},"excerpt":{"rendered":"<p>Agenda des r\u00e9unions Calendrier 2025 Les r\u00e9unions mensuelles se d\u00e9roulent tous les troisi\u00e8mes jeudis du mois au Mus\u00e9um d&rsquo;Histoire Naturelle de Marseille (Parc Longchamp), de 18h \u00e0 20h. Se pr\u00e9senter \u00e0 l&rsquo;entr\u00e9e du mus\u00e9e et s&rsquo;annoncer au gardien. Descendre les escaliers sur la droite une fois \u00e0 l&rsquo;int\u00e9rieur. Essayez d&rsquo;arriver \u00e0 l&rsquo;heure, \u00e0 18h45 l&rsquo;acc\u00e8s [&hellip;]<\/p>\n","protected":false},"author":3,"featured_media":0,"parent":0,"menu_order":0,"comment_status":"closed","ping_status":"closed","template":"","meta":{"footnotes":""},"class_list":["post-138","page","type-page","status-publish","hentry"],"_links":{"self":[{"href":"https:\/\/paca.lpo.fr\/blogs\/marseille\/wp-json\/wp\/v2\/pages\/138","targetHints":{"allow":["GET"]}}],"collection":[{"href":"https:\/\/paca.lpo.fr\/blogs\/marseille\/wp-json\/wp\/v2\/pages"}],"about":[{"href":"https:\/\/paca.lpo.fr\/blogs\/marseille\/wp-json\/wp\/v2\/types\/page"}],"author":[{"embeddable":true,"href":"https:\/\/paca.lpo.fr\/blogs\/marseille\/wp-json\/wp\/v2\/users\/3"}],"replies":[{"embeddable":true,"href":"https:\/\/paca.lpo.fr\/blogs\/marseille\/wp-json\/wp\/v2\/comments?post=138"}],"version-history":[{"count":3,"href":"https:\/\/paca.lpo.fr\/blogs\/marseille\/wp-json\/wp\/v2\/pages\/138\/revisions"}],"predecessor-version":[{"id":2505,"href":"https:\/\/paca.lpo.fr\/blogs\/marseille\/wp-json\/wp\/v2\/pages\/138\/revisions\/2505"}],"wp:attachment":[{"href":"https:\/\/paca.lpo.fr\/blogs\/marseille\/wp-json\/wp\/v2\/media?parent=138"}],"curies":[{"name":"wp","href":"https:\/\/api.w.org\/{rel}","templated":true}]}}