{"id":8,"date":"2012-05-16T09:53:05","date_gmt":"2012-05-16T08:53:05","guid":{"rendered":"http:\/\/paca.lpo.fr\/blogs\/marseille\/?page_id=2"},"modified":"2025-04-05T09:41:28","modified_gmt":"2025-04-05T08:41:28","slug":"presentation","status":"publish","type":"page","link":"https:\/\/paca.lpo.fr\/blogs\/marseille\/presentation\/","title":{"rendered":"Groupe Local Marseille"},"content":{"rendered":"\n<p><em>Vous pouvez retrouver nos articles par th\u00e8mes ici :<\/em> <a href=\"https:\/\/paca.lpo.fr\/blogs\/marseille\/categories\/\">Cat\u00e9gories<\/a> <em>(sorties \u00e0 Marseille, hors Marseille, actions du groupe, prospections&#8230;)<\/em><\/p>\n\n\n\n<p>Malgr\u00e9 son urbanisation importante, Marseille rec\u00e8le une biodiversit\u00e9 insoup\u00e7onn\u00e9e, via le Parc National des Calanques ou encore le massif de l\u2019\u00c9toile, mais \u00e9galement en son c\u0153ur de ville. On trouve de nombreuses esp\u00e8ces d\u2019oiseaux urbanophiles qu\u2019il est important de pr\u00e9server, comme la Chev\u00eache d\u2019Athena ou les Martinets noirs.<\/p>\n\n\n\n<p>Le groupe local LPO PACA de Marseille a revu le jour \u00e0 l\u2019automne 2014, et a connu un d\u00e9veloppement croissant depuis. Aujourd\u2019hui, le groupe compte de plus en plus de membres.<\/p>\n\n\n\n<p>Nous aimons la nature et nous aimons la faire d\u00e9couvrir aux autres. Alors, si vous \u00eates comme nous, rejoignons-nous !<\/p>\n\n\n\n<p><strong>Comment vous impliquer au sein du groupe en 2025 ?<\/strong><\/p>\n\n\n\n<p>Plusieurs sujets font l\u2019actualit\u00e9 du groupe local, autant de dossiers dans lesquels nous vous invitons \u00e0 vous investir&nbsp;:<\/p>\n\n\n\n<p><strong>Le P\u00f4le \u00ab&nbsp;Chev\u00eache&nbsp;\u00bb<\/strong> recense les individus nicheurs de cette esp\u00e8ce discr\u00e8te et m\u00e9connue, bien que pr\u00e9sente sur Marseille toute l\u2019ann\u00e9e, afin de la mettre en valeur et de la prot\u00e9ger.<\/p>\n\n\n\n<p><strong>Le P\u00f4le \u00ab&nbsp;Martinets&nbsp;\u00bb<\/strong> fait l\u2019inventaire des colonies des \u00ab voltigeurs de l\u2019\u00e9t\u00e9 \u00bb, qui nichent dans les b\u00e2timents du centre de Marseille et sont menac\u00e9s par les ravalements de fa\u00e7ade. Voir <a href=\"https:\/\/paca.lpo.fr\/blogs\/marseille\/2024\/05\/30\/prospectus-et-affiche-martinets-sur-marseille\/\">Prospectus et affiche Martinets sur Marseille<\/a><\/p>\n\n\n\n<p><strong>Des inventaires naturalistes<\/strong> ponctuels sont \u00e9galement effectu\u00e9s, sur demande d\u2019associations par exemple, et pour rendre compte de la biodiversit\u00e9 de certains sites.<\/p>\n\n\n\n<p><strong>Des animations aupr\u00e8s des scolaires<\/strong> (\u00e9coles, coll\u00e8ges, lyc\u00e9es), ainsi que sur des salons d\u2019informations sont r\u00e9alis\u00e9es r\u00e9guli\u00e8rement.<\/p>\n\n\n\n<p>En lien avec l\u2019\u00e9quipe salari\u00e9e de la LPO PACA,<strong> des \u00ab refuges LPO \u00bb<\/strong> sont mis en place dans les espaces verts et les jardins d\u2019\u00e9tablissements, ou chez des particuliers engag\u00e9s pour la biodiversit\u00e9.<\/p>\n\n\n\n<p><strong>Nous organisons \u00e9galement des sorties pour les membres du groupe et parfois pour les enfants (sorties \u00ab juniors \u00bb). <\/strong>Les membres sont libres de proposer des sorties. Vous pourrez retrouver sur ce blog les comptes-rendus de nombreuses sorties pr\u00e9c\u00e9dentes.<strong><br><\/strong><\/p>\n\n\n\n<p>Vous trouverez les dates de nos sorties et de nos r\u00e9unions en cliquant sur l&rsquo;onglet <a href=\"http:\/\/paca.lpo.fr\/blogs\/marseille\/agenda\/\">Agenda des r\u00e9unions et sorties<\/a>, sur notre <a href=\"https:\/\/www.facebook.com\/lpogroupelocalmarseille\/\">facebook<\/a>, ou (de mani\u00e8re plus s\u00fbre !) en vous inscrivant au groupe via une demande ici : <a href=\"mailto:marseille@lpo.fr\">marseille@lpo.fr<\/a> (pr\u00e9cisez ce que vous voudriez faire ;)).<\/p>\n\n\n\n<p>Les articles du blog sont visibles sur la page d&rsquo;<a href=\"http:\/\/paca.lpo.fr\/blogs\/marseille\/\">Accueil<\/a> du groupe.<\/p>\n\n\n\n<p>Vous trouverez des informations concernant les animaux trouv\u00e9s en d\u00e9tresse dans notre page <a href=\"http:\/\/paca.lpo.fr\/blogs\/marseille\/contacts\/\">contact<\/a>.<\/p>\n\n\n\n<p>\u00c0 bient\u00f4t<\/p>\n\n\n\n<figure class=\"wp-block-image size-large\"><img loading=\"lazy\" decoding=\"async\" width=\"960\" height=\"640\" src=\"http:\/\/paca.lpo.fr\/blogs\/marseille\/files\/2019\/05\/groupe2-960x640.jpg\" alt=\"\" class=\"wp-image-887\" srcset=\"https:\/\/paca.lpo.fr\/blogs\/marseille\/files\/2019\/05\/groupe2-960x640.jpg 960w, https:\/\/paca.lpo.fr\/blogs\/marseille\/files\/2019\/05\/groupe2-480x320.jpg 480w, https:\/\/paca.lpo.fr\/blogs\/marseille\/files\/2019\/05\/groupe2-768x512.jpg 768w, https:\/\/paca.lpo.fr\/blogs\/marseille\/files\/2019\/05\/groupe2-700x467.jpg 700w, https:\/\/paca.lpo.fr\/blogs\/marseille\/files\/2019\/05\/groupe2.jpg 1024w\" sizes=\"auto, (max-width: 960px) 100vw, 960px\" \/><\/figure>\n","protected":false},"excerpt":{"rendered":"<p>Vous pouvez retrouver nos articles par th\u00e8mes ici : Cat\u00e9gories (sorties \u00e0 Marseille, hors Marseille, actions du groupe, prospections&#8230;) Malgr\u00e9 son urbanisation importante, Marseille rec\u00e8le une biodiversit\u00e9 insoup\u00e7onn\u00e9e, via le Parc National des Calanques ou encore le massif de l\u2019\u00c9toile, mais \u00e9galement en son c\u0153ur de ville. On trouve de nombreuses esp\u00e8ces d\u2019oiseaux urbanophiles qu\u2019il [&hellip;]<\/p>\n","protected":false},"author":1,"featured_media":0,"parent":0,"menu_order":1,"comment_status":"closed","ping_status":"closed","template":"","meta":{"footnotes":""},"class_list":["post-8","page","type-page","status-publish","hentry"],"_links":{"self":[{"href":"https:\/\/paca.lpo.fr\/blogs\/marseille\/wp-json\/wp\/v2\/pages\/8","targetHints":{"allow":["GET"]}}],"collection":[{"href":"https:\/\/paca.lpo.fr\/blogs\/marseille\/wp-json\/wp\/v2\/pages"}],"about":[{"href":"https:\/\/paca.lpo.fr\/blogs\/marseille\/wp-json\/wp\/v2\/types\/page"}],"author":[{"embeddable":true,"href":"https:\/\/paca.lpo.fr\/blogs\/marseille\/wp-json\/wp\/v2\/users\/1"}],"replies":[{"embeddable":true,"href":"https:\/\/paca.lpo.fr\/blogs\/marseille\/wp-json\/wp\/v2\/comments?post=8"}],"version-history":[{"count":4,"href":"https:\/\/paca.lpo.fr\/blogs\/marseille\/wp-json\/wp\/v2\/pages\/8\/revisions"}],"predecessor-version":[{"id":2463,"href":"https:\/\/paca.lpo.fr\/blogs\/marseille\/wp-json\/wp\/v2\/pages\/8\/revisions\/2463"}],"wp:attachment":[{"href":"https:\/\/paca.lpo.fr\/blogs\/marseille\/wp-json\/wp\/v2\/media?parent=8"}],"curies":[{"name":"wp","href":"https:\/\/api.w.org\/{rel}","templated":true}]}}