{"id":21,"date":"2022-02-15T14:28:56","date_gmt":"2022-02-15T13:28:56","guid":{"rendered":"http:\/\/paca.lpo.fr\/blogs\/nature-en-ville\/?page_id=21"},"modified":"2022-02-15T14:38:21","modified_gmt":"2022-02-15T13:38:21","slug":"la-nature-en-ville-disparait-ensemble-agissons","status":"publish","type":"page","link":"https:\/\/paca.lpo.fr\/blogs\/nature-en-ville\/la-nature-en-ville-disparait-ensemble-agissons\/","title":{"rendered":"La Nature en ville dispara\u00eet, ensemble agissons !"},"content":{"rendered":"\n<p>La ville a longtemps \u00e9t\u00e9 un refuge pour certaines esp\u00e8ces y trouvant g\u00eete et couvert, aujourd\u2019hui il est av\u00e9r\u00e9 que la biodiversit\u00e9 dans sa globalit\u00e9 est en d\u00e9clin, m\u00eame en milieu urbain.<\/p>\n\n\n\n<p><strong>L\u2019urbanisation croissante :<\/strong>&nbsp;85% de la population fran\u00e7aise vit dans une aire urbaine, consomme pr\u00e8s de 70&nbsp;000 hectares par an d\u2019espaces naturels et agricoles et la prise en compte de la biodiversit\u00e9 est rarement une priorit\u00e9 dans l\u2019am\u00e9nagement des espaces urbains.<\/p>\n\n\n\n<p>C\u2019est pourquoi la LPO intervient aupr\u00e8s des am\u00e9nageurs dans le cadre de ses\u00a0<a href=\"https:\/\/paca.lpo.fr\/association-protection-nature-lpo-paca\/refuges-lpo\">programmes Refuges<\/a>\u00a0et\u00a0<a rel=\"noreferrer noopener\" href=\"http:\/\/www.biodiversiteetbati.fr\/\" target=\"_blank\">U2B<\/a>\u00a0(Urbanisme, B\u00e2ti, Biodiversit\u00e9). La LPO a acquis une r\u00e9elle expertise pour faire revenir la biodiversit\u00e9 en ville.<\/p>\n\n\n\n<p>Retrouvez sur ce blog nos exp\u00e9riences de prise en compte de la biodiversit\u00e9 en ville au travers de t\u00e9moignages ou reportages d&rsquo;actualit\u00e9s en r\u00e9gion Provence-Alpes-C\u00f4te d &lsquo;Azur.<\/p>\n\n\n\n<p>Rendez-vous sur notre site Internet en lien ci-dessous pour toute information compl\u00e9mentaire sur les programmes Refuges LPO et U2B de la LPO.<\/p>\n\n\n\n<div class=\"wp-block-buttons is-layout-flex wp-block-buttons-is-layout-flex\">\n<div class=\"wp-block-button aligncenter\"><a class=\"wp-block-button__link\" href=\"\" target=\"_blank\" rel=\"noreferrer noopener\">Biodiversit\u00e9 et patrimone b\u00e2ti<\/a><\/div>\n<\/div>\n","protected":false},"excerpt":{"rendered":"<p>La ville a longtemps \u00e9t\u00e9 un refuge pour certaines esp\u00e8ces y trouvant g\u00eete et couvert, aujourd\u2019hui il est av\u00e9r\u00e9 que la biodiversit\u00e9 dans sa globalit\u00e9 est en d\u00e9clin, m\u00eame en milieu urbain. L\u2019urbanisation croissante :&nbsp;85% de la population fran\u00e7aise vit dans une aire urbaine, consomme pr\u00e8s de 70&nbsp;000 hectares par an d\u2019espaces naturels et agricoles [&hellip;]<\/p>\n","protected":false},"author":3,"featured_media":0,"parent":0,"menu_order":0,"comment_status":"closed","ping_status":"closed","template":"","meta":{"footnotes":""},"class_list":["post-21","page","type-page","status-publish","hentry"],"_links":{"self":[{"href":"https:\/\/paca.lpo.fr\/blogs\/nature-en-ville\/wp-json\/wp\/v2\/pages\/21","targetHints":{"allow":["GET"]}}],"collection":[{"href":"https:\/\/paca.lpo.fr\/blogs\/nature-en-ville\/wp-json\/wp\/v2\/pages"}],"about":[{"href":"https:\/\/paca.lpo.fr\/blogs\/nature-en-ville\/wp-json\/wp\/v2\/types\/page"}],"author":[{"embeddable":true,"href":"https:\/\/paca.lpo.fr\/blogs\/nature-en-ville\/wp-json\/wp\/v2\/users\/3"}],"replies":[{"embeddable":true,"href":"https:\/\/paca.lpo.fr\/blogs\/nature-en-ville\/wp-json\/wp\/v2\/comments?post=21"}],"version-history":[{"count":3,"href":"https:\/\/paca.lpo.fr\/blogs\/nature-en-ville\/wp-json\/wp\/v2\/pages\/21\/revisions"}],"predecessor-version":[{"id":29,"href":"https:\/\/paca.lpo.fr\/blogs\/nature-en-ville\/wp-json\/wp\/v2\/pages\/21\/revisions\/29"}],"wp:attachment":[{"href":"https:\/\/paca.lpo.fr\/blogs\/nature-en-ville\/wp-json\/wp\/v2\/media?parent=21"}],"curies":[{"name":"wp","href":"https:\/\/api.w.org\/{rel}","templated":true}]}}