{"id":1817,"date":"2017-06-22T16:29:00","date_gmt":"2017-06-22T15:29:00","guid":{"rendered":"https:\/\/paca.lpo.fr\/blogs\/nice\/?page_id=1817"},"modified":"2021-08-16T07:40:54","modified_gmt":"2021-08-16T06:40:54","slug":"vous-avez-trouve-un-oiseau-en-detresse-un-oisillon-un-petit-mammifere-blesse","status":"publish","type":"page","link":"https:\/\/paca.lpo.fr\/blogs\/nice\/vous-avez-trouve-un-oiseau-en-detresse-un-oisillon-un-petit-mammifere-blesse\/","title":{"rendered":"Que faire si vous trouvez un animal sauvage en d\u00e9tresse"},"content":{"rendered":"\n<p class=\"has-text-align-left\"><strong>Vous avez trouv\u00e9 un animal sauvage et il semble en difficult\u00e9. Avant de contacter la LPO, merci de consulter nos fiches conseils<\/strong>&nbsp; : <a href=\"https:\/\/paca.lpo.fr\/soins-animaux\/conseiller\/fiches-conseils\">https:\/\/paca.lpo.fr\/soins-animaux\/conseiller\/fiches-conseils<\/a><\/p>\n\n\n\n<p>Elles vous apporteront les conseils et informations indispensables sur les premiers gestes, ce qu&rsquo;il faut faire et ce qu&rsquo;il ne faut surtout pas faire. <\/p>\n\n\n\n<p>APRES AVOIR CONSULTE NOS FICHES CONSEILS\u00a0vous pouvez envoyer un mail\u00a0\u00e0\u00a0<strong>sos.paca@lpo.fr<\/strong> ou <strong>crsfs-paca@lpo.fr<\/strong> ou appeler le\u00a0centre de soins : <strong>nouveau num\u00e9ro : 04 65 09 02 20<\/strong> . Soyez patients, la toute petite \u00e9quipe doit nourrir et soigner les animaux en plus de r\u00e9pondre au t\u00e9l\u00e9phone et au printemps\/\u00e9t\u00e9 il y a un tr\u00e8s grand nombre d&rsquo;appels. Un mail avec une photo de l&rsquo;animal est plus efficace et fait gagner du temps.<\/p>\n\n\n\n<p>Pour les animaux devant \u00eatre pris en charge vous serez mis en relation avec le b\u00e9n\u00e9vole transporteur le plus proche de chez vous.<\/p>\n\n\n\n<p>A savoir : Le centre r\u00e9gional de sauvegarde de la faune sauvage de la LPO PACA, situ\u00e9 dans la garrigue proven\u00e7ale aride,&nbsp;ne peut pas prendre en charge les go\u00e9lands par manque de structures adapt\u00e9es et de ressources humaines et financi\u00e8res suffisantes. Consultez la fiche conseil sp\u00e9cifique&nbsp;: <a href=\"https:\/\/paca.lpo.fr\/images\/mediatheque\/fichiers\/section_soins_animaux\/conseils\/fiche_conseils_goeland.pdf\">fiche_conseils_goeland.pdf (lpo.fr)<\/a>.<\/p>\n\n\n\n<figure class=\"wp-block-image\"><img loading=\"lazy\" decoding=\"async\" width=\"960\" height=\"608\" src=\"https:\/\/paca.lpo.fr\/blogs\/nice\/files\/2019\/02\/etude-ecureuilroux-lea-arnoldi-crsfs-7-copie-960x608.jpg\" alt=\"\" class=\"wp-image-2543\" srcset=\"https:\/\/paca.lpo.fr\/blogs\/nice\/files\/2019\/02\/etude-ecureuilroux-lea-arnoldi-crsfs-7-copie-960x608.jpg 960w, https:\/\/paca.lpo.fr\/blogs\/nice\/files\/2019\/02\/etude-ecureuilroux-lea-arnoldi-crsfs-7-copie-480x304.jpg 480w, https:\/\/paca.lpo.fr\/blogs\/nice\/files\/2019\/02\/etude-ecureuilroux-lea-arnoldi-crsfs-7-copie-768x486.jpg 768w, https:\/\/paca.lpo.fr\/blogs\/nice\/files\/2019\/02\/etude-ecureuilroux-lea-arnoldi-crsfs-7-copie-700x443.jpg 700w, https:\/\/paca.lpo.fr\/blogs\/nice\/files\/2019\/02\/etude-ecureuilroux-lea-arnoldi-crsfs-7-copie.jpg 982w\" sizes=\"auto, (max-width: 960px) 100vw, 960px\" \/><figcaption>Ecureuil en soins au CRSFS (c) L\u00e9a Arnoldi CRSFS<\/figcaption><\/figure>\n","protected":false},"excerpt":{"rendered":"<p>Vous avez trouv\u00e9 un animal sauvage et il semble en difficult\u00e9. Avant de contacter la LPO, merci de consulter nos fiches conseils&nbsp; : https:\/\/paca.lpo.fr\/soins-animaux\/conseiller\/fiches-conseils Elles vous apporteront les conseils et informations indispensables sur les premiers gestes, ce qu&rsquo;il faut faire et ce qu&rsquo;il ne faut surtout pas faire. APRES AVOIR CONSULTE NOS FICHES CONSEILS\u00a0vous pouvez [&hellip;]<\/p>\n","protected":false},"author":15,"featured_media":0,"parent":0,"menu_order":0,"comment_status":"closed","ping_status":"closed","template":"","meta":{"footnotes":""},"class_list":["post-1817","page","type-page","status-publish","hentry"],"_links":{"self":[{"href":"https:\/\/paca.lpo.fr\/blogs\/nice\/wp-json\/wp\/v2\/pages\/1817","targetHints":{"allow":["GET"]}}],"collection":[{"href":"https:\/\/paca.lpo.fr\/blogs\/nice\/wp-json\/wp\/v2\/pages"}],"about":[{"href":"https:\/\/paca.lpo.fr\/blogs\/nice\/wp-json\/wp\/v2\/types\/page"}],"author":[{"embeddable":true,"href":"https:\/\/paca.lpo.fr\/blogs\/nice\/wp-json\/wp\/v2\/users\/15"}],"replies":[{"embeddable":true,"href":"https:\/\/paca.lpo.fr\/blogs\/nice\/wp-json\/wp\/v2\/comments?post=1817"}],"version-history":[{"count":3,"href":"https:\/\/paca.lpo.fr\/blogs\/nice\/wp-json\/wp\/v2\/pages\/1817\/revisions"}],"predecessor-version":[{"id":3380,"href":"https:\/\/paca.lpo.fr\/blogs\/nice\/wp-json\/wp\/v2\/pages\/1817\/revisions\/3380"}],"wp:attachment":[{"href":"https:\/\/paca.lpo.fr\/blogs\/nice\/wp-json\/wp\/v2\/media?parent=1817"}],"curies":[{"name":"wp","href":"https:\/\/api.w.org\/{rel}","templated":true}]}}