{"id":116,"date":"2022-03-30T14:37:26","date_gmt":"2022-03-30T12:37:26","guid":{"rendered":"https:\/\/paca.lpo.fr\/blogs\/paillon-bevera\/?page_id=116"},"modified":"2026-03-28T00:21:55","modified_gmt":"2026-03-27T23:21:55","slug":"agenda-des-sorties","status":"publish","type":"page","link":"https:\/\/paca.lpo.fr\/blogs\/paillon-bevera\/agenda-des-sorties\/","title":{"rendered":"Agenda des sorties"},"content":{"rendered":"\n<p>Agenda du Groupe Local Vall\u00e9es des Paillons et de la B\u00e9v\u00e9ra pour la p\u00e9riode Avril \u00e0 Juin 2026 en t\u00e9l\u00e9chargement ci-dessous.<\/p>\n\n\n\n<div data-wp-interactive=\"core\/file\" class=\"wp-block-file\"><object data-wp-bind--hidden=\"!state.hasPdfPreview\" hidden class=\"wp-block-file__embed\" data=\"https:\/\/paca.lpo.fr\/blogs\/paillon-bevera\/files\/2026\/03\/agenda2026avril-juin.pdf\" type=\"application\/pdf\" style=\"width:100%;height:600px\" aria-label=\"Contenu embarqu\u00e9 agenda2026avril-juin.\"><\/object><a id=\"wp-block-file--media-6ff7ca4a-0018-4e7a-8b88-0b49c4cdff04\" href=\"https:\/\/paca.lpo.fr\/blogs\/paillon-bevera\/files\/2026\/03\/agenda2026avril-juin.pdf\" target=\"_blank\" rel=\"noreferrer noopener\">agenda2026avril-juin<\/a><a href=\"https:\/\/paca.lpo.fr\/blogs\/paillon-bevera\/files\/2026\/03\/agenda2026avril-juin.pdf\" class=\"wp-block-file__button wp-element-button\" download aria-describedby=\"wp-block-file--media-6ff7ca4a-0018-4e7a-8b88-0b49c4cdff04\">T\u00e9l\u00e9charger<\/a><\/div>\n","protected":false},"excerpt":{"rendered":"<p>Agenda du Groupe Local Vall\u00e9es des Paillons et de la B\u00e9v\u00e9ra pour la p\u00e9riode Avril \u00e0 Juin 2026 en t\u00e9l\u00e9chargement ci-dessous.<\/p>\n","protected":false},"author":15,"featured_media":0,"parent":0,"menu_order":0,"comment_status":"closed","ping_status":"closed","template":"","meta":{"footnotes":""},"class_list":["post-116","page","type-page","status-publish","hentry"],"_links":{"self":[{"href":"https:\/\/paca.lpo.fr\/blogs\/paillon-bevera\/wp-json\/wp\/v2\/pages\/116","targetHints":{"allow":["GET"]}}],"collection":[{"href":"https:\/\/paca.lpo.fr\/blogs\/paillon-bevera\/wp-json\/wp\/v2\/pages"}],"about":[{"href":"https:\/\/paca.lpo.fr\/blogs\/paillon-bevera\/wp-json\/wp\/v2\/types\/page"}],"author":[{"embeddable":true,"href":"https:\/\/paca.lpo.fr\/blogs\/paillon-bevera\/wp-json\/wp\/v2\/users\/15"}],"replies":[{"embeddable":true,"href":"https:\/\/paca.lpo.fr\/blogs\/paillon-bevera\/wp-json\/wp\/v2\/comments?post=116"}],"version-history":[{"count":4,"href":"https:\/\/paca.lpo.fr\/blogs\/paillon-bevera\/wp-json\/wp\/v2\/pages\/116\/revisions"}],"predecessor-version":[{"id":4718,"href":"https:\/\/paca.lpo.fr\/blogs\/paillon-bevera\/wp-json\/wp\/v2\/pages\/116\/revisions\/4718"}],"wp:attachment":[{"href":"https:\/\/paca.lpo.fr\/blogs\/paillon-bevera\/wp-json\/wp\/v2\/media?parent=116"}],"curies":[{"name":"wp","href":"https:\/\/api.w.org\/{rel}","templated":true}]}}