{"id":2,"date":"2022-03-21T10:52:42","date_gmt":"2022-03-21T09:52:42","guid":{"rendered":"https:\/\/paca.lpo.fr\/blogs\/paillon-bevera\/?page_id=2"},"modified":"2024-01-12T02:00:26","modified_gmt":"2024-01-12T01:00:26","slug":"page-d-exemple","status":"publish","type":"page","link":"https:\/\/paca.lpo.fr\/blogs\/paillon-bevera\/page-d-exemple\/","title":{"rendered":"Le Groupe Local Vall\u00e9es des Paillons et B\u00e9v\u00e9ra"},"content":{"rendered":"\n<p>Le Groupe Local LPO PACA&nbsp;\u00ab&nbsp;Paillon-B\u00e9v\u00e9ra&nbsp;\u00bb est compos\u00e9 de b\u00e9n\u00e9voles soucieux de d\u00e9fendre les oiseaux et toute la faune sauvage. Passionn\u00e9s et motiv\u00e9s par la biodiversit\u00e9, nous avons cr\u00e9\u00e9 ce groupe en janvier 2022 dans le secteur des vall\u00e9es des Paillons et de la B\u00e9v\u00e9ra. Les b\u00e9n\u00e9voles se r\u00e9unissent tous les 3\u00e8me samedis du mois \u00e0 L\u2019Escar\u00e8ne pour \u00e9changer et partager les t\u00e2ches afin de prot\u00e9ger, recenser et sensibiliser par des animations, enqu\u00eates naturalistes, et des sorties pour tous dans les Alpes Maritimes.<\/p>\n\n\n\n<p>Si vous avez envie de vous investir en faveur de la protection de l\u2019avifaune et de la biodiversit\u00e9 en g\u00e9n\u00e9ral, de donner de votre temps, rejoignez-nous.<\/p>\n\n\n\n<p>Pour plus d\u2019infos sur nos sorties et nos actions contactez nos b\u00e9n\u00e9voles, qui vous r\u00e9pondront d\u00e8s que possible :<\/p>\n\n\n\n<p class=\"has-text-align-center\"><a href=\"mailto:paillon-bevera@lpo.fr\"><strong>paillon-bevera@lpo.fr<\/strong><\/a><\/p>\n\n\n\n<p class=\"has-text-align-center\"><a href=\"https:\/\/www.facebook.com\/lpo.paca.paillon.bevera\" target=\"_blank\" rel=\"noreferrer noopener\">https:\/\/www.facebook.com\/lpo.paca.paillon.bevera<\/a><\/p>\n\n\n\n<p class=\"has-text-align-center\"><a href=\"https:\/\/www.instagram.com\/lpo.paca.paillon.bevera\/\" target=\"_blank\" rel=\"noreferrer noopener\">https:\/\/www.instagram.com\/lpo.paca.paillon.bevera<\/a><\/p>\n\n\n\n<p class=\"has-text-align-left\"><strong>AUTRES CONTACTS LPO PACA POUR LE<\/strong> <strong>DEPARTEMENT<\/strong><\/p>\n\n\n\n<p><strong>Faune sauvage en d\u00e9tresse&nbsp;:&nbsp;&nbsp; <\/strong><\/p>\n\n\n\n<p>Vous avez trouv\u00e9 un animal sauvage et il semble en difficult\u00e9, merci de consulter nos fiches conseils : <strong><a href=\"https:\/\/paca.lpo.fr\/soins-animaux\/conseiller\/fiches-conseils\">https:\/\/paca.lpo.fr\/soins-animaux\/conseiller\/fiches-conseils<\/a>.&nbsp;<\/strong><\/p>\n\n\n\n<p>Envoyer le plus vite possible une photo de l\u2019animal<strong> <u>par courriel<\/u>&nbsp;: &nbsp;<a href=\"mailto:sos.paca@lpo.fr\">sos.paca@lpo.fr<\/a>&nbsp;ou&nbsp;<a href=\"mailto:crsfs-paca@lpo.fr\">crsfs-paca@lpo.fr<\/a><\/strong><\/p>\n\n\n\n<p><strong>Important\u00a0:\u00a0<\/strong>seul le personnel du <u>Centre R\u00e9gional de Sauvegarde de la Faune Sauvage<\/u> de la LPO PACA est form\u00e9 aux urgences faune sauvage et pourra vous conseiller. <u>Pour les animaux devant \u00eatre pris en charge vous serez mis en contact avec un b\u00e9n\u00e9vole form\u00e9 \u00e0 la manipulation proche de chez vous<\/u>.<\/p>\n\n\n\n<p>Num\u00e9ro de t\u00e9l\u00e9phone : 04 65 09 02 20 (tous d\u00e9partements PACA). Attention la ligne est souvent satur\u00e9e en \u00e9t\u00e9 et sujette \u00e0 des d\u00e9faillances de r\u00e9seau.<\/p>\n\n\n\n<p><strong>Antenne de Vence\u00a0<\/strong>&#8211; Villa Berthe, 51 avenue des Alli\u00e9s<\/p>\n\n\n\n<p><a href=\"mailto:alpes-maritimes@lpo.fr\"><strong>alpes-maritimes@lpo.fr<\/strong><\/a><\/p>\n\n\n\n<p>T\u00e9l\u00e9phone&nbsp;: 04 93 58 63 85 (HB)<\/p>\n\n\n\n<p><strong>Antenne de Puget Th\u00e9niers<\/strong> &#8211; Villa Marie, 8 Place De Gaulle<\/p>\n\n\n\n<p><a href=\"mailto:alpes-maritimes@lpo.fr\"><strong>alpes-maritimes@lpo.fr<\/strong><\/a><\/p>\n\n\n\n<p>T\u00e9l\u00e9phone&nbsp;: 04 89 29 72 71 (HB)<\/p>\n","protected":false},"excerpt":{"rendered":"<p>Le Groupe Local LPO PACA&nbsp;\u00ab&nbsp;Paillon-B\u00e9v\u00e9ra&nbsp;\u00bb est compos\u00e9 de b\u00e9n\u00e9voles soucieux de d\u00e9fendre les oiseaux et toute la faune sauvage. Passionn\u00e9s et motiv\u00e9s par la biodiversit\u00e9, nous avons cr\u00e9\u00e9 ce groupe en janvier 2022 dans le secteur des vall\u00e9es des Paillons et de la B\u00e9v\u00e9ra. Les b\u00e9n\u00e9voles se r\u00e9unissent tous les 3\u00e8me samedis du mois \u00e0 [&hellip;]<\/p>\n","protected":false},"author":1,"featured_media":0,"parent":0,"menu_order":0,"comment_status":"closed","ping_status":"open","template":"","meta":{"footnotes":""},"class_list":["post-2","page","type-page","status-publish","hentry"],"_links":{"self":[{"href":"https:\/\/paca.lpo.fr\/blogs\/paillon-bevera\/wp-json\/wp\/v2\/pages\/2","targetHints":{"allow":["GET"]}}],"collection":[{"href":"https:\/\/paca.lpo.fr\/blogs\/paillon-bevera\/wp-json\/wp\/v2\/pages"}],"about":[{"href":"https:\/\/paca.lpo.fr\/blogs\/paillon-bevera\/wp-json\/wp\/v2\/types\/page"}],"author":[{"embeddable":true,"href":"https:\/\/paca.lpo.fr\/blogs\/paillon-bevera\/wp-json\/wp\/v2\/users\/1"}],"replies":[{"embeddable":true,"href":"https:\/\/paca.lpo.fr\/blogs\/paillon-bevera\/wp-json\/wp\/v2\/comments?post=2"}],"version-history":[{"count":4,"href":"https:\/\/paca.lpo.fr\/blogs\/paillon-bevera\/wp-json\/wp\/v2\/pages\/2\/revisions"}],"predecessor-version":[{"id":3665,"href":"https:\/\/paca.lpo.fr\/blogs\/paillon-bevera\/wp-json\/wp\/v2\/pages\/2\/revisions\/3665"}],"wp:attachment":[{"href":"https:\/\/paca.lpo.fr\/blogs\/paillon-bevera\/wp-json\/wp\/v2\/media?parent=2"}],"curies":[{"name":"wp","href":"https:\/\/api.w.org\/{rel}","templated":true}]}}