{"id":98,"date":"2022-03-23T19:00:22","date_gmt":"2022-03-23T18:00:22","guid":{"rendered":"https:\/\/paca.lpo.fr\/blogs\/paillon-bevera\/?page_id=98"},"modified":"2024-11-16T22:04:38","modified_gmt":"2024-11-16T21:04:38","slug":"vous-avez-trouve-un-animal-sauvage-et-il-semble-en-difficulte","status":"publish","type":"page","link":"https:\/\/paca.lpo.fr\/blogs\/paillon-bevera\/vous-avez-trouve-un-animal-sauvage-et-il-semble-en-difficulte\/","title":{"rendered":"Vous avez trouv\u00e9 un animal sauvage et il semble en difficult\u00e9 ?"},"content":{"rendered":"\n<p>Avant de contacter la LPO PACA,&nbsp;merci de consulter nos fiches conseils en t\u00e9l\u00e9chargement ci-dessous. <\/p>\n\n\n\n<p><a rel=\"noreferrer noopener\" href=\"https:\/\/paca.lpo.fr\/soins-animaux\/conseiller\/fiches-conseils\" target=\"_blank\"><strong>Fiches conseils<\/strong><\/a><\/p>\n\n\n\n<p>Elles vous apporteront les premiers conseils et informations indispensables. Si toutefois vous vous trouvez d\u00e9muni malgr\u00e9 les fiches conseils, vous pouvez contacter le Centre R\u00e9gional de Sauvegarde de la Faune Sauvage de la LPO PACA&nbsp; pr\u00e9f\u00e9rentiellement par mail \u00e0&nbsp;<a href=\"mailto:sos-paca@lpo.fr\"><strong>sos-paca@lpo.fr<\/strong><\/a> ou <a href=\"mailto:crsfs-paca@lpo.fr\"><strong>crsfs-paca@lpo.fr<\/strong><\/a><strong> <\/strong>ou essayer de joindre nos soigneurs au 04 65 09 02 20 (mais attention, la ligne t\u00e9l\u00e9phonique est souvent satur\u00e9e, privil\u00e9giez le contact par mail si vous pouvez !). <\/p>\n\n\n\n<p><strong>Attention, le centre n&rsquo;a pas les structures ad\u00e9quates pour accueillir les oiseaux marins, oiseaux d&rsquo;eau, pigeons et grands mammif\u00e8res.<\/strong>&nbsp;<\/p>\n\n\n\n<p><strong>Conseils oisillons :<\/strong>  <\/p>\n\n\n\n<p>Au printemps et au d\u00e9but de l&rsquo;\u00e9t\u00e9, vous pouvez d\u00e9couvrir de jeunes oisillons ou jeunes mammif\u00e8res.&nbsp;En p\u00e9riode de reproduction (mars \u00e0 juillet), les jeunes animaux ne sont pas forc\u00e9ment en d\u00e9tresse !&nbsp;<strong>Si vous ramassez un jeune non bless\u00e9, essayer de le mettre en s\u00e9curit\u00e9 \u00e0 proximit\u00e9 !&nbsp;<\/strong><span style=\"font-size: revert\">Les dessins ci-dessous<\/span><span style=\"font-size: revert\">&nbsp;vous donnent les d\u00e9marches \u00e0 suivre afin de ne pas r\u00e9cup\u00e9rer syst\u00e9matiquement tous les jeunes animaux dans la nature !&nbsp;<\/span><span style=\"font-size: revert\"> <\/span><\/p>\n\n\n\n<div data-wp-interactive=\"core\/file\" class=\"wp-block-file\"><object data-wp-bind--hidden=\"!state.hasPdfPreview\" hidden class=\"wp-block-file__embed\" data=\"https:\/\/paca.lpo.fr\/blogs\/paillon-bevera\/files\/2022\/06\/poster-ramassage-jeunes.pdf\" type=\"application\/pdf\" style=\"width:100%;height:600px\" aria-label=\"Contenu embarqu\u00e9 poster-ramassage-jeunes.\"><\/object><a id=\"wp-block-file--media-180afa56-5e6e-4789-aa99-c00d3ab6b817\" href=\"https:\/\/paca.lpo.fr\/blogs\/paillon-bevera\/files\/2022\/06\/poster-ramassage-jeunes.pdf\" target=\"_blank\" rel=\"noreferrer noopener\">poster-ramassage-jeunes<\/a><a href=\"https:\/\/paca.lpo.fr\/blogs\/paillon-bevera\/files\/2022\/06\/poster-ramassage-jeunes.pdf\" class=\"wp-block-file__button wp-element-button\" download aria-describedby=\"wp-block-file--media-180afa56-5e6e-4789-aa99-c00d3ab6b817\">T\u00e9l\u00e9charger<\/a><\/div>\n\n\n\n<p><strong>Attention cas particulier des Martinets<\/strong> : <strong>lorsqu&rsquo;un Martinet est au sol il est tojours en difficult\u00e9 et a besoin d&rsquo;aide. Mettez le dans un carton perc\u00e9 de trous et contactez rapidement un centre de soins. Photos de martinets ci-dessous pour bien les reconnaitre.<\/strong><\/p>\n\n\n\n<figure class=\"wp-block-gallery has-nested-images columns-default is-cropped wp-block-gallery-1 is-layout-flex wp-block-gallery-is-layout-flex\">\n<figure class=\"wp-block-image size-large\"><img loading=\"lazy\" decoding=\"async\" width=\"670\" height=\"911\" data-id=\"180\" src=\"https:\/\/paca.lpo.fr\/blogs\/paillon-bevera\/files\/2022\/06\/martinet-article-2.jpg\" alt=\"\" class=\"wp-image-180\" srcset=\"https:\/\/paca.lpo.fr\/blogs\/paillon-bevera\/files\/2022\/06\/martinet-article-2.jpg 670w, https:\/\/paca.lpo.fr\/blogs\/paillon-bevera\/files\/2022\/06\/martinet-article-2-565x768.jpg 565w\" sizes=\"auto, (max-width: 670px) 100vw, 670px\" \/><figcaption class=\"wp-element-caption\">Poussin Martinet noir<\/figcaption><\/figure>\n\n\n\n<figure class=\"wp-block-image size-large\"><img loading=\"lazy\" decoding=\"async\" width=\"908\" height=\"655\" data-id=\"179\" src=\"https:\/\/paca.lpo.fr\/blogs\/paillon-bevera\/files\/2022\/06\/martinet-article-3.jpg\" alt=\"\" class=\"wp-image-179\" srcset=\"https:\/\/paca.lpo.fr\/blogs\/paillon-bevera\/files\/2022\/06\/martinet-article-3.jpg 908w, https:\/\/paca.lpo.fr\/blogs\/paillon-bevera\/files\/2022\/06\/martinet-article-3-768x554.jpg 768w\" sizes=\"auto, (max-width: 908px) 100vw, 908px\" \/><figcaption class=\"wp-element-caption\">Martinet noir (c) A.Audevard<\/figcaption><\/figure>\n<\/figure>\n\n\n\n<p> <\/p>\n\n\n<div class=\"wp-block-image\">\n<figure class=\"aligncenter size-full\"><img loading=\"lazy\" decoding=\"async\" width=\"918\" height=\"639\" src=\"https:\/\/paca.lpo.fr\/blogs\/paillon-bevera\/files\/2022\/06\/2016-07-25martinets-14.jpg\" alt=\"\" class=\"wp-image-182\" srcset=\"https:\/\/paca.lpo.fr\/blogs\/paillon-bevera\/files\/2022\/06\/2016-07-25martinets-14.jpg 918w, https:\/\/paca.lpo.fr\/blogs\/paillon-bevera\/files\/2022\/06\/2016-07-25martinets-14-768x535.jpg 768w\" sizes=\"auto, (max-width: 918px) 100vw, 918px\" \/><figcaption class=\"wp-element-caption\">Jeunes Martinets proches de l&rsquo;envol<\/figcaption><\/figure>\n<\/div>","protected":false},"excerpt":{"rendered":"<p>Avant de contacter la LPO PACA,&nbsp;merci de consulter nos fiches conseils en t\u00e9l\u00e9chargement ci-dessous. Fiches conseils Elles vous apporteront les premiers conseils et informations indispensables. Si toutefois vous vous trouvez d\u00e9muni malgr\u00e9 les fiches conseils, vous pouvez contacter le Centre R\u00e9gional de Sauvegarde de la Faune Sauvage de la LPO PACA&nbsp; pr\u00e9f\u00e9rentiellement par mail \u00e0&nbsp;sos-paca@lpo.fr [&hellip;]<\/p>\n","protected":false},"author":15,"featured_media":0,"parent":0,"menu_order":2,"comment_status":"closed","ping_status":"closed","template":"","meta":{"footnotes":""},"class_list":["post-98","page","type-page","status-publish","hentry"],"_links":{"self":[{"href":"https:\/\/paca.lpo.fr\/blogs\/paillon-bevera\/wp-json\/wp\/v2\/pages\/98","targetHints":{"allow":["GET"]}}],"collection":[{"href":"https:\/\/paca.lpo.fr\/blogs\/paillon-bevera\/wp-json\/wp\/v2\/pages"}],"about":[{"href":"https:\/\/paca.lpo.fr\/blogs\/paillon-bevera\/wp-json\/wp\/v2\/types\/page"}],"author":[{"embeddable":true,"href":"https:\/\/paca.lpo.fr\/blogs\/paillon-bevera\/wp-json\/wp\/v2\/users\/15"}],"replies":[{"embeddable":true,"href":"https:\/\/paca.lpo.fr\/blogs\/paillon-bevera\/wp-json\/wp\/v2\/comments?post=98"}],"version-history":[{"count":4,"href":"https:\/\/paca.lpo.fr\/blogs\/paillon-bevera\/wp-json\/wp\/v2\/pages\/98\/revisions"}],"predecessor-version":[{"id":4210,"href":"https:\/\/paca.lpo.fr\/blogs\/paillon-bevera\/wp-json\/wp\/v2\/pages\/98\/revisions\/4210"}],"wp:attachment":[{"href":"https:\/\/paca.lpo.fr\/blogs\/paillon-bevera\/wp-json\/wp\/v2\/media?parent=98"}],"curies":[{"name":"wp","href":"https:\/\/api.w.org\/{rel}","templated":true}]}}