{"id":2,"date":"2012-06-13T16:07:23","date_gmt":"2012-06-13T16:07:23","guid":{"rendered":"http:\/\/paca.lpo.fr\/blogs\/pays-gapencais\/?page_id=2"},"modified":"2020-02-26T15:43:28","modified_gmt":"2020-02-26T15:43:28","slug":"page-d-exemple","status":"publish","type":"page","link":"https:\/\/paca.lpo.fr\/blogs\/pays-gapencais\/page-d-exemple\/","title":{"rendered":"Groupe local du Pays Gapen\u00e7ais"},"content":{"rendered":"<h5>Un peu d\u2019histoire<\/h5>\n<p>En f\u00e9vrier 2004, un relais d\u00e9partemental de la LPO prenait naissance \u00e0 la suite d\u2019une exposition \u00ab Nichoirs et mangeoires \u00bb qui avait obtenu un franc succ\u00e8s au CMCL (Centre Municipal Culture et Loisirs) de Gap.<\/p>\n<h3><a href=\"http:\/\/paca.lpo.fr\/blogs\/pays-gapencais\/page-d-exemple\/visuel-presentation\/\" rel=\"attachment wp-att-86\"><img loading=\"lazy\" decoding=\"async\" class=\" wp-image-86 aligncenter\" src=\"http:\/\/paca.lpo.fr\/blogs\/pays-gapencais\/files\/2012\/06\/visuel-presentation.jpg\" alt=\"Visuel de pr\u00e9sentation\" width=\"405\" height=\"303\" \/><\/a><\/h3>\n<p>Quelques actions attir\u00e8rent bient\u00f4t de nouveaux sympathisants : des sorties r\u00e9guli\u00e8res avec des ornithologues confirm\u00e9s, le comptage des craves \u00e0 bec rouge, la Nuit de la Chouette, la mise en refuge du Domaine de Charance en 2006&#8230; D\u2019autres sensibilis\u00e8rent \u00e0 la protection de l\u2019environnement : la Croisi\u00e8re Blanche, les \u00e9oliennes de la vall\u00e9e de l\u2019Oule, le marais de Manteyer, le lac de Mison\u2026<\/p>\n<p>En juin 2007, \u00e0 l\u2019occasion de l\u2019Assembl\u00e9e G\u00e9n\u00e9rale de la LPO PACA qui se tenait \u00e0 Charance, fut sign\u00e9e la charte des groupes locaux, acte de naissance officiel du Groupe Local LPO du Pays Gapen\u00e7ais.<\/p>\n<h5>Actualit\u00e9<\/h5>\n<p>En 2012, le groupe vit gr\u00e2ce \u00e0 une \u00e9quipe d\u2019une quarantaine de b\u00e9n\u00e9voles actifs qui se r\u00e9partissent dans la p\u00e9riph\u00e9rie de GAP. Les activit\u00e9s rayonnent sur un secteur g\u00e9ographique assez vaste : Champsaur, D\u00e9voluy, Embrunais, vall\u00e9e du Bu\u00ebch, Laragnais, Rosannais&#8230; Les sorties conduisent m\u00eame au-del\u00e0, dans les d\u00e9partements limitrophes : les Alpes de Haute-Provence, l\u2019Is\u00e8re ou la Dr\u00f4me. Des contacts d&rsquo;ornithologues \u00e9trangers ont abouti \u00e0 des \u00e9changes amicaux r\u00e9guliers : Mohamed, Fai\u00e7al et Lotfi en Alg\u00e9rie, Bernard en Hollande&#8230;<\/p>\n<p>Exceptionnellement, des s\u00e9jours prolong\u00e9s permettent de d\u00e9couvrir d\u2019autres r\u00e9gions : la Camargue en 2008, la Montagne de Lure en 2009, Hy\u00e8res en 2010, l&rsquo;Espagne en 2011.<\/p>\n<h5>Activit\u00e9s principales<\/h5>\n<p>\u2022 Proposer des sorties naturalistes afin de d\u00e9couvrir et apprendre \u00e0 identifier les oiseaux de notre r\u00e9gion en fonction de leurs propres crit\u00e8res, des saisons et des biotopes. Faire connaissance de l\u2019ensemble de la faune et de la flore de notre d\u00e9partement.<\/p>\n<p>\u2022 Participer activement au recensement et comptage des oiseaux organis\u00e9s par la LPO (Migration, Enqu\u00eate rapaces, JMZH&#8230;), le Parc des Ecrins (Gypa\u00e8te barbu, Aigle royal, \u2026) et tout partenaire.<\/p>\n<p>\u2022 Prospecter particuli\u00e8rement certaines esp\u00e8ces : Hirondelles, Circa\u00e8te Jean-le-Blanc, Grand-duc, Faucon p\u00e8lerin, Oiseaux d\u2019eau, etc&#8230; Les domaines d&rsquo;\u00e9tude de la LPO s&rsquo;\u00e9tant \u00e9tendus \u00e0 la biodiversit\u00e9, les prospections concernent \u00e9galement les mammif\u00e8res (par exemple le Castor), les amphibiens, les insectes&#8230;<\/p>\n<p>\u2022 Rendre visite aux particuliers du r\u00e9seau \u00ab Refuges LPO \u00bb, inciter \u00e0 la cr\u00e9ation de nouveaux refuges ou de mares, organiser des ateliers de construction de nichoirs, donner des conseils pour le nourrissage hivernal des oiseaux\u2026 Aider les collectivit\u00e9s \u00a0\u00e0 cr\u00e9er et animer des refuges : \u00e9tablissements publics, maisons de vacances, campings, g\u00eetes&#8230;<\/p>\n<p>\u2022 Organiser des conf\u00e9rences, gratuites et pour tout public, au moins une fois par trimestre, pr\u00e9sent\u00e9es par des naturalistes r\u00e9f\u00e9rents d\u2019origines diverses.<\/p>\n<p>\u2022 Tenir le stand LPO et proposer des animations lors des manifestations : Nuit de la Chouette, F\u00eate de la Nature, Semaine de la Biodiversit\u00e9 (avec le Comit\u00e9 D\u00e9partemental du Tourisme), Journ\u00e9es du Patrimoine (avec le service Animation de la ville de Gap), F\u00eate de la Science (avec Gap Sciences Animations 05), Foire Bio-G\u00e9n\u00e9pi\u2026<\/p>\n<p>\u2022 Pr\u00e9senter des expositions en rapport avec l\u2019actualit\u00e9 ou les th\u00e8mes annuels : Oiseaux des Jardins, Oiseaux d\u2019Afrique, Plumes des Bois, L\u2019Oiseau dans l\u2019Art\u2026<\/p>\n<p>\u2022 Sensibiliser la population et les jeunes, en particulier dans les \u00e9coles, \u00e0 la d\u00e9couverte et \u00e0 la protection de la nature.<\/p>\n<p>\u2022 Aider au recensement de la biodiversit\u00e9 par la contribution \u00e0 la base de donn\u00e9es FAUNE PACA et la participation\u00a0\u00a0aux 24 Heures Naturalistes (Poligny, St Julien en Beauch\u00eane), au festival Inventerre (Digne)<\/p>\n<p>\u2022 Mener des actions avec les communes pour valoriser certains sites particuli\u00e8rement int\u00e9ressants : zones humides (Manteyer, Chorges&#8230;), lacs (Pelleautier, Mison, Curbans&#8230;), avec ESCOTA sur le site des Piles \u00e0 La Saulce (\u00ab\u00a0Le Jardin aux Libellules\u00a0\u00bb)<\/p>\n<p>\u2022 Se mobiliser sur les projets ayant un risque d\u2019impact environnemental en partenariat avec d\u2019autres associations de protection de la nature. Effectuer une veille \u00ab\u00a0presse\u00a0\u00bb, \u00e9tudier les enqu\u00eates publiques, participer aux r\u00e9unions des instances environnementales (Natura 2000, Espaces Naturels Sensibles, For\u00eats, Montagne, Val de Durance&#8230;)<\/p>\n<p>\u2022 \u00c9changer avec les diff\u00e9rents Groupes Locaux de la R\u00e9gion et autres associations et pr\u00e9voir des sorties diversifi\u00e9es (brame du Cerf, \u00e9coute des rapaces nocturnes, arbres remarquables, insectes, flore, etc.).<\/p>\n<h5>R\u00e9union mensuelle<\/h5>\n<p>Les r\u00e9unions se d\u00e9roulent le 2\u00e8me vendredi du mois (Except\u00e9 Juillet et Aout) \u00e0 18h, Centre Social du centre-ville, Place Grenette, \u00e0 Gap.<\/p>\n","protected":false},"excerpt":{"rendered":"<p>Un peu d\u2019histoire En f\u00e9vrier 2004, un relais d\u00e9partemental de la LPO prenait naissance \u00e0 la suite d\u2019une exposition \u00ab Nichoirs et mangeoires \u00bb qui avait obtenu un franc succ\u00e8s au CMCL (Centre Municipal Culture et Loisirs) de Gap. Quelques actions attir\u00e8rent bient\u00f4t de nouveaux sympathisants : des sorties r\u00e9guli\u00e8res avec des ornithologues confirm\u00e9s, le [&hellip;]<\/p>\n","protected":false},"author":1,"featured_media":0,"parent":0,"menu_order":0,"comment_status":"closed","ping_status":"closed","template":"","meta":{"footnotes":""},"class_list":["post-2","page","type-page","status-publish","hentry"],"_links":{"self":[{"href":"https:\/\/paca.lpo.fr\/blogs\/pays-gapencais\/wp-json\/wp\/v2\/pages\/2","targetHints":{"allow":["GET"]}}],"collection":[{"href":"https:\/\/paca.lpo.fr\/blogs\/pays-gapencais\/wp-json\/wp\/v2\/pages"}],"about":[{"href":"https:\/\/paca.lpo.fr\/blogs\/pays-gapencais\/wp-json\/wp\/v2\/types\/page"}],"author":[{"embeddable":true,"href":"https:\/\/paca.lpo.fr\/blogs\/pays-gapencais\/wp-json\/wp\/v2\/users\/1"}],"replies":[{"embeddable":true,"href":"https:\/\/paca.lpo.fr\/blogs\/pays-gapencais\/wp-json\/wp\/v2\/comments?post=2"}],"version-history":[{"count":4,"href":"https:\/\/paca.lpo.fr\/blogs\/pays-gapencais\/wp-json\/wp\/v2\/pages\/2\/revisions"}],"predecessor-version":[{"id":849,"href":"https:\/\/paca.lpo.fr\/blogs\/pays-gapencais\/wp-json\/wp\/v2\/pages\/2\/revisions\/849"}],"wp:attachment":[{"href":"https:\/\/paca.lpo.fr\/blogs\/pays-gapencais\/wp-json\/wp\/v2\/media?parent=2"}],"curies":[{"name":"wp","href":"https:\/\/api.w.org\/{rel}","templated":true}]}}