{"id":11,"date":"2021-11-22T12:03:01","date_gmt":"2021-11-22T11:03:01","guid":{"rendered":"http:\/\/paca.lpo.fr\/blogs\/pays-salonais\/?page_id=11"},"modified":"2025-05-07T11:45:52","modified_gmt":"2025-05-07T09:45:52","slug":"contact","status":"publish","type":"page","link":"https:\/\/paca.lpo.fr\/blogs\/pays-salonais\/contact\/","title":{"rendered":"Contact"},"content":{"rendered":"\n<p><\/p>\n\n\n\n<h3 class=\"wp-block-heading has-large-font-size\">Vous avez trouv\u00e9 un animal sauvage ? Il semble \u00eatre en d\u00e9tresse ?<\/h3>\n\n\n\n<p>Une mauvaise compr\u00e9hension de la situation pourrait mettre en danger la vie de l&rsquo;animal. Ainsi, <strong>avant de contacter notre Centre de sauvegarde de la Faune Sauvage de Buoux, il est imp\u00e9ratif de <a href=\"https:\/\/paca.lpo.fr\/index.php?option=com_content&amp;view=article&amp;id=5586&amp;Itemid=1880\">consulter nos fiches conseils<\/a>.<\/strong> Nous vous remercions de prendre le temps n\u00e9cessaire pour analyser la situation avant de contacter le <a href=\"https:\/\/paca.lpo.fr\/index.php?option=com_contact&amp;view=contact&amp;id=1&amp;Itemid=2240\">Centre r\u00e9gional de sauvegarde de la Faune Sauvage de Buoux<\/a>. <\/p>\n\n\n\n<p><strong>A savoir  :<\/strong> durant la haute saison, les lignes du centre sont satur\u00e9es d&rsquo;appels. <\/p>\n\n\n\n<h3 class=\"wp-block-heading has-large-font-size\">Formulaire de contact du groupe local de b\u00e9n\u00e9voles<\/h3>\n\n\n\n<p>Si vous avez d\u00e9couvert un animal sauvage en d\u00e9tresse, <strong>merci de ne pas utiliser le formulaire de contact ci-dessous<\/strong> et de vous r\u00e9f\u00e9rer au paragraphe pr\u00e9c\u00e9dent.<\/p>\n\n\n\n<div class=\"wp-block-buttons is-content-justification-center is-layout-flex wp-container-core-buttons-is-layout-16018d1d wp-block-buttons-is-layout-flex\">\n<div class=\"wp-block-button\"><a class=\"wp-block-button__link wp-element-button\" href=\"https:\/\/paca.lpo.fr\/index.php?&amp;Itemid=4673\">FORMULAIRE DE CONTACT<\/a><\/div>\n<\/div>\n","protected":false},"excerpt":{"rendered":"<p>Vous avez trouv\u00e9 un animal sauvage ? Il semble \u00eatre en d\u00e9tresse ? Une mauvaise compr\u00e9hension de la situation pourrait mettre en danger la vie de l&rsquo;animal. Ainsi, avant de contacter notre Centre de sauvegarde de la Faune Sauvage de Buoux, il est imp\u00e9ratif de consulter nos fiches conseils. Nous vous remercions de prendre le [&hellip;]<\/p>\n","protected":false},"author":3,"featured_media":0,"parent":0,"menu_order":0,"comment_status":"closed","ping_status":"closed","template":"","meta":{"footnotes":""},"class_list":["post-11","page","type-page","status-publish","hentry"],"_links":{"self":[{"href":"https:\/\/paca.lpo.fr\/blogs\/pays-salonais\/wp-json\/wp\/v2\/pages\/11","targetHints":{"allow":["GET"]}}],"collection":[{"href":"https:\/\/paca.lpo.fr\/blogs\/pays-salonais\/wp-json\/wp\/v2\/pages"}],"about":[{"href":"https:\/\/paca.lpo.fr\/blogs\/pays-salonais\/wp-json\/wp\/v2\/types\/page"}],"author":[{"embeddable":true,"href":"https:\/\/paca.lpo.fr\/blogs\/pays-salonais\/wp-json\/wp\/v2\/users\/3"}],"replies":[{"embeddable":true,"href":"https:\/\/paca.lpo.fr\/blogs\/pays-salonais\/wp-json\/wp\/v2\/comments?post=11"}],"version-history":[{"count":4,"href":"https:\/\/paca.lpo.fr\/blogs\/pays-salonais\/wp-json\/wp\/v2\/pages\/11\/revisions"}],"predecessor-version":[{"id":688,"href":"https:\/\/paca.lpo.fr\/blogs\/pays-salonais\/wp-json\/wp\/v2\/pages\/11\/revisions\/688"}],"wp:attachment":[{"href":"https:\/\/paca.lpo.fr\/blogs\/pays-salonais\/wp-json\/wp\/v2\/media?parent=11"}],"curies":[{"name":"wp","href":"https:\/\/api.w.org\/{rel}","templated":true}]}}