{"id":6,"date":"2012-05-23T08:55:30","date_gmt":"2012-05-23T07:55:30","guid":{"rendered":"http:\/\/paca.lpo.fr\/blogs\/sainte-baume-nord\/?page_id=2"},"modified":"2024-12-09T19:29:19","modified_gmt":"2024-12-09T18:29:19","slug":"presentation","status":"publish","type":"page","link":"https:\/\/paca.lpo.fr\/blogs\/sainte-baume-nord\/presentation\/","title":{"rendered":"Groupe local Sainte-Baume-Nord"},"content":{"rendered":"<p><a href=\"https:\/\/paca.lpo.fr\/blogs\/sainte-baume-nord\/files\/2024\/12\/logo-lpo-sbn-pf.png\"><img loading=\"lazy\" decoding=\"async\" class=\"aligncenter size-full wp-image-2261\" src=\"https:\/\/paca.lpo.fr\/blogs\/sainte-baume-nord\/files\/2024\/12\/logo-lpo-sbn-pf.png\" alt=\"\" width=\"250\" height=\"107\" \/><\/a><\/p>\n\n\n<h2 class=\"wp-block-heading\">Le groupe<\/h2>\n\n\n\n<p>Le groupe local&nbsp;LPO Sainte Baume Nord&nbsp;fait partie du r\u00e9seau de groupes locaux de la LPO PACA et agit sur les communes situ\u00e9es au nord de la Sainte Baume (G\u00e9menos, Plan d&rsquo;Aups, Auriol, Aubagne, Ch\u00e2teauvert, Saint Zacharie, Nans les Pins, Rougiers, Tourves, Saint Maximin, Bras, Seillons, Pourcieux, Brue-Auriac, Pourri\u00e8res).<\/p>\n\n\n\n<p>Il est constitu\u00e9 d&rsquo;une vingtaine de b\u00e9n\u00e9voles issus de ces communes.<\/p>\n\n\n\n<p><\/p>\n\n\n\n<h2 class=\"wp-block-heading\">Ses actions<\/h2>\n\n\n\n<p>Ses actions, relais de celles de la&nbsp;<strong>LPO PACA<\/strong>, se d\u00e9finissent comme suit :<\/p>\n\n\n\n<p>&#8211;&nbsp;&nbsp;<em>Sensibilisation du public<\/em>&nbsp;\u00e0 la pr\u00e9servation de la biodiversit\u00e9 :<\/p>\n\n\n\n<ul class=\"wp-block-list\">\n<li>Animations \/ ateliers dans les \u00e9coles primaires, les m\u00e9diath\u00e8ques.<\/li>\n\n\n\n<li>Participation \u00e0 des \u00e9v\u00e8nements en relation avec la nature et la biodiversit\u00e9.<\/li>\n\n\n\n<li>Conf\u00e9rences sur la faune et la flore.<\/li>\n\n\n\n<li>Sorties nature pour faire d\u00e9couvrir la biodiversit\u00e9 au public et informer sur les bons comportements en milieux naturels.<\/li>\n<\/ul>\n\n\n\n<p>&#8211;&nbsp;<em>Suivi d&rsquo;esp\u00e8ces<\/em>&nbsp;pour r\u00e9pondre \u00e0 des enqu\u00eates nationales ou \u00e0 des inventaires annuels (hirondelles de fen\u00eatre, chev\u00eache d&rsquo;Ath\u00e9na, circa\u00e8te Jean-Le-Blanc, loutre).<\/p>\n\n\n\n<p>&#8211;&nbsp;<em>Enrichissement de la base de donn\u00e9es collaboratives Faune Paca<\/em>&nbsp;(site http:\/\/www.faune-paca.org) par les observations de terrain des b\u00e9n\u00e9voles du groupe et incitation aupr\u00e8s des publics \u00e0 devenir des observants.<\/p>\n\n\n\n<p>&#8211;&nbsp;<em>Transport de la faune sauvage<\/em>&nbsp;bless\u00e9e vers le centre de soins de Buoux (Vaucluse) apr\u00e8s prise en charge et soins par les cliniques partenaires ou par des b\u00e9n\u00e9voles du groupe (selon l&rsquo;animal et selon son \u00e9tat).<\/p>\n\n\n\n<p>&#8211;&nbsp;<em>D\u00e9veloppement du r\u00e9seau \u00ab\u00a0Refuges LPO\u00a0\u00bb<\/em>&nbsp;en incitant particuliers, \u00e9tablissements publics ou non, associations, \u00e0 cr\u00e9er un refuge dans leurs espaces verts afin de lutter contre le d\u00e9clin de la biodiversit\u00e9. Aide et accompagnement dans l&rsquo;installation du refuge : nichoirs, mangeoires, h\u00f4tels \u00e0 insectes &#8230; <\/p>\n\n\n\n<p>&#8211;&nbsp;<em>Actions juridiques<\/em>&nbsp;: la LPO peut \u00eatre amen\u00e9e \u00e0 intervenir devant les juridictions judiciaires et administratives. Elle peut ainsi demander, en judiciaire, la remise en \u00e9tat d&rsquo;un environnement ou une indemnisation p\u00e9cuniaire s&rsquo;il y a eu atteinte \u00e0 des esp\u00e8ces prot\u00e9g\u00e9es et, en administratif, elle peut \u00eatre amen\u00e9e \u00e0 contester des activit\u00e9s et projets ayant des cons\u00e9quences n\u00e9fastes pour l\u2019environnement et autoris\u00e9s en m\u00e9connaissance des lois et r\u00e8glements prot\u00e9geant la nature.<\/p>\n\n\n\n<h2 class=\"wp-block-heading\">Les r\u00e9unions mensuelles<\/h2>\n\n\n\n<p>Le groupe se r\u00e9unit de 9h15 \u00e0 12h le 1er samedi du\u00a0mois \u00e0 Nans les Pins\u00a0(Var). Pendant ces r\u00e9unions, le planning des actions et animations en cours ou en projet est \u00e9tabli, des id\u00e9es d&rsquo;animation, d&rsquo;ateliers ou de sorties sont propos\u00e9es et plus g\u00e9n\u00e9ralement , c&rsquo;est lors de ces r\u00e9unions que les informations venant de la LPO PACA sont communiqu\u00e9es.<\/p>\n\n\n\n<h2 class=\"wp-block-heading\">Rejoindre notre groupe<\/h2>\n\n\n\n<p>Si vous souhaitez devenir b\u00e9n\u00e9vole au sein de notre groupe, la premi\u00e8re chose \u00e0 faire est de venir nous voir lors de l&rsquo;une de nos r\u00e9unions mensuelles. Il vous suffit d&rsquo;envoyer un message \u00e0 l&rsquo;adresse mail sainte-baume-nord@gmail.com, de vous pr\u00e9senter ainsi que vos motivations en quelques mots et demander \u00e0 participer \u00e0 la prochaine r\u00e9union.<\/p>\n","protected":false},"excerpt":{"rendered":"<p>Le groupe Le groupe local&nbsp;LPO Sainte Baume Nord&nbsp;fait partie du r\u00e9seau de groupes locaux de la LPO PACA et agit sur les communes situ\u00e9es au nord de la Sainte Baume (G\u00e9menos, Plan d&rsquo;Aups, Auriol, Aubagne, Ch\u00e2teauvert, Saint Zacharie, Nans les Pins, Rougiers, Tourves, Saint Maximin, Bras, Seillons, Pourcieux, Brue-Auriac, Pourri\u00e8res). Il est constitu\u00e9 d&rsquo;une vingtaine [&hellip;]<\/p>\n","protected":false},"author":1,"featured_media":0,"parent":0,"menu_order":1,"comment_status":"closed","ping_status":"closed","template":"","meta":{"footnotes":""},"class_list":["post-6","page","type-page","status-publish","hentry"],"_links":{"self":[{"href":"https:\/\/paca.lpo.fr\/blogs\/sainte-baume-nord\/wp-json\/wp\/v2\/pages\/6","targetHints":{"allow":["GET"]}}],"collection":[{"href":"https:\/\/paca.lpo.fr\/blogs\/sainte-baume-nord\/wp-json\/wp\/v2\/pages"}],"about":[{"href":"https:\/\/paca.lpo.fr\/blogs\/sainte-baume-nord\/wp-json\/wp\/v2\/types\/page"}],"author":[{"embeddable":true,"href":"https:\/\/paca.lpo.fr\/blogs\/sainte-baume-nord\/wp-json\/wp\/v2\/users\/1"}],"replies":[{"embeddable":true,"href":"https:\/\/paca.lpo.fr\/blogs\/sainte-baume-nord\/wp-json\/wp\/v2\/comments?post=6"}],"version-history":[{"count":3,"href":"https:\/\/paca.lpo.fr\/blogs\/sainte-baume-nord\/wp-json\/wp\/v2\/pages\/6\/revisions"}],"predecessor-version":[{"id":2267,"href":"https:\/\/paca.lpo.fr\/blogs\/sainte-baume-nord\/wp-json\/wp\/v2\/pages\/6\/revisions\/2267"}],"wp:attachment":[{"href":"https:\/\/paca.lpo.fr\/blogs\/sainte-baume-nord\/wp-json\/wp\/v2\/media?parent=6"}],"curies":[{"name":"wp","href":"https:\/\/api.w.org\/{rel}","templated":true}]}}