{"id":2,"date":"2014-03-04T10:45:30","date_gmt":"2014-03-04T09:45:30","guid":{"rendered":"http:\/\/paca.lpo.fr\/blogs\/sud-luberon\/?page_id=2"},"modified":"2024-03-04T11:14:36","modified_gmt":"2024-03-04T10:14:36","slug":"presentation","status":"publish","type":"page","link":"https:\/\/paca.lpo.fr\/blogs\/sud-luberon\/presentation\/","title":{"rendered":"Groupe local Sud-Luberon"},"content":{"rendered":"<div class=\"wp-block-image\">\n<figure class=\"aligncenter\"><a href=\"https:\/\/paca.lpo.fr\/blogs\/sud-luberon\/files\/2014\/04\/IM003024_modif-800x640.jpg\"><img loading=\"lazy\" decoding=\"async\" width=\"800\" height=\"640\" src=\"https:\/\/paca.lpo.fr\/blogs\/sud-luberon\/files\/2014\/04\/IM003024_modif-800x640.jpg\" alt=\"Animation nature\" class=\"wp-image-21\" style=\"aspect-ratio:1\" title=\"Animation nature\" srcset=\"https:\/\/paca.lpo.fr\/blogs\/sud-luberon\/files\/2014\/04\/IM003024_modif-800x640.jpg 800w, https:\/\/paca.lpo.fr\/blogs\/sud-luberon\/files\/2014\/04\/IM003024_modif-800x640-300x240.jpg 300w, https:\/\/paca.lpo.fr\/blogs\/sud-luberon\/files\/2014\/04\/IM003024_modif-800x640-700x560.jpg 700w, https:\/\/paca.lpo.fr\/blogs\/sud-luberon\/files\/2014\/04\/IM003024_modif-800x640-332x265.jpg 332w\" sizes=\"auto, (max-width: 800px) 100vw, 800px\" \/><\/a><\/figure>\n<\/div>\n\n\n<p><strong>\u00c0 propos<\/strong><\/p>\n\n\n\n<p>Le groupe local LPO Sud-Luberon a \u00e9t\u00e9 cr\u00e9e le 8 f\u00e9vrier 2014 afin de proposer des actions sur le territoire vauclusien, allant de Beaumont de Pertuis \u00e0 Puget-sur-Durance.<\/p>\n\n\n\n<p>Le groupe concentre ses actions sur l&rsquo;\u00e9tude et la protection des oiseaux, des mammif\u00e8res et plus g\u00e9n\u00e9ralement de la biodiversit\u00e9 en Sud Luberon.<\/p>\n\n\n\n<p>L\u2019\u00e9quipe de b\u00e9n\u00e9voles organise des activit\u00e9s d&rsquo;<strong>observation <\/strong>la faune sauvage, de <strong>sensibilisation <\/strong>\u00e0 sa protection ainsi qu\u2019\u00e0 celle de son habitat, et <strong>partage <\/strong>ses connaissances sur le territoire.<br>Le groupe met actuellement en place une animation des <strong>refuges<\/strong> (particulier, \u00e9tablissement, entreprise, collectivit\u00e9) de son p\u00e9rim\u00e8tre ! Vous qui avez mis en place un refuge LPO, n&rsquo;h\u00e9sitez pas \u00e0 nous contacter directement !<\/p>\n\n\n\n<p>Certains b\u00e9n\u00e9voles interviennent \u00e9galement au <strong>Centre de Sauvegarde de la Faune Sauvage<\/strong> de Buoux !<\/p>\n\n\n\n<p>Une journ\u00e9e tr\u00e8s importante pour le Groupe : <strong>le 1er MAI<\/strong> ! Nous y organisons une journ\u00e9e compl\u00e8te d&rsquo;animation \u00e0 Grambois !<\/p>\n\n\n\n<p><\/p>\n\n\n\n<p><strong>Actions<\/strong><\/p>\n<p class=\"_2cuy _3dgx _2vxa\">Le groupe local LPO Sud Luberon a pour but la pr\u00e9servation et la protection des oiseaux et des \u00e9cosyst\u00e8mes dont ils d\u00e9pendent, et en particulier la faune et la flore s&rsquo;y rattachant au moyen de :<\/p>\n<ul>\n<li class=\"_2cuy _3dgx _2vxa\">Inventaires, \u00e9tudes, sensibilisation<\/li>\n<li class=\"_2cuy _3dgx _2vxa\">Actions et partage de connaissances sur les hirondelles, les martinets, les chauves-souris, les chouettes, etc.<\/li>\n<li class=\"_2cuy _3dgx _2vxa\">Sorties, conf\u00e9rences, animations sur le th\u00e8me de la biodiversit\u00e9 entre autres<\/li>\n<li class=\"_2cuy _3dgx _2vxa\">Alimentation de la base de donn\u00e9es de <a href=\"http:\/\/www.faune-paca.org\/?fbclid=IwAR1arY2SwKtQ2den9ZPVZ49S58wWbSPxagILGNzVX7r9xbYW6S1svLf-F24\" target=\"_blank\" rel=\"noopener nofollow noreferrer\" data-lynx-mode=\"origin\" data-lynx-uri=\"https:\/\/l.facebook.com\/l.php?u=http%3A%2F%2Fwww.faune-paca.org%2F%3Ffbclid%3DIwAR1arY2SwKtQ2den9ZPVZ49S58wWbSPxagILGNzVX7r9xbYW6S1svLf-F24&amp;h=AT10X8vSDQxoxqL7aIqKiEy2eQ9rbrIIfYGCY5kuPEPHQUPfQhA9lfMTJmaDeGqRGPZYn7MNRbqrtZ8zZqLKHbgYo6kaAKn_eVr6L0iTDNh6JxDvaoNMqYlWWIV8TOOSZbNUXTDd\">www.faune-paca.org<\/a><\/li>\n<\/ul>\n<p>Le groupe se r\u00e9unit environ 1 fois par mois chez les b\u00e9n\u00e9voles du groupe, entre Pertuis et Mirabeau.<\/p>\n<p class=\"_2cuy _3dgx _2vxa\">Int\u00e9ress\u00e9(e) ? <a href=\"https:\/\/paca.lpo.fr\/blogs\/sud-luberon\/contact\/\">Contactez-nous<\/a> pour rejoindre le groupe &#x1f989;<\/p>\n","protected":false},"excerpt":{"rendered":"<p>\u00c0 propos Le groupe local LPO Sud-Luberon a \u00e9t\u00e9 cr\u00e9e le 8 f\u00e9vrier 2014 afin de proposer des actions sur le territoire vauclusien, allant de Beaumont de Pertuis \u00e0 Puget-sur-Durance. Le groupe concentre ses actions sur l&rsquo;\u00e9tude et la protection des oiseaux, des mammif\u00e8res et plus g\u00e9n\u00e9ralement de la biodiversit\u00e9 en Sud Luberon. L\u2019\u00e9quipe de [&hellip;]<\/p>\n","protected":false},"author":3,"featured_media":0,"parent":0,"menu_order":0,"comment_status":"closed","ping_status":"closed","template":"","meta":{"footnotes":""},"class_list":["post-2","page","type-page","status-publish","hentry"],"_links":{"self":[{"href":"https:\/\/paca.lpo.fr\/blogs\/sud-luberon\/wp-json\/wp\/v2\/pages\/2","targetHints":{"allow":["GET"]}}],"collection":[{"href":"https:\/\/paca.lpo.fr\/blogs\/sud-luberon\/wp-json\/wp\/v2\/pages"}],"about":[{"href":"https:\/\/paca.lpo.fr\/blogs\/sud-luberon\/wp-json\/wp\/v2\/types\/page"}],"author":[{"embeddable":true,"href":"https:\/\/paca.lpo.fr\/blogs\/sud-luberon\/wp-json\/wp\/v2\/users\/3"}],"replies":[{"embeddable":true,"href":"https:\/\/paca.lpo.fr\/blogs\/sud-luberon\/wp-json\/wp\/v2\/comments?post=2"}],"version-history":[{"count":3,"href":"https:\/\/paca.lpo.fr\/blogs\/sud-luberon\/wp-json\/wp\/v2\/pages\/2\/revisions"}],"predecessor-version":[{"id":259,"href":"https:\/\/paca.lpo.fr\/blogs\/sud-luberon\/wp-json\/wp\/v2\/pages\/2\/revisions\/259"}],"wp:attachment":[{"href":"https:\/\/paca.lpo.fr\/blogs\/sud-luberon\/wp-json\/wp\/v2\/media?parent=2"}],"curies":[{"name":"wp","href":"https:\/\/api.w.org\/{rel}","templated":true}]}}