{"id":2,"date":"2018-01-10T08:46:27","date_gmt":"2018-01-10T07:46:27","guid":{"rendered":"http:\/\/paca.lpo.fr\/blogs\/toulon\/?page_id=2"},"modified":"2022-09-02T23:09:48","modified_gmt":"2022-09-02T21:09:48","slug":"page-d-exemple","status":"publish","type":"page","link":"https:\/\/paca.lpo.fr\/blogs\/toulon\/page-d-exemple\/","title":{"rendered":"Groupe local Toulon La Garde"},"content":{"rendered":"<h5 style=\"text-align: center\"><span style=\"color: #0000ff;font-family: arial black,sans-serif\"><strong>Bonjour et bienvenue sur le blog du groupe LPO Toulon La Garde\u00a0 <\/strong><\/span><\/h5>\n<h5 style=\"text-align: center\"><span style=\"color: #0000ff;font-family: arial black,sans-serif\"><strong>Le groupe est actif sur les communes de Toulon, de La Garde, du Pradet et de La Valette<\/strong><\/span><\/h5>\n<p style=\"text-align: center\"><span style=\"font-family: arial black,sans-serif\"><strong>La nature \u00e0 Toulon c\u2019est quoi ?<\/strong><\/span><\/p>\n<p style=\"text-align: center\">En ville, la nature a longtemps \u00e9t\u00e9 consid\u00e9r\u00e9e comme simple d\u00e9cor urbain. Longtemps associ\u00e9e \u00e0 la campagne, la nature fait aussi partie de la ville. Les urbains sont majoritaires dans le monde et l\u2019id\u00e9e qu\u2019ils se font de la nature est souvent forg\u00e9e par sa pr\u00e9sence (ou son absence dans la ville).<br \/>La nature en ville, ce n\u2019est pas seulement l\u2019arbre d\u2019alignement ou la \u00ab mauvaise herbe \u00bb vagabonde le long des rues ou la fleur dans les parterres ou dans les parcs, c\u2019est aussi la faune domestique ou sauvage.<\/p>\n<p style=\"text-align: center\">Ce patrimoine naturel m\u00e9rite d\u2019\u00eatre conserv\u00e9, prot\u00e9g\u00e9 et d\u00e9velopp\u00e9, pour sa valeur intrins\u00e8que et au b\u00e9n\u00e9fice de tous. En effet, la pr\u00e9sence et la proximit\u00e9 de la nature \u00e0 un effet particuli\u00e8rement positif sur la qualit\u00e9 de vie en ville et sur la sant\u00e9 des habitants.<\/p>\n<p style=\"text-align: center\">Se promener, \u00e9couter, observer, partager, jardiner\u2026, nous vous invitons donc \u00e0 d\u00e9couvrir ou red\u00e9couvrir les milles occasions de vivre la nature \u00e0 Toulon. Ici, la nature est pr\u00e9sente : dans les jardins, les parcs, les espaces verts, les for\u00eats, dans le ciel, et il suffit de peu pour observer toute cette biodiversit\u00e9 qui nous entourent (84 parcs, squares et jardins \u2013 100 zones de fleurissement \u2013 15 000 arbres existants \u2013 500 hectares d\u2019espaces verts\u2026)<\/p>\n<p><a href=\"https:\/\/paca.lpo.fr\/blogs\/toulon\/files\/2018\/01\/toulon-ville-page-d-exemple-n3.jpg\"><img loading=\"lazy\" decoding=\"async\" class=\"aligncenter wp-image-31 size-full\" src=\"https:\/\/paca.lpo.fr\/blogs\/toulon\/files\/2018\/01\/toulon-ville-page-d-exemple-n3.jpg\" alt=\"\" width=\"514\" height=\"343\" srcset=\"https:\/\/paca.lpo.fr\/blogs\/toulon\/files\/2018\/01\/toulon-ville-page-d-exemple-n3.jpg 514w, https:\/\/paca.lpo.fr\/blogs\/toulon\/files\/2018\/01\/toulon-ville-page-d-exemple-n3-300x200.jpg 300w\" sizes=\"auto, (max-width: 514px) 100vw, 514px\" \/><\/a><\/p>\n<p style=\"text-align: center\">Red\u00e9couvrons tout au long de l\u2019ann\u00e9e les tr\u00e9sors naturels, souvent insoup\u00e7onn\u00e9s, que rec\u00e8le la ville de Toulon, pour mieux les appr\u00e9cier et mieux les prot\u00e9ger. Des rendez-vous \u00e0 d\u00e9couvrir sur notre page agenda auxquels vous pourrez participer (sorties terrains, comptages, tenue de stands, observations, animations scolaires, refuges LPO\u2026)<br \/>Fen\u00eatre ouverte sur la biodiversit\u00e9 urbaine, le groupe Toulon Ville accompagne aussi les d\u00e9cideurs (mairie, constructeurs, architectes\u2026) sur des projets innovants en mati\u00e8re d\u2019\u00e9cologie en milieu urbain, sur les recommandations et directives d\u00e9coulant de la loi sur la biodiversit\u00e9 et son r\u00e8glement, et ainsi permettre des avanc\u00e9es significatives.<br \/>Prot\u00e9ger les ressources naturelles et les esp\u00e8ces, valoriser la nature et pr\u00e9server des espaces verts en suffisance repr\u00e9sentent cependant un v\u00e9ritable d\u00e9fi en ville. Nul besoin d\u2019\u00eatre un naturaliste confirm\u00e9 pour rejoindre le groupe Toulon Ville. Un peu de votre temps suffit pour nous aider dans ces beaux projets et devenir un biodiv\u2019 acteur.<\/p>\n<p style=\"text-align: center\"><a href=\"https:\/\/paca.lpo.fr\/blogs\/toulon\/files\/2018\/01\/toulon-ville-page-d-exemple-n4.jpg\"><img loading=\"lazy\" decoding=\"async\" class=\"aligncenter wp-image-32 size-full\" src=\"https:\/\/paca.lpo.fr\/blogs\/toulon\/files\/2018\/01\/toulon-ville-page-d-exemple-n4.jpg\" alt=\"\" width=\"300\" height=\"114\" \/><\/a><span style=\"color: #339966\"><strong><span style=\"font-family: arial black,sans-serif\">Ce blog est le v\u00f4tre, bonne lecture et \u00e0 bient\u00f4t !<\/span><\/strong><\/span><\/p>\n<p>\u00a0<\/p>\n\n\n<p><\/p>\n\n\n\n<p>Toulon Nature en ville<\/p>\n\n\n\n<figure class=\"wp-block-image size-full is-style-rounded\"><img loading=\"lazy\" decoding=\"async\" width=\"640\" height=\"480\" src=\"https:\/\/paca.lpo.fr\/blogs\/toulon\/files\/2022\/03\/toulon-groupe-local-toulon-ville-photo-toulon-m-jacquat.jpg\" alt=\"\" class=\"wp-image-4357\" srcset=\"https:\/\/paca.lpo.fr\/blogs\/toulon\/files\/2022\/03\/toulon-groupe-local-toulon-ville-photo-toulon-m-jacquat.jpg 640w, https:\/\/paca.lpo.fr\/blogs\/toulon\/files\/2022\/03\/toulon-groupe-local-toulon-ville-photo-toulon-m-jacquat-300x225.jpg 300w\" sizes=\"auto, (max-width: 640px) 100vw, 640px\" \/><\/figure>\n\n\n\n<p>La Garde l&rsquo;espace Nature du Plan<\/p>\n\n\n<div class=\"wp-block-image is-style-rounded\">\n<figure class=\"aligncenter size-full\"><img loading=\"lazy\" decoding=\"async\" width=\"1008\" height=\"756\" src=\"https:\/\/paca.lpo.fr\/blogs\/toulon\/files\/2022\/05\/20220507-kd-2.jpg\" alt=\"\" class=\"wp-image-4458\" srcset=\"https:\/\/paca.lpo.fr\/blogs\/toulon\/files\/2022\/05\/20220507-kd-2.jpg 1008w, https:\/\/paca.lpo.fr\/blogs\/toulon\/files\/2022\/05\/20220507-kd-2-768x576.jpg 768w\" sizes=\"auto, (max-width: 1008px) 100vw, 1008px\" \/><\/figure>\n<\/div>\n\n\n<p>Pour tout renseignement : <\/p>\n\n\n\n<p><a href=\"toulon@lpo.fr\">toulon@lpo.fr<\/a><\/p>\n\n\n\n<p><\/p>\n\n\n\n<p><\/p>\n\n\n\n<p><\/p>\n\n\n\n<p><\/p>\n","protected":false},"excerpt":{"rendered":"<p>Bonjour et bienvenue sur le blog du groupe LPO Toulon La Garde\u00a0 Le groupe est actif sur les communes de Toulon, de La Garde, du Pradet et de La Valette La nature \u00e0 Toulon c\u2019est quoi ? En ville, la nature a longtemps \u00e9t\u00e9 consid\u00e9r\u00e9e comme simple d\u00e9cor urbain. Longtemps associ\u00e9e \u00e0 la campagne, la [&hellip;]<\/p>\n","protected":false},"author":124,"featured_media":32,"parent":0,"menu_order":0,"comment_status":"closed","ping_status":"open","template":"","meta":{"footnotes":""},"class_list":["post-2","page","type-page","status-publish","has-post-thumbnail","hentry"],"_links":{"self":[{"href":"https:\/\/paca.lpo.fr\/blogs\/toulon\/wp-json\/wp\/v2\/pages\/2","targetHints":{"allow":["GET"]}}],"collection":[{"href":"https:\/\/paca.lpo.fr\/blogs\/toulon\/wp-json\/wp\/v2\/pages"}],"about":[{"href":"https:\/\/paca.lpo.fr\/blogs\/toulon\/wp-json\/wp\/v2\/types\/page"}],"author":[{"embeddable":true,"href":"https:\/\/paca.lpo.fr\/blogs\/toulon\/wp-json\/wp\/v2\/users\/124"}],"replies":[{"embeddable":true,"href":"https:\/\/paca.lpo.fr\/blogs\/toulon\/wp-json\/wp\/v2\/comments?post=2"}],"version-history":[{"count":3,"href":"https:\/\/paca.lpo.fr\/blogs\/toulon\/wp-json\/wp\/v2\/pages\/2\/revisions"}],"predecessor-version":[{"id":4781,"href":"https:\/\/paca.lpo.fr\/blogs\/toulon\/wp-json\/wp\/v2\/pages\/2\/revisions\/4781"}],"wp:featuredmedia":[{"embeddable":true,"href":"https:\/\/paca.lpo.fr\/blogs\/toulon\/wp-json\/wp\/v2\/media\/32"}],"wp:attachment":[{"href":"https:\/\/paca.lpo.fr\/blogs\/toulon\/wp-json\/wp\/v2\/media?parent=2"}],"curies":[{"name":"wp","href":"https:\/\/api.w.org\/{rel}","templated":true}]}}