{"id":6,"date":"2018-01-10T08:56:13","date_gmt":"2018-01-10T07:56:13","guid":{"rendered":"http:\/\/paca.lpo.fr\/blogs\/toulon\/?page_id=6"},"modified":"2025-02-09T14:58:54","modified_gmt":"2025-02-09T13:58:54","slug":"agenda","status":"publish","type":"page","link":"https:\/\/paca.lpo.fr\/blogs\/toulon\/page-d-exemple\/agenda\/","title":{"rendered":"Agenda"},"content":{"rendered":"\n<p>Le groupe local de Toulon &#8211; La Garde rassemble les b\u00e9n\u00e9voles   oeuvrant dans les communes de Toulon, La Garde, Le Pradet et La Valette-du-Var.<\/p>\n\n\n\n<p>Nous nous r\u00e9unissons tous les 2e samedi du mois \u00e0 la Maison communale G\u00e9rard Philippe (Commune de La Garde) salle 105 \u00e0 9h30. <\/p>\n\n\n\n<p>Les sorties nature publiques du groupe sont toutes publi\u00e9es dans l&rsquo;<a href=\"https:\/\/paca.lpo.fr\/sorties-nature\/agenda\" data-type=\"link\" data-id=\"https:\/\/paca.lpo.fr\/sorties-nature\/agenda\">Agenda LPO-PACA<\/a>.<\/p>\n\n\n\n<p><\/p>\n","protected":false},"excerpt":{"rendered":"<p>Le groupe local de Toulon &#8211; La Garde rassemble les b\u00e9n\u00e9voles oeuvrant dans les communes de Toulon, La Garde, Le Pradet et La Valette-du-Var. Nous nous r\u00e9unissons tous les 2e samedi du mois \u00e0 la Maison communale G\u00e9rard Philippe (Commune de La Garde) salle 105 \u00e0 9h30. Les sorties nature publiques du groupe sont toutes [&hellip;]<\/p>\n","protected":false},"author":3,"featured_media":4482,"parent":2,"menu_order":0,"comment_status":"closed","ping_status":"closed","template":"","meta":{"footnotes":""},"class_list":["post-6","page","type-page","status-publish","has-post-thumbnail","hentry"],"_links":{"self":[{"href":"https:\/\/paca.lpo.fr\/blogs\/toulon\/wp-json\/wp\/v2\/pages\/6","targetHints":{"allow":["GET"]}}],"collection":[{"href":"https:\/\/paca.lpo.fr\/blogs\/toulon\/wp-json\/wp\/v2\/pages"}],"about":[{"href":"https:\/\/paca.lpo.fr\/blogs\/toulon\/wp-json\/wp\/v2\/types\/page"}],"author":[{"embeddable":true,"href":"https:\/\/paca.lpo.fr\/blogs\/toulon\/wp-json\/wp\/v2\/users\/3"}],"replies":[{"embeddable":true,"href":"https:\/\/paca.lpo.fr\/blogs\/toulon\/wp-json\/wp\/v2\/comments?post=6"}],"version-history":[{"count":4,"href":"https:\/\/paca.lpo.fr\/blogs\/toulon\/wp-json\/wp\/v2\/pages\/6\/revisions"}],"predecessor-version":[{"id":5933,"href":"https:\/\/paca.lpo.fr\/blogs\/toulon\/wp-json\/wp\/v2\/pages\/6\/revisions\/5933"}],"up":[{"embeddable":true,"href":"https:\/\/paca.lpo.fr\/blogs\/toulon\/wp-json\/wp\/v2\/pages\/2"}],"wp:featuredmedia":[{"embeddable":true,"href":"https:\/\/paca.lpo.fr\/blogs\/toulon\/wp-json\/wp\/v2\/media\/4482"}],"wp:attachment":[{"href":"https:\/\/paca.lpo.fr\/blogs\/toulon\/wp-json\/wp\/v2\/media?parent=6"}],"curies":[{"name":"wp","href":"https:\/\/api.w.org\/{rel}","templated":true}]}}