{"id":9,"date":"2012-05-11T15:47:27","date_gmt":"2012-05-11T14:47:27","guid":{"rendered":"http:\/\/paca.lpo.fr\/blogs\/ventoux\/?page_id=9"},"modified":"2026-01-23T17:56:34","modified_gmt":"2026-01-23T16:56:34","slug":"contacts","status":"publish","type":"page","link":"https:\/\/paca.lpo.fr\/blogs\/ventoux\/contacts\/","title":{"rendered":"Contacts"},"content":{"rendered":"<blockquote>\n<h4>Le Groupe Local Ventoux b\u00e9n\u00e9ficie d\u00e9sormais d&rsquo;une coordiantion coll\u00e9giale<\/h4>\n<\/blockquote>\n\n\n<div class=\"wp-block-buttons is-content-justification-center is-layout-flex wp-container-core-buttons-is-layout-16018d1d wp-block-buttons-is-layout-flex\">\n<div class=\"wp-block-button\"><a class=\"wp-block-button__link wp-element-button\" href=\"https:\/\/paca.lpo.fr\/index.php?&amp;Itemid=4678\">FORMULAIRE DE CONTACT<\/a><\/div>\n<\/div>\n\n\n\n<blockquote>\n<h4>R\u00e9f\u00e9rent Hirondelles &amp; Martinets<\/h4>\n<ul>\n<li>Elie DUNAND<\/li>\n<li><a class=\"Ye7Kmf\" data-jsaction=\"aargmb\" data-href=\"mailto:elie.dunand@orange.fr\" aria-label=\"elie.dunand@orange.fr (informations issues de vos contacts Google)\" data-tooltip=\"elie.dunand@orange.fr (informations issues de vos contacts Google)\">elie.dunand@orange.fr<\/a><\/li>\n<li>06 09 50 64 41<\/li>\n<\/ul>\n<\/blockquote>\n\n\n\n<blockquote>\n<h4>Naturaliste et R\u00e9f\u00e9rent Sorties Nature<\/h4>\n<ul>\n<li>Jean-Marin DESPREZ<\/li>\n<li><a class=\"Ye7Kmf\" data-jsaction=\"aargmb\" data-href=\"mailto:elie.dunand@orange.fr\" aria-label=\"elie.dunand@orange.fr (informations issues de vos contacts Google)\" data-tooltip=\"elie.dunand@orange.fr (informations issues de vos contacts Google)\">jean-marin.desprez@wanadoo.fr<\/a><\/li>\n<li>09 79 50 28 65<\/li>\n<\/ul>\n<\/blockquote>\n\n\n\n<blockquote>\n<h4>R\u00e9f\u00e9rents Animations en milieux scolaires<\/h4>\n<ul>\n<li>Jean-Luc DEVEAUX<\/li>\n<li><a class=\"Ye7Kmf\" data-jsaction=\"aargmb\" data-href=\"mailto:elie.dunand@orange.fr\" aria-label=\"elie.dunand@orange.fr (informations issues de vos contacts Google)\" data-tooltip=\"elie.dunand@orange.fr (informations issues de vos contacts Google)\">dev.jean-luc@wanadoo.fr<\/a><\/li>\n<li>Marc FOURNIER (fabrication de nichoirs)<\/li>\n<li>jean-marc.fournier10@orange.fr&nbsp;<\/li>\n<\/ul>\n<\/blockquote>\n\n\n\n<h4 class=\"wp-block-heading\">R\u00e9f\u00e9rente Refuge LPO pour la biodiversit\u00e9<\/h4>\n\n\n\n<p>Fran\u00e7oise THUREL<br><a href=\"mailto:refugelpoventoux@gmail.com\">refugelpoventoux@gmail.com<\/a><\/p>\n\n\n\n<p>Qu&rsquo;est-ce qu&rsquo;un <a href=\"https:\/\/paca.lpo.fr\/association-protection-nature\/participer\/refuges-lpo\">Refuge LPO<\/a> ?<\/p>\n\n\n\n<p><\/p>\n","protected":false},"excerpt":{"rendered":"<p>Le Groupe Local Ventoux b\u00e9n\u00e9ficie d\u00e9sormais d&rsquo;une coordiantion coll\u00e9giale R\u00e9f\u00e9rente Refuge LPO pour la biodiversit\u00e9 Fran\u00e7oise THURELrefugelpoventoux@gmail.com Qu&rsquo;est-ce qu&rsquo;un Refuge LPO ?<\/p>\n","protected":false},"author":1,"featured_media":0,"parent":0,"menu_order":2,"comment_status":"closed","ping_status":"closed","template":"","meta":{"footnotes":""},"class_list":["post-9","page","type-page","status-publish","hentry"],"_links":{"self":[{"href":"https:\/\/paca.lpo.fr\/blogs\/ventoux\/wp-json\/wp\/v2\/pages\/9","targetHints":{"allow":["GET"]}}],"collection":[{"href":"https:\/\/paca.lpo.fr\/blogs\/ventoux\/wp-json\/wp\/v2\/pages"}],"about":[{"href":"https:\/\/paca.lpo.fr\/blogs\/ventoux\/wp-json\/wp\/v2\/types\/page"}],"author":[{"embeddable":true,"href":"https:\/\/paca.lpo.fr\/blogs\/ventoux\/wp-json\/wp\/v2\/users\/1"}],"replies":[{"embeddable":true,"href":"https:\/\/paca.lpo.fr\/blogs\/ventoux\/wp-json\/wp\/v2\/comments?post=9"}],"version-history":[{"count":4,"href":"https:\/\/paca.lpo.fr\/blogs\/ventoux\/wp-json\/wp\/v2\/pages\/9\/revisions"}],"predecessor-version":[{"id":1741,"href":"https:\/\/paca.lpo.fr\/blogs\/ventoux\/wp-json\/wp\/v2\/pages\/9\/revisions\/1741"}],"wp:attachment":[{"href":"https:\/\/paca.lpo.fr\/blogs\/ventoux\/wp-json\/wp\/v2\/media?parent=9"}],"curies":[{"name":"wp","href":"https:\/\/api.w.org\/{rel}","templated":true}]}}