{"id":2,"date":"2024-01-18T10:15:28","date_gmt":"2024-01-18T09:15:28","guid":{"rendered":"https:\/\/paca.lpo.fr\/blogs\/verdon\/?page_id=2"},"modified":"2024-02-08T18:42:19","modified_gmt":"2024-02-08T17:42:19","slug":"page-d-exemple","status":"publish","type":"page","link":"https:\/\/paca.lpo.fr\/blogs\/verdon\/page-d-exemple\/","title":{"rendered":"Pr\u00e9sentation"},"content":{"rendered":"\n<figure class=\"wp-block-image size-full\"><img loading=\"lazy\" decoding=\"async\" width=\"1024\" height=\"487\" src=\"http:\/\/paca.lpo.fr\/blogs\/verdon\/files\/2024\/02\/verdon-presentation-mg-0423dn.jpg\" alt=\"\" class=\"wp-image-31\" srcset=\"https:\/\/paca.lpo.fr\/blogs\/verdon\/files\/2024\/02\/verdon-presentation-mg-0423dn.jpg 1024w, https:\/\/paca.lpo.fr\/blogs\/verdon\/files\/2024\/02\/verdon-presentation-mg-0423dn-300x143.jpg 300w, https:\/\/paca.lpo.fr\/blogs\/verdon\/files\/2024\/02\/verdon-presentation-mg-0423dn-768x365.jpg 768w\" sizes=\"auto, (max-width: 1024px) 100vw, 1024px\" \/><\/figure>\n\n\n\n<p>Nous sommes un petit collectif d\u2019habitants de Castellane et de villages alentours ayant la volont\u00e9 de mieux connaitre la richesse et la diversit\u00e9 du monde vivant qui nous entoure. Il se compose d\u2019ornithologues experts ou amateurs, de naturalistes curieux et de simples passionn\u00e9s par la nature, tous b\u00e9n\u00e9voles.&nbsp;&nbsp;<\/p>\n\n\n\n<p>Conscients que l\u2019\u00ab\u202f<strong>on aime ce qui nous a \u00e9merveill\u00e9, et que l\u2019on prot\u00e8ge ce que l\u2019on aime<\/strong>\u202f\u00bb, nous avons envie de proposer des moments de d\u00e9couverte et de partage sur le th\u00e8me des oiseaux, mais aussi des mammif\u00e8res, des insectes ou encore des reptiles au grand public.&nbsp;&nbsp;<\/p>\n\n\n\n<p>Convaincus que \u00ab\u202f<strong>l\u2019union fait la force<\/strong>\u202f\u00bb, nous programmons \u00e9galement de participer \u00e0 des op\u00e9rations de science participatives nationales et r\u00e9gionales. Dans le cadre du Plan National d\u2019Action Loutre par exemple, nous partirons bient\u00f4t \u00e0 la recherche d\u2019indices de pr\u00e9sence de la Loutre d\u2019Europe, du Castor ainsi que du Campagnol amphibie sur les rives du Verdon et de l\u2019Asse.&nbsp;&nbsp;&nbsp;<\/p>\n\n\n\n<p>L\u2019oiseau embl\u00e9matique de la r\u00e9gion, <strong>le Vautour fauve<\/strong>, a \u00e9t\u00e9 r\u00e9introduit dans la r\u00e9gion des Gorges du Verdon dans les ann\u00e9es 1990. Sa r\u00e9introduction est un succ\u00e8s et nous avons la chance de compter sur le village de Castellane une antenne LPO avec des professionnels qui suivent de pr\u00e8s la colonie. Ainsi, nous pouvons tenter de faire le lien entre leur travail et le grand public : habitants, usagers des falaises ou vacanciers afin de leur partager un maximum de connaissances.&nbsp;<\/p>\n\n\n\n<p>Vous avez observ\u00e9 une esp\u00e8ce ou un ph\u00e9nom\u00e8ne peu commun ? N\u2019h\u00e9sitez pas \u00e0 nous partager vos observations et nous pourrons essayer de les d\u00e9crypter !&nbsp;<\/p>\n\n\n\n<p>Vous souhaitez nous rejoindre\u202fou participer \u00e0 l\u2019un de nos \u00e9v\u00e8nements ?&nbsp;&nbsp;<\/p>\n\n\n\n<p>Rien de plus simple\u202f: envoyez-nous un email \u00e0 <a href=\"mailto:verdon@lpo.fr\" target=\"_blank\" rel=\"noreferrer noopener\">verdon@lpo.fr<\/a> ou bien suivez-nous sur Facebook\u202f: <a href=\"https:\/\/www.facebook.com\/profile.php?id=61556152927337\" data-type=\"link\" data-id=\"https:\/\/www.facebook.com\/profile.php?id=61556152927337\">\u00ab Groupe Local LPO Verdon\u202f\u00bb\u00a0<\/a><\/p>\n\n\n\n<p>Cr\u00e9dit photo : Mathieu Simoulin &#8211; <a href=\"https:\/\/verdon-pictures.com\/fr\/\" data-type=\"link\" data-id=\"https:\/\/verdon-pictures.com\/fr\/\">Verdon Pictures<\/a><\/p>\n","protected":false},"excerpt":{"rendered":"<p>Nous sommes un petit collectif d\u2019habitants de Castellane et de villages alentours ayant la volont\u00e9 de mieux connaitre la richesse et la diversit\u00e9 du monde vivant qui nous entoure. Il se compose d\u2019ornithologues experts ou amateurs, de naturalistes curieux et de simples passionn\u00e9s par la nature, tous b\u00e9n\u00e9voles.&nbsp;&nbsp; Conscients que l\u2019\u00ab\u202fon aime ce qui nous [&hellip;]<\/p>\n","protected":false},"author":1,"featured_media":0,"parent":0,"menu_order":0,"comment_status":"closed","ping_status":"open","template":"","meta":{"footnotes":""},"class_list":["post-2","page","type-page","status-publish","hentry"],"_links":{"self":[{"href":"https:\/\/paca.lpo.fr\/blogs\/verdon\/wp-json\/wp\/v2\/pages\/2","targetHints":{"allow":["GET"]}}],"collection":[{"href":"https:\/\/paca.lpo.fr\/blogs\/verdon\/wp-json\/wp\/v2\/pages"}],"about":[{"href":"https:\/\/paca.lpo.fr\/blogs\/verdon\/wp-json\/wp\/v2\/types\/page"}],"author":[{"embeddable":true,"href":"https:\/\/paca.lpo.fr\/blogs\/verdon\/wp-json\/wp\/v2\/users\/1"}],"replies":[{"embeddable":true,"href":"https:\/\/paca.lpo.fr\/blogs\/verdon\/wp-json\/wp\/v2\/comments?post=2"}],"version-history":[{"count":4,"href":"https:\/\/paca.lpo.fr\/blogs\/verdon\/wp-json\/wp\/v2\/pages\/2\/revisions"}],"predecessor-version":[{"id":51,"href":"https:\/\/paca.lpo.fr\/blogs\/verdon\/wp-json\/wp\/v2\/pages\/2\/revisions\/51"}],"wp:attachment":[{"href":"https:\/\/paca.lpo.fr\/blogs\/verdon\/wp-json\/wp\/v2\/media?parent=2"}],"curies":[{"name":"wp","href":"https:\/\/api.w.org\/{rel}","templated":true}]}}