{"id":35,"date":"2024-02-08T18:28:09","date_gmt":"2024-02-08T17:28:09","guid":{"rendered":"https:\/\/paca.lpo.fr\/blogs\/verdon\/?page_id=35"},"modified":"2025-05-07T10:51:58","modified_gmt":"2025-05-07T08:51:58","slug":"contact","status":"publish","type":"page","link":"https:\/\/paca.lpo.fr\/blogs\/verdon\/contact\/","title":{"rendered":"Contact"},"content":{"rendered":"\n<p>Vous pouvez nous contacter par mail \u00e0 verdon@lpo.fr ou bien par t\u00e9l\u00e9phone au 0621366196.<\/p>\n\n\n\n<div class=\"wp-block-buttons is-content-justification-center is-layout-flex wp-container-core-buttons-is-layout-16018d1d wp-block-buttons-is-layout-flex\">\n<div class=\"wp-block-button\"><a class=\"wp-block-button__link wp-element-button\" href=\"https:\/\/paca.lpo.fr\/index.php?&amp;Itemid=4679\">Formulaire de contact<\/a><\/div>\n<\/div>\n\n\n\n<p>Pour rester inform\u00e9 de nos actualit\u00e9s, suivez notre <a href=\"https:\/\/www.facebook.com\/profile.php?id=61556152927337\" data-type=\"link\" data-id=\"https:\/\/www.facebook.com\/profile.php?id=61556152927337\">page Facebook<\/a> !<\/p>\n\n\n\n<p><\/p>\n","protected":false},"excerpt":{"rendered":"<p>Vous pouvez nous contacter par mail \u00e0 verdon@lpo.fr ou bien par t\u00e9l\u00e9phone au 0621366196. Pour rester inform\u00e9 de nos actualit\u00e9s, suivez notre page Facebook !<\/p>\n","protected":false},"author":165,"featured_media":0,"parent":0,"menu_order":0,"comment_status":"closed","ping_status":"closed","template":"","meta":{"footnotes":""},"class_list":["post-35","page","type-page","status-publish","hentry"],"_links":{"self":[{"href":"https:\/\/paca.lpo.fr\/blogs\/verdon\/wp-json\/wp\/v2\/pages\/35","targetHints":{"allow":["GET"]}}],"collection":[{"href":"https:\/\/paca.lpo.fr\/blogs\/verdon\/wp-json\/wp\/v2\/pages"}],"about":[{"href":"https:\/\/paca.lpo.fr\/blogs\/verdon\/wp-json\/wp\/v2\/types\/page"}],"author":[{"embeddable":true,"href":"https:\/\/paca.lpo.fr\/blogs\/verdon\/wp-json\/wp\/v2\/users\/165"}],"replies":[{"embeddable":true,"href":"https:\/\/paca.lpo.fr\/blogs\/verdon\/wp-json\/wp\/v2\/comments?post=35"}],"version-history":[{"count":3,"href":"https:\/\/paca.lpo.fr\/blogs\/verdon\/wp-json\/wp\/v2\/pages\/35\/revisions"}],"predecessor-version":[{"id":255,"href":"https:\/\/paca.lpo.fr\/blogs\/verdon\/wp-json\/wp\/v2\/pages\/35\/revisions\/255"}],"wp:attachment":[{"href":"https:\/\/paca.lpo.fr\/blogs\/verdon\/wp-json\/wp\/v2\/media?parent=35"}],"curies":[{"name":"wp","href":"https:\/\/api.w.org\/{rel}","templated":true}]}}