{"id":38,"date":"2024-02-08T18:32:35","date_gmt":"2024-02-08T17:32:35","guid":{"rendered":"https:\/\/paca.lpo.fr\/blogs\/verdon\/?page_id=38"},"modified":"2024-10-02T09:44:15","modified_gmt":"2024-10-02T07:44:15","slug":"agenda","status":"publish","type":"page","link":"https:\/\/paca.lpo.fr\/blogs\/verdon\/agenda\/","title":{"rendered":"Agenda"},"content":{"rendered":"\n<h2 class=\"wp-block-heading\">Prochains \u00e9v\u00e8nements<\/h2>\n\n\n\n<figure class=\"wp-block-image size-full\"><img loading=\"lazy\" decoding=\"async\" width=\"724\" height=\"1024\" src=\"http:\/\/paca.lpo.fr\/blogs\/verdon\/files\/2024\/10\/verdon-agenda-whatsapp-image-2024-09-26-at-14.31.24.jpeg\" alt=\"\" class=\"wp-image-200\" srcset=\"https:\/\/paca.lpo.fr\/blogs\/verdon\/files\/2024\/10\/verdon-agenda-whatsapp-image-2024-09-26-at-14.31.24.jpeg 724w, https:\/\/paca.lpo.fr\/blogs\/verdon\/files\/2024\/10\/verdon-agenda-whatsapp-image-2024-09-26-at-14.31.24-212x300.jpeg 212w\" sizes=\"auto, (max-width: 724px) 100vw, 724px\" \/><\/figure>\n\n\n\n<figure class=\"wp-block-image size-full\"><img loading=\"lazy\" decoding=\"async\" width=\"724\" height=\"1024\" src=\"http:\/\/paca.lpo.fr\/blogs\/verdon\/files\/2024\/10\/verdon-agenda-461178610-122176931180205097-3486889749958999175-n-1.jpg\" alt=\"\" class=\"wp-image-199\" srcset=\"https:\/\/paca.lpo.fr\/blogs\/verdon\/files\/2024\/10\/verdon-agenda-461178610-122176931180205097-3486889749958999175-n-1.jpg 724w, https:\/\/paca.lpo.fr\/blogs\/verdon\/files\/2024\/10\/verdon-agenda-461178610-122176931180205097-3486889749958999175-n-1-212x300.jpg 212w\" sizes=\"auto, (max-width: 724px) 100vw, 724px\" \/><\/figure>\n\n\n\n<h2 class=\"wp-block-heading\">\u00c9v\u00e8nements pass\u00e9s<\/h2>\n\n\n\n<figure class=\"wp-block-image size-full\"><img loading=\"lazy\" decoding=\"async\" width=\"724\" height=\"1024\" src=\"https:\/\/paca.lpo.fr\/blogs\/verdon\/files\/2024\/05\/verdon-agenda-visuel-lpo-verdon-13.jpg\" alt=\"\" class=\"wp-image-192\" srcset=\"https:\/\/paca.lpo.fr\/blogs\/verdon\/files\/2024\/05\/verdon-agenda-visuel-lpo-verdon-13.jpg 724w, https:\/\/paca.lpo.fr\/blogs\/verdon\/files\/2024\/05\/verdon-agenda-visuel-lpo-verdon-13-212x300.jpg 212w\" sizes=\"auto, (max-width: 724px) 100vw, 724px\" \/><\/figure>\n\n\n\n<figure class=\"wp-block-image size-full\"><img loading=\"lazy\" decoding=\"async\" width=\"724\" height=\"1024\" src=\"https:\/\/paca.lpo.fr\/blogs\/verdon\/files\/2024\/05\/verdon-agenda-hirondelles-et-martinets-1.jpg\" alt=\"\" class=\"wp-image-191\" srcset=\"https:\/\/paca.lpo.fr\/blogs\/verdon\/files\/2024\/05\/verdon-agenda-hirondelles-et-martinets-1.jpg 724w, https:\/\/paca.lpo.fr\/blogs\/verdon\/files\/2024\/05\/verdon-agenda-hirondelles-et-martinets-1-212x300.jpg 212w\" sizes=\"auto, (max-width: 724px) 100vw, 724px\" \/><\/figure>\n\n\n\n<figure class=\"wp-block-image size-full\"><img loading=\"lazy\" decoding=\"async\" width=\"724\" height=\"1024\" src=\"https:\/\/paca.lpo.fr\/blogs\/verdon\/files\/2024\/03\/verdon-agenda-432947805-122127996524205097-4284813389848584492-n.jpg\" alt=\"\" class=\"wp-image-143\" srcset=\"https:\/\/paca.lpo.fr\/blogs\/verdon\/files\/2024\/03\/verdon-agenda-432947805-122127996524205097-4284813389848584492-n.jpg 724w, https:\/\/paca.lpo.fr\/blogs\/verdon\/files\/2024\/03\/verdon-agenda-432947805-122127996524205097-4284813389848584492-n-212x300.jpg 212w\" sizes=\"auto, (max-width: 724px) 100vw, 724px\" \/><\/figure>\n\n\n\n<h2 class=\"wp-block-heading\">\u00c9v\u00e8nements pass\u00e9s<\/h2>\n\n\n\n<figure class=\"wp-block-image size-full\"><img loading=\"lazy\" decoding=\"async\" width=\"724\" height=\"1024\" src=\"https:\/\/paca.lpo.fr\/blogs\/verdon\/files\/2024\/03\/verdon-agenda-visuel-lpo-verdon-8.jpg\" alt=\"\" class=\"wp-image-139\" srcset=\"https:\/\/paca.lpo.fr\/blogs\/verdon\/files\/2024\/03\/verdon-agenda-visuel-lpo-verdon-8.jpg 724w, https:\/\/paca.lpo.fr\/blogs\/verdon\/files\/2024\/03\/verdon-agenda-visuel-lpo-verdon-8-212x300.jpg 212w\" sizes=\"auto, (max-width: 724px) 100vw, 724px\" \/><\/figure>\n\n\n\n<p>Dimanche 18 F\u00e9vrier 2024<\/p>\n\n\n\n<figure class=\"wp-block-image size-full\"><img loading=\"lazy\" decoding=\"async\" width=\"724\" height=\"1024\" src=\"https:\/\/paca.lpo.fr\/blogs\/verdon\/files\/2024\/02\/verdon-visuel-lpo-verdon-4.jpg\" alt=\"\" class=\"wp-image-39\" srcset=\"https:\/\/paca.lpo.fr\/blogs\/verdon\/files\/2024\/02\/verdon-visuel-lpo-verdon-4.jpg 724w, https:\/\/paca.lpo.fr\/blogs\/verdon\/files\/2024\/02\/verdon-visuel-lpo-verdon-4-212x300.jpg 212w\" sizes=\"auto, (max-width: 724px) 100vw, 724px\" \/><\/figure>\n\n\n\n<p>Dimanche 17 Mars 2024<\/p>\n\n\n\n<figure class=\"wp-block-image size-full\"><img loading=\"lazy\" decoding=\"async\" width=\"724\" height=\"1024\" src=\"https:\/\/paca.lpo.fr\/blogs\/verdon\/files\/2024\/02\/verdon-agenda-visuel-lpo-verdon-3.jpg\" alt=\"\" class=\"wp-image-41\" srcset=\"https:\/\/paca.lpo.fr\/blogs\/verdon\/files\/2024\/02\/verdon-agenda-visuel-lpo-verdon-3.jpg 724w, https:\/\/paca.lpo.fr\/blogs\/verdon\/files\/2024\/02\/verdon-agenda-visuel-lpo-verdon-3-212x300.jpg 212w\" sizes=\"auto, (max-width: 724px) 100vw, 724px\" \/><\/figure>\n\n\n\n<figure class=\"wp-block-image size-full\"><img loading=\"lazy\" decoding=\"async\" width=\"724\" height=\"1024\" src=\"https:\/\/paca.lpo.fr\/blogs\/verdon\/files\/2024\/02\/verdon-agenda-402054507-648258400833031-3711582404728580201-n-1.jpg\" alt=\"\" class=\"wp-image-59\" srcset=\"https:\/\/paca.lpo.fr\/blogs\/verdon\/files\/2024\/02\/verdon-agenda-402054507-648258400833031-3711582404728580201-n-1.jpg 724w, https:\/\/paca.lpo.fr\/blogs\/verdon\/files\/2024\/02\/verdon-agenda-402054507-648258400833031-3711582404728580201-n-1-212x300.jpg 212w\" sizes=\"auto, (max-width: 724px) 100vw, 724px\" \/><\/figure>\n\n\n\n<figure class=\"wp-block-image size-full\"><img loading=\"lazy\" decoding=\"async\" width=\"724\" height=\"1024\" src=\"https:\/\/paca.lpo.fr\/blogs\/verdon\/files\/2024\/02\/verdon-agenda-419435116-680802037578667-97702415695623947-n.jpg\" alt=\"\" class=\"wp-image-61\" srcset=\"https:\/\/paca.lpo.fr\/blogs\/verdon\/files\/2024\/02\/verdon-agenda-419435116-680802037578667-97702415695623947-n.jpg 724w, https:\/\/paca.lpo.fr\/blogs\/verdon\/files\/2024\/02\/verdon-agenda-419435116-680802037578667-97702415695623947-n-212x300.jpg 212w\" sizes=\"auto, (max-width: 724px) 100vw, 724px\" \/><\/figure>\n\n\n\n<figure class=\"wp-block-image size-full\"><img loading=\"lazy\" decoding=\"async\" width=\"724\" height=\"1024\" src=\"https:\/\/paca.lpo.fr\/blogs\/verdon\/files\/2024\/02\/verdon-agenda-421742413-686712676987603-7422843842449182606-n.jpg\" alt=\"\" class=\"wp-image-62\" srcset=\"https:\/\/paca.lpo.fr\/blogs\/verdon\/files\/2024\/02\/verdon-agenda-421742413-686712676987603-7422843842449182606-n.jpg 724w, https:\/\/paca.lpo.fr\/blogs\/verdon\/files\/2024\/02\/verdon-agenda-421742413-686712676987603-7422843842449182606-n-212x300.jpg 212w\" sizes=\"auto, (max-width: 724px) 100vw, 724px\" \/><\/figure>\n","protected":false},"excerpt":{"rendered":"<p>Prochains \u00e9v\u00e8nements \u00c9v\u00e8nements pass\u00e9s \u00c9v\u00e8nements pass\u00e9s Dimanche 18 F\u00e9vrier 2024 Dimanche 17 Mars 2024<\/p>\n","protected":false},"author":165,"featured_media":0,"parent":0,"menu_order":0,"comment_status":"closed","ping_status":"closed","template":"","meta":{"footnotes":""},"class_list":["post-38","page","type-page","status-publish","hentry"],"_links":{"self":[{"href":"https:\/\/paca.lpo.fr\/blogs\/verdon\/wp-json\/wp\/v2\/pages\/38","targetHints":{"allow":["GET"]}}],"collection":[{"href":"https:\/\/paca.lpo.fr\/blogs\/verdon\/wp-json\/wp\/v2\/pages"}],"about":[{"href":"https:\/\/paca.lpo.fr\/blogs\/verdon\/wp-json\/wp\/v2\/types\/page"}],"author":[{"embeddable":true,"href":"https:\/\/paca.lpo.fr\/blogs\/verdon\/wp-json\/wp\/v2\/users\/165"}],"replies":[{"embeddable":true,"href":"https:\/\/paca.lpo.fr\/blogs\/verdon\/wp-json\/wp\/v2\/comments?post=38"}],"version-history":[{"count":4,"href":"https:\/\/paca.lpo.fr\/blogs\/verdon\/wp-json\/wp\/v2\/pages\/38\/revisions"}],"predecessor-version":[{"id":202,"href":"https:\/\/paca.lpo.fr\/blogs\/verdon\/wp-json\/wp\/v2\/pages\/38\/revisions\/202"}],"wp:attachment":[{"href":"https:\/\/paca.lpo.fr\/blogs\/verdon\/wp-json\/wp\/v2\/media?parent=38"}],"curies":[{"name":"wp","href":"https:\/\/api.w.org\/{rel}","templated":true}]}}