{"id":79,"date":"2024-02-09T15:09:29","date_gmt":"2024-02-09T14:09:29","guid":{"rendered":"https:\/\/paca.lpo.fr\/blogs\/verdon\/?page_id=79"},"modified":"2024-02-09T15:09:57","modified_gmt":"2024-02-09T14:09:57","slug":"que-faire-si-vous-trouvez-un-animal-sauvage-en-detresse","status":"publish","type":"page","link":"https:\/\/paca.lpo.fr\/blogs\/verdon\/que-faire-si-vous-trouvez-un-animal-sauvage-en-detresse\/","title":{"rendered":"Vous avez trouv\u00e9 un animal en d\u00e9tresse ?"},"content":{"rendered":"\n<p><strong>Vous avez trouv\u00e9 un animal sauvage et il semble en difficult\u00e9. Avant de contacter la LPO, merci de consulter nos fiches conseils<\/strong>&nbsp; :&nbsp;<a href=\"https:\/\/paca.lpo.fr\/soins-animaux\/conseiller\/fiches-conseils\">https:\/\/paca.lpo.fr\/soins-animaux\/conseiller\/fiches-conseils<\/a><\/p>\n\n\n\n<p>Elles vous apporteront les conseils et informations indispensables sur les premiers gestes, ce qu\u2019il faut faire et ce qu\u2019il ne faut surtout pas faire.<\/p>\n\n\n\n<p>APRES AVOIR CONSULTE NOS FICHES CONSEILS&nbsp;vous pouvez envoyer un mail&nbsp;\u00e0&nbsp;<strong>sos.paca@lpo.fr<\/strong>&nbsp;ou&nbsp;<strong>crsfs-paca@lpo.fr<\/strong>&nbsp;ou appeler le&nbsp;centre de soins :&nbsp;<strong>nouveau num\u00e9ro : 04 65 09 02 20<\/strong>&nbsp;. Soyez patients, la toute petite \u00e9quipe doit nourrir et soigner les animaux en plus de r\u00e9pondre au t\u00e9l\u00e9phone et au printemps\/\u00e9t\u00e9 il y a un tr\u00e8s grand nombre d\u2019appels. Un mail avec une photo de l\u2019animal est plus efficace et fait gagner du temps.<\/p>\n\n\n\n<p>Pour les animaux devant \u00eatre pris en charge vous serez mis en relation avec le b\u00e9n\u00e9vole transporteur le plus proche de chez vous.<\/p>\n\n\n\n<figure class=\"wp-block-image size-full\"><img loading=\"lazy\" decoding=\"async\" width=\"683\" height=\"1024\" src=\"https:\/\/paca.lpo.fr\/blogs\/verdon\/files\/2024\/02\/verdon-que-faire-si-vous-trouvez-un-animal-sauvage-en-detresse-407736093-672853064956370-4885848827569372-n.jpg\" alt=\"\" class=\"wp-image-80\" srcset=\"https:\/\/paca.lpo.fr\/blogs\/verdon\/files\/2024\/02\/verdon-que-faire-si-vous-trouvez-un-animal-sauvage-en-detresse-407736093-672853064956370-4885848827569372-n.jpg 683w, https:\/\/paca.lpo.fr\/blogs\/verdon\/files\/2024\/02\/verdon-que-faire-si-vous-trouvez-un-animal-sauvage-en-detresse-407736093-672853064956370-4885848827569372-n-200x300.jpg 200w\" sizes=\"auto, (max-width: 683px) 100vw, 683px\" \/><figcaption class=\"wp-element-caption\">Cr\u00e9dit photo : centre de sauvegarde LPO PACA<\/figcaption><\/figure>\n","protected":false},"excerpt":{"rendered":"<p>Vous avez trouv\u00e9 un animal sauvage et il semble en difficult\u00e9. Avant de contacter la LPO, merci de consulter nos fiches conseils&nbsp; :&nbsp;https:\/\/paca.lpo.fr\/soins-animaux\/conseiller\/fiches-conseils Elles vous apporteront les conseils et informations indispensables sur les premiers gestes, ce qu\u2019il faut faire et ce qu\u2019il ne faut surtout pas faire. APRES AVOIR CONSULTE NOS FICHES CONSEILS&nbsp;vous pouvez envoyer [&hellip;]<\/p>\n","protected":false},"author":165,"featured_media":0,"parent":0,"menu_order":0,"comment_status":"closed","ping_status":"closed","template":"","meta":{"footnotes":""},"class_list":["post-79","page","type-page","status-publish","hentry"],"_links":{"self":[{"href":"https:\/\/paca.lpo.fr\/blogs\/verdon\/wp-json\/wp\/v2\/pages\/79","targetHints":{"allow":["GET"]}}],"collection":[{"href":"https:\/\/paca.lpo.fr\/blogs\/verdon\/wp-json\/wp\/v2\/pages"}],"about":[{"href":"https:\/\/paca.lpo.fr\/blogs\/verdon\/wp-json\/wp\/v2\/types\/page"}],"author":[{"embeddable":true,"href":"https:\/\/paca.lpo.fr\/blogs\/verdon\/wp-json\/wp\/v2\/users\/165"}],"replies":[{"embeddable":true,"href":"https:\/\/paca.lpo.fr\/blogs\/verdon\/wp-json\/wp\/v2\/comments?post=79"}],"version-history":[{"count":2,"href":"https:\/\/paca.lpo.fr\/blogs\/verdon\/wp-json\/wp\/v2\/pages\/79\/revisions"}],"predecessor-version":[{"id":83,"href":"https:\/\/paca.lpo.fr\/blogs\/verdon\/wp-json\/wp\/v2\/pages\/79\/revisions\/83"}],"wp:attachment":[{"href":"https:\/\/paca.lpo.fr\/blogs\/verdon\/wp-json\/wp\/v2\/media?parent=79"}],"curies":[{"name":"wp","href":"https:\/\/api.w.org\/{rel}","templated":true}]}}