{"id":112,"date":"2014-10-24T22:08:01","date_gmt":"2014-10-24T22:08:01","guid":{"rendered":"http:\/\/paca.lpo.fr\/blogs\/?page_id=112"},"modified":"2021-05-07T05:55:36","modified_gmt":"2021-05-07T05:55:36","slug":"les-groupes-locaux-lpo-paca","status":"publish","type":"page","link":"https:\/\/paca.lpo.fr\/blogs\/","title":{"rendered":"Les groupes locaux LPO PACA"},"content":{"rendered":"\n<p>La LPO PACA est pr\u00e9sente sur tout le territoire r\u00e9gional gr\u00e2ce \u00e0 ses groupes et relais locaux de b\u00e9n\u00e9voles, acteurs indispensables de la vie associative.<br>Tous les citoyens qui le d\u00e9sirent sont librement invit\u00e9s \u00e0 les rejoindre, afin d\u2019agir pour la protection de la nature.Les Relais et les Groupes sont les piliers locaux de l&rsquo;association r\u00e9gionale.Les r\u00f4les du Relais ou du Groupe sont de :<\/p>\n\n\n\n<ul class=\"wp-block-list\"><li>assumer une mission de collecte et\/ou de diffusion d&rsquo;informations<\/li><li>contribuer \u00e0 la promotion de l&rsquo;association en promouvant les buts et les objectifs de l&rsquo;association aupr\u00e8s des publics et des acteurs (autres partenaires associatifs, institutionnels et priv\u00e9s) de leur zone g\u00e9ographique, tant en conservation qu&rsquo;en d\u00e9veloppement,<\/li><li>faire partager leur int\u00e9r\u00eat et leur attachement aux oiseaux et permettre aux membres et \u00e0 la population en g\u00e9n\u00e9ral de conna\u00eetre l&rsquo;avifaune,<\/li><li>animer la vie associative au niveau local, permettre aux membres et sympathisants de s&rsquo;impliquer dans la vie et les actions de l&rsquo;association et de la soutenir,<\/li><li>apporter un soutien aux actions d&rsquo;envergure r\u00e9gionale ou nationale en poursuivant et en relayant localement une ou plusieurs actions ou op\u00e9rations de la LPO PACA,<\/li><li>initier des actions au niveau local.<\/li><\/ul>\n\n\n\n<p>Les Relais et les Groupes ne sont ni des \u00ab cercles ferm\u00e9s d&rsquo;ornithologues \u00bb, ni des \u00ab forcen\u00e9s du recrutement et de la recherche de financement \u00bb. Ils int\u00e8grent ces deux \u00e9l\u00e9ments et r\u00e9alisent un programme d&rsquo;activit\u00e9s qui les motivent.<\/p>\n\n\n\n<p>Les Relais et les Groupes sont avant tout des structures \u00ab vivantes \u00bb qui, dans le cadre de l&rsquo;association et de ses objectifs, d\u00e9veloppent leurs propres initiatives en fonction des motivations des b\u00e9n\u00e9voles et des sp\u00e9cificit\u00e9s locales.<\/p>\n\n\n\n<h3 class=\"has-text-align-center wp-block-heading\">Carte des antennes et groupes locaux en PACA<\/h3>\n\n\n\n<p><iframe loading=\"lazy\" src=\"https:\/\/www.google.com\/maps\/d\/embed?mid=zVo6MJhsyuAA.kQHKtvto_140\" width=\"100%\" height=\"480\"><\/iframe><\/p>\n","protected":false},"excerpt":{"rendered":"<p>La LPO PACA est pr\u00e9sente sur tout le territoire r\u00e9gional gr\u00e2ce \u00e0 ses groupes et relais locaux de b\u00e9n\u00e9voles, acteurs indispensables de la vie associative.Tous les citoyens qui le d\u00e9sirent sont librement invit\u00e9s \u00e0 les rejoindre, afin d\u2019agir pour la protection de la nature.Les Relais et les Groupes sont les piliers locaux de l&rsquo;association r\u00e9gionale.Les [&hellip;]<\/p>\n","protected":false},"author":3,"featured_media":0,"parent":0,"menu_order":0,"comment_status":"closed","ping_status":"closed","template":"","meta":{"footnotes":""},"class_list":["post-112","page","type-page","status-publish","hentry"],"jetpack_sharing_enabled":true,"_links":{"self":[{"href":"https:\/\/paca.lpo.fr\/blogs\/wp-json\/wp\/v2\/pages\/112","targetHints":{"allow":["GET"]}}],"collection":[{"href":"https:\/\/paca.lpo.fr\/blogs\/wp-json\/wp\/v2\/pages"}],"about":[{"href":"https:\/\/paca.lpo.fr\/blogs\/wp-json\/wp\/v2\/types\/page"}],"author":[{"embeddable":true,"href":"https:\/\/paca.lpo.fr\/blogs\/wp-json\/wp\/v2\/users\/3"}],"replies":[{"embeddable":true,"href":"https:\/\/paca.lpo.fr\/blogs\/wp-json\/wp\/v2\/comments?post=112"}],"version-history":[{"count":4,"href":"https:\/\/paca.lpo.fr\/blogs\/wp-json\/wp\/v2\/pages\/112\/revisions"}],"predecessor-version":[{"id":403,"href":"https:\/\/paca.lpo.fr\/blogs\/wp-json\/wp\/v2\/pages\/112\/revisions\/403"}],"wp:attachment":[{"href":"https:\/\/paca.lpo.fr\/blogs\/wp-json\/wp\/v2\/media?parent=112"}],"curies":[{"name":"wp","href":"https:\/\/api.w.org\/{rel}","templated":true}]}}