{"id":117,"date":"2014-10-24T22:32:20","date_gmt":"2014-10-24T22:32:20","guid":{"rendered":"http:\/\/paca.lpo.fr\/blogs\/?page_id=117"},"modified":"2020-12-18T16:41:24","modified_gmt":"2020-12-18T16:41:24","slug":"les-blogs","status":"publish","type":"page","link":"https:\/\/paca.lpo.fr\/blogs\/les-blogs\/","title":{"rendered":"Derniers articles"},"content":{"rendered":"<div class=\"netsposts-menu\"><\/div><div class=\"netsposts-screen\"><div class=\"netsposts-block-wrapper current\"><div class=\"netsposts-items\"><div class=\"netsposts-content blog-28 post-14936 category-actualites-generales\" style=\"\"><span class=\"netsposts-posttitle\" style=\"color: #000000;\">Christine au PDLG<\/span><div class=\"netsposts-source\" style=\"margin-bottom: 5px;width: 100%;\"><span>Published<\/span><span> 2\/4\/2026<\/span> <span>in<\/span>  <span><a href=\"https:\/\/paca.lpo.fr\/blogs\/hyeres-les-maures\"  class=\"netsposts-source-link\">Groupe local Hy\u00e8res les Maures<\/a><\/span><br\/><\/div><a href=\"https:\/\/paca.lpo.fr\/blogs\/hyeres-les-maures\/2026\/04\/02\/christine-au-pdlg-9\/\"  class=\"link-img-wrapper\"><img loading=\"lazy\" decoding=\"async\" width=\"580\" height=\"773\" src=\"https:\/\/paca.lpo.fr\/blogs\/hyeres-les-maures\/wp-content\/blogs.dir\/28\/files\/2026\/04\/20260402-084637.jpg\" class=\"post-thumbnail wp-post-image\" alt=\"\" \/><\/a><div class=\"netsposts-excerpt\" style=\"color: #000000;\">\nLa sortie au Plan de la Garde propos\u00e9e en deux temps  ce matin jeudi 2 avril a bien fonctionn\u00e9.Un premier groupe s\u2019est donc retrouv\u00e9 \u00e0 7h30 : temp\u00e9rature 4\u00b0 ; une petite couche de givre sur le sol et un r\u00e2le d\u2019eau que nous avons d\u00e9rang\u00e9 et qui a cri\u00e9 \"comme un cochon qu\u2019on \u00e9gorge\" ;)Et oui quand la nature se r\u00e9veille il ne faut pas trop la brusquer.\n\n\n\n\n\n\n\n\n\n\n\nPuis, un second...<a href=\"https:\/\/paca.lpo.fr\/blogs\/hyeres-les-maures\/2026\/04\/02\/christine-au-pdlg-9\/\"  class=\"netsposts-read-more-link\">read more&nbsp;&#10095;<\/a><\/div><\/div><div class=\"netsposts-content blog-30 post-1900 category-non-classe tag-conference tag-salon tag-stand\" style=\"\"><span class=\"netsposts-posttitle\" style=\"color: #000000;\">Salon de l\u2019environnement de l\u2019EGPN, 6 et 7 mars 2026<\/span><div class=\"netsposts-source\" style=\"margin-bottom: 5px;width: 100%;\"><span>Published<\/span><span> 2\/4\/2026<\/span> <span>in<\/span>  <span><a href=\"https:\/\/paca.lpo.fr\/blogs\/pays-aix\"  class=\"netsposts-source-link\">Groupe local Pays d&#039;Aix<\/a><\/span><br\/><\/div><a href=\"https:\/\/paca.lpo.fr\/blogs\/pays-aix\/2026\/04\/02\/salon-de-lenvironnement-de-legpn-6-et-7-mars-2026\/\"  class=\"link-img-wrapper\"><\/a><div class=\"netsposts-excerpt\" style=\"color: #000000;\">\nSalon de l\u2019environnement de l\u2019EGPN, 6 et 7 mars 2026\n\n\n\nLe groupe LPO Pays d\u2019Aix \u00e9tait pr\u00e9sent lors de ce salon, d\u00e9di\u00e9 \u00e0 la nature nocturne. 4 b\u00e9n\u00e9voles du groupe se sont relay\u00e9s sur un stand : Pauline, Jean-Claude, R\u00e9my, et Jean.\n\n\n\nGenevi\u00e8ve et Alain ont pr\u00e9sent\u00e9 une conf\u00e9rence sur les rapaces nocturnes.\n\n\n\nGenevi\u00e8ve a \u00e9t\u00e9&nbsp;interview\u00e9e par une radio locale,...<a href=\"https:\/\/paca.lpo.fr\/blogs\/pays-aix\/2026\/04\/02\/salon-de-lenvironnement-de-legpn-6-et-7-mars-2026\/\"  class=\"netsposts-read-more-link\">read more&nbsp;&#10095;<\/a><\/div><\/div><div class=\"netsposts-content blog-44 post-4220 category-sorties-naturalistes tag-cm2 tag-merindol\" style=\"\"><span class=\"netsposts-posttitle\" style=\"color: #000000;\">Une classe de CM2 \u00e0 la d\u00e9couverte des oiseaux d'eau de la Durance<\/span><div class=\"netsposts-source\" style=\"margin-bottom: 5px;width: 100%;\"><span>Published<\/span><span> 1\/4\/2026<\/span> <span>in<\/span>  <span><a href=\"https:\/\/paca.lpo.fr\/blogs\/luberon-monts-de-vaucluse\"  class=\"netsposts-source-link\">Groupe local Luberon Monts de Vaucluse<\/a><\/span><br\/><\/div><a href=\"https:\/\/paca.lpo.fr\/blogs\/luberon-monts-de-vaucluse\/2026\/04\/01\/une-classe-de-cm2-a-la-decouverte-des-oiseaux-deau-de-la-durance\/\"  class=\"link-img-wrapper\"><img loading=\"lazy\" decoding=\"async\" width=\"580\" height=\"387\" src=\"https:\/\/paca.lpo.fr\/blogs\/luberon-monts-de-vaucluse\/wp-content\/blogs.dir\/44\/files\/2026\/04\/08-p2420451-768x513.jpg\" class=\"post-thumbnail wp-post-image\" alt=\"\" \/><\/a><div class=\"netsposts-excerpt\" style=\"color: #000000;\">\nA la demande de Sofia, leur enseignante \u00e0 l'\u00e9cole Pic Chabaud\u00a0de Ch\u00e2teaurenard, quatre b\u00e9n\u00e9voles du groupe local Luberon Monts de Vaucluse, ont aid\u00e9 23 \u00e9l\u00e8ves d'une classe de CM2 \u00e0 d\u00e9couvrir les diff\u00e9rents oiseaux d'eau de la Durance \n\n\n\n\n\n\n\nPar cette belle journ\u00e9e ensoleill\u00e9e et sans vent du jeudi 19 mars 2026, les 23 enfants ont pu d\u00e9couvrir \u00e0 l'aide de longues-vues et jumelles...<a href=\"https:\/\/paca.lpo.fr\/blogs\/luberon-monts-de-vaucluse\/2026\/04\/01\/une-classe-de-cm2-a-la-decouverte-des-oiseaux-deau-de-la-durance\/\"  class=\"netsposts-read-more-link\">read more&nbsp;&#10095;<\/a><\/div><\/div><div class=\"netsposts-content blog-47 post-2057 category-non-classe\" style=\"\"><span class=\"netsposts-posttitle\" style=\"color: #000000;\">Des scolaires aux Vannades<\/span><div class=\"netsposts-source\" style=\"margin-bottom: 5px;width: 100%;\"><span>Published<\/span><span> 31\/3\/2026<\/span> <span>in<\/span>  <span><a href=\"https:\/\/paca.lpo.fr\/blogs\/largue-verdon-durance\"  class=\"netsposts-source-link\">Groupe local Largue-Verdon-Durance<\/a><\/span><br\/><\/div><a href=\"https:\/\/paca.lpo.fr\/blogs\/largue-verdon-durance\/2026\/03\/31\/des-scolaires-aux-vannades\/\"  class=\"link-img-wrapper\"><\/a><div class=\"netsposts-excerpt\" style=\"color: #000000;\">\nJeudi 26 mars 2026\n\n\n\n\n\n\n\nPour notre premi\u00e8re animation de l'ann\u00e9e \u00e0 destination des enfants, \u00c9ole s'\u00e9tait d\u00e9cha\u00een\u00e9 au lac des Vannades ! Il n'a cependant pas emp\u00each\u00e9 m\u00e9sanges, rouges-gorges, sittelles et autres passereaux de chanter copieusement l\u00e0 o\u00f9 nous avions install\u00e9 nos tables au milieu des arbres \u00e0 proximit\u00e9 du lac.\n\n\n\n\u00c9ole avait vraiment d\u00e9cid\u00e9 de nous voler dans les...<a href=\"https:\/\/paca.lpo.fr\/blogs\/largue-verdon-durance\/2026\/03\/31\/des-scolaires-aux-vannades\/\"  class=\"netsposts-read-more-link\">read more&nbsp;&#10095;<\/a><\/div><\/div><div class=\"netsposts-content blog-44 post-4200 category-atelier-nichoirs category-formations tag-loutil-en-main tag-nichoir\" style=\"\"><span class=\"netsposts-posttitle\" style=\"color: #000000;\">Fabrication de nichoirs avec les enfants de l\u2019association \u00ab\u00a0L\u2019outil en main\u00a0\u00bb \u00e0 l'Isle sur la Sorgue<\/span><div class=\"netsposts-source\" style=\"margin-bottom: 5px;width: 100%;\"><span>Published<\/span><span> 30\/3\/2026<\/span> <span>in<\/span>  <span><a href=\"https:\/\/paca.lpo.fr\/blogs\/luberon-monts-de-vaucluse\"  class=\"netsposts-source-link\">Groupe local Luberon Monts de Vaucluse<\/a><\/span><br\/><\/div><a href=\"https:\/\/paca.lpo.fr\/blogs\/luberon-monts-de-vaucluse\/2026\/03\/30\/fabrication-de-nichoirs-avec-les-enfants-de-lassociation-loutil-en-main-a-lisle-sur-la-sorgue\/\"  class=\"link-img-wrapper\"><img loading=\"lazy\" decoding=\"async\" width=\"580\" height=\"435\" src=\"https:\/\/paca.lpo.fr\/blogs\/luberon-monts-de-vaucluse\/wp-content\/blogs.dir\/44\/files\/2026\/03\/2026-03-18-nichoirs-loutil-en-mains-5-f-1-768x576.jpeg\" class=\"post-thumbnail wp-post-image\" alt=\"\" \/><\/a><div class=\"netsposts-excerpt\" style=\"color: #000000;\">\nL'Outil en Main est une association d\u2019int\u00e9r\u00eat g\u00e9n\u00e9ral ayant pour but l'initiation des jeunes de 9 \u00e0 14 ans aux m\u00e9tiers manuels, de l\u2019artisanat et du patrimoine. Cette activit\u00e9 a lieu \u00e0 l'Isle sur la Sorgue, chaque mercredi hors vacances scolaires de 14h \u00e0 16h, dans de vrais ateliers avec de vrais outils. Elle est encadr\u00e9e par des b\u00e9n\u00e9voles, gens de m\u00e9tier et passionn\u00e9s, souvent...<a href=\"https:\/\/paca.lpo.fr\/blogs\/luberon-monts-de-vaucluse\/2026\/03\/30\/fabrication-de-nichoirs-avec-les-enfants-de-lassociation-loutil-en-main-a-lisle-sur-la-sorgue\/\"  class=\"netsposts-read-more-link\">read more&nbsp;&#10095;<\/a><\/div><\/div><div class=\"netsposts-content blog-8 post-1748 category-anim-2 tag-chateuneuf-du-pape tag-marche tag-mesanges tag-nichoirs tag-oiseaux\" style=\"\"><span class=\"netsposts-posttitle\" style=\"color: #000000;\">Domaine Juliette Avril \u00e0 Ch\u00e2teauneuf du Pape<\/span><div class=\"netsposts-source\" style=\"margin-bottom: 5px;width: 100%;\"><span>Published<\/span><span> 30\/3\/2026<\/span> <span>in<\/span>  <span><a href=\"https:\/\/paca.lpo.fr\/blogs\/heron-avignon\"  class=\"netsposts-source-link\">Groupe local H\u00e9ron d&#039;Avignon<\/a><\/span><br\/><\/div><a href=\"https:\/\/paca.lpo.fr\/blogs\/heron-avignon\/2026\/03\/30\/domaine-juliette-avril-a-chateauneuf-du-pape\/\"  class=\"link-img-wrapper\"><\/a><div class=\"netsposts-excerpt\" style=\"color: #000000;\">\nDimanche 29 mars, \n\n\n\nle H\u00e9ron d'Avignon tenait un stand dans le march\u00e9 au plantes et volailles organis\u00e9 par le domaine Juliette Avril \u00e0 Chateauneuf du Pape. \n\n\n\nAffiche - Domaine Juliette Avril\n\n\n\nMalgr\u00e9 les rafales de mistral \u00e0 100 km\/h, les visiteurs furent au rendez vous, gr\u00e2ce \u00e0 l'organisation et \u00e0 l'accueil chaleureux et attentionn\u00e9 de M. St\u00e9phan Brun. \n\n\n\nNotre stand proposait...<a href=\"https:\/\/paca.lpo.fr\/blogs\/heron-avignon\/2026\/03\/30\/domaine-juliette-avril-a-chateauneuf-du-pape\/\"  class=\"netsposts-read-more-link\">read more&nbsp;&#10095;<\/a><\/div><\/div><div class=\"netsposts-content blog-28 post-14920 category-actualites-generales\" style=\"\"><span class=\"netsposts-posttitle\" style=\"color: #000000;\">Printania<\/span><div class=\"netsposts-source\" style=\"margin-bottom: 5px;width: 100%;\"><span>Published<\/span><span> 30\/3\/2026<\/span> <span>in<\/span>  <span><a href=\"https:\/\/paca.lpo.fr\/blogs\/hyeres-les-maures\"  class=\"netsposts-source-link\">Groupe local Hy\u00e8res les Maures<\/a><\/span><br\/><\/div><a href=\"https:\/\/paca.lpo.fr\/blogs\/hyeres-les-maures\/2026\/03\/30\/printania-2\/\"  class=\"link-img-wrapper\"><\/a><div class=\"netsposts-excerpt\" style=\"color: #000000;\">\nSamedi 28 et dimanche 29 mars c'est Printania au jardin du Rayol.\n\n\n\nSur les deux jours nous avons contact\u00e9 soixante douze personnes, certains tr\u00e8s int\u00e9ress\u00e9s.\n\n\n\nUn d\u00e9licieux panettone\n\n\n\n\n\n\n\n\n\n\n\nNicole et Cl\u00e9mence ont inaugur\u00e9 le jeu de la biodiversit\u00e9 en trichant de temps en temps, pour ne pas tomber dans les pattes du vilain chat.\n\n\n\n\n\n\n\n\n\n\n\n\n\n\n\n\n\n\n\n\n\n\n\n\n\n\n\n\n\n\n\n\n\n\n\nun petit repas \u00e0...<a href=\"https:\/\/paca.lpo.fr\/blogs\/hyeres-les-maures\/2026\/03\/30\/printania-2\/\"  class=\"netsposts-read-more-link\">read more&nbsp;&#10095;<\/a><\/div><\/div><div class=\"netsposts-content blog-47 post-2051 category-non-classe\" style=\"\"><span class=\"netsposts-posttitle\" style=\"color: #000000;\">SAMEDI DES MINOTS \u00c0 REILLANNE<\/span><div class=\"netsposts-source\" style=\"margin-bottom: 5px;width: 100%;\"><span>Published<\/span><span> 29\/3\/2026<\/span> <span>in<\/span>  <span><a href=\"https:\/\/paca.lpo.fr\/blogs\/largue-verdon-durance\"  class=\"netsposts-source-link\">Groupe local Largue-Verdon-Durance<\/a><\/span><br\/><\/div><a href=\"https:\/\/paca.lpo.fr\/blogs\/largue-verdon-durance\/2026\/03\/29\/samedi-des-minots-a-reillanne\/\"  class=\"link-img-wrapper\"><\/a><div class=\"netsposts-excerpt\" style=\"color: #000000;\">\nSamedi 28 mars 2026\n\n\n\n\n\n\n\n\u00ab C\u2019est tr\u00e8s simple, tu te gares sur le parking en forme de triangle, \u00e0 c\u00f4t\u00e9 de la boulangerie et c\u2019est la maison rose, au-dessus du poulailler communal \u00bb.\n\n\n\nCe sont ces descriptions qui font le charme des petits villages de notred\u00e9partement. Du local, du familial\u2026\n\n\n\nIl a tout de m\u00eame fallu demander de l\u2019aide pour trouver le lieu !Une petite maison...<a href=\"https:\/\/paca.lpo.fr\/blogs\/largue-verdon-durance\/2026\/03\/29\/samedi-des-minots-a-reillanne\/\"  class=\"netsposts-read-more-link\">read more&nbsp;&#10095;<\/a><\/div><\/div><div class=\"netsposts-content blog-28 post-14912 category-actualites-generales\" style=\"\"><span class=\"netsposts-posttitle\" style=\"color: #000000;\">l'ilot au flamants<\/span><div class=\"netsposts-source\" style=\"margin-bottom: 5px;width: 100%;\"><span>Published<\/span><span> 29\/3\/2026<\/span> <span>in<\/span>  <span><a href=\"https:\/\/paca.lpo.fr\/blogs\/hyeres-les-maures\"  class=\"netsposts-source-link\">Groupe local Hy\u00e8res les Maures<\/a><\/span><br\/><\/div><a href=\"https:\/\/paca.lpo.fr\/blogs\/hyeres-les-maures\/2026\/03\/29\/lilot-au-flamants\/\"  class=\"link-img-wrapper\"><img loading=\"lazy\" decoding=\"async\" width=\"493\" height=\"1024\" src=\"https:\/\/paca.lpo.fr\/blogs\/hyeres-les-maures\/wp-content\/blogs.dir\/28\/files\/2026\/03\/20260327-094458.jpg\" class=\"post-thumbnail wp-post-image\" alt=\"\" \/><\/a><div class=\"netsposts-excerpt\" style=\"color: #000000;\">\nVendredi 27 mars\n\n\n\nMagnifique journ\u00e9e en compagnie de Aur\u00e9lien Audevard, Laelys follerot pour la LPO et l'assistance de 2 personnes de TPM.Apr\u00e8s une mise en route difficile, pour moi surtout. J'ai eu droit \u00e0 un petit bain forc\u00e9 dans les marais ( jambes bloqu\u00e9es dans la vase et culbute en arri\u00e8re). Retour \u00e0 la case maison pour me changer et retour sur le site, cette fois en barque pour...<a href=\"https:\/\/paca.lpo.fr\/blogs\/hyeres-les-maures\/2026\/03\/29\/lilot-au-flamants\/\"  class=\"netsposts-read-more-link\">read more&nbsp;&#10095;<\/a><\/div><\/div><div class=\"netsposts-content blog-28 post-14906 category-actualites-generales\" style=\"\"><span class=\"netsposts-posttitle\" style=\"color: #000000;\">Lieurette<\/span><div class=\"netsposts-source\" style=\"margin-bottom: 5px;width: 100%;\"><span>Published<\/span><span> 28\/3\/2026<\/span> <span>in<\/span>  <span><a href=\"https:\/\/paca.lpo.fr\/blogs\/hyeres-les-maures\"  class=\"netsposts-source-link\">Groupe local Hy\u00e8res les Maures<\/a><\/span><br\/><\/div><a href=\"https:\/\/paca.lpo.fr\/blogs\/hyeres-les-maures\/2026\/03\/28\/lieurette-21\/\"  class=\"link-img-wrapper\"><img loading=\"lazy\" decoding=\"async\" width=\"580\" height=\"773\" src=\"https:\/\/paca.lpo.fr\/blogs\/hyeres-les-maures\/wp-content\/blogs.dir\/28\/files\/2026\/03\/20260129-102935.jpg\" class=\"post-thumbnail wp-post-image\" alt=\"\" \/><\/a><div class=\"netsposts-excerpt\" style=\"color: #000000;\">\nC'est avec plaisir que nous avons accueilli,ce matin 28 mars, le groupe de marcheurs du club des Amis de la nature de la Garde.Groupe tr\u00e8s disciplin\u00e9 malgr\u00e9 le nombre de participants.Au menu de cette balade sans pluie, sans vent et sans gadoue &#x1f609; : - Une pr\u00e9sentation des zones humides et du site de la Lieurette.- l'historique des nichoirs par Joseph .\n\n\n\n\n\n\n\n\n\n\n\n- un peu de botanique...<a href=\"https:\/\/paca.lpo.fr\/blogs\/hyeres-les-maures\/2026\/03\/28\/lieurette-21\/\"  class=\"netsposts-read-more-link\">read more&nbsp;&#10095;<\/a><\/div><\/div><div class=\"end-netsposts-content\"><\/div><\/div><div class=\"netsposts-paginate\"><span aria-current=\"page\" class=\"page-numbers current\">1<\/span>\n<span class=\"page-numbers dots\">\u2026<\/span>\n<a class=\"page-numbers\" href=\"https:\/\/paca.lpo.fr\/blogs\/wp-json\/wp\/v2\/pages\/117\/?npe-page=10\">10<\/a>\n<a class=\"next page-numbers\" href=\"https:\/\/paca.lpo.fr\/blogs\/wp-json\/wp\/v2\/pages\/117\/?npe-page=2\">Suivant\u00a0\u00bb<\/a><\/div><\/div><\/div>\n","protected":false},"excerpt":{"rendered":"","protected":false},"author":3,"featured_media":0,"parent":0,"menu_order":0,"comment_status":"closed","ping_status":"closed","template":"","meta":{"footnotes":""},"class_list":["post-117","page","type-page","status-publish","hentry"],"jetpack_sharing_enabled":true,"_links":{"self":[{"href":"https:\/\/paca.lpo.fr\/blogs\/wp-json\/wp\/v2\/pages\/117","targetHints":{"allow":["GET"]}}],"collection":[{"href":"https:\/\/paca.lpo.fr\/blogs\/wp-json\/wp\/v2\/pages"}],"about":[{"href":"https:\/\/paca.lpo.fr\/blogs\/wp-json\/wp\/v2\/types\/page"}],"author":[{"embeddable":true,"href":"https:\/\/paca.lpo.fr\/blogs\/wp-json\/wp\/v2\/users\/3"}],"replies":[{"embeddable":true,"href":"https:\/\/paca.lpo.fr\/blogs\/wp-json\/wp\/v2\/comments?post=117"}],"version-history":[{"count":4,"href":"https:\/\/paca.lpo.fr\/blogs\/wp-json\/wp\/v2\/pages\/117\/revisions"}],"predecessor-version":[{"id":387,"href":"https:\/\/paca.lpo.fr\/blogs\/wp-json\/wp\/v2\/pages\/117\/revisions\/387"}],"wp:attachment":[{"href":"https:\/\/paca.lpo.fr\/blogs\/wp-json\/wp\/v2\/media?parent=117"}],"curies":[{"name":"wp","href":"https:\/\/api.w.org\/{rel}","templated":true}]}}